{"id":15647,"date":"2022-08-23T15:55:42","date_gmt":"2022-08-23T13:55:42","guid":{"rendered":"https:\/\/hundtgroup.com\/produkt\/noz-akumulatorowy-trumpf-trutool-n-200-18-v-40-ah\/"},"modified":"2025-07-29T10:21:21","modified_gmt":"2025-07-29T08:21:21","slug":"noz-akumulatorowy-trumpf-trutool-n-200-18-v-40-ah","status":"publish","type":"product","link":"https:\/\/hundtgroup.com\/pl\/produkt\/noz-akumulatorowy-trumpf-trutool-n-200-18-v-40-ah\/","title":{"rendered":"N\u00f3\u017c akumulatorowy TRUMPF TruTool N 200 18 V 4,0 Ah"},"content":{"rendered":"<p>Tnie blach\u0119 do 2 mm<br \/>\nIdealna do trudno dost\u0119pnych miejsc, wyci\u0119\u0107 wewn\u0119trznych i naci\u0119\u0107 w p\u0142askiej i falistej blasze.<br \/>\nZmiana kierunku ci\u0119cia w kilka sekund &#8211; obr\u00f3t o 360\u00b0.<br \/>\nNieograniczone zakrzywianie dzi\u0119ki wydr\u0105\u017conemu okr\u0105g\u0142emu stemplowi.<br \/>\nNiska si\u0142a posuwu, brak zniekszta\u0142ce\u0144, emisji i iskier.<br \/>\nBeznarz\u0119dziowa wymiana stempli i matryc.<br \/>\nDo 60% wi\u0119cej mocy akumulatora dzi\u0119ki technologii PowerHead i bezszczotkowemu silnikowi.<br \/>\nMi\u0119kki uchwyt zapewnia niski poziom wibracji.<\/p>\n<p>Wydajno\u015b\u0107 pracy w metrach na jednym \u0142adowaniu akumulatora (stal mi\u0119kka 400 N\/mm\u00b2):<br \/>\n2 mm: przy 4 Ah: 16 metr\u00f3w<br \/>\n1 mm: przy 4 Ah: 40 metr\u00f3w<\/p>\n","protected":false},"excerpt":{"rendered":"<p>Tnie blach\u0119 do 2 mm Idealna do trudno dost\u0119pnych miejsc, wyci\u0119\u0107 wewn\u0119trznych i naci\u0119\u0107 w p\u0142askiej i falistej blasze. Zmiana kierunku ci\u0119cia w kilka sekund &#8211; obr\u00f3t o 360\u00b0. Nieograniczone zakrzywianie dzi\u0119ki wydr\u0105\u017conemu okr\u0105g\u0142emu stemplowi. Niska si\u0142a posuwu, brak zniekszta\u0142ce\u0144, emisji i iskier. Beznarz\u0119dziowa wymiana stempli i matryc. Do 60% wi\u0119cej mocy akumulatora dzi\u0119ki technologii [&hellip;]<\/p>\n","protected":false},"featured_media":6509,"template":"","meta":{"_acf_changed":false,"inline_featured_image":false},"product_cat":[692,691],"product_tag":[],"class_list":{"0":"post-15647","1":"product","2":"type-product","3":"status-publish","4":"has-post-thumbnail","6":"brand-trumpf","7":"product_cat-nibbler-pl-2","8":"product_cat-narzedzia-akumulatorowe","10":"first","11":"instock","12":"sale","13":"taxable","14":"shipping-taxable","15":"purchasable","16":"product-type-simple","17":"add-to-wishlist-before_image"},"acf":[],"yoast_head":"<!-- This site is optimized with the Yoast SEO plugin v27.3 - https:\/\/yoast.com\/product\/yoast-seo-wordpress\/ -->\n<title>N\u00f3\u017c akumulatorowy TRUMPF TruTool N 200 18 V 4,0 Ah - Wilhelm Hundt GmbH<\/title>\n<meta name=\"robots\" content=\"index, follow, max-snippet:-1, max-image-preview:large, max-video-preview:-1\" \/>\n<link rel=\"canonical\" href=\"https:\/\/hundtgroup.com\/pl\/produkt\/noz-akumulatorowy-trumpf-trutool-n-200-18-v-40-ah\/\" \/>\n<meta property=\"og:locale\" content=\"pl_PL\" \/>\n<meta property=\"og:type\" content=\"article\" \/>\n<meta property=\"og:title\" content=\"N\u00f3\u017c akumulatorowy TRUMPF TruTool N 200 18 V 4,0 Ah - Wilhelm Hundt GmbH\" \/>\n<meta property=\"og:description\" content=\"Tnie blach\u0119 do 2 mm Idealna do trudno dost\u0119pnych miejsc, wyci\u0119\u0107 wewn\u0119trznych i naci\u0119\u0107 w p\u0142askiej i falistej blasze. Zmiana kierunku ci\u0119cia w kilka sekund &#8211; obr\u00f3t o 360\u00b0. Nieograniczone zakrzywianie dzi\u0119ki wydr\u0105\u017conemu okr\u0105g\u0142emu stemplowi. Niska si\u0142a posuwu, brak zniekszta\u0142ce\u0144, emisji i iskier. Beznarz\u0119dziowa wymiana stempli i matryc. Do 60% wi\u0119cej mocy akumulatora dzi\u0119ki technologii [&hellip;]\" \/>\n<meta property=\"og:url\" content=\"https:\/\/hundtgroup.com\/pl\/produkt\/noz-akumulatorowy-trumpf-trutool-n-200-18-v-40-ah\/\" \/>\n<meta property=\"og:site_name\" content=\"Wilhelm Hundt GmbH\" \/>\n<meta property=\"article:modified_time\" content=\"2025-07-29T08:21:21+00:00\" \/>\n<meta property=\"og:image\" content=\"https:\/\/hundtgroup.com\/wp-content\/uploads\/351120.jpg\" \/>\n\t<meta property=\"og:image:width\" content=\"680\" \/>\n\t<meta property=\"og:image:height\" content=\"580\" \/>\n\t<meta property=\"og:image:type\" content=\"image\/jpeg\" \/>\n<meta name=\"twitter:card\" content=\"summary_large_image\" \/>\n<meta name=\"twitter:label1\" content=\"Szacowany czas czytania\" \/>\n\t<meta name=\"twitter:data1\" content=\"1 minuta\" \/>\n<script type=\"application\/ld+json\" class=\"yoast-schema-graph\">{\"@context\":\"https:\\\/\\\/schema.org\",\"@graph\":[{\"@type\":\"WebPage\",\"@id\":\"https:\\\/\\\/hundtgroup.com\\\/pl\\\/produkt\\\/noz-akumulatorowy-trumpf-trutool-n-200-18-v-40-ah\\\/\",\"url\":\"https:\\\/\\\/hundtgroup.com\\\/pl\\\/produkt\\\/noz-akumulatorowy-trumpf-trutool-n-200-18-v-40-ah\\\/\",\"name\":\"N\u00f3\u017c akumulatorowy TRUMPF TruTool N 200 18 V 4,0 Ah - Wilhelm Hundt GmbH\",\"isPartOf\":{\"@id\":\"https:\\\/\\\/hundtgroup.com\\\/pl\\\/#website\"},\"primaryImageOfPage\":{\"@id\":\"https:\\\/\\\/hundtgroup.com\\\/pl\\\/produkt\\\/noz-akumulatorowy-trumpf-trutool-n-200-18-v-40-ah\\\/#primaryimage\"},\"image\":{\"@id\":\"https:\\\/\\\/hundtgroup.com\\\/pl\\\/produkt\\\/noz-akumulatorowy-trumpf-trutool-n-200-18-v-40-ah\\\/#primaryimage\"},\"thumbnailUrl\":\"https:\\\/\\\/hundtgroup.com\\\/wp-content\\\/uploads\\\/351120.jpg\",\"datePublished\":\"2022-08-23T13:55:42+00:00\",\"dateModified\":\"2025-07-29T08:21:21+00:00\",\"breadcrumb\":{\"@id\":\"https:\\\/\\\/hundtgroup.com\\\/pl\\\/produkt\\\/noz-akumulatorowy-trumpf-trutool-n-200-18-v-40-ah\\\/#breadcrumb\"},\"inLanguage\":\"pl-PL\",\"potentialAction\":[{\"@type\":\"ReadAction\",\"target\":[\"https:\\\/\\\/hundtgroup.com\\\/pl\\\/produkt\\\/noz-akumulatorowy-trumpf-trutool-n-200-18-v-40-ah\\\/\"]}]},{\"@type\":\"ImageObject\",\"inLanguage\":\"pl-PL\",\"@id\":\"https:\\\/\\\/hundtgroup.com\\\/pl\\\/produkt\\\/noz-akumulatorowy-trumpf-trutool-n-200-18-v-40-ah\\\/#primaryimage\",\"url\":\"https:\\\/\\\/hundtgroup.com\\\/wp-content\\\/uploads\\\/351120.jpg\",\"contentUrl\":\"https:\\\/\\\/hundtgroup.com\\\/wp-content\\\/uploads\\\/351120.jpg\",\"width\":680,\"height\":580},{\"@type\":\"BreadcrumbList\",\"@id\":\"https:\\\/\\\/hundtgroup.com\\\/pl\\\/produkt\\\/noz-akumulatorowy-trumpf-trutool-n-200-18-v-40-ah\\\/#breadcrumb\",\"itemListElement\":[{\"@type\":\"ListItem\",\"position\":1,\"name\":\"Startseite\",\"item\":\"https:\\\/\\\/hundtgroup.com\\\/pl\\\/strona-glowna-nowa\\\/\"},{\"@type\":\"ListItem\",\"position\":2,\"name\":\"Sklep\",\"item\":\"https:\\\/\\\/hundtgroup.com\\\/sklep\\\/\"},{\"@type\":\"ListItem\",\"position\":3,\"name\":\"N\u00f3\u017c akumulatorowy TRUMPF TruTool N 200 18 V 4,0 Ah\"}]},{\"@type\":\"WebSite\",\"@id\":\"https:\\\/\\\/hundtgroup.com\\\/pl\\\/#website\",\"url\":\"https:\\\/\\\/hundtgroup.com\\\/pl\\\/\",\"name\":\"Wilhelm Hundt GmbH\",\"description\":\"Specjalista od maszyn i narz\u0119dzi do obr\u00f3bki blachy\",\"potentialAction\":[{\"@type\":\"SearchAction\",\"target\":{\"@type\":\"EntryPoint\",\"urlTemplate\":\"https:\\\/\\\/hundtgroup.com\\\/pl\\\/?s={search_term_string}\"},\"query-input\":{\"@type\":\"PropertyValueSpecification\",\"valueRequired\":true,\"valueName\":\"search_term_string\"}}],\"inLanguage\":\"pl-PL\"}]}<\/script>\n<!-- \/ Yoast SEO plugin. -->","yoast_head_json":{"title":"N\u00f3\u017c akumulatorowy TRUMPF TruTool N 200 18 V 4,0 Ah - Wilhelm Hundt GmbH","robots":{"index":"index","follow":"follow","max-snippet":"max-snippet:-1","max-image-preview":"max-image-preview:large","max-video-preview":"max-video-preview:-1"},"canonical":"https:\/\/hundtgroup.com\/pl\/produkt\/noz-akumulatorowy-trumpf-trutool-n-200-18-v-40-ah\/","og_locale":"pl_PL","og_type":"article","og_title":"N\u00f3\u017c akumulatorowy TRUMPF TruTool N 200 18 V 4,0 Ah - Wilhelm Hundt GmbH","og_description":"Tnie blach\u0119 do 2 mm Idealna do trudno dost\u0119pnych miejsc, wyci\u0119\u0107 wewn\u0119trznych i naci\u0119\u0107 w p\u0142askiej i falistej blasze. Zmiana kierunku ci\u0119cia w kilka sekund &#8211; obr\u00f3t o 360\u00b0. Nieograniczone zakrzywianie dzi\u0119ki wydr\u0105\u017conemu okr\u0105g\u0142emu stemplowi. Niska si\u0142a posuwu, brak zniekszta\u0142ce\u0144, emisji i iskier. Beznarz\u0119dziowa wymiana stempli i matryc. Do 60% wi\u0119cej mocy akumulatora dzi\u0119ki technologii [&hellip;]","og_url":"https:\/\/hundtgroup.com\/pl\/produkt\/noz-akumulatorowy-trumpf-trutool-n-200-18-v-40-ah\/","og_site_name":"Wilhelm Hundt GmbH","article_modified_time":"2025-07-29T08:21:21+00:00","og_image":[{"width":680,"height":580,"url":"https:\/\/hundtgroup.com\/wp-content\/uploads\/351120.jpg","type":"image\/jpeg"}],"twitter_card":"summary_large_image","twitter_misc":{"Szacowany czas czytania":"1 minuta"},"schema":{"@context":"https:\/\/schema.org","@graph":[{"@type":"WebPage","@id":"https:\/\/hundtgroup.com\/pl\/produkt\/noz-akumulatorowy-trumpf-trutool-n-200-18-v-40-ah\/","url":"https:\/\/hundtgroup.com\/pl\/produkt\/noz-akumulatorowy-trumpf-trutool-n-200-18-v-40-ah\/","name":"N\u00f3\u017c akumulatorowy TRUMPF TruTool N 200 18 V 4,0 Ah - Wilhelm Hundt GmbH","isPartOf":{"@id":"https:\/\/hundtgroup.com\/pl\/#website"},"primaryImageOfPage":{"@id":"https:\/\/hundtgroup.com\/pl\/produkt\/noz-akumulatorowy-trumpf-trutool-n-200-18-v-40-ah\/#primaryimage"},"image":{"@id":"https:\/\/hundtgroup.com\/pl\/produkt\/noz-akumulatorowy-trumpf-trutool-n-200-18-v-40-ah\/#primaryimage"},"thumbnailUrl":"https:\/\/hundtgroup.com\/wp-content\/uploads\/351120.jpg","datePublished":"2022-08-23T13:55:42+00:00","dateModified":"2025-07-29T08:21:21+00:00","breadcrumb":{"@id":"https:\/\/hundtgroup.com\/pl\/produkt\/noz-akumulatorowy-trumpf-trutool-n-200-18-v-40-ah\/#breadcrumb"},"inLanguage":"pl-PL","potentialAction":[{"@type":"ReadAction","target":["https:\/\/hundtgroup.com\/pl\/produkt\/noz-akumulatorowy-trumpf-trutool-n-200-18-v-40-ah\/"]}]},{"@type":"ImageObject","inLanguage":"pl-PL","@id":"https:\/\/hundtgroup.com\/pl\/produkt\/noz-akumulatorowy-trumpf-trutool-n-200-18-v-40-ah\/#primaryimage","url":"https:\/\/hundtgroup.com\/wp-content\/uploads\/351120.jpg","contentUrl":"https:\/\/hundtgroup.com\/wp-content\/uploads\/351120.jpg","width":680,"height":580},{"@type":"BreadcrumbList","@id":"https:\/\/hundtgroup.com\/pl\/produkt\/noz-akumulatorowy-trumpf-trutool-n-200-18-v-40-ah\/#breadcrumb","itemListElement":[{"@type":"ListItem","position":1,"name":"Startseite","item":"https:\/\/hundtgroup.com\/pl\/strona-glowna-nowa\/"},{"@type":"ListItem","position":2,"name":"Sklep","item":"https:\/\/hundtgroup.com\/sklep\/"},{"@type":"ListItem","position":3,"name":"N\u00f3\u017c akumulatorowy TRUMPF TruTool N 200 18 V 4,0 Ah"}]},{"@type":"WebSite","@id":"https:\/\/hundtgroup.com\/pl\/#website","url":"https:\/\/hundtgroup.com\/pl\/","name":"Wilhelm Hundt GmbH","description":"Specjalista od maszyn i narz\u0119dzi do obr\u00f3bki blachy","potentialAction":[{"@type":"SearchAction","target":{"@type":"EntryPoint","urlTemplate":"https:\/\/hundtgroup.com\/pl\/?s={search_term_string}"},"query-input":{"@type":"PropertyValueSpecification","valueRequired":true,"valueName":"search_term_string"}}],"inLanguage":"pl-PL"}]}},"_links":{"self":[{"href":"https:\/\/hundtgroup.com\/pl\/wp-json\/wp\/v2\/product\/15647","targetHints":{"allow":["GET"]}}],"collection":[{"href":"https:\/\/hundtgroup.com\/pl\/wp-json\/wp\/v2\/product"}],"about":[{"href":"https:\/\/hundtgroup.com\/pl\/wp-json\/wp\/v2\/types\/product"}],"wp:featuredmedia":[{"embeddable":true,"href":"https:\/\/hundtgroup.com\/pl\/wp-json\/wp\/v2\/media\/6509"}],"wp:attachment":[{"href":"https:\/\/hundtgroup.com\/pl\/wp-json\/wp\/v2\/media?parent=15647"}],"wp:term":[{"taxonomy":"product_cat","embeddable":true,"href":"https:\/\/hundtgroup.com\/pl\/wp-json\/wp\/v2\/product_cat?post=15647"},{"taxonomy":"product_tag","embeddable":true,"href":"https:\/\/hundtgroup.com\/pl\/wp-json\/wp\/v2\/product_tag?post=15647"}],"curies":[{"name":"wp","href":"https:\/\/api.w.org\/{rel}","templated":true}]}}