{"id":15689,"date":"2022-08-23T15:55:42","date_gmt":"2022-08-23T13:55:42","guid":{"rendered":"https:\/\/hundtgroup.com\/produkt\/akumulatorowe-nozyce-do-blachy-trumpf-trutool-s-250-18v-4-0ah\/"},"modified":"2025-07-29T10:13:37","modified_gmt":"2025-07-29T08:13:37","slug":"akumulatorowe-nozyce-do-blachy-trumpf-trutool-s-250-18v-4-0ah","status":"publish","type":"product","link":"https:\/\/hundtgroup.com\/pl\/produkt\/akumulatorowe-nozyce-do-blachy-trumpf-trutool-s-250-18v-4-0ah\/","title":{"rendered":"Akumulatorowe no\u017cyce do blachy TRUMPF TruTool S 250 18V 4.0Ah"},"content":{"rendered":"<p>Ci\u0119cie blach o grubo\u015bci do 2,5 mm<br \/>\nIdealna do ci\u0119cia ciasnych, trudnych krzywizn.<br \/>\nPrecyzyjne ci\u0119cie bez zadzior\u00f3w bez wp\u0142ywu temperatury &#8211; nawet w pozycji nad g\u0142ow\u0105.<br \/>\nDobra widoczno\u015b\u0107 powierzchni roboczej i linii ci\u0119cia.<br \/>\nNiskie koszty eksploatacji dzi\u0119ki opcji 4-krotnego cofania ostrza.<br \/>\nMinimalny wysi\u0142ek dzi\u0119ki optymalnej geometrii ci\u0119cia.<br \/>\nDo 60% wi\u0119cej mocy akumulatora dzi\u0119ki technologii PowerHead i bezszczotkowemu silnikowi.<br \/>\nMi\u0119kka r\u0119koje\u015b\u0107 zapewnia prac\u0119 bez wibracji.<\/p>\n<p>Wydajno\u015b\u0107 pracy w metrach na jednym \u0142adowaniu akumulatora (stal mi\u0119kka 400 N\/mm\u00b2):<br \/>\n2,5 mm: z 4 Ah: 78 metr\u00f3w<br \/>\n1,5 mm: z 4 Ah: 130 metr\u00f3w<\/p>\n","protected":false},"excerpt":{"rendered":"<p>Ci\u0119cie blach o grubo\u015bci do 2,5 mm Idealna do ci\u0119cia ciasnych, trudnych krzywizn. Precyzyjne ci\u0119cie bez zadzior\u00f3w bez wp\u0142ywu temperatury &#8211; nawet w pozycji nad g\u0142ow\u0105. Dobra widoczno\u015b\u0107 powierzchni roboczej i linii ci\u0119cia. Niskie koszty eksploatacji dzi\u0119ki opcji 4-krotnego cofania ostrza. Minimalny wysi\u0142ek dzi\u0119ki optymalnej geometrii ci\u0119cia. Do 60% wi\u0119cej mocy akumulatora dzi\u0119ki technologii PowerHead [&hellip;]<\/p>\n","protected":false},"featured_media":6506,"template":"","meta":{"_acf_changed":false,"inline_featured_image":false},"product_cat":[708,691],"product_tag":[],"class_list":{"0":"post-15689","1":"product","2":"type-product","3":"status-publish","4":"has-post-thumbnail","6":"brand-trumpf","7":"product_cat-nozyce-do-blachy-pl","8":"product_cat-narzedzia-akumulatorowe","10":"first","11":"instock","12":"sale","13":"taxable","14":"shipping-taxable","15":"purchasable","16":"product-type-simple","17":"add-to-wishlist-before_image"},"acf":[],"yoast_head":"<!-- This site is optimized with the Yoast SEO plugin v27.3 - https:\/\/yoast.com\/product\/yoast-seo-wordpress\/ -->\n<title>Akumulatorowe no\u017cyce do blachy TRUMPF TruTool S 250 18V 4.0Ah - Wilhelm Hundt GmbH<\/title>\n<meta name=\"robots\" content=\"index, follow, max-snippet:-1, max-image-preview:large, max-video-preview:-1\" \/>\n<link rel=\"canonical\" href=\"https:\/\/hundtgroup.com\/pl\/produkt\/akumulatorowe-nozyce-do-blachy-trumpf-trutool-s-250-18v-4-0ah\/\" \/>\n<meta property=\"og:locale\" content=\"pl_PL\" \/>\n<meta property=\"og:type\" content=\"article\" \/>\n<meta property=\"og:title\" content=\"Akumulatorowe no\u017cyce do blachy TRUMPF TruTool S 250 18V 4.0Ah - Wilhelm Hundt GmbH\" \/>\n<meta property=\"og:description\" content=\"Ci\u0119cie blach o grubo\u015bci do 2,5 mm Idealna do ci\u0119cia ciasnych, trudnych krzywizn. Precyzyjne ci\u0119cie bez zadzior\u00f3w bez wp\u0142ywu temperatury &#8211; nawet w pozycji nad g\u0142ow\u0105. Dobra widoczno\u015b\u0107 powierzchni roboczej i linii ci\u0119cia. Niskie koszty eksploatacji dzi\u0119ki opcji 4-krotnego cofania ostrza. Minimalny wysi\u0142ek dzi\u0119ki optymalnej geometrii ci\u0119cia. Do 60% wi\u0119cej mocy akumulatora dzi\u0119ki technologii PowerHead [&hellip;]\" \/>\n<meta property=\"og:url\" content=\"https:\/\/hundtgroup.com\/pl\/produkt\/akumulatorowe-nozyce-do-blachy-trumpf-trutool-s-250-18v-4-0ah\/\" \/>\n<meta property=\"og:site_name\" content=\"Wilhelm Hundt GmbH\" \/>\n<meta property=\"article:modified_time\" content=\"2025-07-29T08:13:37+00:00\" \/>\n<meta property=\"og:image\" content=\"https:\/\/hundtgroup.com\/wp-content\/uploads\/351119-1-scaled.jpg\" \/>\n\t<meta property=\"og:image:width\" content=\"2560\" \/>\n\t<meta property=\"og:image:height\" content=\"2194\" \/>\n\t<meta property=\"og:image:type\" content=\"image\/jpeg\" \/>\n<meta name=\"twitter:card\" content=\"summary_large_image\" \/>\n<meta name=\"twitter:label1\" content=\"Szacowany czas czytania\" \/>\n\t<meta name=\"twitter:data1\" content=\"1 minuta\" \/>\n<script type=\"application\/ld+json\" class=\"yoast-schema-graph\">{\"@context\":\"https:\\\/\\\/schema.org\",\"@graph\":[{\"@type\":\"WebPage\",\"@id\":\"https:\\\/\\\/hundtgroup.com\\\/pl\\\/produkt\\\/akumulatorowe-nozyce-do-blachy-trumpf-trutool-s-250-18v-4-0ah\\\/\",\"url\":\"https:\\\/\\\/hundtgroup.com\\\/pl\\\/produkt\\\/akumulatorowe-nozyce-do-blachy-trumpf-trutool-s-250-18v-4-0ah\\\/\",\"name\":\"Akumulatorowe no\u017cyce do blachy TRUMPF TruTool S 250 18V 4.0Ah - Wilhelm Hundt GmbH\",\"isPartOf\":{\"@id\":\"https:\\\/\\\/hundtgroup.com\\\/pl\\\/#website\"},\"primaryImageOfPage\":{\"@id\":\"https:\\\/\\\/hundtgroup.com\\\/pl\\\/produkt\\\/akumulatorowe-nozyce-do-blachy-trumpf-trutool-s-250-18v-4-0ah\\\/#primaryimage\"},\"image\":{\"@id\":\"https:\\\/\\\/hundtgroup.com\\\/pl\\\/produkt\\\/akumulatorowe-nozyce-do-blachy-trumpf-trutool-s-250-18v-4-0ah\\\/#primaryimage\"},\"thumbnailUrl\":\"https:\\\/\\\/hundtgroup.com\\\/wp-content\\\/uploads\\\/351119-1-scaled.jpg\",\"datePublished\":\"2022-08-23T13:55:42+00:00\",\"dateModified\":\"2025-07-29T08:13:37+00:00\",\"breadcrumb\":{\"@id\":\"https:\\\/\\\/hundtgroup.com\\\/pl\\\/produkt\\\/akumulatorowe-nozyce-do-blachy-trumpf-trutool-s-250-18v-4-0ah\\\/#breadcrumb\"},\"inLanguage\":\"pl-PL\",\"potentialAction\":[{\"@type\":\"ReadAction\",\"target\":[\"https:\\\/\\\/hundtgroup.com\\\/pl\\\/produkt\\\/akumulatorowe-nozyce-do-blachy-trumpf-trutool-s-250-18v-4-0ah\\\/\"]}]},{\"@type\":\"ImageObject\",\"inLanguage\":\"pl-PL\",\"@id\":\"https:\\\/\\\/hundtgroup.com\\\/pl\\\/produkt\\\/akumulatorowe-nozyce-do-blachy-trumpf-trutool-s-250-18v-4-0ah\\\/#primaryimage\",\"url\":\"https:\\\/\\\/hundtgroup.com\\\/wp-content\\\/uploads\\\/351119-1-scaled.jpg\",\"contentUrl\":\"https:\\\/\\\/hundtgroup.com\\\/wp-content\\\/uploads\\\/351119-1-scaled.jpg\",\"width\":2560,\"height\":2194},{\"@type\":\"BreadcrumbList\",\"@id\":\"https:\\\/\\\/hundtgroup.com\\\/pl\\\/produkt\\\/akumulatorowe-nozyce-do-blachy-trumpf-trutool-s-250-18v-4-0ah\\\/#breadcrumb\",\"itemListElement\":[{\"@type\":\"ListItem\",\"position\":1,\"name\":\"Startseite\",\"item\":\"https:\\\/\\\/hundtgroup.com\\\/pl\\\/strona-glowna-nowa\\\/\"},{\"@type\":\"ListItem\",\"position\":2,\"name\":\"Sklep\",\"item\":\"https:\\\/\\\/hundtgroup.com\\\/sklep\\\/\"},{\"@type\":\"ListItem\",\"position\":3,\"name\":\"Akumulatorowe no\u017cyce do blachy TRUMPF TruTool S 250 18V 4.0Ah\"}]},{\"@type\":\"WebSite\",\"@id\":\"https:\\\/\\\/hundtgroup.com\\\/pl\\\/#website\",\"url\":\"https:\\\/\\\/hundtgroup.com\\\/pl\\\/\",\"name\":\"Wilhelm Hundt GmbH\",\"description\":\"Specjalista od maszyn i narz\u0119dzi do obr\u00f3bki blachy\",\"potentialAction\":[{\"@type\":\"SearchAction\",\"target\":{\"@type\":\"EntryPoint\",\"urlTemplate\":\"https:\\\/\\\/hundtgroup.com\\\/pl\\\/?s={search_term_string}\"},\"query-input\":{\"@type\":\"PropertyValueSpecification\",\"valueRequired\":true,\"valueName\":\"search_term_string\"}}],\"inLanguage\":\"pl-PL\"}]}<\/script>\n<!-- \/ Yoast SEO plugin. -->","yoast_head_json":{"title":"Akumulatorowe no\u017cyce do blachy TRUMPF TruTool S 250 18V 4.0Ah - Wilhelm Hundt GmbH","robots":{"index":"index","follow":"follow","max-snippet":"max-snippet:-1","max-image-preview":"max-image-preview:large","max-video-preview":"max-video-preview:-1"},"canonical":"https:\/\/hundtgroup.com\/pl\/produkt\/akumulatorowe-nozyce-do-blachy-trumpf-trutool-s-250-18v-4-0ah\/","og_locale":"pl_PL","og_type":"article","og_title":"Akumulatorowe no\u017cyce do blachy TRUMPF TruTool S 250 18V 4.0Ah - Wilhelm Hundt GmbH","og_description":"Ci\u0119cie blach o grubo\u015bci do 2,5 mm Idealna do ci\u0119cia ciasnych, trudnych krzywizn. Precyzyjne ci\u0119cie bez zadzior\u00f3w bez wp\u0142ywu temperatury &#8211; nawet w pozycji nad g\u0142ow\u0105. Dobra widoczno\u015b\u0107 powierzchni roboczej i linii ci\u0119cia. Niskie koszty eksploatacji dzi\u0119ki opcji 4-krotnego cofania ostrza. Minimalny wysi\u0142ek dzi\u0119ki optymalnej geometrii ci\u0119cia. Do 60% wi\u0119cej mocy akumulatora dzi\u0119ki technologii PowerHead [&hellip;]","og_url":"https:\/\/hundtgroup.com\/pl\/produkt\/akumulatorowe-nozyce-do-blachy-trumpf-trutool-s-250-18v-4-0ah\/","og_site_name":"Wilhelm Hundt GmbH","article_modified_time":"2025-07-29T08:13:37+00:00","og_image":[{"width":2560,"height":2194,"url":"https:\/\/hundtgroup.com\/wp-content\/uploads\/351119-1-scaled.jpg","type":"image\/jpeg"}],"twitter_card":"summary_large_image","twitter_misc":{"Szacowany czas czytania":"1 minuta"},"schema":{"@context":"https:\/\/schema.org","@graph":[{"@type":"WebPage","@id":"https:\/\/hundtgroup.com\/pl\/produkt\/akumulatorowe-nozyce-do-blachy-trumpf-trutool-s-250-18v-4-0ah\/","url":"https:\/\/hundtgroup.com\/pl\/produkt\/akumulatorowe-nozyce-do-blachy-trumpf-trutool-s-250-18v-4-0ah\/","name":"Akumulatorowe no\u017cyce do blachy TRUMPF TruTool S 250 18V 4.0Ah - Wilhelm Hundt GmbH","isPartOf":{"@id":"https:\/\/hundtgroup.com\/pl\/#website"},"primaryImageOfPage":{"@id":"https:\/\/hundtgroup.com\/pl\/produkt\/akumulatorowe-nozyce-do-blachy-trumpf-trutool-s-250-18v-4-0ah\/#primaryimage"},"image":{"@id":"https:\/\/hundtgroup.com\/pl\/produkt\/akumulatorowe-nozyce-do-blachy-trumpf-trutool-s-250-18v-4-0ah\/#primaryimage"},"thumbnailUrl":"https:\/\/hundtgroup.com\/wp-content\/uploads\/351119-1-scaled.jpg","datePublished":"2022-08-23T13:55:42+00:00","dateModified":"2025-07-29T08:13:37+00:00","breadcrumb":{"@id":"https:\/\/hundtgroup.com\/pl\/produkt\/akumulatorowe-nozyce-do-blachy-trumpf-trutool-s-250-18v-4-0ah\/#breadcrumb"},"inLanguage":"pl-PL","potentialAction":[{"@type":"ReadAction","target":["https:\/\/hundtgroup.com\/pl\/produkt\/akumulatorowe-nozyce-do-blachy-trumpf-trutool-s-250-18v-4-0ah\/"]}]},{"@type":"ImageObject","inLanguage":"pl-PL","@id":"https:\/\/hundtgroup.com\/pl\/produkt\/akumulatorowe-nozyce-do-blachy-trumpf-trutool-s-250-18v-4-0ah\/#primaryimage","url":"https:\/\/hundtgroup.com\/wp-content\/uploads\/351119-1-scaled.jpg","contentUrl":"https:\/\/hundtgroup.com\/wp-content\/uploads\/351119-1-scaled.jpg","width":2560,"height":2194},{"@type":"BreadcrumbList","@id":"https:\/\/hundtgroup.com\/pl\/produkt\/akumulatorowe-nozyce-do-blachy-trumpf-trutool-s-250-18v-4-0ah\/#breadcrumb","itemListElement":[{"@type":"ListItem","position":1,"name":"Startseite","item":"https:\/\/hundtgroup.com\/pl\/strona-glowna-nowa\/"},{"@type":"ListItem","position":2,"name":"Sklep","item":"https:\/\/hundtgroup.com\/sklep\/"},{"@type":"ListItem","position":3,"name":"Akumulatorowe no\u017cyce do blachy TRUMPF TruTool S 250 18V 4.0Ah"}]},{"@type":"WebSite","@id":"https:\/\/hundtgroup.com\/pl\/#website","url":"https:\/\/hundtgroup.com\/pl\/","name":"Wilhelm Hundt GmbH","description":"Specjalista od maszyn i narz\u0119dzi do obr\u00f3bki blachy","potentialAction":[{"@type":"SearchAction","target":{"@type":"EntryPoint","urlTemplate":"https:\/\/hundtgroup.com\/pl\/?s={search_term_string}"},"query-input":{"@type":"PropertyValueSpecification","valueRequired":true,"valueName":"search_term_string"}}],"inLanguage":"pl-PL"}]}},"_links":{"self":[{"href":"https:\/\/hundtgroup.com\/pl\/wp-json\/wp\/v2\/product\/15689","targetHints":{"allow":["GET"]}}],"collection":[{"href":"https:\/\/hundtgroup.com\/pl\/wp-json\/wp\/v2\/product"}],"about":[{"href":"https:\/\/hundtgroup.com\/pl\/wp-json\/wp\/v2\/types\/product"}],"wp:featuredmedia":[{"embeddable":true,"href":"https:\/\/hundtgroup.com\/pl\/wp-json\/wp\/v2\/media\/6506"}],"wp:attachment":[{"href":"https:\/\/hundtgroup.com\/pl\/wp-json\/wp\/v2\/media?parent=15689"}],"wp:term":[{"taxonomy":"product_cat","embeddable":true,"href":"https:\/\/hundtgroup.com\/pl\/wp-json\/wp\/v2\/product_cat?post=15689"},{"taxonomy":"product_tag","embeddable":true,"href":"https:\/\/hundtgroup.com\/pl\/wp-json\/wp\/v2\/product_tag?post=15689"}],"curies":[{"name":"wp","href":"https:\/\/api.w.org\/{rel}","templated":true}]}}