{"id":17696,"date":"2022-08-23T15:56:03","date_gmt":"2022-08-23T13:56:03","guid":{"rendered":"https:\/\/hundtgroup.com\/produkt\/trumpf-trutool-pn-200-18v-4-0a-akumulatorowe-narzedzie-do-krzyzowania-profili\/"},"modified":"2025-07-29T10:21:20","modified_gmt":"2025-07-29T08:21:20","slug":"trumpf-trutool-pn-200-18v-4-0a-akumulatorowe-narzedzie-do-krzyzowania-profili","status":"publish","type":"product","link":"https:\/\/hundtgroup.com\/pl\/produkt\/trumpf-trutool-pn-200-18v-4-0a-akumulatorowe-narzedzie-do-krzyzowania-profili\/","title":{"rendered":"Akumulatorowa stalnica do profili TRUMPF TruTool PN 200 18V 4,0A"},"content":{"rendered":"<p>Tnie blach\u0119 do 2 mm<br \/>\nMaszyna z kr\u00f3tkim narz\u0119dziem do obr\u00f3bki profili o g\u0142\u0119boko\u015bci do 85 mm oraz profili C, L i U. Nadaje si\u0119 r\u00f3wnie\u017c do ci\u0119cia blachy falistej.<br \/>\nIdealna do trudno dost\u0119pnych miejsc.<br \/>\nSzybka zmiana kierunku ci\u0119cia w kilka sekund &#8211; mo\u017cliwo\u015b\u0107 obrotu o 360\u00b0.<br \/>\nNieograniczone zaginanie dzi\u0119ki wydr\u0105\u017conemu okr\u0105g\u0142emu stemplowi.<br \/>\nNiska si\u0142a posuwu, bez zniekszta\u0142ce\u0144, emisji i iskier.<br \/>\nBeznarz\u0119dziowa wymiana stempla i matrycy.<br \/>\nDo 60% wi\u0119cej mocy akumulatora dzi\u0119ki technologii PowerHead i bezszczotkowemu silnikowi.<br \/>\nMi\u0119kka r\u0119koje\u015b\u0107 zapewnia prac\u0119 przy niskich wibracjach. <\/p>\n<p>Wydajno\u015b\u0107 pracy w metrach na na\u0142adowanie akumulatora (stal konstrukcyjna 400 N\/mm\u00b2):<br \/>\n2 mm: z 4 Ah: 26 metr\u00f3w<br \/>\n1 mm: z 4 Ah: 54 metry<\/p>\n","protected":false},"excerpt":{"rendered":"<p>Tnie blach\u0119 do 2 mm Maszyna z kr\u00f3tkim narz\u0119dziem do obr\u00f3bki profili o g\u0142\u0119boko\u015bci do 85 mm oraz profili C, L i U. Nadaje si\u0119 r\u00f3wnie\u017c do ci\u0119cia blachy falistej. Idealna do trudno dost\u0119pnych miejsc. Szybka zmiana kierunku ci\u0119cia w kilka sekund &#8211; mo\u017cliwo\u015b\u0107 obrotu o 360\u00b0. Nieograniczone zaginanie dzi\u0119ki wydr\u0105\u017conemu okr\u0105g\u0142emu stemplowi. Niska si\u0142a [&hellip;]<\/p>\n","protected":false},"featured_media":10496,"template":"","meta":{"_acf_changed":false,"inline_featured_image":false},"product_cat":[691,1046],"product_tag":[],"class_list":{"0":"post-17696","1":"product","2":"type-product","3":"status-publish","4":"has-post-thumbnail","6":"brand-trumpf","7":"product_cat-narzedzia-akumulatorowe","8":"product_cat-nibbler-profilu-pl","10":"first","11":"instock","12":"sale","13":"taxable","14":"shipping-taxable","15":"purchasable","16":"product-type-simple","17":"add-to-wishlist-before_image"},"acf":[],"yoast_head":"<!-- This site is optimized with the Yoast SEO plugin v27.3 - https:\/\/yoast.com\/product\/yoast-seo-wordpress\/ -->\n<title>Akumulatorowa stalnica do profili TRUMPF TruTool PN 200 18V 4,0A - Wilhelm Hundt GmbH<\/title>\n<meta name=\"robots\" content=\"index, follow, max-snippet:-1, max-image-preview:large, max-video-preview:-1\" \/>\n<link rel=\"canonical\" href=\"https:\/\/hundtgroup.com\/pl\/produkt\/trumpf-trutool-pn-200-18v-4-0a-akumulatorowe-narzedzie-do-krzyzowania-profili\/\" \/>\n<meta property=\"og:locale\" content=\"pl_PL\" \/>\n<meta property=\"og:type\" content=\"article\" \/>\n<meta property=\"og:title\" content=\"Akumulatorowa stalnica do profili TRUMPF TruTool PN 200 18V 4,0A - Wilhelm Hundt GmbH\" \/>\n<meta property=\"og:description\" content=\"Tnie blach\u0119 do 2 mm Maszyna z kr\u00f3tkim narz\u0119dziem do obr\u00f3bki profili o g\u0142\u0119boko\u015bci do 85 mm oraz profili C, L i U. Nadaje si\u0119 r\u00f3wnie\u017c do ci\u0119cia blachy falistej. Idealna do trudno dost\u0119pnych miejsc. Szybka zmiana kierunku ci\u0119cia w kilka sekund &#8211; mo\u017cliwo\u015b\u0107 obrotu o 360\u00b0. Nieograniczone zaginanie dzi\u0119ki wydr\u0105\u017conemu okr\u0105g\u0142emu stemplowi. Niska si\u0142a [&hellip;]\" \/>\n<meta property=\"og:url\" content=\"https:\/\/hundtgroup.com\/pl\/produkt\/trumpf-trutool-pn-200-18v-4-0a-akumulatorowe-narzedzie-do-krzyzowania-profili\/\" \/>\n<meta property=\"og:site_name\" content=\"Wilhelm Hundt GmbH\" \/>\n<meta property=\"article:modified_time\" content=\"2025-07-29T08:21:20+00:00\" \/>\n<meta property=\"og:image\" content=\"https:\/\/hundtgroup.com\/wp-content\/uploads\/352010.png\" \/>\n\t<meta property=\"og:image:width\" content=\"700\" \/>\n\t<meta property=\"og:image:height\" content=\"600\" \/>\n\t<meta property=\"og:image:type\" content=\"image\/png\" \/>\n<meta name=\"twitter:card\" content=\"summary_large_image\" \/>\n<meta name=\"twitter:label1\" content=\"Szacowany czas czytania\" \/>\n\t<meta name=\"twitter:data1\" content=\"1 minuta\" \/>\n<script type=\"application\/ld+json\" class=\"yoast-schema-graph\">{\"@context\":\"https:\\\/\\\/schema.org\",\"@graph\":[{\"@type\":\"WebPage\",\"@id\":\"https:\\\/\\\/hundtgroup.com\\\/pl\\\/produkt\\\/trumpf-trutool-pn-200-18v-4-0a-akumulatorowe-narzedzie-do-krzyzowania-profili\\\/\",\"url\":\"https:\\\/\\\/hundtgroup.com\\\/pl\\\/produkt\\\/trumpf-trutool-pn-200-18v-4-0a-akumulatorowe-narzedzie-do-krzyzowania-profili\\\/\",\"name\":\"Akumulatorowa stalnica do profili TRUMPF TruTool PN 200 18V 4,0A - Wilhelm Hundt GmbH\",\"isPartOf\":{\"@id\":\"https:\\\/\\\/hundtgroup.com\\\/pl\\\/#website\"},\"primaryImageOfPage\":{\"@id\":\"https:\\\/\\\/hundtgroup.com\\\/pl\\\/produkt\\\/trumpf-trutool-pn-200-18v-4-0a-akumulatorowe-narzedzie-do-krzyzowania-profili\\\/#primaryimage\"},\"image\":{\"@id\":\"https:\\\/\\\/hundtgroup.com\\\/pl\\\/produkt\\\/trumpf-trutool-pn-200-18v-4-0a-akumulatorowe-narzedzie-do-krzyzowania-profili\\\/#primaryimage\"},\"thumbnailUrl\":\"https:\\\/\\\/hundtgroup.com\\\/wp-content\\\/uploads\\\/352010.png\",\"datePublished\":\"2022-08-23T13:56:03+00:00\",\"dateModified\":\"2025-07-29T08:21:20+00:00\",\"breadcrumb\":{\"@id\":\"https:\\\/\\\/hundtgroup.com\\\/pl\\\/produkt\\\/trumpf-trutool-pn-200-18v-4-0a-akumulatorowe-narzedzie-do-krzyzowania-profili\\\/#breadcrumb\"},\"inLanguage\":\"pl-PL\",\"potentialAction\":[{\"@type\":\"ReadAction\",\"target\":[\"https:\\\/\\\/hundtgroup.com\\\/pl\\\/produkt\\\/trumpf-trutool-pn-200-18v-4-0a-akumulatorowe-narzedzie-do-krzyzowania-profili\\\/\"]}]},{\"@type\":\"ImageObject\",\"inLanguage\":\"pl-PL\",\"@id\":\"https:\\\/\\\/hundtgroup.com\\\/pl\\\/produkt\\\/trumpf-trutool-pn-200-18v-4-0a-akumulatorowe-narzedzie-do-krzyzowania-profili\\\/#primaryimage\",\"url\":\"https:\\\/\\\/hundtgroup.com\\\/wp-content\\\/uploads\\\/352010.png\",\"contentUrl\":\"https:\\\/\\\/hundtgroup.com\\\/wp-content\\\/uploads\\\/352010.png\",\"width\":700,\"height\":600},{\"@type\":\"BreadcrumbList\",\"@id\":\"https:\\\/\\\/hundtgroup.com\\\/pl\\\/produkt\\\/trumpf-trutool-pn-200-18v-4-0a-akumulatorowe-narzedzie-do-krzyzowania-profili\\\/#breadcrumb\",\"itemListElement\":[{\"@type\":\"ListItem\",\"position\":1,\"name\":\"Startseite\",\"item\":\"https:\\\/\\\/hundtgroup.com\\\/pl\\\/strona-glowna-nowa\\\/\"},{\"@type\":\"ListItem\",\"position\":2,\"name\":\"Sklep\",\"item\":\"https:\\\/\\\/hundtgroup.com\\\/sklep\\\/\"},{\"@type\":\"ListItem\",\"position\":3,\"name\":\"Akumulatorowa stalnica do profili TRUMPF TruTool PN 200 18V 4,0A\"}]},{\"@type\":\"WebSite\",\"@id\":\"https:\\\/\\\/hundtgroup.com\\\/pl\\\/#website\",\"url\":\"https:\\\/\\\/hundtgroup.com\\\/pl\\\/\",\"name\":\"Wilhelm Hundt GmbH\",\"description\":\"Specjalista od maszyn i narz\u0119dzi do obr\u00f3bki blachy\",\"potentialAction\":[{\"@type\":\"SearchAction\",\"target\":{\"@type\":\"EntryPoint\",\"urlTemplate\":\"https:\\\/\\\/hundtgroup.com\\\/pl\\\/?s={search_term_string}\"},\"query-input\":{\"@type\":\"PropertyValueSpecification\",\"valueRequired\":true,\"valueName\":\"search_term_string\"}}],\"inLanguage\":\"pl-PL\"}]}<\/script>\n<!-- \/ Yoast SEO plugin. -->","yoast_head_json":{"title":"Akumulatorowa stalnica do profili TRUMPF TruTool PN 200 18V 4,0A - Wilhelm Hundt GmbH","robots":{"index":"index","follow":"follow","max-snippet":"max-snippet:-1","max-image-preview":"max-image-preview:large","max-video-preview":"max-video-preview:-1"},"canonical":"https:\/\/hundtgroup.com\/pl\/produkt\/trumpf-trutool-pn-200-18v-4-0a-akumulatorowe-narzedzie-do-krzyzowania-profili\/","og_locale":"pl_PL","og_type":"article","og_title":"Akumulatorowa stalnica do profili TRUMPF TruTool PN 200 18V 4,0A - Wilhelm Hundt GmbH","og_description":"Tnie blach\u0119 do 2 mm Maszyna z kr\u00f3tkim narz\u0119dziem do obr\u00f3bki profili o g\u0142\u0119boko\u015bci do 85 mm oraz profili C, L i U. Nadaje si\u0119 r\u00f3wnie\u017c do ci\u0119cia blachy falistej. Idealna do trudno dost\u0119pnych miejsc. Szybka zmiana kierunku ci\u0119cia w kilka sekund &#8211; mo\u017cliwo\u015b\u0107 obrotu o 360\u00b0. Nieograniczone zaginanie dzi\u0119ki wydr\u0105\u017conemu okr\u0105g\u0142emu stemplowi. Niska si\u0142a [&hellip;]","og_url":"https:\/\/hundtgroup.com\/pl\/produkt\/trumpf-trutool-pn-200-18v-4-0a-akumulatorowe-narzedzie-do-krzyzowania-profili\/","og_site_name":"Wilhelm Hundt GmbH","article_modified_time":"2025-07-29T08:21:20+00:00","og_image":[{"width":700,"height":600,"url":"https:\/\/hundtgroup.com\/wp-content\/uploads\/352010.png","type":"image\/png"}],"twitter_card":"summary_large_image","twitter_misc":{"Szacowany czas czytania":"1 minuta"},"schema":{"@context":"https:\/\/schema.org","@graph":[{"@type":"WebPage","@id":"https:\/\/hundtgroup.com\/pl\/produkt\/trumpf-trutool-pn-200-18v-4-0a-akumulatorowe-narzedzie-do-krzyzowania-profili\/","url":"https:\/\/hundtgroup.com\/pl\/produkt\/trumpf-trutool-pn-200-18v-4-0a-akumulatorowe-narzedzie-do-krzyzowania-profili\/","name":"Akumulatorowa stalnica do profili TRUMPF TruTool PN 200 18V 4,0A - Wilhelm Hundt GmbH","isPartOf":{"@id":"https:\/\/hundtgroup.com\/pl\/#website"},"primaryImageOfPage":{"@id":"https:\/\/hundtgroup.com\/pl\/produkt\/trumpf-trutool-pn-200-18v-4-0a-akumulatorowe-narzedzie-do-krzyzowania-profili\/#primaryimage"},"image":{"@id":"https:\/\/hundtgroup.com\/pl\/produkt\/trumpf-trutool-pn-200-18v-4-0a-akumulatorowe-narzedzie-do-krzyzowania-profili\/#primaryimage"},"thumbnailUrl":"https:\/\/hundtgroup.com\/wp-content\/uploads\/352010.png","datePublished":"2022-08-23T13:56:03+00:00","dateModified":"2025-07-29T08:21:20+00:00","breadcrumb":{"@id":"https:\/\/hundtgroup.com\/pl\/produkt\/trumpf-trutool-pn-200-18v-4-0a-akumulatorowe-narzedzie-do-krzyzowania-profili\/#breadcrumb"},"inLanguage":"pl-PL","potentialAction":[{"@type":"ReadAction","target":["https:\/\/hundtgroup.com\/pl\/produkt\/trumpf-trutool-pn-200-18v-4-0a-akumulatorowe-narzedzie-do-krzyzowania-profili\/"]}]},{"@type":"ImageObject","inLanguage":"pl-PL","@id":"https:\/\/hundtgroup.com\/pl\/produkt\/trumpf-trutool-pn-200-18v-4-0a-akumulatorowe-narzedzie-do-krzyzowania-profili\/#primaryimage","url":"https:\/\/hundtgroup.com\/wp-content\/uploads\/352010.png","contentUrl":"https:\/\/hundtgroup.com\/wp-content\/uploads\/352010.png","width":700,"height":600},{"@type":"BreadcrumbList","@id":"https:\/\/hundtgroup.com\/pl\/produkt\/trumpf-trutool-pn-200-18v-4-0a-akumulatorowe-narzedzie-do-krzyzowania-profili\/#breadcrumb","itemListElement":[{"@type":"ListItem","position":1,"name":"Startseite","item":"https:\/\/hundtgroup.com\/pl\/strona-glowna-nowa\/"},{"@type":"ListItem","position":2,"name":"Sklep","item":"https:\/\/hundtgroup.com\/sklep\/"},{"@type":"ListItem","position":3,"name":"Akumulatorowa stalnica do profili TRUMPF TruTool PN 200 18V 4,0A"}]},{"@type":"WebSite","@id":"https:\/\/hundtgroup.com\/pl\/#website","url":"https:\/\/hundtgroup.com\/pl\/","name":"Wilhelm Hundt GmbH","description":"Specjalista od maszyn i narz\u0119dzi do obr\u00f3bki blachy","potentialAction":[{"@type":"SearchAction","target":{"@type":"EntryPoint","urlTemplate":"https:\/\/hundtgroup.com\/pl\/?s={search_term_string}"},"query-input":{"@type":"PropertyValueSpecification","valueRequired":true,"valueName":"search_term_string"}}],"inLanguage":"pl-PL"}]}},"_links":{"self":[{"href":"https:\/\/hundtgroup.com\/pl\/wp-json\/wp\/v2\/product\/17696","targetHints":{"allow":["GET"]}}],"collection":[{"href":"https:\/\/hundtgroup.com\/pl\/wp-json\/wp\/v2\/product"}],"about":[{"href":"https:\/\/hundtgroup.com\/pl\/wp-json\/wp\/v2\/types\/product"}],"wp:featuredmedia":[{"embeddable":true,"href":"https:\/\/hundtgroup.com\/pl\/wp-json\/wp\/v2\/media\/10496"}],"wp:attachment":[{"href":"https:\/\/hundtgroup.com\/pl\/wp-json\/wp\/v2\/media?parent=17696"}],"wp:term":[{"taxonomy":"product_cat","embeddable":true,"href":"https:\/\/hundtgroup.com\/pl\/wp-json\/wp\/v2\/product_cat?post=17696"},{"taxonomy":"product_tag","embeddable":true,"href":"https:\/\/hundtgroup.com\/pl\/wp-json\/wp\/v2\/product_tag?post=17696"}],"curies":[{"name":"wp","href":"https:\/\/api.w.org\/{rel}","templated":true}]}}