{"id":18313,"date":"2025-06-18T18:32:02","date_gmt":"2025-06-18T16:32:02","guid":{"rendered":"https:\/\/hundtgroup.com\/produkt\/zestaw-narzedzi-do-izolatorow-hundt-basic-33-czesciowy-w-zamykanym-plecaku-na-kolkach\/"},"modified":"2025-08-05T17:49:56","modified_gmt":"2025-08-05T15:49:56","slug":"zestaw-narzedzi-do-izolatorow-hundt-basic-33-czesciowy-w-zamykanym-plecaku-na-kolkach","status":"publish","type":"product","link":"https:\/\/hundtgroup.com\/pl\/produkt\/zestaw-narzedzi-do-izolatorow-hundt-basic-33-czesciowy-w-zamykanym-plecaku-na-kolkach\/","title":{"rendered":"Zestaw narz\u0119dzi do izolator\u00f3w Hundt Basic 33-cz\u0119\u015bciowy w zamykanym plecaku na k\u00f3\u0142kach"},"content":{"rendered":"<p>Zestaw narz\u0119dzi do izolator\u00f3w sk\u0142adaj\u0105cy si\u0119 z<br \/>\nZamykany w\u00f3zek na narz\u0119dzia<br \/>\nN\u00f3\u017c do mat 150 mm kszta\u0142t B<br \/>\nSk\u00f3rzana pochwa na n\u00f3\u017c 150 mm<br \/>\nNo\u017cyczki ERDI Ideal niebieskie 216\/260 prawe<br \/>\nNo\u017cyczki ERDI Ideal niebieskie 216\/260 lewe<br \/>\nNo\u017cyce gilotynowe ERDI 218\/350<br \/>\nDziurkacz r\u0119czny rozmiar 20<br \/>\nDrewniana miara sk\u0142adana 2 m ze skal\u0105 obwodu<br \/>\nSzczypce zaciskowe 250 mm Niemcy<br \/>\nSzczypce Rabitza 250 mm Niemcy<br \/>\nFlamastry<br \/>\nSzczypce do nit\u00f3w zrywalnych HZ<br \/>\nSzczypce uniwersalne 200 mm<br \/>\nSzablon znakowania<br \/>\nKompas dziobowy 300 mm Niemcy<br \/>\nKompas chwytaj\u0105cy (suwmiarka) 300 mm Niemcy<br \/>\nRysik 4 x 50 mm<br \/>\nSzczypce do zaciskania 60 mm zakrzywione pod k\u0105tem 45<br \/>\nWspornik ograniczaj\u0105cy 300 mm<br \/>\nM\u0142otek \u015blusarski 300 g<br \/>\nWkr\u0119tak 150 x 8 mm z drewnian\u0105 r\u0119koje\u015bci\u0105<br \/>\nPi\u0142a PUK<br \/>\nelastyczna ta\u015bma ze stali spr\u0119\u017cynowej<br \/>\nPlik warsztatowy<br \/>\nBlok izometryczny DIN A6<br \/>\nBlok izometryczny DIN A4<br \/>\nBiros<br \/>\nZacisk jednor\u0119czny<br \/>\nNo\u017cyce do siatki 250 mm<br \/>\nDrewniany m\u0142otek 60&#215;120 mm<br \/>\nWkr\u0119tak do ga\u017anik\u00f3w z rowkiem i PH2<br \/>\nWkr\u0119tak z kluczem nasadowym SW8<br \/>\nWkr\u0119tak z kluczem nasadowym SW7<\/p>\n","protected":false},"excerpt":{"rendered":"<p>Zestaw narz\u0119dzi do izolator\u00f3w sk\u0142adaj\u0105cy si\u0119 z Zamykany w\u00f3zek na narz\u0119dzia N\u00f3\u017c do mat 150 mm kszta\u0142t B Sk\u00f3rzana pochwa na n\u00f3\u017c 150 mm No\u017cyczki ERDI Ideal niebieskie 216\/260 prawe No\u017cyczki ERDI Ideal niebieskie 216\/260 lewe No\u017cyce gilotynowe ERDI 218\/350 Dziurkacz r\u0119czny rozmiar 20 Drewniana miara sk\u0142adana 2 m ze skal\u0105 obwodu Szczypce zaciskowe 250 [&hellip;]<\/p>\n","protected":false},"featured_media":11334,"template":"","meta":{"_acf_changed":false,"inline_featured_image":false},"product_cat":[936,1054],"product_tag":[],"class_list":{"0":"post-18313","1":"product","2":"type-product","3":"status-publish","4":"has-post-thumbnail","6":"brand-hundt","7":"product_cat-narzedzia-reczne","8":"product_cat-asortyment-narzedzi","10":"first","11":"instock","12":"taxable","13":"shipping-taxable","14":"purchasable","15":"product-type-simple","16":"add-to-wishlist-before_image"},"acf":[],"yoast_head":"<!-- This site is optimized with the Yoast SEO plugin v27.3 - https:\/\/yoast.com\/product\/yoast-seo-wordpress\/ -->\n<title>Zestaw narz\u0119dzi do izolator\u00f3w Hundt Basic 33-cz\u0119\u015bciowy w zamykanym plecaku na k\u00f3\u0142kach - Wilhelm Hundt GmbH<\/title>\n<meta name=\"robots\" content=\"index, follow, max-snippet:-1, max-image-preview:large, max-video-preview:-1\" \/>\n<link rel=\"canonical\" href=\"https:\/\/hundtgroup.com\/pl\/produkt\/zestaw-narzedzi-do-izolatorow-hundt-basic-33-czesciowy-w-zamykanym-plecaku-na-kolkach\/\" \/>\n<meta property=\"og:locale\" content=\"pl_PL\" \/>\n<meta property=\"og:type\" content=\"article\" \/>\n<meta property=\"og:title\" content=\"Zestaw narz\u0119dzi do izolator\u00f3w Hundt Basic 33-cz\u0119\u015bciowy w zamykanym plecaku na k\u00f3\u0142kach - Wilhelm Hundt GmbH\" \/>\n<meta property=\"og:description\" content=\"Zestaw narz\u0119dzi do izolator\u00f3w sk\u0142adaj\u0105cy si\u0119 z Zamykany w\u00f3zek na narz\u0119dzia N\u00f3\u017c do mat 150 mm kszta\u0142t B Sk\u00f3rzana pochwa na n\u00f3\u017c 150 mm No\u017cyczki ERDI Ideal niebieskie 216\/260 prawe No\u017cyczki ERDI Ideal niebieskie 216\/260 lewe No\u017cyce gilotynowe ERDI 218\/350 Dziurkacz r\u0119czny rozmiar 20 Drewniana miara sk\u0142adana 2 m ze skal\u0105 obwodu Szczypce zaciskowe 250 [&hellip;]\" \/>\n<meta property=\"og:url\" content=\"https:\/\/hundtgroup.com\/pl\/produkt\/zestaw-narzedzi-do-izolatorow-hundt-basic-33-czesciowy-w-zamykanym-plecaku-na-kolkach\/\" \/>\n<meta property=\"og:site_name\" content=\"Wilhelm Hundt GmbH\" \/>\n<meta property=\"article:modified_time\" content=\"2025-08-05T15:49:56+00:00\" \/>\n<meta property=\"og:image\" content=\"https:\/\/hundtgroup.com\/wp-content\/uploads\/210006.png\" \/>\n\t<meta property=\"og:image:width\" content=\"920\" \/>\n\t<meta property=\"og:image:height\" content=\"1030\" \/>\n\t<meta property=\"og:image:type\" content=\"image\/png\" \/>\n<meta name=\"twitter:card\" content=\"summary_large_image\" \/>\n<meta name=\"twitter:label1\" content=\"Szacowany czas czytania\" \/>\n\t<meta name=\"twitter:data1\" content=\"1 minuta\" \/>\n<script type=\"application\/ld+json\" class=\"yoast-schema-graph\">{\"@context\":\"https:\\\/\\\/schema.org\",\"@graph\":[{\"@type\":\"WebPage\",\"@id\":\"https:\\\/\\\/hundtgroup.com\\\/pl\\\/produkt\\\/zestaw-narzedzi-do-izolatorow-hundt-basic-33-czesciowy-w-zamykanym-plecaku-na-kolkach\\\/\",\"url\":\"https:\\\/\\\/hundtgroup.com\\\/pl\\\/produkt\\\/zestaw-narzedzi-do-izolatorow-hundt-basic-33-czesciowy-w-zamykanym-plecaku-na-kolkach\\\/\",\"name\":\"Zestaw narz\u0119dzi do izolator\u00f3w Hundt Basic 33-cz\u0119\u015bciowy w zamykanym plecaku na k\u00f3\u0142kach - Wilhelm Hundt GmbH\",\"isPartOf\":{\"@id\":\"https:\\\/\\\/hundtgroup.com\\\/pl\\\/#website\"},\"primaryImageOfPage\":{\"@id\":\"https:\\\/\\\/hundtgroup.com\\\/pl\\\/produkt\\\/zestaw-narzedzi-do-izolatorow-hundt-basic-33-czesciowy-w-zamykanym-plecaku-na-kolkach\\\/#primaryimage\"},\"image\":{\"@id\":\"https:\\\/\\\/hundtgroup.com\\\/pl\\\/produkt\\\/zestaw-narzedzi-do-izolatorow-hundt-basic-33-czesciowy-w-zamykanym-plecaku-na-kolkach\\\/#primaryimage\"},\"thumbnailUrl\":\"https:\\\/\\\/hundtgroup.com\\\/wp-content\\\/uploads\\\/210006.png\",\"datePublished\":\"2025-06-18T16:32:02+00:00\",\"dateModified\":\"2025-08-05T15:49:56+00:00\",\"breadcrumb\":{\"@id\":\"https:\\\/\\\/hundtgroup.com\\\/pl\\\/produkt\\\/zestaw-narzedzi-do-izolatorow-hundt-basic-33-czesciowy-w-zamykanym-plecaku-na-kolkach\\\/#breadcrumb\"},\"inLanguage\":\"pl-PL\",\"potentialAction\":[{\"@type\":\"ReadAction\",\"target\":[\"https:\\\/\\\/hundtgroup.com\\\/pl\\\/produkt\\\/zestaw-narzedzi-do-izolatorow-hundt-basic-33-czesciowy-w-zamykanym-plecaku-na-kolkach\\\/\"]}]},{\"@type\":\"ImageObject\",\"inLanguage\":\"pl-PL\",\"@id\":\"https:\\\/\\\/hundtgroup.com\\\/pl\\\/produkt\\\/zestaw-narzedzi-do-izolatorow-hundt-basic-33-czesciowy-w-zamykanym-plecaku-na-kolkach\\\/#primaryimage\",\"url\":\"https:\\\/\\\/hundtgroup.com\\\/wp-content\\\/uploads\\\/210006.png\",\"contentUrl\":\"https:\\\/\\\/hundtgroup.com\\\/wp-content\\\/uploads\\\/210006.png\",\"width\":1454,\"height\":1628},{\"@type\":\"BreadcrumbList\",\"@id\":\"https:\\\/\\\/hundtgroup.com\\\/pl\\\/produkt\\\/zestaw-narzedzi-do-izolatorow-hundt-basic-33-czesciowy-w-zamykanym-plecaku-na-kolkach\\\/#breadcrumb\",\"itemListElement\":[{\"@type\":\"ListItem\",\"position\":1,\"name\":\"Startseite\",\"item\":\"https:\\\/\\\/hundtgroup.com\\\/pl\\\/strona-glowna-nowa\\\/\"},{\"@type\":\"ListItem\",\"position\":2,\"name\":\"Sklep\",\"item\":\"https:\\\/\\\/hundtgroup.com\\\/sklep\\\/\"},{\"@type\":\"ListItem\",\"position\":3,\"name\":\"Zestaw narz\u0119dzi do izolator\u00f3w Hundt Basic 33-cz\u0119\u015bciowy w zamykanym plecaku na k\u00f3\u0142kach\"}]},{\"@type\":\"WebSite\",\"@id\":\"https:\\\/\\\/hundtgroup.com\\\/pl\\\/#website\",\"url\":\"https:\\\/\\\/hundtgroup.com\\\/pl\\\/\",\"name\":\"Wilhelm Hundt GmbH\",\"description\":\"Specjalista od maszyn i narz\u0119dzi do obr\u00f3bki blachy\",\"potentialAction\":[{\"@type\":\"SearchAction\",\"target\":{\"@type\":\"EntryPoint\",\"urlTemplate\":\"https:\\\/\\\/hundtgroup.com\\\/pl\\\/?s={search_term_string}\"},\"query-input\":{\"@type\":\"PropertyValueSpecification\",\"valueRequired\":true,\"valueName\":\"search_term_string\"}}],\"inLanguage\":\"pl-PL\"}]}<\/script>\n<!-- \/ Yoast SEO plugin. -->","yoast_head_json":{"title":"Zestaw narz\u0119dzi do izolator\u00f3w Hundt Basic 33-cz\u0119\u015bciowy w zamykanym plecaku na k\u00f3\u0142kach - Wilhelm Hundt GmbH","robots":{"index":"index","follow":"follow","max-snippet":"max-snippet:-1","max-image-preview":"max-image-preview:large","max-video-preview":"max-video-preview:-1"},"canonical":"https:\/\/hundtgroup.com\/pl\/produkt\/zestaw-narzedzi-do-izolatorow-hundt-basic-33-czesciowy-w-zamykanym-plecaku-na-kolkach\/","og_locale":"pl_PL","og_type":"article","og_title":"Zestaw narz\u0119dzi do izolator\u00f3w Hundt Basic 33-cz\u0119\u015bciowy w zamykanym plecaku na k\u00f3\u0142kach - Wilhelm Hundt GmbH","og_description":"Zestaw narz\u0119dzi do izolator\u00f3w sk\u0142adaj\u0105cy si\u0119 z Zamykany w\u00f3zek na narz\u0119dzia N\u00f3\u017c do mat 150 mm kszta\u0142t B Sk\u00f3rzana pochwa na n\u00f3\u017c 150 mm No\u017cyczki ERDI Ideal niebieskie 216\/260 prawe No\u017cyczki ERDI Ideal niebieskie 216\/260 lewe No\u017cyce gilotynowe ERDI 218\/350 Dziurkacz r\u0119czny rozmiar 20 Drewniana miara sk\u0142adana 2 m ze skal\u0105 obwodu Szczypce zaciskowe 250 [&hellip;]","og_url":"https:\/\/hundtgroup.com\/pl\/produkt\/zestaw-narzedzi-do-izolatorow-hundt-basic-33-czesciowy-w-zamykanym-plecaku-na-kolkach\/","og_site_name":"Wilhelm Hundt GmbH","article_modified_time":"2025-08-05T15:49:56+00:00","og_image":[{"url":"https:\/\/hundtgroup.com\/wp-content\/uploads\/210006.png","width":920,"height":1030,"type":"image\/png"}],"twitter_card":"summary_large_image","twitter_misc":{"Szacowany czas czytania":"1 minuta"},"schema":{"@context":"https:\/\/schema.org","@graph":[{"@type":"WebPage","@id":"https:\/\/hundtgroup.com\/pl\/produkt\/zestaw-narzedzi-do-izolatorow-hundt-basic-33-czesciowy-w-zamykanym-plecaku-na-kolkach\/","url":"https:\/\/hundtgroup.com\/pl\/produkt\/zestaw-narzedzi-do-izolatorow-hundt-basic-33-czesciowy-w-zamykanym-plecaku-na-kolkach\/","name":"Zestaw narz\u0119dzi do izolator\u00f3w Hundt Basic 33-cz\u0119\u015bciowy w zamykanym plecaku na k\u00f3\u0142kach - Wilhelm Hundt GmbH","isPartOf":{"@id":"https:\/\/hundtgroup.com\/pl\/#website"},"primaryImageOfPage":{"@id":"https:\/\/hundtgroup.com\/pl\/produkt\/zestaw-narzedzi-do-izolatorow-hundt-basic-33-czesciowy-w-zamykanym-plecaku-na-kolkach\/#primaryimage"},"image":{"@id":"https:\/\/hundtgroup.com\/pl\/produkt\/zestaw-narzedzi-do-izolatorow-hundt-basic-33-czesciowy-w-zamykanym-plecaku-na-kolkach\/#primaryimage"},"thumbnailUrl":"https:\/\/hundtgroup.com\/wp-content\/uploads\/210006.png","datePublished":"2025-06-18T16:32:02+00:00","dateModified":"2025-08-05T15:49:56+00:00","breadcrumb":{"@id":"https:\/\/hundtgroup.com\/pl\/produkt\/zestaw-narzedzi-do-izolatorow-hundt-basic-33-czesciowy-w-zamykanym-plecaku-na-kolkach\/#breadcrumb"},"inLanguage":"pl-PL","potentialAction":[{"@type":"ReadAction","target":["https:\/\/hundtgroup.com\/pl\/produkt\/zestaw-narzedzi-do-izolatorow-hundt-basic-33-czesciowy-w-zamykanym-plecaku-na-kolkach\/"]}]},{"@type":"ImageObject","inLanguage":"pl-PL","@id":"https:\/\/hundtgroup.com\/pl\/produkt\/zestaw-narzedzi-do-izolatorow-hundt-basic-33-czesciowy-w-zamykanym-plecaku-na-kolkach\/#primaryimage","url":"https:\/\/hundtgroup.com\/wp-content\/uploads\/210006.png","contentUrl":"https:\/\/hundtgroup.com\/wp-content\/uploads\/210006.png","width":1454,"height":1628},{"@type":"BreadcrumbList","@id":"https:\/\/hundtgroup.com\/pl\/produkt\/zestaw-narzedzi-do-izolatorow-hundt-basic-33-czesciowy-w-zamykanym-plecaku-na-kolkach\/#breadcrumb","itemListElement":[{"@type":"ListItem","position":1,"name":"Startseite","item":"https:\/\/hundtgroup.com\/pl\/strona-glowna-nowa\/"},{"@type":"ListItem","position":2,"name":"Sklep","item":"https:\/\/hundtgroup.com\/sklep\/"},{"@type":"ListItem","position":3,"name":"Zestaw narz\u0119dzi do izolator\u00f3w Hundt Basic 33-cz\u0119\u015bciowy w zamykanym plecaku na k\u00f3\u0142kach"}]},{"@type":"WebSite","@id":"https:\/\/hundtgroup.com\/pl\/#website","url":"https:\/\/hundtgroup.com\/pl\/","name":"Wilhelm Hundt GmbH","description":"Specjalista od maszyn i narz\u0119dzi do obr\u00f3bki blachy","potentialAction":[{"@type":"SearchAction","target":{"@type":"EntryPoint","urlTemplate":"https:\/\/hundtgroup.com\/pl\/?s={search_term_string}"},"query-input":{"@type":"PropertyValueSpecification","valueRequired":true,"valueName":"search_term_string"}}],"inLanguage":"pl-PL"}]}},"_links":{"self":[{"href":"https:\/\/hundtgroup.com\/pl\/wp-json\/wp\/v2\/product\/18313","targetHints":{"allow":["GET"]}}],"collection":[{"href":"https:\/\/hundtgroup.com\/pl\/wp-json\/wp\/v2\/product"}],"about":[{"href":"https:\/\/hundtgroup.com\/pl\/wp-json\/wp\/v2\/types\/product"}],"wp:featuredmedia":[{"embeddable":true,"href":"https:\/\/hundtgroup.com\/pl\/wp-json\/wp\/v2\/media\/11334"}],"wp:attachment":[{"href":"https:\/\/hundtgroup.com\/pl\/wp-json\/wp\/v2\/media?parent=18313"}],"wp:term":[{"taxonomy":"product_cat","embeddable":true,"href":"https:\/\/hundtgroup.com\/pl\/wp-json\/wp\/v2\/product_cat?post=18313"},{"taxonomy":"product_tag","embeddable":true,"href":"https:\/\/hundtgroup.com\/pl\/wp-json\/wp\/v2\/product_tag?post=18313"}],"curies":[{"name":"wp","href":"https:\/\/api.w.org\/{rel}","templated":true}]}}