{"id":18335,"date":"2025-06-18T18:31:05","date_gmt":"2025-06-18T16:31:05","guid":{"rendered":"https:\/\/hundtgroup.com\/produkt\/knipex-szczypce-do-ciecia-ukosnego-70-02-2\/"},"modified":"2025-08-05T18:02:09","modified_gmt":"2025-08-05T16:02:09","slug":"knipex-szczypce-do-ciecia-ukosnego-70-02-2","status":"publish","type":"product","link":"https:\/\/hundtgroup.com\/pl\/produkt\/knipex-szczypce-do-ciecia-ukosnego-70-02-2\/","title":{"rendered":"KNIPEX Szczypce do ci\u0119cia uko\u015bnego 70 02 125"},"content":{"rendered":"<p>Precyzyjne kraw\u0119dzie tn\u0105ce do mi\u0119kkiego i twardego drutu, czyste ci\u0119cie cienkich drut\u00f3w miedzianych, nawet na ko\u0144cach kraw\u0119dzi tn\u0105cych, smuk\u0142y kszta\u0142t g\u0142\u00f3wki, stal elektryczna wanadowa, twardo\u015b\u0107 kraw\u0119dzi tn\u0105cych ok. 62 HRC, kute, hartowane w oleju, r\u0119koje\u015bci z wielokomponentowymi uchwytami.<\/p>\n","protected":false},"excerpt":{"rendered":"<p>Precyzyjne kraw\u0119dzie tn\u0105ce do mi\u0119kkiego i twardego drutu, czyste ci\u0119cie cienkich drut\u00f3w miedzianych, nawet na ko\u0144cach kraw\u0119dzi tn\u0105cych, smuk\u0142y kszta\u0142t g\u0142\u00f3wki, stal elektryczna wanadowa, twardo\u015b\u0107 kraw\u0119dzi tn\u0105cych ok. 62 HRC, kute, hartowane w oleju, r\u0119koje\u015bci z wielokomponentowymi uchwytami.<\/p>\n","protected":false},"featured_media":11646,"template":"","meta":{"_acf_changed":false,"inline_featured_image":false},"product_cat":[936,1087,1006],"product_tag":[],"class_list":{"0":"post-18335","1":"product","2":"type-product","3":"status-publish","4":"has-post-thumbnail","6":"brand-knipex","7":"product_cat-narzedzia-reczne","8":"product_cat-obcinarka-boczna","9":"product_cat-narzedzia-tnace","11":"first","12":"instock","13":"taxable","14":"shipping-taxable","15":"purchasable","16":"product-type-simple","17":"add-to-wishlist-before_image"},"acf":[],"yoast_head":"<!-- This site is optimized with the Yoast SEO plugin v27.3 - https:\/\/yoast.com\/product\/yoast-seo-wordpress\/ -->\n<title>KNIPEX Szczypce do ci\u0119cia uko\u015bnego 70 02 125 - Wilhelm Hundt GmbH<\/title>\n<meta name=\"robots\" content=\"index, follow, max-snippet:-1, max-image-preview:large, max-video-preview:-1\" \/>\n<link rel=\"canonical\" href=\"https:\/\/hundtgroup.com\/pl\/produkt\/knipex-szczypce-do-ciecia-ukosnego-70-02-2\/\" \/>\n<meta property=\"og:locale\" content=\"pl_PL\" \/>\n<meta property=\"og:type\" content=\"article\" \/>\n<meta property=\"og:title\" content=\"KNIPEX Szczypce do ci\u0119cia uko\u015bnego 70 02 125 - Wilhelm Hundt GmbH\" \/>\n<meta property=\"og:description\" content=\"Precyzyjne kraw\u0119dzie tn\u0105ce do mi\u0119kkiego i twardego drutu, czyste ci\u0119cie cienkich drut\u00f3w miedzianych, nawet na ko\u0144cach kraw\u0119dzi tn\u0105cych, smuk\u0142y kszta\u0142t g\u0142\u00f3wki, stal elektryczna wanadowa, twardo\u015b\u0107 kraw\u0119dzi tn\u0105cych ok. 62 HRC, kute, hartowane w oleju, r\u0119koje\u015bci z wielokomponentowymi uchwytami.\" \/>\n<meta property=\"og:url\" content=\"https:\/\/hundtgroup.com\/pl\/produkt\/knipex-szczypce-do-ciecia-ukosnego-70-02-2\/\" \/>\n<meta property=\"og:site_name\" content=\"Wilhelm Hundt GmbH\" \/>\n<meta property=\"article:modified_time\" content=\"2025-08-05T16:02:09+00:00\" \/>\n<meta property=\"og:image\" content=\"https:\/\/hundtgroup.com\/wp-content\/uploads\/410573.jpg\" \/>\n\t<meta property=\"og:image:width\" content=\"1000\" \/>\n\t<meta property=\"og:image:height\" content=\"1000\" \/>\n\t<meta property=\"og:image:type\" content=\"image\/jpeg\" \/>\n<meta name=\"twitter:card\" content=\"summary_large_image\" \/>\n<script type=\"application\/ld+json\" class=\"yoast-schema-graph\">{\"@context\":\"https:\\\/\\\/schema.org\",\"@graph\":[{\"@type\":\"WebPage\",\"@id\":\"https:\\\/\\\/hundtgroup.com\\\/pl\\\/produkt\\\/knipex-szczypce-do-ciecia-ukosnego-70-02-2\\\/\",\"url\":\"https:\\\/\\\/hundtgroup.com\\\/pl\\\/produkt\\\/knipex-szczypce-do-ciecia-ukosnego-70-02-2\\\/\",\"name\":\"KNIPEX Szczypce do ci\u0119cia uko\u015bnego 70 02 125 - Wilhelm Hundt GmbH\",\"isPartOf\":{\"@id\":\"https:\\\/\\\/hundtgroup.com\\\/pl\\\/#website\"},\"primaryImageOfPage\":{\"@id\":\"https:\\\/\\\/hundtgroup.com\\\/pl\\\/produkt\\\/knipex-szczypce-do-ciecia-ukosnego-70-02-2\\\/#primaryimage\"},\"image\":{\"@id\":\"https:\\\/\\\/hundtgroup.com\\\/pl\\\/produkt\\\/knipex-szczypce-do-ciecia-ukosnego-70-02-2\\\/#primaryimage\"},\"thumbnailUrl\":\"https:\\\/\\\/hundtgroup.com\\\/wp-content\\\/uploads\\\/410573.jpg\",\"datePublished\":\"2025-06-18T16:31:05+00:00\",\"dateModified\":\"2025-08-05T16:02:09+00:00\",\"breadcrumb\":{\"@id\":\"https:\\\/\\\/hundtgroup.com\\\/pl\\\/produkt\\\/knipex-szczypce-do-ciecia-ukosnego-70-02-2\\\/#breadcrumb\"},\"inLanguage\":\"pl-PL\",\"potentialAction\":[{\"@type\":\"ReadAction\",\"target\":[\"https:\\\/\\\/hundtgroup.com\\\/pl\\\/produkt\\\/knipex-szczypce-do-ciecia-ukosnego-70-02-2\\\/\"]}]},{\"@type\":\"ImageObject\",\"inLanguage\":\"pl-PL\",\"@id\":\"https:\\\/\\\/hundtgroup.com\\\/pl\\\/produkt\\\/knipex-szczypce-do-ciecia-ukosnego-70-02-2\\\/#primaryimage\",\"url\":\"https:\\\/\\\/hundtgroup.com\\\/wp-content\\\/uploads\\\/410573.jpg\",\"contentUrl\":\"https:\\\/\\\/hundtgroup.com\\\/wp-content\\\/uploads\\\/410573.jpg\",\"width\":1000,\"height\":1000},{\"@type\":\"BreadcrumbList\",\"@id\":\"https:\\\/\\\/hundtgroup.com\\\/pl\\\/produkt\\\/knipex-szczypce-do-ciecia-ukosnego-70-02-2\\\/#breadcrumb\",\"itemListElement\":[{\"@type\":\"ListItem\",\"position\":1,\"name\":\"Startseite\",\"item\":\"https:\\\/\\\/hundtgroup.com\\\/pl\\\/strona-glowna-nowa\\\/\"},{\"@type\":\"ListItem\",\"position\":2,\"name\":\"Sklep\",\"item\":\"https:\\\/\\\/hundtgroup.com\\\/sklep\\\/\"},{\"@type\":\"ListItem\",\"position\":3,\"name\":\"KNIPEX Szczypce do ci\u0119cia uko\u015bnego 70 02 125\"}]},{\"@type\":\"WebSite\",\"@id\":\"https:\\\/\\\/hundtgroup.com\\\/pl\\\/#website\",\"url\":\"https:\\\/\\\/hundtgroup.com\\\/pl\\\/\",\"name\":\"Wilhelm Hundt GmbH\",\"description\":\"Specjalista od maszyn i narz\u0119dzi do obr\u00f3bki blachy\",\"potentialAction\":[{\"@type\":\"SearchAction\",\"target\":{\"@type\":\"EntryPoint\",\"urlTemplate\":\"https:\\\/\\\/hundtgroup.com\\\/pl\\\/?s={search_term_string}\"},\"query-input\":{\"@type\":\"PropertyValueSpecification\",\"valueRequired\":true,\"valueName\":\"search_term_string\"}}],\"inLanguage\":\"pl-PL\"}]}<\/script>\n<!-- \/ Yoast SEO plugin. -->","yoast_head_json":{"title":"KNIPEX Szczypce do ci\u0119cia uko\u015bnego 70 02 125 - Wilhelm Hundt GmbH","robots":{"index":"index","follow":"follow","max-snippet":"max-snippet:-1","max-image-preview":"max-image-preview:large","max-video-preview":"max-video-preview:-1"},"canonical":"https:\/\/hundtgroup.com\/pl\/produkt\/knipex-szczypce-do-ciecia-ukosnego-70-02-2\/","og_locale":"pl_PL","og_type":"article","og_title":"KNIPEX Szczypce do ci\u0119cia uko\u015bnego 70 02 125 - Wilhelm Hundt GmbH","og_description":"Precyzyjne kraw\u0119dzie tn\u0105ce do mi\u0119kkiego i twardego drutu, czyste ci\u0119cie cienkich drut\u00f3w miedzianych, nawet na ko\u0144cach kraw\u0119dzi tn\u0105cych, smuk\u0142y kszta\u0142t g\u0142\u00f3wki, stal elektryczna wanadowa, twardo\u015b\u0107 kraw\u0119dzi tn\u0105cych ok. 62 HRC, kute, hartowane w oleju, r\u0119koje\u015bci z wielokomponentowymi uchwytami.","og_url":"https:\/\/hundtgroup.com\/pl\/produkt\/knipex-szczypce-do-ciecia-ukosnego-70-02-2\/","og_site_name":"Wilhelm Hundt GmbH","article_modified_time":"2025-08-05T16:02:09+00:00","og_image":[{"width":1000,"height":1000,"url":"https:\/\/hundtgroup.com\/wp-content\/uploads\/410573.jpg","type":"image\/jpeg"}],"twitter_card":"summary_large_image","schema":{"@context":"https:\/\/schema.org","@graph":[{"@type":"WebPage","@id":"https:\/\/hundtgroup.com\/pl\/produkt\/knipex-szczypce-do-ciecia-ukosnego-70-02-2\/","url":"https:\/\/hundtgroup.com\/pl\/produkt\/knipex-szczypce-do-ciecia-ukosnego-70-02-2\/","name":"KNIPEX Szczypce do ci\u0119cia uko\u015bnego 70 02 125 - Wilhelm Hundt GmbH","isPartOf":{"@id":"https:\/\/hundtgroup.com\/pl\/#website"},"primaryImageOfPage":{"@id":"https:\/\/hundtgroup.com\/pl\/produkt\/knipex-szczypce-do-ciecia-ukosnego-70-02-2\/#primaryimage"},"image":{"@id":"https:\/\/hundtgroup.com\/pl\/produkt\/knipex-szczypce-do-ciecia-ukosnego-70-02-2\/#primaryimage"},"thumbnailUrl":"https:\/\/hundtgroup.com\/wp-content\/uploads\/410573.jpg","datePublished":"2025-06-18T16:31:05+00:00","dateModified":"2025-08-05T16:02:09+00:00","breadcrumb":{"@id":"https:\/\/hundtgroup.com\/pl\/produkt\/knipex-szczypce-do-ciecia-ukosnego-70-02-2\/#breadcrumb"},"inLanguage":"pl-PL","potentialAction":[{"@type":"ReadAction","target":["https:\/\/hundtgroup.com\/pl\/produkt\/knipex-szczypce-do-ciecia-ukosnego-70-02-2\/"]}]},{"@type":"ImageObject","inLanguage":"pl-PL","@id":"https:\/\/hundtgroup.com\/pl\/produkt\/knipex-szczypce-do-ciecia-ukosnego-70-02-2\/#primaryimage","url":"https:\/\/hundtgroup.com\/wp-content\/uploads\/410573.jpg","contentUrl":"https:\/\/hundtgroup.com\/wp-content\/uploads\/410573.jpg","width":1000,"height":1000},{"@type":"BreadcrumbList","@id":"https:\/\/hundtgroup.com\/pl\/produkt\/knipex-szczypce-do-ciecia-ukosnego-70-02-2\/#breadcrumb","itemListElement":[{"@type":"ListItem","position":1,"name":"Startseite","item":"https:\/\/hundtgroup.com\/pl\/strona-glowna-nowa\/"},{"@type":"ListItem","position":2,"name":"Sklep","item":"https:\/\/hundtgroup.com\/sklep\/"},{"@type":"ListItem","position":3,"name":"KNIPEX Szczypce do ci\u0119cia uko\u015bnego 70 02 125"}]},{"@type":"WebSite","@id":"https:\/\/hundtgroup.com\/pl\/#website","url":"https:\/\/hundtgroup.com\/pl\/","name":"Wilhelm Hundt GmbH","description":"Specjalista od maszyn i narz\u0119dzi do obr\u00f3bki blachy","potentialAction":[{"@type":"SearchAction","target":{"@type":"EntryPoint","urlTemplate":"https:\/\/hundtgroup.com\/pl\/?s={search_term_string}"},"query-input":{"@type":"PropertyValueSpecification","valueRequired":true,"valueName":"search_term_string"}}],"inLanguage":"pl-PL"}]}},"_links":{"self":[{"href":"https:\/\/hundtgroup.com\/pl\/wp-json\/wp\/v2\/product\/18335","targetHints":{"allow":["GET"]}}],"collection":[{"href":"https:\/\/hundtgroup.com\/pl\/wp-json\/wp\/v2\/product"}],"about":[{"href":"https:\/\/hundtgroup.com\/pl\/wp-json\/wp\/v2\/types\/product"}],"wp:featuredmedia":[{"embeddable":true,"href":"https:\/\/hundtgroup.com\/pl\/wp-json\/wp\/v2\/media\/11646"}],"wp:attachment":[{"href":"https:\/\/hundtgroup.com\/pl\/wp-json\/wp\/v2\/media?parent=18335"}],"wp:term":[{"taxonomy":"product_cat","embeddable":true,"href":"https:\/\/hundtgroup.com\/pl\/wp-json\/wp\/v2\/product_cat?post=18335"},{"taxonomy":"product_tag","embeddable":true,"href":"https:\/\/hundtgroup.com\/pl\/wp-json\/wp\/v2\/product_tag?post=18335"}],"curies":[{"name":"wp","href":"https:\/\/api.w.org\/{rel}","templated":true}]}}