{"id":18760,"date":"2025-06-18T18:30:57","date_gmt":"2025-06-18T16:30:57","guid":{"rendered":"https:\/\/hundtgroup.com\/produkt\/dset15-idealny-zestaw-nozyczek\/"},"modified":"2025-08-01T13:14:33","modified_gmt":"2025-08-01T11:14:33","slug":"dset15-idealny-zestaw-nozyczek","status":"publish","type":"product","link":"https:\/\/hundtgroup.com\/pl\/produkt\/dset15-idealny-zestaw-nozyczek\/","title":{"rendered":"DSET15 Idealny zestaw no\u017cyczek"},"content":{"rendered":"<p>Z przek\u0142adni\u0105 d\u017awigniow\u0105.<br \/>\nDo ci\u0105g\u0142ego ci\u0119cia prostego i krzywoliniowego.<br \/>\nWyj\u0105tkowa zwrotno\u015b\u0107 dzi\u0119ki specjalnej geometrii g\u0142owicy tn\u0105cej &#8211; idealna do szczeg\u00f3lnie ma\u0142ych promieni i trudno dost\u0119pnych miejsc.<br \/>\nPraktyczne po\u0142\u0105czenie zatrzasku i ogranicznika.<br \/>\nUchwyt ERGO zapewniaj\u0105cy niem\u0119cz\u0105c\u0105 prac\u0119.<br \/>\nWyposa\u017cenie: D15A, D15AL, D15S w torbie na k\u00f3\u0142kach<\/p>\n","protected":false},"excerpt":{"rendered":"<p>Z przek\u0142adni\u0105 d\u017awigniow\u0105. Do ci\u0105g\u0142ego ci\u0119cia prostego i krzywoliniowego. Wyj\u0105tkowa zwrotno\u015b\u0107 dzi\u0119ki specjalnej geometrii g\u0142owicy tn\u0105cej &#8211; idealna do szczeg\u00f3lnie ma\u0142ych promieni i trudno dost\u0119pnych miejsc. Praktyczne po\u0142\u0105czenie zatrzasku i ogranicznika. Uchwyt ERGO zapewniaj\u0105cy niem\u0119cz\u0105c\u0105 prac\u0119. Wyposa\u017cenie: D15A, D15AL, D15S w torbie na k\u00f3\u0142kach<\/p>\n","protected":false},"featured_media":11622,"template":"","meta":{"_acf_changed":false,"inline_featured_image":false},"product_cat":[936,1085,1006],"product_tag":[],"class_list":{"0":"post-18760","1":"product","2":"type-product","3":"status-publish","4":"has-post-thumbnail","6":"brand-erdi","7":"product_cat-narzedzia-reczne","8":"product_cat-idealne-nozyczki-pl","9":"product_cat-narzedzia-tnace","11":"first","12":"instock","13":"taxable","14":"shipping-taxable","15":"purchasable","16":"product-type-simple","17":"add-to-wishlist-before_image"},"acf":[],"yoast_head":"<!-- This site is optimized with the Yoast SEO plugin v27.3 - https:\/\/yoast.com\/product\/yoast-seo-wordpress\/ -->\n<title>DSET15 Idealny zestaw no\u017cyczek - Wilhelm Hundt GmbH<\/title>\n<meta name=\"robots\" content=\"index, follow, max-snippet:-1, max-image-preview:large, max-video-preview:-1\" \/>\n<link rel=\"canonical\" href=\"https:\/\/hundtgroup.com\/pl\/produkt\/dset15-idealny-zestaw-nozyczek\/\" \/>\n<meta property=\"og:locale\" content=\"pl_PL\" \/>\n<meta property=\"og:type\" content=\"article\" \/>\n<meta property=\"og:title\" content=\"DSET15 Idealny zestaw no\u017cyczek - Wilhelm Hundt GmbH\" \/>\n<meta property=\"og:description\" content=\"Z przek\u0142adni\u0105 d\u017awigniow\u0105. Do ci\u0105g\u0142ego ci\u0119cia prostego i krzywoliniowego. Wyj\u0105tkowa zwrotno\u015b\u0107 dzi\u0119ki specjalnej geometrii g\u0142owicy tn\u0105cej &#8211; idealna do szczeg\u00f3lnie ma\u0142ych promieni i trudno dost\u0119pnych miejsc. Praktyczne po\u0142\u0105czenie zatrzasku i ogranicznika. Uchwyt ERGO zapewniaj\u0105cy niem\u0119cz\u0105c\u0105 prac\u0119. Wyposa\u017cenie: D15A, D15AL, D15S w torbie na k\u00f3\u0142kach\" \/>\n<meta property=\"og:url\" content=\"https:\/\/hundtgroup.com\/pl\/produkt\/dset15-idealny-zestaw-nozyczek\/\" \/>\n<meta property=\"og:site_name\" content=\"Wilhelm Hundt GmbH\" \/>\n<meta property=\"article:modified_time\" content=\"2025-08-01T11:14:33+00:00\" \/>\n<meta property=\"og:image\" content=\"https:\/\/hundtgroup.com\/wp-content\/uploads\/400166.jpg\" \/>\n\t<meta property=\"og:image:width\" content=\"300\" \/>\n\t<meta property=\"og:image:height\" content=\"334\" \/>\n\t<meta property=\"og:image:type\" content=\"image\/jpeg\" \/>\n<meta name=\"twitter:card\" content=\"summary_large_image\" \/>\n<script type=\"application\/ld+json\" class=\"yoast-schema-graph\">{\"@context\":\"https:\\\/\\\/schema.org\",\"@graph\":[{\"@type\":\"WebPage\",\"@id\":\"https:\\\/\\\/hundtgroup.com\\\/pl\\\/produkt\\\/dset15-idealny-zestaw-nozyczek\\\/\",\"url\":\"https:\\\/\\\/hundtgroup.com\\\/pl\\\/produkt\\\/dset15-idealny-zestaw-nozyczek\\\/\",\"name\":\"DSET15 Idealny zestaw no\u017cyczek - Wilhelm Hundt GmbH\",\"isPartOf\":{\"@id\":\"https:\\\/\\\/hundtgroup.com\\\/pl\\\/#website\"},\"primaryImageOfPage\":{\"@id\":\"https:\\\/\\\/hundtgroup.com\\\/pl\\\/produkt\\\/dset15-idealny-zestaw-nozyczek\\\/#primaryimage\"},\"image\":{\"@id\":\"https:\\\/\\\/hundtgroup.com\\\/pl\\\/produkt\\\/dset15-idealny-zestaw-nozyczek\\\/#primaryimage\"},\"thumbnailUrl\":\"https:\\\/\\\/hundtgroup.com\\\/wp-content\\\/uploads\\\/400166.jpg\",\"datePublished\":\"2025-06-18T16:30:57+00:00\",\"dateModified\":\"2025-08-01T11:14:33+00:00\",\"breadcrumb\":{\"@id\":\"https:\\\/\\\/hundtgroup.com\\\/pl\\\/produkt\\\/dset15-idealny-zestaw-nozyczek\\\/#breadcrumb\"},\"inLanguage\":\"pl-PL\",\"potentialAction\":[{\"@type\":\"ReadAction\",\"target\":[\"https:\\\/\\\/hundtgroup.com\\\/pl\\\/produkt\\\/dset15-idealny-zestaw-nozyczek\\\/\"]}]},{\"@type\":\"ImageObject\",\"inLanguage\":\"pl-PL\",\"@id\":\"https:\\\/\\\/hundtgroup.com\\\/pl\\\/produkt\\\/dset15-idealny-zestaw-nozyczek\\\/#primaryimage\",\"url\":\"https:\\\/\\\/hundtgroup.com\\\/wp-content\\\/uploads\\\/400166.jpg\",\"contentUrl\":\"https:\\\/\\\/hundtgroup.com\\\/wp-content\\\/uploads\\\/400166.jpg\",\"width\":300,\"height\":334},{\"@type\":\"BreadcrumbList\",\"@id\":\"https:\\\/\\\/hundtgroup.com\\\/pl\\\/produkt\\\/dset15-idealny-zestaw-nozyczek\\\/#breadcrumb\",\"itemListElement\":[{\"@type\":\"ListItem\",\"position\":1,\"name\":\"Startseite\",\"item\":\"https:\\\/\\\/hundtgroup.com\\\/pl\\\/strona-glowna-nowa\\\/\"},{\"@type\":\"ListItem\",\"position\":2,\"name\":\"Sklep\",\"item\":\"https:\\\/\\\/hundtgroup.com\\\/sklep\\\/\"},{\"@type\":\"ListItem\",\"position\":3,\"name\":\"DSET15 Idealny zestaw no\u017cyczek\"}]},{\"@type\":\"WebSite\",\"@id\":\"https:\\\/\\\/hundtgroup.com\\\/pl\\\/#website\",\"url\":\"https:\\\/\\\/hundtgroup.com\\\/pl\\\/\",\"name\":\"Wilhelm Hundt GmbH\",\"description\":\"Specjalista od maszyn i narz\u0119dzi do obr\u00f3bki blachy\",\"potentialAction\":[{\"@type\":\"SearchAction\",\"target\":{\"@type\":\"EntryPoint\",\"urlTemplate\":\"https:\\\/\\\/hundtgroup.com\\\/pl\\\/?s={search_term_string}\"},\"query-input\":{\"@type\":\"PropertyValueSpecification\",\"valueRequired\":true,\"valueName\":\"search_term_string\"}}],\"inLanguage\":\"pl-PL\"}]}<\/script>\n<!-- \/ Yoast SEO plugin. -->","yoast_head_json":{"title":"DSET15 Idealny zestaw no\u017cyczek - Wilhelm Hundt GmbH","robots":{"index":"index","follow":"follow","max-snippet":"max-snippet:-1","max-image-preview":"max-image-preview:large","max-video-preview":"max-video-preview:-1"},"canonical":"https:\/\/hundtgroup.com\/pl\/produkt\/dset15-idealny-zestaw-nozyczek\/","og_locale":"pl_PL","og_type":"article","og_title":"DSET15 Idealny zestaw no\u017cyczek - Wilhelm Hundt GmbH","og_description":"Z przek\u0142adni\u0105 d\u017awigniow\u0105. Do ci\u0105g\u0142ego ci\u0119cia prostego i krzywoliniowego. Wyj\u0105tkowa zwrotno\u015b\u0107 dzi\u0119ki specjalnej geometrii g\u0142owicy tn\u0105cej &#8211; idealna do szczeg\u00f3lnie ma\u0142ych promieni i trudno dost\u0119pnych miejsc. Praktyczne po\u0142\u0105czenie zatrzasku i ogranicznika. Uchwyt ERGO zapewniaj\u0105cy niem\u0119cz\u0105c\u0105 prac\u0119. Wyposa\u017cenie: D15A, D15AL, D15S w torbie na k\u00f3\u0142kach","og_url":"https:\/\/hundtgroup.com\/pl\/produkt\/dset15-idealny-zestaw-nozyczek\/","og_site_name":"Wilhelm Hundt GmbH","article_modified_time":"2025-08-01T11:14:33+00:00","og_image":[{"width":300,"height":334,"url":"https:\/\/hundtgroup.com\/wp-content\/uploads\/400166.jpg","type":"image\/jpeg"}],"twitter_card":"summary_large_image","schema":{"@context":"https:\/\/schema.org","@graph":[{"@type":"WebPage","@id":"https:\/\/hundtgroup.com\/pl\/produkt\/dset15-idealny-zestaw-nozyczek\/","url":"https:\/\/hundtgroup.com\/pl\/produkt\/dset15-idealny-zestaw-nozyczek\/","name":"DSET15 Idealny zestaw no\u017cyczek - Wilhelm Hundt GmbH","isPartOf":{"@id":"https:\/\/hundtgroup.com\/pl\/#website"},"primaryImageOfPage":{"@id":"https:\/\/hundtgroup.com\/pl\/produkt\/dset15-idealny-zestaw-nozyczek\/#primaryimage"},"image":{"@id":"https:\/\/hundtgroup.com\/pl\/produkt\/dset15-idealny-zestaw-nozyczek\/#primaryimage"},"thumbnailUrl":"https:\/\/hundtgroup.com\/wp-content\/uploads\/400166.jpg","datePublished":"2025-06-18T16:30:57+00:00","dateModified":"2025-08-01T11:14:33+00:00","breadcrumb":{"@id":"https:\/\/hundtgroup.com\/pl\/produkt\/dset15-idealny-zestaw-nozyczek\/#breadcrumb"},"inLanguage":"pl-PL","potentialAction":[{"@type":"ReadAction","target":["https:\/\/hundtgroup.com\/pl\/produkt\/dset15-idealny-zestaw-nozyczek\/"]}]},{"@type":"ImageObject","inLanguage":"pl-PL","@id":"https:\/\/hundtgroup.com\/pl\/produkt\/dset15-idealny-zestaw-nozyczek\/#primaryimage","url":"https:\/\/hundtgroup.com\/wp-content\/uploads\/400166.jpg","contentUrl":"https:\/\/hundtgroup.com\/wp-content\/uploads\/400166.jpg","width":300,"height":334},{"@type":"BreadcrumbList","@id":"https:\/\/hundtgroup.com\/pl\/produkt\/dset15-idealny-zestaw-nozyczek\/#breadcrumb","itemListElement":[{"@type":"ListItem","position":1,"name":"Startseite","item":"https:\/\/hundtgroup.com\/pl\/strona-glowna-nowa\/"},{"@type":"ListItem","position":2,"name":"Sklep","item":"https:\/\/hundtgroup.com\/sklep\/"},{"@type":"ListItem","position":3,"name":"DSET15 Idealny zestaw no\u017cyczek"}]},{"@type":"WebSite","@id":"https:\/\/hundtgroup.com\/pl\/#website","url":"https:\/\/hundtgroup.com\/pl\/","name":"Wilhelm Hundt GmbH","description":"Specjalista od maszyn i narz\u0119dzi do obr\u00f3bki blachy","potentialAction":[{"@type":"SearchAction","target":{"@type":"EntryPoint","urlTemplate":"https:\/\/hundtgroup.com\/pl\/?s={search_term_string}"},"query-input":{"@type":"PropertyValueSpecification","valueRequired":true,"valueName":"search_term_string"}}],"inLanguage":"pl-PL"}]}},"_links":{"self":[{"href":"https:\/\/hundtgroup.com\/pl\/wp-json\/wp\/v2\/product\/18760","targetHints":{"allow":["GET"]}}],"collection":[{"href":"https:\/\/hundtgroup.com\/pl\/wp-json\/wp\/v2\/product"}],"about":[{"href":"https:\/\/hundtgroup.com\/pl\/wp-json\/wp\/v2\/types\/product"}],"wp:featuredmedia":[{"embeddable":true,"href":"https:\/\/hundtgroup.com\/pl\/wp-json\/wp\/v2\/media\/11622"}],"wp:attachment":[{"href":"https:\/\/hundtgroup.com\/pl\/wp-json\/wp\/v2\/media?parent=18760"}],"wp:term":[{"taxonomy":"product_cat","embeddable":true,"href":"https:\/\/hundtgroup.com\/pl\/wp-json\/wp\/v2\/product_cat?post=18760"},{"taxonomy":"product_tag","embeddable":true,"href":"https:\/\/hundtgroup.com\/pl\/wp-json\/wp\/v2\/product_tag?post=18760"}],"curies":[{"name":"wp","href":"https:\/\/api.w.org\/{rel}","templated":true}]}}