{"id":19723,"date":"2022-10-26T15:58:43","date_gmt":"2022-10-26T13:58:43","guid":{"rendered":"https:\/\/hundtgroup.com\/produkt\/szczypce-uniwersalne-03-01-160\/"},"modified":"2025-07-29T12:39:21","modified_gmt":"2025-07-29T10:39:21","slug":"szczypce-uniwersalne-03-01-160","status":"publish","type":"product","link":"https:\/\/hundtgroup.com\/pl\/produkt\/szczypce-uniwersalne-03-01-160\/","title":{"rendered":"Szczypce uniwersalne 03 01 160"},"content":{"rendered":"<p>Ze strefami chwytania p\u0142askiego i okr\u0105g\u0142ego materia\u0142u do wszechstronnego zastosowania<br \/>\nZ kraw\u0119dziami tn\u0105cymi do mi\u0119kkiego i twardego drutu<br \/>\nD\u0142ugie kraw\u0119dzie tn\u0105ce do grubszych kabli<br \/>\nKraw\u0119dzie tn\u0105ce dodatkowo hartowane indukcyjnie, twardo\u015b\u0107 kraw\u0119dzi tn\u0105cych ok. 60 HRC<br \/>\nSpecjalna stal narz\u0119dziowa, kuta, hartowana w oleju<\/p>\n","protected":false},"excerpt":{"rendered":"<p>Ze strefami chwytania p\u0142askiego i okr\u0105g\u0142ego materia\u0142u do wszechstronnego zastosowania Z kraw\u0119dziami tn\u0105cymi do mi\u0119kkiego i twardego drutu D\u0142ugie kraw\u0119dzie tn\u0105ce do grubszych kabli Kraw\u0119dzie tn\u0105ce dodatkowo hartowane indukcyjnie, twardo\u015b\u0107 kraw\u0119dzi tn\u0105cych ok. 60 HRC Specjalna stal narz\u0119dziowa, kuta, hartowana w oleju<\/p>\n","protected":false},"featured_media":7178,"template":"","meta":{"_acf_changed":false,"inline_featured_image":false},"product_cat":[936,996,990],"product_tag":[],"class_list":{"0":"post-19723","1":"product","2":"type-product","3":"status-publish","4":"has-post-thumbnail","6":"brand-knipex","7":"product_cat-narzedzia-reczne","8":"product_cat-szczypce-uniwersalne","9":"product_cat-szczypce","11":"first","12":"instock","13":"taxable","14":"shipping-taxable","15":"purchasable","16":"product-type-simple","17":"add-to-wishlist-before_image"},"acf":[],"yoast_head":"<!-- This site is optimized with the Yoast SEO plugin v27.3 - https:\/\/yoast.com\/product\/yoast-seo-wordpress\/ -->\n<title>Szczypce uniwersalne 03 01 160 - Wilhelm Hundt GmbH<\/title>\n<meta name=\"robots\" content=\"index, follow, max-snippet:-1, max-image-preview:large, max-video-preview:-1\" \/>\n<link rel=\"canonical\" href=\"https:\/\/hundtgroup.com\/pl\/produkt\/szczypce-uniwersalne-03-01-160\/\" \/>\n<meta property=\"og:locale\" content=\"pl_PL\" \/>\n<meta property=\"og:type\" content=\"article\" \/>\n<meta property=\"og:title\" content=\"Szczypce uniwersalne 03 01 160 - Wilhelm Hundt GmbH\" \/>\n<meta property=\"og:description\" content=\"Ze strefami chwytania p\u0142askiego i okr\u0105g\u0142ego materia\u0142u do wszechstronnego zastosowania Z kraw\u0119dziami tn\u0105cymi do mi\u0119kkiego i twardego drutu D\u0142ugie kraw\u0119dzie tn\u0105ce do grubszych kabli Kraw\u0119dzie tn\u0105ce dodatkowo hartowane indukcyjnie, twardo\u015b\u0107 kraw\u0119dzi tn\u0105cych ok. 60 HRC Specjalna stal narz\u0119dziowa, kuta, hartowana w oleju\" \/>\n<meta property=\"og:url\" content=\"https:\/\/hundtgroup.com\/pl\/produkt\/szczypce-uniwersalne-03-01-160\/\" \/>\n<meta property=\"og:site_name\" content=\"Wilhelm Hundt GmbH\" \/>\n<meta property=\"article:modified_time\" content=\"2025-07-29T10:39:21+00:00\" \/>\n<meta property=\"og:image\" content=\"https:\/\/hundtgroup.com\/wp-content\/uploads\/410257.png\" \/>\n\t<meta property=\"og:image:width\" content=\"750\" \/>\n\t<meta property=\"og:image:height\" content=\"161\" \/>\n\t<meta property=\"og:image:type\" content=\"image\/png\" \/>\n<meta name=\"twitter:card\" content=\"summary_large_image\" \/>\n<script type=\"application\/ld+json\" class=\"yoast-schema-graph\">{\"@context\":\"https:\\\/\\\/schema.org\",\"@graph\":[{\"@type\":\"WebPage\",\"@id\":\"https:\\\/\\\/hundtgroup.com\\\/pl\\\/produkt\\\/szczypce-uniwersalne-03-01-160\\\/\",\"url\":\"https:\\\/\\\/hundtgroup.com\\\/pl\\\/produkt\\\/szczypce-uniwersalne-03-01-160\\\/\",\"name\":\"Szczypce uniwersalne 03 01 160 - Wilhelm Hundt GmbH\",\"isPartOf\":{\"@id\":\"https:\\\/\\\/hundtgroup.com\\\/pl\\\/#website\"},\"primaryImageOfPage\":{\"@id\":\"https:\\\/\\\/hundtgroup.com\\\/pl\\\/produkt\\\/szczypce-uniwersalne-03-01-160\\\/#primaryimage\"},\"image\":{\"@id\":\"https:\\\/\\\/hundtgroup.com\\\/pl\\\/produkt\\\/szczypce-uniwersalne-03-01-160\\\/#primaryimage\"},\"thumbnailUrl\":\"https:\\\/\\\/hundtgroup.com\\\/wp-content\\\/uploads\\\/410257.png\",\"datePublished\":\"2022-10-26T13:58:43+00:00\",\"dateModified\":\"2025-07-29T10:39:21+00:00\",\"breadcrumb\":{\"@id\":\"https:\\\/\\\/hundtgroup.com\\\/pl\\\/produkt\\\/szczypce-uniwersalne-03-01-160\\\/#breadcrumb\"},\"inLanguage\":\"pl-PL\",\"potentialAction\":[{\"@type\":\"ReadAction\",\"target\":[\"https:\\\/\\\/hundtgroup.com\\\/pl\\\/produkt\\\/szczypce-uniwersalne-03-01-160\\\/\"]}]},{\"@type\":\"ImageObject\",\"inLanguage\":\"pl-PL\",\"@id\":\"https:\\\/\\\/hundtgroup.com\\\/pl\\\/produkt\\\/szczypce-uniwersalne-03-01-160\\\/#primaryimage\",\"url\":\"https:\\\/\\\/hundtgroup.com\\\/wp-content\\\/uploads\\\/410257.png\",\"contentUrl\":\"https:\\\/\\\/hundtgroup.com\\\/wp-content\\\/uploads\\\/410257.png\",\"width\":750,\"height\":161},{\"@type\":\"BreadcrumbList\",\"@id\":\"https:\\\/\\\/hundtgroup.com\\\/pl\\\/produkt\\\/szczypce-uniwersalne-03-01-160\\\/#breadcrumb\",\"itemListElement\":[{\"@type\":\"ListItem\",\"position\":1,\"name\":\"Startseite\",\"item\":\"https:\\\/\\\/hundtgroup.com\\\/pl\\\/strona-glowna-nowa\\\/\"},{\"@type\":\"ListItem\",\"position\":2,\"name\":\"Sklep\",\"item\":\"https:\\\/\\\/hundtgroup.com\\\/sklep\\\/\"},{\"@type\":\"ListItem\",\"position\":3,\"name\":\"Szczypce uniwersalne 03 01 160\"}]},{\"@type\":\"WebSite\",\"@id\":\"https:\\\/\\\/hundtgroup.com\\\/pl\\\/#website\",\"url\":\"https:\\\/\\\/hundtgroup.com\\\/pl\\\/\",\"name\":\"Wilhelm Hundt GmbH\",\"description\":\"Specjalista od maszyn i narz\u0119dzi do obr\u00f3bki blachy\",\"potentialAction\":[{\"@type\":\"SearchAction\",\"target\":{\"@type\":\"EntryPoint\",\"urlTemplate\":\"https:\\\/\\\/hundtgroup.com\\\/pl\\\/?s={search_term_string}\"},\"query-input\":{\"@type\":\"PropertyValueSpecification\",\"valueRequired\":true,\"valueName\":\"search_term_string\"}}],\"inLanguage\":\"pl-PL\"}]}<\/script>\n<!-- \/ Yoast SEO plugin. -->","yoast_head_json":{"title":"Szczypce uniwersalne 03 01 160 - Wilhelm Hundt GmbH","robots":{"index":"index","follow":"follow","max-snippet":"max-snippet:-1","max-image-preview":"max-image-preview:large","max-video-preview":"max-video-preview:-1"},"canonical":"https:\/\/hundtgroup.com\/pl\/produkt\/szczypce-uniwersalne-03-01-160\/","og_locale":"pl_PL","og_type":"article","og_title":"Szczypce uniwersalne 03 01 160 - Wilhelm Hundt GmbH","og_description":"Ze strefami chwytania p\u0142askiego i okr\u0105g\u0142ego materia\u0142u do wszechstronnego zastosowania Z kraw\u0119dziami tn\u0105cymi do mi\u0119kkiego i twardego drutu D\u0142ugie kraw\u0119dzie tn\u0105ce do grubszych kabli Kraw\u0119dzie tn\u0105ce dodatkowo hartowane indukcyjnie, twardo\u015b\u0107 kraw\u0119dzi tn\u0105cych ok. 60 HRC Specjalna stal narz\u0119dziowa, kuta, hartowana w oleju","og_url":"https:\/\/hundtgroup.com\/pl\/produkt\/szczypce-uniwersalne-03-01-160\/","og_site_name":"Wilhelm Hundt GmbH","article_modified_time":"2025-07-29T10:39:21+00:00","og_image":[{"width":750,"height":161,"url":"https:\/\/hundtgroup.com\/wp-content\/uploads\/410257.png","type":"image\/png"}],"twitter_card":"summary_large_image","schema":{"@context":"https:\/\/schema.org","@graph":[{"@type":"WebPage","@id":"https:\/\/hundtgroup.com\/pl\/produkt\/szczypce-uniwersalne-03-01-160\/","url":"https:\/\/hundtgroup.com\/pl\/produkt\/szczypce-uniwersalne-03-01-160\/","name":"Szczypce uniwersalne 03 01 160 - Wilhelm Hundt GmbH","isPartOf":{"@id":"https:\/\/hundtgroup.com\/pl\/#website"},"primaryImageOfPage":{"@id":"https:\/\/hundtgroup.com\/pl\/produkt\/szczypce-uniwersalne-03-01-160\/#primaryimage"},"image":{"@id":"https:\/\/hundtgroup.com\/pl\/produkt\/szczypce-uniwersalne-03-01-160\/#primaryimage"},"thumbnailUrl":"https:\/\/hundtgroup.com\/wp-content\/uploads\/410257.png","datePublished":"2022-10-26T13:58:43+00:00","dateModified":"2025-07-29T10:39:21+00:00","breadcrumb":{"@id":"https:\/\/hundtgroup.com\/pl\/produkt\/szczypce-uniwersalne-03-01-160\/#breadcrumb"},"inLanguage":"pl-PL","potentialAction":[{"@type":"ReadAction","target":["https:\/\/hundtgroup.com\/pl\/produkt\/szczypce-uniwersalne-03-01-160\/"]}]},{"@type":"ImageObject","inLanguage":"pl-PL","@id":"https:\/\/hundtgroup.com\/pl\/produkt\/szczypce-uniwersalne-03-01-160\/#primaryimage","url":"https:\/\/hundtgroup.com\/wp-content\/uploads\/410257.png","contentUrl":"https:\/\/hundtgroup.com\/wp-content\/uploads\/410257.png","width":750,"height":161},{"@type":"BreadcrumbList","@id":"https:\/\/hundtgroup.com\/pl\/produkt\/szczypce-uniwersalne-03-01-160\/#breadcrumb","itemListElement":[{"@type":"ListItem","position":1,"name":"Startseite","item":"https:\/\/hundtgroup.com\/pl\/strona-glowna-nowa\/"},{"@type":"ListItem","position":2,"name":"Sklep","item":"https:\/\/hundtgroup.com\/sklep\/"},{"@type":"ListItem","position":3,"name":"Szczypce uniwersalne 03 01 160"}]},{"@type":"WebSite","@id":"https:\/\/hundtgroup.com\/pl\/#website","url":"https:\/\/hundtgroup.com\/pl\/","name":"Wilhelm Hundt GmbH","description":"Specjalista od maszyn i narz\u0119dzi do obr\u00f3bki blachy","potentialAction":[{"@type":"SearchAction","target":{"@type":"EntryPoint","urlTemplate":"https:\/\/hundtgroup.com\/pl\/?s={search_term_string}"},"query-input":{"@type":"PropertyValueSpecification","valueRequired":true,"valueName":"search_term_string"}}],"inLanguage":"pl-PL"}]}},"_links":{"self":[{"href":"https:\/\/hundtgroup.com\/pl\/wp-json\/wp\/v2\/product\/19723","targetHints":{"allow":["GET"]}}],"collection":[{"href":"https:\/\/hundtgroup.com\/pl\/wp-json\/wp\/v2\/product"}],"about":[{"href":"https:\/\/hundtgroup.com\/pl\/wp-json\/wp\/v2\/types\/product"}],"wp:featuredmedia":[{"embeddable":true,"href":"https:\/\/hundtgroup.com\/pl\/wp-json\/wp\/v2\/media\/7178"}],"wp:attachment":[{"href":"https:\/\/hundtgroup.com\/pl\/wp-json\/wp\/v2\/media?parent=19723"}],"wp:term":[{"taxonomy":"product_cat","embeddable":true,"href":"https:\/\/hundtgroup.com\/pl\/wp-json\/wp\/v2\/product_cat?post=19723"},{"taxonomy":"product_tag","embeddable":true,"href":"https:\/\/hundtgroup.com\/pl\/wp-json\/wp\/v2\/product_tag?post=19723"}],"curies":[{"name":"wp","href":"https:\/\/api.w.org\/{rel}","templated":true}]}}