{"id":19766,"date":"2022-10-26T15:58:47","date_gmt":"2022-10-26T13:58:47","guid":{"rendered":"https:\/\/hundtgroup.com\/produkt\/mlotek-slusarski-z-rekojescia-ultratec-300-g\/"},"modified":"2025-08-05T09:47:11","modified_gmt":"2025-08-05T07:47:11","slug":"mlotek-slusarski-z-rekojescia-ultratec-300-g","status":"publish","type":"product","link":"https:\/\/hundtgroup.com\/pl\/produkt\/mlotek-slusarski-z-rekojescia-ultratec-300-g\/","title":{"rendered":"M\u0142otek \u015blusarski z r\u0119koje\u015bci\u0105 Ultratec 300 g"},"content":{"rendered":"<p>DIN 1041, trzonek nieroz\u0142\u0105cznie po\u0142\u0105czony z korpusem m\u0142otka, specjalny plastik<br \/>\nz rdzeniem z w\u0142\u00f3kna szklanego, dzi\u0119ki czemu jest nie\u0142amliwy.<\/p>\n","protected":false},"excerpt":{"rendered":"<p>DIN 1041, trzonek nieroz\u0142\u0105cznie po\u0142\u0105czony z korpusem m\u0142otka, specjalny plastik z rdzeniem z w\u0142\u00f3kna szklanego, dzi\u0119ki czemu jest nie\u0142amliwy.<\/p>\n","protected":false},"featured_media":7322,"template":"","meta":{"_acf_changed":false,"inline_featured_image":false},"product_cat":[936,1000,999],"product_tag":[],"class_list":{"0":"post-19766","1":"product","2":"type-product","3":"status-publish","4":"has-post-thumbnail","6":"brand-peddinghaus","7":"product_cat-narzedzia-reczne","8":"product_cat-mlotki-slusarskie","9":"product_cat-mlotki","11":"first","12":"instock","13":"taxable","14":"shipping-taxable","15":"purchasable","16":"product-type-simple","17":"add-to-wishlist-before_image"},"acf":[],"yoast_head":"<!-- This site is optimized with the Yoast SEO plugin v27.3 - https:\/\/yoast.com\/product\/yoast-seo-wordpress\/ -->\n<title>M\u0142otek \u015blusarski z r\u0119koje\u015bci\u0105 Ultratec 300 g - Wilhelm Hundt GmbH<\/title>\n<meta name=\"robots\" content=\"index, follow, max-snippet:-1, max-image-preview:large, max-video-preview:-1\" \/>\n<link rel=\"canonical\" href=\"https:\/\/hundtgroup.com\/pl\/produkt\/mlotek-slusarski-z-rekojescia-ultratec-300-g\/\" \/>\n<meta property=\"og:locale\" content=\"pl_PL\" \/>\n<meta property=\"og:type\" content=\"article\" \/>\n<meta property=\"og:title\" content=\"M\u0142otek \u015blusarski z r\u0119koje\u015bci\u0105 Ultratec 300 g - Wilhelm Hundt GmbH\" \/>\n<meta property=\"og:description\" content=\"DIN 1041, trzonek nieroz\u0142\u0105cznie po\u0142\u0105czony z korpusem m\u0142otka, specjalny plastik z rdzeniem z w\u0142\u00f3kna szklanego, dzi\u0119ki czemu jest nie\u0142amliwy.\" \/>\n<meta property=\"og:url\" content=\"https:\/\/hundtgroup.com\/pl\/produkt\/mlotek-slusarski-z-rekojescia-ultratec-300-g\/\" \/>\n<meta property=\"og:site_name\" content=\"Wilhelm Hundt GmbH\" \/>\n<meta property=\"article:modified_time\" content=\"2025-08-05T07:47:11+00:00\" \/>\n<meta property=\"og:image\" content=\"https:\/\/hundtgroup.com\/wp-content\/uploads\/430035.png\" \/>\n\t<meta property=\"og:image:width\" content=\"670\" \/>\n\t<meta property=\"og:image:height\" content=\"325\" \/>\n\t<meta property=\"og:image:type\" content=\"image\/png\" \/>\n<meta name=\"twitter:card\" content=\"summary_large_image\" \/>\n<script type=\"application\/ld+json\" class=\"yoast-schema-graph\">{\"@context\":\"https:\\\/\\\/schema.org\",\"@graph\":[{\"@type\":\"WebPage\",\"@id\":\"https:\\\/\\\/hundtgroup.com\\\/pl\\\/produkt\\\/mlotek-slusarski-z-rekojescia-ultratec-300-g\\\/\",\"url\":\"https:\\\/\\\/hundtgroup.com\\\/pl\\\/produkt\\\/mlotek-slusarski-z-rekojescia-ultratec-300-g\\\/\",\"name\":\"M\u0142otek \u015blusarski z r\u0119koje\u015bci\u0105 Ultratec 300 g - Wilhelm Hundt GmbH\",\"isPartOf\":{\"@id\":\"https:\\\/\\\/hundtgroup.com\\\/pl\\\/#website\"},\"primaryImageOfPage\":{\"@id\":\"https:\\\/\\\/hundtgroup.com\\\/pl\\\/produkt\\\/mlotek-slusarski-z-rekojescia-ultratec-300-g\\\/#primaryimage\"},\"image\":{\"@id\":\"https:\\\/\\\/hundtgroup.com\\\/pl\\\/produkt\\\/mlotek-slusarski-z-rekojescia-ultratec-300-g\\\/#primaryimage\"},\"thumbnailUrl\":\"https:\\\/\\\/hundtgroup.com\\\/wp-content\\\/uploads\\\/430035.png\",\"datePublished\":\"2022-10-26T13:58:47+00:00\",\"dateModified\":\"2025-08-05T07:47:11+00:00\",\"breadcrumb\":{\"@id\":\"https:\\\/\\\/hundtgroup.com\\\/pl\\\/produkt\\\/mlotek-slusarski-z-rekojescia-ultratec-300-g\\\/#breadcrumb\"},\"inLanguage\":\"pl-PL\",\"potentialAction\":[{\"@type\":\"ReadAction\",\"target\":[\"https:\\\/\\\/hundtgroup.com\\\/pl\\\/produkt\\\/mlotek-slusarski-z-rekojescia-ultratec-300-g\\\/\"]}]},{\"@type\":\"ImageObject\",\"inLanguage\":\"pl-PL\",\"@id\":\"https:\\\/\\\/hundtgroup.com\\\/pl\\\/produkt\\\/mlotek-slusarski-z-rekojescia-ultratec-300-g\\\/#primaryimage\",\"url\":\"https:\\\/\\\/hundtgroup.com\\\/wp-content\\\/uploads\\\/430035.png\",\"contentUrl\":\"https:\\\/\\\/hundtgroup.com\\\/wp-content\\\/uploads\\\/430035.png\",\"width\":670,\"height\":325},{\"@type\":\"BreadcrumbList\",\"@id\":\"https:\\\/\\\/hundtgroup.com\\\/pl\\\/produkt\\\/mlotek-slusarski-z-rekojescia-ultratec-300-g\\\/#breadcrumb\",\"itemListElement\":[{\"@type\":\"ListItem\",\"position\":1,\"name\":\"Startseite\",\"item\":\"https:\\\/\\\/hundtgroup.com\\\/pl\\\/strona-glowna-nowa\\\/\"},{\"@type\":\"ListItem\",\"position\":2,\"name\":\"Sklep\",\"item\":\"https:\\\/\\\/hundtgroup.com\\\/sklep\\\/\"},{\"@type\":\"ListItem\",\"position\":3,\"name\":\"M\u0142otek \u015blusarski z r\u0119koje\u015bci\u0105 Ultratec 300 g\"}]},{\"@type\":\"WebSite\",\"@id\":\"https:\\\/\\\/hundtgroup.com\\\/pl\\\/#website\",\"url\":\"https:\\\/\\\/hundtgroup.com\\\/pl\\\/\",\"name\":\"Wilhelm Hundt GmbH\",\"description\":\"Specjalista od maszyn i narz\u0119dzi do obr\u00f3bki blachy\",\"potentialAction\":[{\"@type\":\"SearchAction\",\"target\":{\"@type\":\"EntryPoint\",\"urlTemplate\":\"https:\\\/\\\/hundtgroup.com\\\/pl\\\/?s={search_term_string}\"},\"query-input\":{\"@type\":\"PropertyValueSpecification\",\"valueRequired\":true,\"valueName\":\"search_term_string\"}}],\"inLanguage\":\"pl-PL\"}]}<\/script>\n<!-- \/ Yoast SEO plugin. -->","yoast_head_json":{"title":"M\u0142otek \u015blusarski z r\u0119koje\u015bci\u0105 Ultratec 300 g - Wilhelm Hundt GmbH","robots":{"index":"index","follow":"follow","max-snippet":"max-snippet:-1","max-image-preview":"max-image-preview:large","max-video-preview":"max-video-preview:-1"},"canonical":"https:\/\/hundtgroup.com\/pl\/produkt\/mlotek-slusarski-z-rekojescia-ultratec-300-g\/","og_locale":"pl_PL","og_type":"article","og_title":"M\u0142otek \u015blusarski z r\u0119koje\u015bci\u0105 Ultratec 300 g - Wilhelm Hundt GmbH","og_description":"DIN 1041, trzonek nieroz\u0142\u0105cznie po\u0142\u0105czony z korpusem m\u0142otka, specjalny plastik z rdzeniem z w\u0142\u00f3kna szklanego, dzi\u0119ki czemu jest nie\u0142amliwy.","og_url":"https:\/\/hundtgroup.com\/pl\/produkt\/mlotek-slusarski-z-rekojescia-ultratec-300-g\/","og_site_name":"Wilhelm Hundt GmbH","article_modified_time":"2025-08-05T07:47:11+00:00","og_image":[{"width":670,"height":325,"url":"https:\/\/hundtgroup.com\/wp-content\/uploads\/430035.png","type":"image\/png"}],"twitter_card":"summary_large_image","schema":{"@context":"https:\/\/schema.org","@graph":[{"@type":"WebPage","@id":"https:\/\/hundtgroup.com\/pl\/produkt\/mlotek-slusarski-z-rekojescia-ultratec-300-g\/","url":"https:\/\/hundtgroup.com\/pl\/produkt\/mlotek-slusarski-z-rekojescia-ultratec-300-g\/","name":"M\u0142otek \u015blusarski z r\u0119koje\u015bci\u0105 Ultratec 300 g - Wilhelm Hundt GmbH","isPartOf":{"@id":"https:\/\/hundtgroup.com\/pl\/#website"},"primaryImageOfPage":{"@id":"https:\/\/hundtgroup.com\/pl\/produkt\/mlotek-slusarski-z-rekojescia-ultratec-300-g\/#primaryimage"},"image":{"@id":"https:\/\/hundtgroup.com\/pl\/produkt\/mlotek-slusarski-z-rekojescia-ultratec-300-g\/#primaryimage"},"thumbnailUrl":"https:\/\/hundtgroup.com\/wp-content\/uploads\/430035.png","datePublished":"2022-10-26T13:58:47+00:00","dateModified":"2025-08-05T07:47:11+00:00","breadcrumb":{"@id":"https:\/\/hundtgroup.com\/pl\/produkt\/mlotek-slusarski-z-rekojescia-ultratec-300-g\/#breadcrumb"},"inLanguage":"pl-PL","potentialAction":[{"@type":"ReadAction","target":["https:\/\/hundtgroup.com\/pl\/produkt\/mlotek-slusarski-z-rekojescia-ultratec-300-g\/"]}]},{"@type":"ImageObject","inLanguage":"pl-PL","@id":"https:\/\/hundtgroup.com\/pl\/produkt\/mlotek-slusarski-z-rekojescia-ultratec-300-g\/#primaryimage","url":"https:\/\/hundtgroup.com\/wp-content\/uploads\/430035.png","contentUrl":"https:\/\/hundtgroup.com\/wp-content\/uploads\/430035.png","width":670,"height":325},{"@type":"BreadcrumbList","@id":"https:\/\/hundtgroup.com\/pl\/produkt\/mlotek-slusarski-z-rekojescia-ultratec-300-g\/#breadcrumb","itemListElement":[{"@type":"ListItem","position":1,"name":"Startseite","item":"https:\/\/hundtgroup.com\/pl\/strona-glowna-nowa\/"},{"@type":"ListItem","position":2,"name":"Sklep","item":"https:\/\/hundtgroup.com\/sklep\/"},{"@type":"ListItem","position":3,"name":"M\u0142otek \u015blusarski z r\u0119koje\u015bci\u0105 Ultratec 300 g"}]},{"@type":"WebSite","@id":"https:\/\/hundtgroup.com\/pl\/#website","url":"https:\/\/hundtgroup.com\/pl\/","name":"Wilhelm Hundt GmbH","description":"Specjalista od maszyn i narz\u0119dzi do obr\u00f3bki blachy","potentialAction":[{"@type":"SearchAction","target":{"@type":"EntryPoint","urlTemplate":"https:\/\/hundtgroup.com\/pl\/?s={search_term_string}"},"query-input":{"@type":"PropertyValueSpecification","valueRequired":true,"valueName":"search_term_string"}}],"inLanguage":"pl-PL"}]}},"_links":{"self":[{"href":"https:\/\/hundtgroup.com\/pl\/wp-json\/wp\/v2\/product\/19766","targetHints":{"allow":["GET"]}}],"collection":[{"href":"https:\/\/hundtgroup.com\/pl\/wp-json\/wp\/v2\/product"}],"about":[{"href":"https:\/\/hundtgroup.com\/pl\/wp-json\/wp\/v2\/types\/product"}],"wp:featuredmedia":[{"embeddable":true,"href":"https:\/\/hundtgroup.com\/pl\/wp-json\/wp\/v2\/media\/7322"}],"wp:attachment":[{"href":"https:\/\/hundtgroup.com\/pl\/wp-json\/wp\/v2\/media?parent=19766"}],"wp:term":[{"taxonomy":"product_cat","embeddable":true,"href":"https:\/\/hundtgroup.com\/pl\/wp-json\/wp\/v2\/product_cat?post=19766"},{"taxonomy":"product_tag","embeddable":true,"href":"https:\/\/hundtgroup.com\/pl\/wp-json\/wp\/v2\/product_tag?post=19766"}],"curies":[{"name":"wp","href":"https:\/\/api.w.org\/{rel}","templated":true}]}}