{"id":20597,"date":"2022-10-26T15:58:57","date_gmt":"2022-10-26T13:58:57","guid":{"rendered":"https:\/\/hundtgroup.com\/produkt\/przecinak-do-mat-hundt-z-drewnianymi-uchwytami-2\/"},"modified":"2025-07-29T12:47:29","modified_gmt":"2025-07-29T10:47:29","slug":"przecinak-do-mat-hundt-z-drewnianymi-uchwytami-2","status":"publish","type":"product","link":"https:\/\/hundtgroup.com\/pl\/produkt\/przecinak-do-mat-hundt-z-drewnianymi-uchwytami-2\/","title":{"rendered":"Przecinak do mat Hundt z drewnianymi uchwytami"},"content":{"rendered":"<p>Szczeg\u00f3lnie wytrzyma\u0142e, kute matrycowo no\u017cyce do izolacji<br \/>\nSpecjalne no\u017cyce k\u0105towe<br \/>\nKuta blokada nakr\u0119tki<br \/>\nHartowane kraw\u0119dzie tn\u0105ce<br \/>\nChromowane na twardo<br \/>\nWytrzyma\u0142e drewniane uchwyty<br \/>\nDo ci\u0119cia materia\u0142\u00f3w izolacyjnych, takich jak we\u0142na szklana i skalna, siatka ci\u0119to-ci\u0105gniona, maty belkowe i drut gipsowy<\/p>\n","protected":false},"excerpt":{"rendered":"<p>Szczeg\u00f3lnie wytrzyma\u0142e, kute matrycowo no\u017cyce do izolacji Specjalne no\u017cyce k\u0105towe Kuta blokada nakr\u0119tki Hartowane kraw\u0119dzie tn\u0105ce Chromowane na twardo Wytrzyma\u0142e drewniane uchwyty Do ci\u0119cia materia\u0142\u00f3w izolacyjnych, takich jak we\u0142na szklana i skalna, siatka ci\u0119to-ci\u0105gniona, maty belkowe i drut gipsowy<\/p>\n","protected":false},"featured_media":7517,"template":"","meta":{"_acf_changed":false,"inline_featured_image":false},"product_cat":[936,1069,1070,1006],"product_tag":[],"class_list":{"0":"post-20597","1":"product","2":"type-product","3":"status-publish","4":"has-post-thumbnail","6":"brand-hundt","7":"product_cat-narzedzia-reczne","8":"product_cat-nozyczki","9":"product_cat-nozyce-do-mat","10":"product_cat-narzedzia-tnace","12":"first","13":"instock","14":"taxable","15":"shipping-taxable","16":"purchasable","17":"product-type-simple","18":"add-to-wishlist-before_image"},"acf":[],"yoast_head":"<!-- This site is optimized with the Yoast SEO plugin v27.3 - https:\/\/yoast.com\/product\/yoast-seo-wordpress\/ -->\n<title>Przecinak do mat Hundt z drewnianymi uchwytami - Wilhelm Hundt GmbH<\/title>\n<meta name=\"robots\" content=\"index, follow, max-snippet:-1, max-image-preview:large, max-video-preview:-1\" \/>\n<link rel=\"canonical\" href=\"https:\/\/hundtgroup.com\/pl\/produkt\/przecinak-do-mat-hundt-z-drewnianymi-uchwytami-2\/\" \/>\n<meta property=\"og:locale\" content=\"pl_PL\" \/>\n<meta property=\"og:type\" content=\"article\" \/>\n<meta property=\"og:title\" content=\"Przecinak do mat Hundt z drewnianymi uchwytami - Wilhelm Hundt GmbH\" \/>\n<meta property=\"og:description\" content=\"Szczeg\u00f3lnie wytrzyma\u0142e, kute matrycowo no\u017cyce do izolacji Specjalne no\u017cyce k\u0105towe Kuta blokada nakr\u0119tki Hartowane kraw\u0119dzie tn\u0105ce Chromowane na twardo Wytrzyma\u0142e drewniane uchwyty Do ci\u0119cia materia\u0142\u00f3w izolacyjnych, takich jak we\u0142na szklana i skalna, siatka ci\u0119to-ci\u0105gniona, maty belkowe i drut gipsowy\" \/>\n<meta property=\"og:url\" content=\"https:\/\/hundtgroup.com\/pl\/produkt\/przecinak-do-mat-hundt-z-drewnianymi-uchwytami-2\/\" \/>\n<meta property=\"og:site_name\" content=\"Wilhelm Hundt GmbH\" \/>\n<meta property=\"article:modified_time\" content=\"2025-07-29T10:47:29+00:00\" \/>\n<meta property=\"og:image\" content=\"https:\/\/hundtgroup.com\/wp-content\/uploads\/470100.png\" \/>\n\t<meta property=\"og:image:width\" content=\"614\" \/>\n\t<meta property=\"og:image:height\" content=\"304\" \/>\n\t<meta property=\"og:image:type\" content=\"image\/png\" \/>\n<meta name=\"twitter:card\" content=\"summary_large_image\" \/>\n<script type=\"application\/ld+json\" class=\"yoast-schema-graph\">{\"@context\":\"https:\\\/\\\/schema.org\",\"@graph\":[{\"@type\":\"WebPage\",\"@id\":\"https:\\\/\\\/hundtgroup.com\\\/pl\\\/produkt\\\/przecinak-do-mat-hundt-z-drewnianymi-uchwytami-2\\\/\",\"url\":\"https:\\\/\\\/hundtgroup.com\\\/pl\\\/produkt\\\/przecinak-do-mat-hundt-z-drewnianymi-uchwytami-2\\\/\",\"name\":\"Przecinak do mat Hundt z drewnianymi uchwytami - Wilhelm Hundt GmbH\",\"isPartOf\":{\"@id\":\"https:\\\/\\\/hundtgroup.com\\\/pl\\\/#website\"},\"primaryImageOfPage\":{\"@id\":\"https:\\\/\\\/hundtgroup.com\\\/pl\\\/produkt\\\/przecinak-do-mat-hundt-z-drewnianymi-uchwytami-2\\\/#primaryimage\"},\"image\":{\"@id\":\"https:\\\/\\\/hundtgroup.com\\\/pl\\\/produkt\\\/przecinak-do-mat-hundt-z-drewnianymi-uchwytami-2\\\/#primaryimage\"},\"thumbnailUrl\":\"https:\\\/\\\/hundtgroup.com\\\/wp-content\\\/uploads\\\/470100.png\",\"datePublished\":\"2022-10-26T13:58:57+00:00\",\"dateModified\":\"2025-07-29T10:47:29+00:00\",\"breadcrumb\":{\"@id\":\"https:\\\/\\\/hundtgroup.com\\\/pl\\\/produkt\\\/przecinak-do-mat-hundt-z-drewnianymi-uchwytami-2\\\/#breadcrumb\"},\"inLanguage\":\"pl-PL\",\"potentialAction\":[{\"@type\":\"ReadAction\",\"target\":[\"https:\\\/\\\/hundtgroup.com\\\/pl\\\/produkt\\\/przecinak-do-mat-hundt-z-drewnianymi-uchwytami-2\\\/\"]}]},{\"@type\":\"ImageObject\",\"inLanguage\":\"pl-PL\",\"@id\":\"https:\\\/\\\/hundtgroup.com\\\/pl\\\/produkt\\\/przecinak-do-mat-hundt-z-drewnianymi-uchwytami-2\\\/#primaryimage\",\"url\":\"https:\\\/\\\/hundtgroup.com\\\/wp-content\\\/uploads\\\/470100.png\",\"contentUrl\":\"https:\\\/\\\/hundtgroup.com\\\/wp-content\\\/uploads\\\/470100.png\",\"width\":614,\"height\":304},{\"@type\":\"BreadcrumbList\",\"@id\":\"https:\\\/\\\/hundtgroup.com\\\/pl\\\/produkt\\\/przecinak-do-mat-hundt-z-drewnianymi-uchwytami-2\\\/#breadcrumb\",\"itemListElement\":[{\"@type\":\"ListItem\",\"position\":1,\"name\":\"Startseite\",\"item\":\"https:\\\/\\\/hundtgroup.com\\\/pl\\\/strona-glowna-nowa\\\/\"},{\"@type\":\"ListItem\",\"position\":2,\"name\":\"Sklep\",\"item\":\"https:\\\/\\\/hundtgroup.com\\\/sklep\\\/\"},{\"@type\":\"ListItem\",\"position\":3,\"name\":\"Przecinak do mat Hundt z drewnianymi uchwytami\"}]},{\"@type\":\"WebSite\",\"@id\":\"https:\\\/\\\/hundtgroup.com\\\/pl\\\/#website\",\"url\":\"https:\\\/\\\/hundtgroup.com\\\/pl\\\/\",\"name\":\"Wilhelm Hundt GmbH\",\"description\":\"Specjalista od maszyn i narz\u0119dzi do obr\u00f3bki blachy\",\"potentialAction\":[{\"@type\":\"SearchAction\",\"target\":{\"@type\":\"EntryPoint\",\"urlTemplate\":\"https:\\\/\\\/hundtgroup.com\\\/pl\\\/?s={search_term_string}\"},\"query-input\":{\"@type\":\"PropertyValueSpecification\",\"valueRequired\":true,\"valueName\":\"search_term_string\"}}],\"inLanguage\":\"pl-PL\"}]}<\/script>\n<!-- \/ Yoast SEO plugin. -->","yoast_head_json":{"title":"Przecinak do mat Hundt z drewnianymi uchwytami - Wilhelm Hundt GmbH","robots":{"index":"index","follow":"follow","max-snippet":"max-snippet:-1","max-image-preview":"max-image-preview:large","max-video-preview":"max-video-preview:-1"},"canonical":"https:\/\/hundtgroup.com\/pl\/produkt\/przecinak-do-mat-hundt-z-drewnianymi-uchwytami-2\/","og_locale":"pl_PL","og_type":"article","og_title":"Przecinak do mat Hundt z drewnianymi uchwytami - Wilhelm Hundt GmbH","og_description":"Szczeg\u00f3lnie wytrzyma\u0142e, kute matrycowo no\u017cyce do izolacji Specjalne no\u017cyce k\u0105towe Kuta blokada nakr\u0119tki Hartowane kraw\u0119dzie tn\u0105ce Chromowane na twardo Wytrzyma\u0142e drewniane uchwyty Do ci\u0119cia materia\u0142\u00f3w izolacyjnych, takich jak we\u0142na szklana i skalna, siatka ci\u0119to-ci\u0105gniona, maty belkowe i drut gipsowy","og_url":"https:\/\/hundtgroup.com\/pl\/produkt\/przecinak-do-mat-hundt-z-drewnianymi-uchwytami-2\/","og_site_name":"Wilhelm Hundt GmbH","article_modified_time":"2025-07-29T10:47:29+00:00","og_image":[{"width":614,"height":304,"url":"https:\/\/hundtgroup.com\/wp-content\/uploads\/470100.png","type":"image\/png"}],"twitter_card":"summary_large_image","schema":{"@context":"https:\/\/schema.org","@graph":[{"@type":"WebPage","@id":"https:\/\/hundtgroup.com\/pl\/produkt\/przecinak-do-mat-hundt-z-drewnianymi-uchwytami-2\/","url":"https:\/\/hundtgroup.com\/pl\/produkt\/przecinak-do-mat-hundt-z-drewnianymi-uchwytami-2\/","name":"Przecinak do mat Hundt z drewnianymi uchwytami - Wilhelm Hundt GmbH","isPartOf":{"@id":"https:\/\/hundtgroup.com\/pl\/#website"},"primaryImageOfPage":{"@id":"https:\/\/hundtgroup.com\/pl\/produkt\/przecinak-do-mat-hundt-z-drewnianymi-uchwytami-2\/#primaryimage"},"image":{"@id":"https:\/\/hundtgroup.com\/pl\/produkt\/przecinak-do-mat-hundt-z-drewnianymi-uchwytami-2\/#primaryimage"},"thumbnailUrl":"https:\/\/hundtgroup.com\/wp-content\/uploads\/470100.png","datePublished":"2022-10-26T13:58:57+00:00","dateModified":"2025-07-29T10:47:29+00:00","breadcrumb":{"@id":"https:\/\/hundtgroup.com\/pl\/produkt\/przecinak-do-mat-hundt-z-drewnianymi-uchwytami-2\/#breadcrumb"},"inLanguage":"pl-PL","potentialAction":[{"@type":"ReadAction","target":["https:\/\/hundtgroup.com\/pl\/produkt\/przecinak-do-mat-hundt-z-drewnianymi-uchwytami-2\/"]}]},{"@type":"ImageObject","inLanguage":"pl-PL","@id":"https:\/\/hundtgroup.com\/pl\/produkt\/przecinak-do-mat-hundt-z-drewnianymi-uchwytami-2\/#primaryimage","url":"https:\/\/hundtgroup.com\/wp-content\/uploads\/470100.png","contentUrl":"https:\/\/hundtgroup.com\/wp-content\/uploads\/470100.png","width":614,"height":304},{"@type":"BreadcrumbList","@id":"https:\/\/hundtgroup.com\/pl\/produkt\/przecinak-do-mat-hundt-z-drewnianymi-uchwytami-2\/#breadcrumb","itemListElement":[{"@type":"ListItem","position":1,"name":"Startseite","item":"https:\/\/hundtgroup.com\/pl\/strona-glowna-nowa\/"},{"@type":"ListItem","position":2,"name":"Sklep","item":"https:\/\/hundtgroup.com\/sklep\/"},{"@type":"ListItem","position":3,"name":"Przecinak do mat Hundt z drewnianymi uchwytami"}]},{"@type":"WebSite","@id":"https:\/\/hundtgroup.com\/pl\/#website","url":"https:\/\/hundtgroup.com\/pl\/","name":"Wilhelm Hundt GmbH","description":"Specjalista od maszyn i narz\u0119dzi do obr\u00f3bki blachy","potentialAction":[{"@type":"SearchAction","target":{"@type":"EntryPoint","urlTemplate":"https:\/\/hundtgroup.com\/pl\/?s={search_term_string}"},"query-input":{"@type":"PropertyValueSpecification","valueRequired":true,"valueName":"search_term_string"}}],"inLanguage":"pl-PL"}]}},"_links":{"self":[{"href":"https:\/\/hundtgroup.com\/pl\/wp-json\/wp\/v2\/product\/20597","targetHints":{"allow":["GET"]}}],"collection":[{"href":"https:\/\/hundtgroup.com\/pl\/wp-json\/wp\/v2\/product"}],"about":[{"href":"https:\/\/hundtgroup.com\/pl\/wp-json\/wp\/v2\/types\/product"}],"wp:featuredmedia":[{"embeddable":true,"href":"https:\/\/hundtgroup.com\/pl\/wp-json\/wp\/v2\/media\/7517"}],"wp:attachment":[{"href":"https:\/\/hundtgroup.com\/pl\/wp-json\/wp\/v2\/media?parent=20597"}],"wp:term":[{"taxonomy":"product_cat","embeddable":true,"href":"https:\/\/hundtgroup.com\/pl\/wp-json\/wp\/v2\/product_cat?post=20597"},{"taxonomy":"product_tag","embeddable":true,"href":"https:\/\/hundtgroup.com\/pl\/wp-json\/wp\/v2\/product_tag?post=20597"}],"curies":[{"name":"wp","href":"https:\/\/api.w.org\/{rel}","templated":true}]}}