{"id":21077,"date":"2022-10-26T15:58:25","date_gmt":"2022-10-26T13:58:25","guid":{"rendered":"https:\/\/hundtgroup.com\/produkt\/poziomica-magnetyczna-70m-120-cm\/"},"modified":"2025-07-29T12:13:22","modified_gmt":"2025-07-29T10:13:22","slug":"poziomica-magnetyczna-70m-120-cm","status":"publish","type":"product","link":"https:\/\/hundtgroup.com\/pl\/produkt\/poziomica-magnetyczna-70m-120-cm\/","title":{"rendered":"Poziomica magnetyczna 70M 120 cm"},"content":{"rendered":"<p>Lekka aluminiowa poziomnica o profilu prostok\u0105tnym z systemem silnych magnes\u00f3w ziem rzadkich zapewniaj\u0105cych przyczepno\u015b\u0107 do metalowych element\u00f3w konstrukcyjnych &#8211; wolne r\u0119ce podczas wyr\u00f3wnywania i regulacji s\u0142upk\u00f3w i belek.<br \/>\n\u0141atwa do czyszczenia dzi\u0119ki g\u0142adkim powierzchniom bocznym i elektrostatycznej pow\u0142oce proszkowej.<br \/>\nPlastikowe za\u015blepki chroni\u0105 profil przed uderzeniami.<br \/>\nTechnologia monta\u017cu STABILA zapewnia d\u0142ugotrwa\u0142\u0105 precyzj\u0119 &#8211; dok\u0142adno\u015b\u0107 pomiaru w po\u0142o\u017ceniu normalnym \u00b1 0,5 mm\/m.<\/p>\n<p>Cechy:<br \/>\n1 libella pozioma<br \/>\n1 libella pionowa<br \/>\n2 frezowane powierzchnie pomiarowe<br \/>\nSystem magnes\u00f3w ziem rzadkich (do 5 razy silniejszy ni\u017c standardowe magnesy ferrytowe)<br \/>\n1 powlekana powierzchnia pomiarowa<\/p>\n","protected":false},"excerpt":{"rendered":"<p>Lekka aluminiowa poziomnica o profilu prostok\u0105tnym z systemem silnych magnes\u00f3w ziem rzadkich zapewniaj\u0105cych przyczepno\u015b\u0107 do metalowych element\u00f3w konstrukcyjnych &#8211; wolne r\u0119ce podczas wyr\u00f3wnywania i regulacji s\u0142upk\u00f3w i belek. \u0141atwa do czyszczenia dzi\u0119ki g\u0142adkim powierzchniom bocznym i elektrostatycznej pow\u0142oce proszkowej. Plastikowe za\u015blepki chroni\u0105 profil przed uderzeniami. Technologia monta\u017cu STABILA zapewnia d\u0142ugotrwa\u0142\u0105 precyzj\u0119 &#8211; dok\u0142adno\u015b\u0107 pomiaru w [&hellip;]<\/p>\n","protected":false},"featured_media":7217,"template":"","meta":{"_acf_changed":false,"inline_featured_image":false},"product_cat":[936,2783,949],"product_tag":[],"class_list":{"0":"post-21077","1":"product","2":"type-product","3":"status-publish","4":"has-post-thumbnail","6":"brand-stabila","7":"product_cat-narzedzia-reczne","8":"product_cat-poziomica","9":"product_cat-narzedzia-pomiarowe","11":"first","12":"instock","13":"taxable","14":"shipping-taxable","15":"purchasable","16":"product-type-simple","17":"add-to-wishlist-before_image"},"acf":[],"yoast_head":"<!-- This site is optimized with the Yoast SEO plugin v27.3 - https:\/\/yoast.com\/product\/yoast-seo-wordpress\/ -->\n<title>Poziomica magnetyczna 70M 120 cm - Wilhelm Hundt GmbH<\/title>\n<meta name=\"robots\" content=\"index, follow, max-snippet:-1, max-image-preview:large, max-video-preview:-1\" \/>\n<link rel=\"canonical\" href=\"https:\/\/hundtgroup.com\/pl\/produkt\/poziomica-magnetyczna-70m-120-cm\/\" \/>\n<meta property=\"og:locale\" content=\"pl_PL\" \/>\n<meta property=\"og:type\" content=\"article\" \/>\n<meta property=\"og:title\" content=\"Poziomica magnetyczna 70M 120 cm - Wilhelm Hundt GmbH\" \/>\n<meta property=\"og:description\" content=\"Lekka aluminiowa poziomnica o profilu prostok\u0105tnym z systemem silnych magnes\u00f3w ziem rzadkich zapewniaj\u0105cych przyczepno\u015b\u0107 do metalowych element\u00f3w konstrukcyjnych &#8211; wolne r\u0119ce podczas wyr\u00f3wnywania i regulacji s\u0142upk\u00f3w i belek. \u0141atwa do czyszczenia dzi\u0119ki g\u0142adkim powierzchniom bocznym i elektrostatycznej pow\u0142oce proszkowej. Plastikowe za\u015blepki chroni\u0105 profil przed uderzeniami. Technologia monta\u017cu STABILA zapewnia d\u0142ugotrwa\u0142\u0105 precyzj\u0119 &#8211; dok\u0142adno\u015b\u0107 pomiaru w [&hellip;]\" \/>\n<meta property=\"og:url\" content=\"https:\/\/hundtgroup.com\/pl\/produkt\/poziomica-magnetyczna-70m-120-cm\/\" \/>\n<meta property=\"og:site_name\" content=\"Wilhelm Hundt GmbH\" \/>\n<meta property=\"article:modified_time\" content=\"2025-07-29T10:13:22+00:00\" \/>\n<meta property=\"og:image\" content=\"https:\/\/hundtgroup.com\/wp-content\/uploads\/420024.png\" \/>\n\t<meta property=\"og:image:width\" content=\"827\" \/>\n\t<meta property=\"og:image:height\" content=\"90\" \/>\n\t<meta property=\"og:image:type\" content=\"image\/png\" \/>\n<meta name=\"twitter:card\" content=\"summary_large_image\" \/>\n<script type=\"application\/ld+json\" class=\"yoast-schema-graph\">{\"@context\":\"https:\\\/\\\/schema.org\",\"@graph\":[{\"@type\":\"WebPage\",\"@id\":\"https:\\\/\\\/hundtgroup.com\\\/pl\\\/produkt\\\/poziomica-magnetyczna-70m-120-cm\\\/\",\"url\":\"https:\\\/\\\/hundtgroup.com\\\/pl\\\/produkt\\\/poziomica-magnetyczna-70m-120-cm\\\/\",\"name\":\"Poziomica magnetyczna 70M 120 cm - Wilhelm Hundt GmbH\",\"isPartOf\":{\"@id\":\"https:\\\/\\\/hundtgroup.com\\\/pl\\\/#website\"},\"primaryImageOfPage\":{\"@id\":\"https:\\\/\\\/hundtgroup.com\\\/pl\\\/produkt\\\/poziomica-magnetyczna-70m-120-cm\\\/#primaryimage\"},\"image\":{\"@id\":\"https:\\\/\\\/hundtgroup.com\\\/pl\\\/produkt\\\/poziomica-magnetyczna-70m-120-cm\\\/#primaryimage\"},\"thumbnailUrl\":\"https:\\\/\\\/hundtgroup.com\\\/wp-content\\\/uploads\\\/420024.png\",\"datePublished\":\"2022-10-26T13:58:25+00:00\",\"dateModified\":\"2025-07-29T10:13:22+00:00\",\"breadcrumb\":{\"@id\":\"https:\\\/\\\/hundtgroup.com\\\/pl\\\/produkt\\\/poziomica-magnetyczna-70m-120-cm\\\/#breadcrumb\"},\"inLanguage\":\"pl-PL\",\"potentialAction\":[{\"@type\":\"ReadAction\",\"target\":[\"https:\\\/\\\/hundtgroup.com\\\/pl\\\/produkt\\\/poziomica-magnetyczna-70m-120-cm\\\/\"]}]},{\"@type\":\"ImageObject\",\"inLanguage\":\"pl-PL\",\"@id\":\"https:\\\/\\\/hundtgroup.com\\\/pl\\\/produkt\\\/poziomica-magnetyczna-70m-120-cm\\\/#primaryimage\",\"url\":\"https:\\\/\\\/hundtgroup.com\\\/wp-content\\\/uploads\\\/420024.png\",\"contentUrl\":\"https:\\\/\\\/hundtgroup.com\\\/wp-content\\\/uploads\\\/420024.png\",\"width\":827,\"height\":90},{\"@type\":\"BreadcrumbList\",\"@id\":\"https:\\\/\\\/hundtgroup.com\\\/pl\\\/produkt\\\/poziomica-magnetyczna-70m-120-cm\\\/#breadcrumb\",\"itemListElement\":[{\"@type\":\"ListItem\",\"position\":1,\"name\":\"Startseite\",\"item\":\"https:\\\/\\\/hundtgroup.com\\\/pl\\\/strona-glowna-nowa\\\/\"},{\"@type\":\"ListItem\",\"position\":2,\"name\":\"Sklep\",\"item\":\"https:\\\/\\\/hundtgroup.com\\\/sklep\\\/\"},{\"@type\":\"ListItem\",\"position\":3,\"name\":\"Poziomica magnetyczna 70M 120 cm\"}]},{\"@type\":\"WebSite\",\"@id\":\"https:\\\/\\\/hundtgroup.com\\\/pl\\\/#website\",\"url\":\"https:\\\/\\\/hundtgroup.com\\\/pl\\\/\",\"name\":\"Wilhelm Hundt GmbH\",\"description\":\"Specjalista od maszyn i narz\u0119dzi do obr\u00f3bki blachy\",\"potentialAction\":[{\"@type\":\"SearchAction\",\"target\":{\"@type\":\"EntryPoint\",\"urlTemplate\":\"https:\\\/\\\/hundtgroup.com\\\/pl\\\/?s={search_term_string}\"},\"query-input\":{\"@type\":\"PropertyValueSpecification\",\"valueRequired\":true,\"valueName\":\"search_term_string\"}}],\"inLanguage\":\"pl-PL\"}]}<\/script>\n<!-- \/ Yoast SEO plugin. -->","yoast_head_json":{"title":"Poziomica magnetyczna 70M 120 cm - Wilhelm Hundt GmbH","robots":{"index":"index","follow":"follow","max-snippet":"max-snippet:-1","max-image-preview":"max-image-preview:large","max-video-preview":"max-video-preview:-1"},"canonical":"https:\/\/hundtgroup.com\/pl\/produkt\/poziomica-magnetyczna-70m-120-cm\/","og_locale":"pl_PL","og_type":"article","og_title":"Poziomica magnetyczna 70M 120 cm - Wilhelm Hundt GmbH","og_description":"Lekka aluminiowa poziomnica o profilu prostok\u0105tnym z systemem silnych magnes\u00f3w ziem rzadkich zapewniaj\u0105cych przyczepno\u015b\u0107 do metalowych element\u00f3w konstrukcyjnych &#8211; wolne r\u0119ce podczas wyr\u00f3wnywania i regulacji s\u0142upk\u00f3w i belek. \u0141atwa do czyszczenia dzi\u0119ki g\u0142adkim powierzchniom bocznym i elektrostatycznej pow\u0142oce proszkowej. Plastikowe za\u015blepki chroni\u0105 profil przed uderzeniami. Technologia monta\u017cu STABILA zapewnia d\u0142ugotrwa\u0142\u0105 precyzj\u0119 &#8211; dok\u0142adno\u015b\u0107 pomiaru w [&hellip;]","og_url":"https:\/\/hundtgroup.com\/pl\/produkt\/poziomica-magnetyczna-70m-120-cm\/","og_site_name":"Wilhelm Hundt GmbH","article_modified_time":"2025-07-29T10:13:22+00:00","og_image":[{"width":827,"height":90,"url":"https:\/\/hundtgroup.com\/wp-content\/uploads\/420024.png","type":"image\/png"}],"twitter_card":"summary_large_image","schema":{"@context":"https:\/\/schema.org","@graph":[{"@type":"WebPage","@id":"https:\/\/hundtgroup.com\/pl\/produkt\/poziomica-magnetyczna-70m-120-cm\/","url":"https:\/\/hundtgroup.com\/pl\/produkt\/poziomica-magnetyczna-70m-120-cm\/","name":"Poziomica magnetyczna 70M 120 cm - Wilhelm Hundt GmbH","isPartOf":{"@id":"https:\/\/hundtgroup.com\/pl\/#website"},"primaryImageOfPage":{"@id":"https:\/\/hundtgroup.com\/pl\/produkt\/poziomica-magnetyczna-70m-120-cm\/#primaryimage"},"image":{"@id":"https:\/\/hundtgroup.com\/pl\/produkt\/poziomica-magnetyczna-70m-120-cm\/#primaryimage"},"thumbnailUrl":"https:\/\/hundtgroup.com\/wp-content\/uploads\/420024.png","datePublished":"2022-10-26T13:58:25+00:00","dateModified":"2025-07-29T10:13:22+00:00","breadcrumb":{"@id":"https:\/\/hundtgroup.com\/pl\/produkt\/poziomica-magnetyczna-70m-120-cm\/#breadcrumb"},"inLanguage":"pl-PL","potentialAction":[{"@type":"ReadAction","target":["https:\/\/hundtgroup.com\/pl\/produkt\/poziomica-magnetyczna-70m-120-cm\/"]}]},{"@type":"ImageObject","inLanguage":"pl-PL","@id":"https:\/\/hundtgroup.com\/pl\/produkt\/poziomica-magnetyczna-70m-120-cm\/#primaryimage","url":"https:\/\/hundtgroup.com\/wp-content\/uploads\/420024.png","contentUrl":"https:\/\/hundtgroup.com\/wp-content\/uploads\/420024.png","width":827,"height":90},{"@type":"BreadcrumbList","@id":"https:\/\/hundtgroup.com\/pl\/produkt\/poziomica-magnetyczna-70m-120-cm\/#breadcrumb","itemListElement":[{"@type":"ListItem","position":1,"name":"Startseite","item":"https:\/\/hundtgroup.com\/pl\/strona-glowna-nowa\/"},{"@type":"ListItem","position":2,"name":"Sklep","item":"https:\/\/hundtgroup.com\/sklep\/"},{"@type":"ListItem","position":3,"name":"Poziomica magnetyczna 70M 120 cm"}]},{"@type":"WebSite","@id":"https:\/\/hundtgroup.com\/pl\/#website","url":"https:\/\/hundtgroup.com\/pl\/","name":"Wilhelm Hundt GmbH","description":"Specjalista od maszyn i narz\u0119dzi do obr\u00f3bki blachy","potentialAction":[{"@type":"SearchAction","target":{"@type":"EntryPoint","urlTemplate":"https:\/\/hundtgroup.com\/pl\/?s={search_term_string}"},"query-input":{"@type":"PropertyValueSpecification","valueRequired":true,"valueName":"search_term_string"}}],"inLanguage":"pl-PL"}]}},"_links":{"self":[{"href":"https:\/\/hundtgroup.com\/pl\/wp-json\/wp\/v2\/product\/21077","targetHints":{"allow":["GET"]}}],"collection":[{"href":"https:\/\/hundtgroup.com\/pl\/wp-json\/wp\/v2\/product"}],"about":[{"href":"https:\/\/hundtgroup.com\/pl\/wp-json\/wp\/v2\/types\/product"}],"wp:featuredmedia":[{"embeddable":true,"href":"https:\/\/hundtgroup.com\/pl\/wp-json\/wp\/v2\/media\/7217"}],"wp:attachment":[{"href":"https:\/\/hundtgroup.com\/pl\/wp-json\/wp\/v2\/media?parent=21077"}],"wp:term":[{"taxonomy":"product_cat","embeddable":true,"href":"https:\/\/hundtgroup.com\/pl\/wp-json\/wp\/v2\/product_cat?post=21077"},{"taxonomy":"product_tag","embeddable":true,"href":"https:\/\/hundtgroup.com\/pl\/wp-json\/wp\/v2\/product_tag?post=21077"}],"curies":[{"name":"wp","href":"https:\/\/api.w.org\/{rel}","templated":true}]}}