{"id":21809,"date":"2025-06-18T18:32:05","date_gmt":"2025-06-18T16:32:05","guid":{"rendered":"https:\/\/hundtgroup.com\/produkt\/okulary-ochronne-z-pelnym-polem-widzenia\/"},"modified":"2025-08-05T18:08:51","modified_gmt":"2025-08-05T16:08:51","slug":"okulary-ochronne-z-pelnym-polem-widzenia","status":"publish","type":"product","link":"https:\/\/hundtgroup.com\/pl\/produkt\/okulary-ochronne-z-pelnym-polem-widzenia\/","title":{"rendered":"Okulary ochronne z pe\u0142nym polem widzenia"},"content":{"rendered":"<p>Okulary ochronne z przezroczystymi soczewkami z tworzywa sztucznego, z bezpo\u015bredni\u0105 wentylacj\u0105, z certyfikatem CE, mog\u0105 by\u0107 noszone na okularach korekcyjnych.<\/p>\n","protected":false},"excerpt":{"rendered":"<p>Okulary ochronne z przezroczystymi soczewkami z tworzywa sztucznego, z bezpo\u015bredni\u0105 wentylacj\u0105, z certyfikatem CE, mog\u0105 by\u0107 noszone na okularach korekcyjnych.<\/p>\n","protected":false},"featured_media":6818,"template":"","meta":{"_acf_changed":false,"inline_featured_image":false},"product_cat":[1113,934],"product_tag":[],"class_list":{"0":"post-21809","1":"product","2":"type-product","3":"status-publish","4":"has-post-thumbnail","6":"brand-hundt","7":"product_cat-okulary-ochronne","8":"product_cat-bezpieczenstwo-pracy","10":"first","11":"instock","12":"taxable","13":"shipping-taxable","14":"purchasable","15":"product-type-simple","16":"add-to-wishlist-before_image"},"acf":[],"yoast_head":"<!-- This site is optimized with the Yoast SEO plugin v27.3 - https:\/\/yoast.com\/product\/yoast-seo-wordpress\/ -->\n<title>Okulary ochronne z pe\u0142nym polem widzenia - Wilhelm Hundt GmbH<\/title>\n<meta name=\"robots\" content=\"index, follow, max-snippet:-1, max-image-preview:large, max-video-preview:-1\" \/>\n<link rel=\"canonical\" href=\"https:\/\/hundtgroup.com\/pl\/produkt\/okulary-ochronne-z-pelnym-polem-widzenia\/\" \/>\n<meta property=\"og:locale\" content=\"pl_PL\" \/>\n<meta property=\"og:type\" content=\"article\" \/>\n<meta property=\"og:title\" content=\"Okulary ochronne z pe\u0142nym polem widzenia - Wilhelm Hundt GmbH\" \/>\n<meta property=\"og:description\" content=\"Okulary ochronne z przezroczystymi soczewkami z tworzywa sztucznego, z bezpo\u015bredni\u0105 wentylacj\u0105, z certyfikatem CE, mog\u0105 by\u0107 noszone na okularach korekcyjnych.\" \/>\n<meta property=\"og:url\" content=\"https:\/\/hundtgroup.com\/pl\/produkt\/okulary-ochronne-z-pelnym-polem-widzenia\/\" \/>\n<meta property=\"og:site_name\" content=\"Wilhelm Hundt GmbH\" \/>\n<meta property=\"article:modified_time\" content=\"2025-08-05T16:08:51+00:00\" \/>\n<meta property=\"og:image\" content=\"https:\/\/hundtgroup.com\/wp-content\/uploads\/290140.png\" \/>\n\t<meta property=\"og:image:width\" content=\"530\" \/>\n\t<meta property=\"og:image:height\" content=\"273\" \/>\n\t<meta property=\"og:image:type\" content=\"image\/png\" \/>\n<meta name=\"twitter:card\" content=\"summary_large_image\" \/>\n<script type=\"application\/ld+json\" class=\"yoast-schema-graph\">{\"@context\":\"https:\\\/\\\/schema.org\",\"@graph\":[{\"@type\":\"WebPage\",\"@id\":\"https:\\\/\\\/hundtgroup.com\\\/pl\\\/produkt\\\/okulary-ochronne-z-pelnym-polem-widzenia\\\/\",\"url\":\"https:\\\/\\\/hundtgroup.com\\\/pl\\\/produkt\\\/okulary-ochronne-z-pelnym-polem-widzenia\\\/\",\"name\":\"Okulary ochronne z pe\u0142nym polem widzenia - Wilhelm Hundt GmbH\",\"isPartOf\":{\"@id\":\"https:\\\/\\\/hundtgroup.com\\\/pl\\\/#website\"},\"primaryImageOfPage\":{\"@id\":\"https:\\\/\\\/hundtgroup.com\\\/pl\\\/produkt\\\/okulary-ochronne-z-pelnym-polem-widzenia\\\/#primaryimage\"},\"image\":{\"@id\":\"https:\\\/\\\/hundtgroup.com\\\/pl\\\/produkt\\\/okulary-ochronne-z-pelnym-polem-widzenia\\\/#primaryimage\"},\"thumbnailUrl\":\"https:\\\/\\\/hundtgroup.com\\\/wp-content\\\/uploads\\\/290140.png\",\"datePublished\":\"2025-06-18T16:32:05+00:00\",\"dateModified\":\"2025-08-05T16:08:51+00:00\",\"breadcrumb\":{\"@id\":\"https:\\\/\\\/hundtgroup.com\\\/pl\\\/produkt\\\/okulary-ochronne-z-pelnym-polem-widzenia\\\/#breadcrumb\"},\"inLanguage\":\"pl-PL\",\"potentialAction\":[{\"@type\":\"ReadAction\",\"target\":[\"https:\\\/\\\/hundtgroup.com\\\/pl\\\/produkt\\\/okulary-ochronne-z-pelnym-polem-widzenia\\\/\"]}]},{\"@type\":\"ImageObject\",\"inLanguage\":\"pl-PL\",\"@id\":\"https:\\\/\\\/hundtgroup.com\\\/pl\\\/produkt\\\/okulary-ochronne-z-pelnym-polem-widzenia\\\/#primaryimage\",\"url\":\"https:\\\/\\\/hundtgroup.com\\\/wp-content\\\/uploads\\\/290140.png\",\"contentUrl\":\"https:\\\/\\\/hundtgroup.com\\\/wp-content\\\/uploads\\\/290140.png\",\"width\":530,\"height\":273},{\"@type\":\"BreadcrumbList\",\"@id\":\"https:\\\/\\\/hundtgroup.com\\\/pl\\\/produkt\\\/okulary-ochronne-z-pelnym-polem-widzenia\\\/#breadcrumb\",\"itemListElement\":[{\"@type\":\"ListItem\",\"position\":1,\"name\":\"Startseite\",\"item\":\"https:\\\/\\\/hundtgroup.com\\\/pl\\\/strona-glowna-nowa\\\/\"},{\"@type\":\"ListItem\",\"position\":2,\"name\":\"Sklep\",\"item\":\"https:\\\/\\\/hundtgroup.com\\\/sklep\\\/\"},{\"@type\":\"ListItem\",\"position\":3,\"name\":\"Okulary ochronne z pe\u0142nym polem widzenia\"}]},{\"@type\":\"WebSite\",\"@id\":\"https:\\\/\\\/hundtgroup.com\\\/pl\\\/#website\",\"url\":\"https:\\\/\\\/hundtgroup.com\\\/pl\\\/\",\"name\":\"Wilhelm Hundt GmbH\",\"description\":\"Specjalista od maszyn i narz\u0119dzi do obr\u00f3bki blachy\",\"potentialAction\":[{\"@type\":\"SearchAction\",\"target\":{\"@type\":\"EntryPoint\",\"urlTemplate\":\"https:\\\/\\\/hundtgroup.com\\\/pl\\\/?s={search_term_string}\"},\"query-input\":{\"@type\":\"PropertyValueSpecification\",\"valueRequired\":true,\"valueName\":\"search_term_string\"}}],\"inLanguage\":\"pl-PL\"}]}<\/script>\n<!-- \/ Yoast SEO plugin. -->","yoast_head_json":{"title":"Okulary ochronne z pe\u0142nym polem widzenia - Wilhelm Hundt GmbH","robots":{"index":"index","follow":"follow","max-snippet":"max-snippet:-1","max-image-preview":"max-image-preview:large","max-video-preview":"max-video-preview:-1"},"canonical":"https:\/\/hundtgroup.com\/pl\/produkt\/okulary-ochronne-z-pelnym-polem-widzenia\/","og_locale":"pl_PL","og_type":"article","og_title":"Okulary ochronne z pe\u0142nym polem widzenia - Wilhelm Hundt GmbH","og_description":"Okulary ochronne z przezroczystymi soczewkami z tworzywa sztucznego, z bezpo\u015bredni\u0105 wentylacj\u0105, z certyfikatem CE, mog\u0105 by\u0107 noszone na okularach korekcyjnych.","og_url":"https:\/\/hundtgroup.com\/pl\/produkt\/okulary-ochronne-z-pelnym-polem-widzenia\/","og_site_name":"Wilhelm Hundt GmbH","article_modified_time":"2025-08-05T16:08:51+00:00","og_image":[{"width":530,"height":273,"url":"https:\/\/hundtgroup.com\/wp-content\/uploads\/290140.png","type":"image\/png"}],"twitter_card":"summary_large_image","schema":{"@context":"https:\/\/schema.org","@graph":[{"@type":"WebPage","@id":"https:\/\/hundtgroup.com\/pl\/produkt\/okulary-ochronne-z-pelnym-polem-widzenia\/","url":"https:\/\/hundtgroup.com\/pl\/produkt\/okulary-ochronne-z-pelnym-polem-widzenia\/","name":"Okulary ochronne z pe\u0142nym polem widzenia - Wilhelm Hundt GmbH","isPartOf":{"@id":"https:\/\/hundtgroup.com\/pl\/#website"},"primaryImageOfPage":{"@id":"https:\/\/hundtgroup.com\/pl\/produkt\/okulary-ochronne-z-pelnym-polem-widzenia\/#primaryimage"},"image":{"@id":"https:\/\/hundtgroup.com\/pl\/produkt\/okulary-ochronne-z-pelnym-polem-widzenia\/#primaryimage"},"thumbnailUrl":"https:\/\/hundtgroup.com\/wp-content\/uploads\/290140.png","datePublished":"2025-06-18T16:32:05+00:00","dateModified":"2025-08-05T16:08:51+00:00","breadcrumb":{"@id":"https:\/\/hundtgroup.com\/pl\/produkt\/okulary-ochronne-z-pelnym-polem-widzenia\/#breadcrumb"},"inLanguage":"pl-PL","potentialAction":[{"@type":"ReadAction","target":["https:\/\/hundtgroup.com\/pl\/produkt\/okulary-ochronne-z-pelnym-polem-widzenia\/"]}]},{"@type":"ImageObject","inLanguage":"pl-PL","@id":"https:\/\/hundtgroup.com\/pl\/produkt\/okulary-ochronne-z-pelnym-polem-widzenia\/#primaryimage","url":"https:\/\/hundtgroup.com\/wp-content\/uploads\/290140.png","contentUrl":"https:\/\/hundtgroup.com\/wp-content\/uploads\/290140.png","width":530,"height":273},{"@type":"BreadcrumbList","@id":"https:\/\/hundtgroup.com\/pl\/produkt\/okulary-ochronne-z-pelnym-polem-widzenia\/#breadcrumb","itemListElement":[{"@type":"ListItem","position":1,"name":"Startseite","item":"https:\/\/hundtgroup.com\/pl\/strona-glowna-nowa\/"},{"@type":"ListItem","position":2,"name":"Sklep","item":"https:\/\/hundtgroup.com\/sklep\/"},{"@type":"ListItem","position":3,"name":"Okulary ochronne z pe\u0142nym polem widzenia"}]},{"@type":"WebSite","@id":"https:\/\/hundtgroup.com\/pl\/#website","url":"https:\/\/hundtgroup.com\/pl\/","name":"Wilhelm Hundt GmbH","description":"Specjalista od maszyn i narz\u0119dzi do obr\u00f3bki blachy","potentialAction":[{"@type":"SearchAction","target":{"@type":"EntryPoint","urlTemplate":"https:\/\/hundtgroup.com\/pl\/?s={search_term_string}"},"query-input":{"@type":"PropertyValueSpecification","valueRequired":true,"valueName":"search_term_string"}}],"inLanguage":"pl-PL"}]}},"_links":{"self":[{"href":"https:\/\/hundtgroup.com\/pl\/wp-json\/wp\/v2\/product\/21809","targetHints":{"allow":["GET"]}}],"collection":[{"href":"https:\/\/hundtgroup.com\/pl\/wp-json\/wp\/v2\/product"}],"about":[{"href":"https:\/\/hundtgroup.com\/pl\/wp-json\/wp\/v2\/types\/product"}],"wp:featuredmedia":[{"embeddable":true,"href":"https:\/\/hundtgroup.com\/pl\/wp-json\/wp\/v2\/media\/6818"}],"wp:attachment":[{"href":"https:\/\/hundtgroup.com\/pl\/wp-json\/wp\/v2\/media?parent=21809"}],"wp:term":[{"taxonomy":"product_cat","embeddable":true,"href":"https:\/\/hundtgroup.com\/pl\/wp-json\/wp\/v2\/product_cat?post=21809"},{"taxonomy":"product_tag","embeddable":true,"href":"https:\/\/hundtgroup.com\/pl\/wp-json\/wp\/v2\/product_tag?post=21809"}],"curies":[{"name":"wp","href":"https:\/\/api.w.org\/{rel}","templated":true}]}}