{"id":22088,"date":"2025-06-18T18:32:16","date_gmt":"2025-06-18T16:32:16","guid":{"rendered":"https:\/\/hundtgroup.com\/produkt\/wkret-samogwintujacy-din-7976-42-x-16-mm-v2a-podkladka-pa\/"},"modified":"2025-07-28T17:01:43","modified_gmt":"2025-07-28T15:01:43","slug":"wkret-samogwintujacy-din-7976-42-x-16-mm-v2a-podkladka-pa","status":"publish","type":"product","link":"https:\/\/hundtgroup.com\/pl\/produkt\/wkret-samogwintujacy-din-7976-42-x-16-mm-v2a-podkladka-pa\/","title":{"rendered":"Wkr\u0119t samogwintuj\u0105cy DIN 7976 4,2 x 16 mm V2A + podk\u0142adka PA"},"content":{"rendered":"<p>Wkr\u0119ty do blachy z \u0142bem sze\u015bciok\u0105tnym, V2A<\/p>\n<p>Cena za 1000 sztuk<br \/>\n(np. ilo\u015b\u0107 zam\u00f3wienia 5 = 5000 sztuk)<\/p>\n","protected":false},"excerpt":{"rendered":"<p>Wkr\u0119ty do blachy z \u0142bem sze\u015bciok\u0105tnym, V2A Cena za 1000 sztuk (np. ilo\u015b\u0107 zam\u00f3wienia 5 = 5000 sztuk)<\/p>\n","protected":false},"featured_media":11799,"template":"","meta":{"_acf_changed":false,"inline_featured_image":false},"product_cat":[1132,1116,1120,1027],"product_tag":[],"class_list":{"0":"post-22088","1":"product","2":"type-product","3":"status-publish","4":"has-post-thumbnail","6":"brand-hundt","7":"product_cat-oe-42-pl","8":"product_cat-wkrety-do-blachy-z-lbem-szesciokatnym","9":"product_cat-v2a-dysk-pa","10":"product_cat-technologia-mocowania","12":"first","13":"instock","14":"taxable","15":"shipping-taxable","16":"purchasable","17":"product-type-simple","18":"add-to-wishlist-before_image"},"acf":[],"yoast_head":"<!-- This site is optimized with the Yoast SEO plugin v27.3 - https:\/\/yoast.com\/product\/yoast-seo-wordpress\/ -->\n<title>Wkr\u0119t samogwintuj\u0105cy DIN 7976 4,2 x 16 mm V2A + podk\u0142adka PA - Wilhelm Hundt GmbH<\/title>\n<meta name=\"robots\" content=\"index, follow, max-snippet:-1, max-image-preview:large, max-video-preview:-1\" \/>\n<link rel=\"canonical\" href=\"https:\/\/hundtgroup.com\/pl\/produkt\/wkret-samogwintujacy-din-7976-42-x-16-mm-v2a-podkladka-pa\/\" \/>\n<meta property=\"og:locale\" content=\"pl_PL\" \/>\n<meta property=\"og:type\" content=\"article\" \/>\n<meta property=\"og:title\" content=\"Wkr\u0119t samogwintuj\u0105cy DIN 7976 4,2 x 16 mm V2A + podk\u0142adka PA - Wilhelm Hundt GmbH\" \/>\n<meta property=\"og:description\" content=\"Wkr\u0119ty do blachy z \u0142bem sze\u015bciok\u0105tnym, V2A Cena za 1000 sztuk (np. ilo\u015b\u0107 zam\u00f3wienia 5 = 5000 sztuk)\" \/>\n<meta property=\"og:url\" content=\"https:\/\/hundtgroup.com\/pl\/produkt\/wkret-samogwintujacy-din-7976-42-x-16-mm-v2a-podkladka-pa\/\" \/>\n<meta property=\"og:site_name\" content=\"Wilhelm Hundt GmbH\" \/>\n<meta property=\"article:modified_time\" content=\"2025-07-28T15:01:43+00:00\" \/>\n<meta property=\"og:image\" content=\"https:\/\/hundtgroup.com\/wp-content\/uploads\/600194.jpg\" \/>\n\t<meta property=\"og:image:width\" content=\"460\" \/>\n\t<meta property=\"og:image:height\" content=\"460\" \/>\n\t<meta property=\"og:image:type\" content=\"image\/jpeg\" \/>\n<meta name=\"twitter:card\" content=\"summary_large_image\" \/>\n<script type=\"application\/ld+json\" class=\"yoast-schema-graph\">{\"@context\":\"https:\\\/\\\/schema.org\",\"@graph\":[{\"@type\":\"WebPage\",\"@id\":\"https:\\\/\\\/hundtgroup.com\\\/pl\\\/produkt\\\/wkret-samogwintujacy-din-7976-42-x-16-mm-v2a-podkladka-pa\\\/\",\"url\":\"https:\\\/\\\/hundtgroup.com\\\/pl\\\/produkt\\\/wkret-samogwintujacy-din-7976-42-x-16-mm-v2a-podkladka-pa\\\/\",\"name\":\"Wkr\u0119t samogwintuj\u0105cy DIN 7976 4,2 x 16 mm V2A + podk\u0142adka PA - Wilhelm Hundt GmbH\",\"isPartOf\":{\"@id\":\"https:\\\/\\\/hundtgroup.com\\\/pl\\\/#website\"},\"primaryImageOfPage\":{\"@id\":\"https:\\\/\\\/hundtgroup.com\\\/pl\\\/produkt\\\/wkret-samogwintujacy-din-7976-42-x-16-mm-v2a-podkladka-pa\\\/#primaryimage\"},\"image\":{\"@id\":\"https:\\\/\\\/hundtgroup.com\\\/pl\\\/produkt\\\/wkret-samogwintujacy-din-7976-42-x-16-mm-v2a-podkladka-pa\\\/#primaryimage\"},\"thumbnailUrl\":\"https:\\\/\\\/hundtgroup.com\\\/wp-content\\\/uploads\\\/600194.jpg\",\"datePublished\":\"2025-06-18T16:32:16+00:00\",\"dateModified\":\"2025-07-28T15:01:43+00:00\",\"breadcrumb\":{\"@id\":\"https:\\\/\\\/hundtgroup.com\\\/pl\\\/produkt\\\/wkret-samogwintujacy-din-7976-42-x-16-mm-v2a-podkladka-pa\\\/#breadcrumb\"},\"inLanguage\":\"pl-PL\",\"potentialAction\":[{\"@type\":\"ReadAction\",\"target\":[\"https:\\\/\\\/hundtgroup.com\\\/pl\\\/produkt\\\/wkret-samogwintujacy-din-7976-42-x-16-mm-v2a-podkladka-pa\\\/\"]}]},{\"@type\":\"ImageObject\",\"inLanguage\":\"pl-PL\",\"@id\":\"https:\\\/\\\/hundtgroup.com\\\/pl\\\/produkt\\\/wkret-samogwintujacy-din-7976-42-x-16-mm-v2a-podkladka-pa\\\/#primaryimage\",\"url\":\"https:\\\/\\\/hundtgroup.com\\\/wp-content\\\/uploads\\\/600194.jpg\",\"contentUrl\":\"https:\\\/\\\/hundtgroup.com\\\/wp-content\\\/uploads\\\/600194.jpg\",\"width\":460,\"height\":460},{\"@type\":\"BreadcrumbList\",\"@id\":\"https:\\\/\\\/hundtgroup.com\\\/pl\\\/produkt\\\/wkret-samogwintujacy-din-7976-42-x-16-mm-v2a-podkladka-pa\\\/#breadcrumb\",\"itemListElement\":[{\"@type\":\"ListItem\",\"position\":1,\"name\":\"Startseite\",\"item\":\"https:\\\/\\\/hundtgroup.com\\\/pl\\\/strona-glowna-nowa\\\/\"},{\"@type\":\"ListItem\",\"position\":2,\"name\":\"Sklep\",\"item\":\"https:\\\/\\\/hundtgroup.com\\\/sklep\\\/\"},{\"@type\":\"ListItem\",\"position\":3,\"name\":\"Wkr\u0119t samogwintuj\u0105cy DIN 7976 4,2 x 16 mm V2A + podk\u0142adka PA\"}]},{\"@type\":\"WebSite\",\"@id\":\"https:\\\/\\\/hundtgroup.com\\\/pl\\\/#website\",\"url\":\"https:\\\/\\\/hundtgroup.com\\\/pl\\\/\",\"name\":\"Wilhelm Hundt GmbH\",\"description\":\"Specjalista od maszyn i narz\u0119dzi do obr\u00f3bki blachy\",\"potentialAction\":[{\"@type\":\"SearchAction\",\"target\":{\"@type\":\"EntryPoint\",\"urlTemplate\":\"https:\\\/\\\/hundtgroup.com\\\/pl\\\/?s={search_term_string}\"},\"query-input\":{\"@type\":\"PropertyValueSpecification\",\"valueRequired\":true,\"valueName\":\"search_term_string\"}}],\"inLanguage\":\"pl-PL\"}]}<\/script>\n<!-- \/ Yoast SEO plugin. -->","yoast_head_json":{"title":"Wkr\u0119t samogwintuj\u0105cy DIN 7976 4,2 x 16 mm V2A + podk\u0142adka PA - Wilhelm Hundt GmbH","robots":{"index":"index","follow":"follow","max-snippet":"max-snippet:-1","max-image-preview":"max-image-preview:large","max-video-preview":"max-video-preview:-1"},"canonical":"https:\/\/hundtgroup.com\/pl\/produkt\/wkret-samogwintujacy-din-7976-42-x-16-mm-v2a-podkladka-pa\/","og_locale":"pl_PL","og_type":"article","og_title":"Wkr\u0119t samogwintuj\u0105cy DIN 7976 4,2 x 16 mm V2A + podk\u0142adka PA - Wilhelm Hundt GmbH","og_description":"Wkr\u0119ty do blachy z \u0142bem sze\u015bciok\u0105tnym, V2A Cena za 1000 sztuk (np. ilo\u015b\u0107 zam\u00f3wienia 5 = 5000 sztuk)","og_url":"https:\/\/hundtgroup.com\/pl\/produkt\/wkret-samogwintujacy-din-7976-42-x-16-mm-v2a-podkladka-pa\/","og_site_name":"Wilhelm Hundt GmbH","article_modified_time":"2025-07-28T15:01:43+00:00","og_image":[{"width":460,"height":460,"url":"https:\/\/hundtgroup.com\/wp-content\/uploads\/600194.jpg","type":"image\/jpeg"}],"twitter_card":"summary_large_image","schema":{"@context":"https:\/\/schema.org","@graph":[{"@type":"WebPage","@id":"https:\/\/hundtgroup.com\/pl\/produkt\/wkret-samogwintujacy-din-7976-42-x-16-mm-v2a-podkladka-pa\/","url":"https:\/\/hundtgroup.com\/pl\/produkt\/wkret-samogwintujacy-din-7976-42-x-16-mm-v2a-podkladka-pa\/","name":"Wkr\u0119t samogwintuj\u0105cy DIN 7976 4,2 x 16 mm V2A + podk\u0142adka PA - Wilhelm Hundt GmbH","isPartOf":{"@id":"https:\/\/hundtgroup.com\/pl\/#website"},"primaryImageOfPage":{"@id":"https:\/\/hundtgroup.com\/pl\/produkt\/wkret-samogwintujacy-din-7976-42-x-16-mm-v2a-podkladka-pa\/#primaryimage"},"image":{"@id":"https:\/\/hundtgroup.com\/pl\/produkt\/wkret-samogwintujacy-din-7976-42-x-16-mm-v2a-podkladka-pa\/#primaryimage"},"thumbnailUrl":"https:\/\/hundtgroup.com\/wp-content\/uploads\/600194.jpg","datePublished":"2025-06-18T16:32:16+00:00","dateModified":"2025-07-28T15:01:43+00:00","breadcrumb":{"@id":"https:\/\/hundtgroup.com\/pl\/produkt\/wkret-samogwintujacy-din-7976-42-x-16-mm-v2a-podkladka-pa\/#breadcrumb"},"inLanguage":"pl-PL","potentialAction":[{"@type":"ReadAction","target":["https:\/\/hundtgroup.com\/pl\/produkt\/wkret-samogwintujacy-din-7976-42-x-16-mm-v2a-podkladka-pa\/"]}]},{"@type":"ImageObject","inLanguage":"pl-PL","@id":"https:\/\/hundtgroup.com\/pl\/produkt\/wkret-samogwintujacy-din-7976-42-x-16-mm-v2a-podkladka-pa\/#primaryimage","url":"https:\/\/hundtgroup.com\/wp-content\/uploads\/600194.jpg","contentUrl":"https:\/\/hundtgroup.com\/wp-content\/uploads\/600194.jpg","width":460,"height":460},{"@type":"BreadcrumbList","@id":"https:\/\/hundtgroup.com\/pl\/produkt\/wkret-samogwintujacy-din-7976-42-x-16-mm-v2a-podkladka-pa\/#breadcrumb","itemListElement":[{"@type":"ListItem","position":1,"name":"Startseite","item":"https:\/\/hundtgroup.com\/pl\/strona-glowna-nowa\/"},{"@type":"ListItem","position":2,"name":"Sklep","item":"https:\/\/hundtgroup.com\/sklep\/"},{"@type":"ListItem","position":3,"name":"Wkr\u0119t samogwintuj\u0105cy DIN 7976 4,2 x 16 mm V2A + podk\u0142adka PA"}]},{"@type":"WebSite","@id":"https:\/\/hundtgroup.com\/pl\/#website","url":"https:\/\/hundtgroup.com\/pl\/","name":"Wilhelm Hundt GmbH","description":"Specjalista od maszyn i narz\u0119dzi do obr\u00f3bki blachy","potentialAction":[{"@type":"SearchAction","target":{"@type":"EntryPoint","urlTemplate":"https:\/\/hundtgroup.com\/pl\/?s={search_term_string}"},"query-input":{"@type":"PropertyValueSpecification","valueRequired":true,"valueName":"search_term_string"}}],"inLanguage":"pl-PL"}]}},"_links":{"self":[{"href":"https:\/\/hundtgroup.com\/pl\/wp-json\/wp\/v2\/product\/22088","targetHints":{"allow":["GET"]}}],"collection":[{"href":"https:\/\/hundtgroup.com\/pl\/wp-json\/wp\/v2\/product"}],"about":[{"href":"https:\/\/hundtgroup.com\/pl\/wp-json\/wp\/v2\/types\/product"}],"wp:featuredmedia":[{"embeddable":true,"href":"https:\/\/hundtgroup.com\/pl\/wp-json\/wp\/v2\/media\/11799"}],"wp:attachment":[{"href":"https:\/\/hundtgroup.com\/pl\/wp-json\/wp\/v2\/media?parent=22088"}],"wp:term":[{"taxonomy":"product_cat","embeddable":true,"href":"https:\/\/hundtgroup.com\/pl\/wp-json\/wp\/v2\/product_cat?post=22088"},{"taxonomy":"product_tag","embeddable":true,"href":"https:\/\/hundtgroup.com\/pl\/wp-json\/wp\/v2\/product_tag?post=22088"}],"curies":[{"name":"wp","href":"https:\/\/api.w.org\/{rel}","templated":true}]}}