{"id":22240,"date":"2025-06-18T18:31:51","date_gmt":"2025-06-18T16:31:51","guid":{"rendered":"https:\/\/hundtgroup.com\/produkt\/reflektor-budowlany-led-makita-ml003g\/"},"modified":"2025-07-28T16:54:45","modified_gmt":"2025-07-28T14:54:45","slug":"reflektor-budowlany-led-makita-ml003g","status":"publish","type":"product","link":"https:\/\/hundtgroup.com\/pl\/produkt\/reflektor-budowlany-led-makita-ml003g\/","title":{"rendered":"Reflektor budowlany LED Makita ML003G"},"content":{"rendered":"<p>20 zainstalowanych na sta\u0142e diod LED, ka\u017cda o mocy 0,6 W, zapewnia optymalne o\u015bwietlenie. Dzi\u0119ki dw\u00f3m poziomom jasno\u015bci mo\u017cna wygenerowa\u0107 strumie\u0144 \u015bwietlny o warto\u015bci 450 lub 1100 lumen\u00f3w. Korpus lampy mo\u017cna bezstopniowo przechyla\u0107 w g\u00f3r\u0119 i w d\u00f3\u0142 o 240\u00b0.  <\/p>\n","protected":false},"excerpt":{"rendered":"<p>20 zainstalowanych na sta\u0142e diod LED, ka\u017cda o mocy 0,6 W, zapewnia optymalne o\u015bwietlenie. Dzi\u0119ki dw\u00f3m poziomom jasno\u015bci mo\u017cna wygenerowa\u0107 strumie\u0144 \u015bwietlny o warto\u015bci 450 lub 1100 lumen\u00f3w. Korpus lampy mo\u017cna bezstopniowo przechyla\u0107 w g\u00f3r\u0119 i w d\u00f3\u0142 o 240\u00b0.<\/p>\n","protected":false},"featured_media":0,"template":"","meta":{"_acf_changed":false,"inline_featured_image":false},"product_cat":[1110,950],"product_tag":[],"class_list":{"0":"post-22240","1":"product","2":"type-product","3":"status-publish","5":"brand-makita","6":"product_cat-reflektor","7":"product_cat-wyposazenie-placu-budowy","9":"first","10":"instock","11":"taxable","12":"shipping-taxable","13":"purchasable","14":"product-type-simple","15":"add-to-wishlist-before_image"},"acf":[],"yoast_head":"<!-- This site is optimized with the Yoast SEO plugin v27.3 - https:\/\/yoast.com\/product\/yoast-seo-wordpress\/ -->\n<title>Reflektor budowlany LED Makita ML003G - Wilhelm Hundt GmbH<\/title>\n<meta name=\"robots\" content=\"index, follow, max-snippet:-1, max-image-preview:large, max-video-preview:-1\" \/>\n<link rel=\"canonical\" href=\"https:\/\/hundtgroup.com\/pl\/produkt\/reflektor-budowlany-led-makita-ml003g\/\" \/>\n<meta property=\"og:locale\" content=\"pl_PL\" \/>\n<meta property=\"og:type\" content=\"article\" \/>\n<meta property=\"og:title\" content=\"Reflektor budowlany LED Makita ML003G - Wilhelm Hundt GmbH\" \/>\n<meta property=\"og:description\" content=\"20 zainstalowanych na sta\u0142e diod LED, ka\u017cda o mocy 0,6 W, zapewnia optymalne o\u015bwietlenie. Dzi\u0119ki dw\u00f3m poziomom jasno\u015bci mo\u017cna wygenerowa\u0107 strumie\u0144 \u015bwietlny o warto\u015bci 450 lub 1100 lumen\u00f3w. Korpus lampy mo\u017cna bezstopniowo przechyla\u0107 w g\u00f3r\u0119 i w d\u00f3\u0142 o 240\u00b0.\" \/>\n<meta property=\"og:url\" content=\"https:\/\/hundtgroup.com\/pl\/produkt\/reflektor-budowlany-led-makita-ml003g\/\" \/>\n<meta property=\"og:site_name\" content=\"Wilhelm Hundt GmbH\" \/>\n<meta property=\"article:modified_time\" content=\"2025-07-28T14:54:45+00:00\" \/>\n<meta name=\"twitter:card\" content=\"summary_large_image\" \/>\n<script type=\"application\/ld+json\" class=\"yoast-schema-graph\">{\"@context\":\"https:\\\/\\\/schema.org\",\"@graph\":[{\"@type\":\"WebPage\",\"@id\":\"https:\\\/\\\/hundtgroup.com\\\/pl\\\/produkt\\\/reflektor-budowlany-led-makita-ml003g\\\/\",\"url\":\"https:\\\/\\\/hundtgroup.com\\\/pl\\\/produkt\\\/reflektor-budowlany-led-makita-ml003g\\\/\",\"name\":\"Reflektor budowlany LED Makita ML003G - Wilhelm Hundt GmbH\",\"isPartOf\":{\"@id\":\"https:\\\/\\\/hundtgroup.com\\\/pl\\\/#website\"},\"datePublished\":\"2025-06-18T16:31:51+00:00\",\"dateModified\":\"2025-07-28T14:54:45+00:00\",\"breadcrumb\":{\"@id\":\"https:\\\/\\\/hundtgroup.com\\\/pl\\\/produkt\\\/reflektor-budowlany-led-makita-ml003g\\\/#breadcrumb\"},\"inLanguage\":\"pl-PL\",\"potentialAction\":[{\"@type\":\"ReadAction\",\"target\":[\"https:\\\/\\\/hundtgroup.com\\\/pl\\\/produkt\\\/reflektor-budowlany-led-makita-ml003g\\\/\"]}]},{\"@type\":\"BreadcrumbList\",\"@id\":\"https:\\\/\\\/hundtgroup.com\\\/pl\\\/produkt\\\/reflektor-budowlany-led-makita-ml003g\\\/#breadcrumb\",\"itemListElement\":[{\"@type\":\"ListItem\",\"position\":1,\"name\":\"Startseite\",\"item\":\"https:\\\/\\\/hundtgroup.com\\\/pl\\\/strona-glowna-nowa\\\/\"},{\"@type\":\"ListItem\",\"position\":2,\"name\":\"Sklep\",\"item\":\"https:\\\/\\\/hundtgroup.com\\\/sklep\\\/\"},{\"@type\":\"ListItem\",\"position\":3,\"name\":\"Reflektor budowlany LED Makita ML003G\"}]},{\"@type\":\"WebSite\",\"@id\":\"https:\\\/\\\/hundtgroup.com\\\/pl\\\/#website\",\"url\":\"https:\\\/\\\/hundtgroup.com\\\/pl\\\/\",\"name\":\"Wilhelm Hundt GmbH\",\"description\":\"Specjalista od maszyn i narz\u0119dzi do obr\u00f3bki blachy\",\"potentialAction\":[{\"@type\":\"SearchAction\",\"target\":{\"@type\":\"EntryPoint\",\"urlTemplate\":\"https:\\\/\\\/hundtgroup.com\\\/pl\\\/?s={search_term_string}\"},\"query-input\":{\"@type\":\"PropertyValueSpecification\",\"valueRequired\":true,\"valueName\":\"search_term_string\"}}],\"inLanguage\":\"pl-PL\"}]}<\/script>\n<!-- \/ Yoast SEO plugin. -->","yoast_head_json":{"title":"Reflektor budowlany LED Makita ML003G - Wilhelm Hundt GmbH","robots":{"index":"index","follow":"follow","max-snippet":"max-snippet:-1","max-image-preview":"max-image-preview:large","max-video-preview":"max-video-preview:-1"},"canonical":"https:\/\/hundtgroup.com\/pl\/produkt\/reflektor-budowlany-led-makita-ml003g\/","og_locale":"pl_PL","og_type":"article","og_title":"Reflektor budowlany LED Makita ML003G - Wilhelm Hundt GmbH","og_description":"20 zainstalowanych na sta\u0142e diod LED, ka\u017cda o mocy 0,6 W, zapewnia optymalne o\u015bwietlenie. Dzi\u0119ki dw\u00f3m poziomom jasno\u015bci mo\u017cna wygenerowa\u0107 strumie\u0144 \u015bwietlny o warto\u015bci 450 lub 1100 lumen\u00f3w. Korpus lampy mo\u017cna bezstopniowo przechyla\u0107 w g\u00f3r\u0119 i w d\u00f3\u0142 o 240\u00b0.","og_url":"https:\/\/hundtgroup.com\/pl\/produkt\/reflektor-budowlany-led-makita-ml003g\/","og_site_name":"Wilhelm Hundt GmbH","article_modified_time":"2025-07-28T14:54:45+00:00","twitter_card":"summary_large_image","schema":{"@context":"https:\/\/schema.org","@graph":[{"@type":"WebPage","@id":"https:\/\/hundtgroup.com\/pl\/produkt\/reflektor-budowlany-led-makita-ml003g\/","url":"https:\/\/hundtgroup.com\/pl\/produkt\/reflektor-budowlany-led-makita-ml003g\/","name":"Reflektor budowlany LED Makita ML003G - Wilhelm Hundt GmbH","isPartOf":{"@id":"https:\/\/hundtgroup.com\/pl\/#website"},"datePublished":"2025-06-18T16:31:51+00:00","dateModified":"2025-07-28T14:54:45+00:00","breadcrumb":{"@id":"https:\/\/hundtgroup.com\/pl\/produkt\/reflektor-budowlany-led-makita-ml003g\/#breadcrumb"},"inLanguage":"pl-PL","potentialAction":[{"@type":"ReadAction","target":["https:\/\/hundtgroup.com\/pl\/produkt\/reflektor-budowlany-led-makita-ml003g\/"]}]},{"@type":"BreadcrumbList","@id":"https:\/\/hundtgroup.com\/pl\/produkt\/reflektor-budowlany-led-makita-ml003g\/#breadcrumb","itemListElement":[{"@type":"ListItem","position":1,"name":"Startseite","item":"https:\/\/hundtgroup.com\/pl\/strona-glowna-nowa\/"},{"@type":"ListItem","position":2,"name":"Sklep","item":"https:\/\/hundtgroup.com\/sklep\/"},{"@type":"ListItem","position":3,"name":"Reflektor budowlany LED Makita ML003G"}]},{"@type":"WebSite","@id":"https:\/\/hundtgroup.com\/pl\/#website","url":"https:\/\/hundtgroup.com\/pl\/","name":"Wilhelm Hundt GmbH","description":"Specjalista od maszyn i narz\u0119dzi do obr\u00f3bki blachy","potentialAction":[{"@type":"SearchAction","target":{"@type":"EntryPoint","urlTemplate":"https:\/\/hundtgroup.com\/pl\/?s={search_term_string}"},"query-input":{"@type":"PropertyValueSpecification","valueRequired":true,"valueName":"search_term_string"}}],"inLanguage":"pl-PL"}]}},"_links":{"self":[{"href":"https:\/\/hundtgroup.com\/pl\/wp-json\/wp\/v2\/product\/22240","targetHints":{"allow":["GET"]}}],"collection":[{"href":"https:\/\/hundtgroup.com\/pl\/wp-json\/wp\/v2\/product"}],"about":[{"href":"https:\/\/hundtgroup.com\/pl\/wp-json\/wp\/v2\/types\/product"}],"wp:attachment":[{"href":"https:\/\/hundtgroup.com\/pl\/wp-json\/wp\/v2\/media?parent=22240"}],"wp:term":[{"taxonomy":"product_cat","embeddable":true,"href":"https:\/\/hundtgroup.com\/pl\/wp-json\/wp\/v2\/product_cat?post=22240"},{"taxonomy":"product_tag","embeddable":true,"href":"https:\/\/hundtgroup.com\/pl\/wp-json\/wp\/v2\/product_tag?post=22240"}],"curies":[{"name":"wp","href":"https:\/\/api.w.org\/{rel}","templated":true}]}}