{"id":22257,"date":"2025-06-18T18:31:54","date_gmt":"2025-06-18T16:31:54","guid":{"rendered":"https:\/\/hundtgroup.com\/produkt\/kompaktowa-torba-na-ramie-na-narzedzia-hundt\/"},"modified":"2026-04-01T12:48:21","modified_gmt":"2026-04-01T10:48:21","slug":"kompaktowa-torba-na-ramie-na-narzedzia-hundt","status":"publish","type":"product","link":"https:\/\/hundtgroup.com\/pl\/produkt\/kompaktowa-torba-na-ramie-na-narzedzia-hundt\/","title":{"rendered":"Kompaktowa torba na rami\u0119 na narz\u0119dzia Hundt"},"content":{"rendered":"<p>Kompaktowa i lekka torba narz\u0119dziowa na rami\u0119 z wy\u015bcie\u0142anym i regulowanym paskiem na rami\u0119<\/p>\n","protected":false},"excerpt":{"rendered":"<p>Kompaktowa i lekka torba narz\u0119dziowa na rami\u0119 z wy\u015bcie\u0142anym i regulowanym paskiem na rami\u0119<\/p>\n","protected":false},"featured_media":11337,"template":"","meta":{"_acf_changed":false,"inline_featured_image":false},"product_cat":[1025,950],"product_tag":[],"class_list":{"0":"post-22257","1":"product","2":"type-product","3":"status-publish","4":"has-post-thumbnail","6":"brand-hundt","7":"product_cat-transport-pl","8":"product_cat-wyposazenie-placu-budowy","10":"first","11":"instock","12":"taxable","13":"shipping-taxable","14":"purchasable","15":"product-type-simple","16":"add-to-wishlist-before_image"},"acf":[],"yoast_head":"<!-- This site is optimized with the Yoast SEO plugin v27.3 - https:\/\/yoast.com\/product\/yoast-seo-wordpress\/ -->\n<title>Kompaktowa torba na rami\u0119 na narz\u0119dzia Hundt - Wilhelm Hundt GmbH<\/title>\n<meta name=\"robots\" content=\"index, follow, max-snippet:-1, max-image-preview:large, max-video-preview:-1\" \/>\n<link rel=\"canonical\" href=\"https:\/\/hundtgroup.com\/pl\/produkt\/kompaktowa-torba-na-ramie-na-narzedzia-hundt\/\" \/>\n<meta property=\"og:locale\" content=\"pl_PL\" \/>\n<meta property=\"og:type\" content=\"article\" \/>\n<meta property=\"og:title\" content=\"Kompaktowa torba na rami\u0119 na narz\u0119dzia Hundt - Wilhelm Hundt GmbH\" \/>\n<meta property=\"og:description\" content=\"Kompaktowa i lekka torba narz\u0119dziowa na rami\u0119 z wy\u015bcie\u0142anym i regulowanym paskiem na rami\u0119\" \/>\n<meta property=\"og:url\" content=\"https:\/\/hundtgroup.com\/pl\/produkt\/kompaktowa-torba-na-ramie-na-narzedzia-hundt\/\" \/>\n<meta property=\"og:site_name\" content=\"Wilhelm Hundt GmbH\" \/>\n<meta property=\"article:modified_time\" content=\"2026-04-01T10:48:21+00:00\" \/>\n<meta property=\"og:image\" content=\"https:\/\/hundtgroup.com\/wp-content\/uploads\/210007.jpg\" \/>\n\t<meta property=\"og:image:width\" content=\"606\" \/>\n\t<meta property=\"og:image:height\" content=\"510\" \/>\n\t<meta property=\"og:image:type\" content=\"image\/jpeg\" \/>\n<meta name=\"twitter:card\" content=\"summary_large_image\" \/>\n<script type=\"application\/ld+json\" class=\"yoast-schema-graph\">{\"@context\":\"https:\\\/\\\/schema.org\",\"@graph\":[{\"@type\":\"WebPage\",\"@id\":\"https:\\\/\\\/hundtgroup.com\\\/pl\\\/produkt\\\/kompaktowa-torba-na-ramie-na-narzedzia-hundt\\\/\",\"url\":\"https:\\\/\\\/hundtgroup.com\\\/pl\\\/produkt\\\/kompaktowa-torba-na-ramie-na-narzedzia-hundt\\\/\",\"name\":\"Kompaktowa torba na rami\u0119 na narz\u0119dzia Hundt - Wilhelm Hundt GmbH\",\"isPartOf\":{\"@id\":\"https:\\\/\\\/hundtgroup.com\\\/pl\\\/#website\"},\"primaryImageOfPage\":{\"@id\":\"https:\\\/\\\/hundtgroup.com\\\/pl\\\/produkt\\\/kompaktowa-torba-na-ramie-na-narzedzia-hundt\\\/#primaryimage\"},\"image\":{\"@id\":\"https:\\\/\\\/hundtgroup.com\\\/pl\\\/produkt\\\/kompaktowa-torba-na-ramie-na-narzedzia-hundt\\\/#primaryimage\"},\"thumbnailUrl\":\"https:\\\/\\\/hundtgroup.com\\\/wp-content\\\/uploads\\\/210007.jpg\",\"datePublished\":\"2025-06-18T16:31:54+00:00\",\"dateModified\":\"2026-04-01T10:48:21+00:00\",\"breadcrumb\":{\"@id\":\"https:\\\/\\\/hundtgroup.com\\\/pl\\\/produkt\\\/kompaktowa-torba-na-ramie-na-narzedzia-hundt\\\/#breadcrumb\"},\"inLanguage\":\"pl-PL\",\"potentialAction\":[{\"@type\":\"ReadAction\",\"target\":[\"https:\\\/\\\/hundtgroup.com\\\/pl\\\/produkt\\\/kompaktowa-torba-na-ramie-na-narzedzia-hundt\\\/\"]}]},{\"@type\":\"ImageObject\",\"inLanguage\":\"pl-PL\",\"@id\":\"https:\\\/\\\/hundtgroup.com\\\/pl\\\/produkt\\\/kompaktowa-torba-na-ramie-na-narzedzia-hundt\\\/#primaryimage\",\"url\":\"https:\\\/\\\/hundtgroup.com\\\/wp-content\\\/uploads\\\/210007.jpg\",\"contentUrl\":\"https:\\\/\\\/hundtgroup.com\\\/wp-content\\\/uploads\\\/210007.jpg\",\"width\":606,\"height\":510},{\"@type\":\"BreadcrumbList\",\"@id\":\"https:\\\/\\\/hundtgroup.com\\\/pl\\\/produkt\\\/kompaktowa-torba-na-ramie-na-narzedzia-hundt\\\/#breadcrumb\",\"itemListElement\":[{\"@type\":\"ListItem\",\"position\":1,\"name\":\"Startseite\",\"item\":\"https:\\\/\\\/hundtgroup.com\\\/pl\\\/strona-glowna-nowa\\\/\"},{\"@type\":\"ListItem\",\"position\":2,\"name\":\"Sklep\",\"item\":\"https:\\\/\\\/hundtgroup.com\\\/sklep\\\/\"},{\"@type\":\"ListItem\",\"position\":3,\"name\":\"Kompaktowa torba na rami\u0119 na narz\u0119dzia Hundt\"}]},{\"@type\":\"WebSite\",\"@id\":\"https:\\\/\\\/hundtgroup.com\\\/pl\\\/#website\",\"url\":\"https:\\\/\\\/hundtgroup.com\\\/pl\\\/\",\"name\":\"Wilhelm Hundt GmbH\",\"description\":\"Specjalista od maszyn i narz\u0119dzi do obr\u00f3bki blachy\",\"potentialAction\":[{\"@type\":\"SearchAction\",\"target\":{\"@type\":\"EntryPoint\",\"urlTemplate\":\"https:\\\/\\\/hundtgroup.com\\\/pl\\\/?s={search_term_string}\"},\"query-input\":{\"@type\":\"PropertyValueSpecification\",\"valueRequired\":true,\"valueName\":\"search_term_string\"}}],\"inLanguage\":\"pl-PL\"}]}<\/script>\n<!-- \/ Yoast SEO plugin. -->","yoast_head_json":{"title":"Kompaktowa torba na rami\u0119 na narz\u0119dzia Hundt - Wilhelm Hundt GmbH","robots":{"index":"index","follow":"follow","max-snippet":"max-snippet:-1","max-image-preview":"max-image-preview:large","max-video-preview":"max-video-preview:-1"},"canonical":"https:\/\/hundtgroup.com\/pl\/produkt\/kompaktowa-torba-na-ramie-na-narzedzia-hundt\/","og_locale":"pl_PL","og_type":"article","og_title":"Kompaktowa torba na rami\u0119 na narz\u0119dzia Hundt - Wilhelm Hundt GmbH","og_description":"Kompaktowa i lekka torba narz\u0119dziowa na rami\u0119 z wy\u015bcie\u0142anym i regulowanym paskiem na rami\u0119","og_url":"https:\/\/hundtgroup.com\/pl\/produkt\/kompaktowa-torba-na-ramie-na-narzedzia-hundt\/","og_site_name":"Wilhelm Hundt GmbH","article_modified_time":"2026-04-01T10:48:21+00:00","og_image":[{"width":606,"height":510,"url":"https:\/\/hundtgroup.com\/wp-content\/uploads\/210007.jpg","type":"image\/jpeg"}],"twitter_card":"summary_large_image","schema":{"@context":"https:\/\/schema.org","@graph":[{"@type":"WebPage","@id":"https:\/\/hundtgroup.com\/pl\/produkt\/kompaktowa-torba-na-ramie-na-narzedzia-hundt\/","url":"https:\/\/hundtgroup.com\/pl\/produkt\/kompaktowa-torba-na-ramie-na-narzedzia-hundt\/","name":"Kompaktowa torba na rami\u0119 na narz\u0119dzia Hundt - Wilhelm Hundt GmbH","isPartOf":{"@id":"https:\/\/hundtgroup.com\/pl\/#website"},"primaryImageOfPage":{"@id":"https:\/\/hundtgroup.com\/pl\/produkt\/kompaktowa-torba-na-ramie-na-narzedzia-hundt\/#primaryimage"},"image":{"@id":"https:\/\/hundtgroup.com\/pl\/produkt\/kompaktowa-torba-na-ramie-na-narzedzia-hundt\/#primaryimage"},"thumbnailUrl":"https:\/\/hundtgroup.com\/wp-content\/uploads\/210007.jpg","datePublished":"2025-06-18T16:31:54+00:00","dateModified":"2026-04-01T10:48:21+00:00","breadcrumb":{"@id":"https:\/\/hundtgroup.com\/pl\/produkt\/kompaktowa-torba-na-ramie-na-narzedzia-hundt\/#breadcrumb"},"inLanguage":"pl-PL","potentialAction":[{"@type":"ReadAction","target":["https:\/\/hundtgroup.com\/pl\/produkt\/kompaktowa-torba-na-ramie-na-narzedzia-hundt\/"]}]},{"@type":"ImageObject","inLanguage":"pl-PL","@id":"https:\/\/hundtgroup.com\/pl\/produkt\/kompaktowa-torba-na-ramie-na-narzedzia-hundt\/#primaryimage","url":"https:\/\/hundtgroup.com\/wp-content\/uploads\/210007.jpg","contentUrl":"https:\/\/hundtgroup.com\/wp-content\/uploads\/210007.jpg","width":606,"height":510},{"@type":"BreadcrumbList","@id":"https:\/\/hundtgroup.com\/pl\/produkt\/kompaktowa-torba-na-ramie-na-narzedzia-hundt\/#breadcrumb","itemListElement":[{"@type":"ListItem","position":1,"name":"Startseite","item":"https:\/\/hundtgroup.com\/pl\/strona-glowna-nowa\/"},{"@type":"ListItem","position":2,"name":"Sklep","item":"https:\/\/hundtgroup.com\/sklep\/"},{"@type":"ListItem","position":3,"name":"Kompaktowa torba na rami\u0119 na narz\u0119dzia Hundt"}]},{"@type":"WebSite","@id":"https:\/\/hundtgroup.com\/pl\/#website","url":"https:\/\/hundtgroup.com\/pl\/","name":"Wilhelm Hundt GmbH","description":"Specjalista od maszyn i narz\u0119dzi do obr\u00f3bki blachy","potentialAction":[{"@type":"SearchAction","target":{"@type":"EntryPoint","urlTemplate":"https:\/\/hundtgroup.com\/pl\/?s={search_term_string}"},"query-input":{"@type":"PropertyValueSpecification","valueRequired":true,"valueName":"search_term_string"}}],"inLanguage":"pl-PL"}]}},"_links":{"self":[{"href":"https:\/\/hundtgroup.com\/pl\/wp-json\/wp\/v2\/product\/22257","targetHints":{"allow":["GET"]}}],"collection":[{"href":"https:\/\/hundtgroup.com\/pl\/wp-json\/wp\/v2\/product"}],"about":[{"href":"https:\/\/hundtgroup.com\/pl\/wp-json\/wp\/v2\/types\/product"}],"wp:featuredmedia":[{"embeddable":true,"href":"https:\/\/hundtgroup.com\/pl\/wp-json\/wp\/v2\/media\/11337"}],"wp:attachment":[{"href":"https:\/\/hundtgroup.com\/pl\/wp-json\/wp\/v2\/media?parent=22257"}],"wp:term":[{"taxonomy":"product_cat","embeddable":true,"href":"https:\/\/hundtgroup.com\/pl\/wp-json\/wp\/v2\/product_cat?post=22257"},{"taxonomy":"product_tag","embeddable":true,"href":"https:\/\/hundtgroup.com\/pl\/wp-json\/wp\/v2\/product_tag?post=22257"}],"curies":[{"name":"wp","href":"https:\/\/api.w.org\/{rel}","templated":true}]}}