{"id":22268,"date":"2025-06-18T18:31:54","date_gmt":"2025-06-18T16:31:54","guid":{"rendered":"https:\/\/hundtgroup.com\/produkt\/wozek-plecakowy-na-narzedzia-hundt\/"},"modified":"2026-04-01T12:47:29","modified_gmt":"2026-04-01T10:47:29","slug":"wozek-plecakowy-na-narzedzia-hundt","status":"publish","type":"product","link":"https:\/\/hundtgroup.com\/pl\/produkt\/wozek-plecakowy-na-narzedzia-hundt\/","title":{"rendered":"W\u00f3zek plecakowy na narz\u0119dzia Hundt"},"content":{"rendered":"<p>W\u00f3zek na narz\u0119dzia wykonany z odpornej na zu\u017cycie tkaniny z zamykanym zamkiem b\u0142yskawicznym. Ze zintegrowanym w\u00f3zkiem, os\u0142on\u0105 ochronn\u0105 na ko\u0142a, 2 wy\u015bcie\u0142anymi paskami na rami\u0119 i uchwytem do przenoszenia. Wewn\u0105trz znajduje si\u0119 wy\u015bcie\u0142ana przegroda na laptopa do 15&#8243; i 2 wyjmowane, dwustronne tablice narz\u0119dziowe z kieszeniami.  <\/p>\n","protected":false},"excerpt":{"rendered":"<p>W\u00f3zek na narz\u0119dzia wykonany z odpornej na zu\u017cycie tkaniny z zamykanym zamkiem b\u0142yskawicznym. Ze zintegrowanym w\u00f3zkiem, os\u0142on\u0105 ochronn\u0105 na ko\u0142a, 2 wy\u015bcie\u0142anymi paskami na rami\u0119 i uchwytem do przenoszenia. Wewn\u0105trz znajduje si\u0119 wy\u015bcie\u0142ana przegroda na laptopa do 15&#8243; i 2 wyjmowane, dwustronne tablice narz\u0119dziowe z kieszeniami.<\/p>\n","protected":false},"featured_media":11334,"template":"","meta":{"_acf_changed":false,"inline_featured_image":false},"product_cat":[1025,950],"product_tag":[],"class_list":{"0":"post-22268","1":"product","2":"type-product","3":"status-publish","4":"has-post-thumbnail","6":"brand-hundt","7":"product_cat-transport-pl","8":"product_cat-wyposazenie-placu-budowy","10":"first","11":"instock","12":"taxable","13":"shipping-taxable","14":"purchasable","15":"product-type-simple","16":"add-to-wishlist-before_image"},"acf":[],"yoast_head":"<!-- This site is optimized with the Yoast SEO plugin v27.3 - https:\/\/yoast.com\/product\/yoast-seo-wordpress\/ -->\n<title>W\u00f3zek plecakowy na narz\u0119dzia Hundt - Wilhelm Hundt GmbH<\/title>\n<meta name=\"robots\" content=\"index, follow, max-snippet:-1, max-image-preview:large, max-video-preview:-1\" \/>\n<link rel=\"canonical\" href=\"https:\/\/hundtgroup.com\/pl\/produkt\/wozek-plecakowy-na-narzedzia-hundt\/\" \/>\n<meta property=\"og:locale\" content=\"pl_PL\" \/>\n<meta property=\"og:type\" content=\"article\" \/>\n<meta property=\"og:title\" content=\"W\u00f3zek plecakowy na narz\u0119dzia Hundt - Wilhelm Hundt GmbH\" \/>\n<meta property=\"og:description\" content=\"W\u00f3zek na narz\u0119dzia wykonany z odpornej na zu\u017cycie tkaniny z zamykanym zamkiem b\u0142yskawicznym. Ze zintegrowanym w\u00f3zkiem, os\u0142on\u0105 ochronn\u0105 na ko\u0142a, 2 wy\u015bcie\u0142anymi paskami na rami\u0119 i uchwytem do przenoszenia. Wewn\u0105trz znajduje si\u0119 wy\u015bcie\u0142ana przegroda na laptopa do 15&#8243; i 2 wyjmowane, dwustronne tablice narz\u0119dziowe z kieszeniami.\" \/>\n<meta property=\"og:url\" content=\"https:\/\/hundtgroup.com\/pl\/produkt\/wozek-plecakowy-na-narzedzia-hundt\/\" \/>\n<meta property=\"og:site_name\" content=\"Wilhelm Hundt GmbH\" \/>\n<meta property=\"article:modified_time\" content=\"2026-04-01T10:47:29+00:00\" \/>\n<meta property=\"og:image\" content=\"https:\/\/hundtgroup.com\/wp-content\/uploads\/210006.png\" \/>\n\t<meta property=\"og:image:width\" content=\"920\" \/>\n\t<meta property=\"og:image:height\" content=\"1030\" \/>\n\t<meta property=\"og:image:type\" content=\"image\/png\" \/>\n<meta name=\"twitter:card\" content=\"summary_large_image\" \/>\n<script type=\"application\/ld+json\" class=\"yoast-schema-graph\">{\"@context\":\"https:\\\/\\\/schema.org\",\"@graph\":[{\"@type\":\"WebPage\",\"@id\":\"https:\\\/\\\/hundtgroup.com\\\/pl\\\/produkt\\\/wozek-plecakowy-na-narzedzia-hundt\\\/\",\"url\":\"https:\\\/\\\/hundtgroup.com\\\/pl\\\/produkt\\\/wozek-plecakowy-na-narzedzia-hundt\\\/\",\"name\":\"W\u00f3zek plecakowy na narz\u0119dzia Hundt - Wilhelm Hundt GmbH\",\"isPartOf\":{\"@id\":\"https:\\\/\\\/hundtgroup.com\\\/pl\\\/#website\"},\"primaryImageOfPage\":{\"@id\":\"https:\\\/\\\/hundtgroup.com\\\/pl\\\/produkt\\\/wozek-plecakowy-na-narzedzia-hundt\\\/#primaryimage\"},\"image\":{\"@id\":\"https:\\\/\\\/hundtgroup.com\\\/pl\\\/produkt\\\/wozek-plecakowy-na-narzedzia-hundt\\\/#primaryimage\"},\"thumbnailUrl\":\"https:\\\/\\\/hundtgroup.com\\\/wp-content\\\/uploads\\\/210006.png\",\"datePublished\":\"2025-06-18T16:31:54+00:00\",\"dateModified\":\"2026-04-01T10:47:29+00:00\",\"breadcrumb\":{\"@id\":\"https:\\\/\\\/hundtgroup.com\\\/pl\\\/produkt\\\/wozek-plecakowy-na-narzedzia-hundt\\\/#breadcrumb\"},\"inLanguage\":\"pl-PL\",\"potentialAction\":[{\"@type\":\"ReadAction\",\"target\":[\"https:\\\/\\\/hundtgroup.com\\\/pl\\\/produkt\\\/wozek-plecakowy-na-narzedzia-hundt\\\/\"]}]},{\"@type\":\"ImageObject\",\"inLanguage\":\"pl-PL\",\"@id\":\"https:\\\/\\\/hundtgroup.com\\\/pl\\\/produkt\\\/wozek-plecakowy-na-narzedzia-hundt\\\/#primaryimage\",\"url\":\"https:\\\/\\\/hundtgroup.com\\\/wp-content\\\/uploads\\\/210006.png\",\"contentUrl\":\"https:\\\/\\\/hundtgroup.com\\\/wp-content\\\/uploads\\\/210006.png\",\"width\":1454,\"height\":1628},{\"@type\":\"BreadcrumbList\",\"@id\":\"https:\\\/\\\/hundtgroup.com\\\/pl\\\/produkt\\\/wozek-plecakowy-na-narzedzia-hundt\\\/#breadcrumb\",\"itemListElement\":[{\"@type\":\"ListItem\",\"position\":1,\"name\":\"Startseite\",\"item\":\"https:\\\/\\\/hundtgroup.com\\\/pl\\\/strona-glowna-nowa\\\/\"},{\"@type\":\"ListItem\",\"position\":2,\"name\":\"Sklep\",\"item\":\"https:\\\/\\\/hundtgroup.com\\\/sklep\\\/\"},{\"@type\":\"ListItem\",\"position\":3,\"name\":\"W\u00f3zek plecakowy na narz\u0119dzia Hundt\"}]},{\"@type\":\"WebSite\",\"@id\":\"https:\\\/\\\/hundtgroup.com\\\/pl\\\/#website\",\"url\":\"https:\\\/\\\/hundtgroup.com\\\/pl\\\/\",\"name\":\"Wilhelm Hundt GmbH\",\"description\":\"Specjalista od maszyn i narz\u0119dzi do obr\u00f3bki blachy\",\"potentialAction\":[{\"@type\":\"SearchAction\",\"target\":{\"@type\":\"EntryPoint\",\"urlTemplate\":\"https:\\\/\\\/hundtgroup.com\\\/pl\\\/?s={search_term_string}\"},\"query-input\":{\"@type\":\"PropertyValueSpecification\",\"valueRequired\":true,\"valueName\":\"search_term_string\"}}],\"inLanguage\":\"pl-PL\"}]}<\/script>\n<!-- \/ Yoast SEO plugin. -->","yoast_head_json":{"title":"W\u00f3zek plecakowy na narz\u0119dzia Hundt - Wilhelm Hundt GmbH","robots":{"index":"index","follow":"follow","max-snippet":"max-snippet:-1","max-image-preview":"max-image-preview:large","max-video-preview":"max-video-preview:-1"},"canonical":"https:\/\/hundtgroup.com\/pl\/produkt\/wozek-plecakowy-na-narzedzia-hundt\/","og_locale":"pl_PL","og_type":"article","og_title":"W\u00f3zek plecakowy na narz\u0119dzia Hundt - Wilhelm Hundt GmbH","og_description":"W\u00f3zek na narz\u0119dzia wykonany z odpornej na zu\u017cycie tkaniny z zamykanym zamkiem b\u0142yskawicznym. Ze zintegrowanym w\u00f3zkiem, os\u0142on\u0105 ochronn\u0105 na ko\u0142a, 2 wy\u015bcie\u0142anymi paskami na rami\u0119 i uchwytem do przenoszenia. Wewn\u0105trz znajduje si\u0119 wy\u015bcie\u0142ana przegroda na laptopa do 15&#8243; i 2 wyjmowane, dwustronne tablice narz\u0119dziowe z kieszeniami.","og_url":"https:\/\/hundtgroup.com\/pl\/produkt\/wozek-plecakowy-na-narzedzia-hundt\/","og_site_name":"Wilhelm Hundt GmbH","article_modified_time":"2026-04-01T10:47:29+00:00","og_image":[{"url":"https:\/\/hundtgroup.com\/wp-content\/uploads\/210006.png","width":920,"height":1030,"type":"image\/png"}],"twitter_card":"summary_large_image","schema":{"@context":"https:\/\/schema.org","@graph":[{"@type":"WebPage","@id":"https:\/\/hundtgroup.com\/pl\/produkt\/wozek-plecakowy-na-narzedzia-hundt\/","url":"https:\/\/hundtgroup.com\/pl\/produkt\/wozek-plecakowy-na-narzedzia-hundt\/","name":"W\u00f3zek plecakowy na narz\u0119dzia Hundt - Wilhelm Hundt GmbH","isPartOf":{"@id":"https:\/\/hundtgroup.com\/pl\/#website"},"primaryImageOfPage":{"@id":"https:\/\/hundtgroup.com\/pl\/produkt\/wozek-plecakowy-na-narzedzia-hundt\/#primaryimage"},"image":{"@id":"https:\/\/hundtgroup.com\/pl\/produkt\/wozek-plecakowy-na-narzedzia-hundt\/#primaryimage"},"thumbnailUrl":"https:\/\/hundtgroup.com\/wp-content\/uploads\/210006.png","datePublished":"2025-06-18T16:31:54+00:00","dateModified":"2026-04-01T10:47:29+00:00","breadcrumb":{"@id":"https:\/\/hundtgroup.com\/pl\/produkt\/wozek-plecakowy-na-narzedzia-hundt\/#breadcrumb"},"inLanguage":"pl-PL","potentialAction":[{"@type":"ReadAction","target":["https:\/\/hundtgroup.com\/pl\/produkt\/wozek-plecakowy-na-narzedzia-hundt\/"]}]},{"@type":"ImageObject","inLanguage":"pl-PL","@id":"https:\/\/hundtgroup.com\/pl\/produkt\/wozek-plecakowy-na-narzedzia-hundt\/#primaryimage","url":"https:\/\/hundtgroup.com\/wp-content\/uploads\/210006.png","contentUrl":"https:\/\/hundtgroup.com\/wp-content\/uploads\/210006.png","width":1454,"height":1628},{"@type":"BreadcrumbList","@id":"https:\/\/hundtgroup.com\/pl\/produkt\/wozek-plecakowy-na-narzedzia-hundt\/#breadcrumb","itemListElement":[{"@type":"ListItem","position":1,"name":"Startseite","item":"https:\/\/hundtgroup.com\/pl\/strona-glowna-nowa\/"},{"@type":"ListItem","position":2,"name":"Sklep","item":"https:\/\/hundtgroup.com\/sklep\/"},{"@type":"ListItem","position":3,"name":"W\u00f3zek plecakowy na narz\u0119dzia Hundt"}]},{"@type":"WebSite","@id":"https:\/\/hundtgroup.com\/pl\/#website","url":"https:\/\/hundtgroup.com\/pl\/","name":"Wilhelm Hundt GmbH","description":"Specjalista od maszyn i narz\u0119dzi do obr\u00f3bki blachy","potentialAction":[{"@type":"SearchAction","target":{"@type":"EntryPoint","urlTemplate":"https:\/\/hundtgroup.com\/pl\/?s={search_term_string}"},"query-input":{"@type":"PropertyValueSpecification","valueRequired":true,"valueName":"search_term_string"}}],"inLanguage":"pl-PL"}]}},"_links":{"self":[{"href":"https:\/\/hundtgroup.com\/pl\/wp-json\/wp\/v2\/product\/22268","targetHints":{"allow":["GET"]}}],"collection":[{"href":"https:\/\/hundtgroup.com\/pl\/wp-json\/wp\/v2\/product"}],"about":[{"href":"https:\/\/hundtgroup.com\/pl\/wp-json\/wp\/v2\/types\/product"}],"wp:featuredmedia":[{"embeddable":true,"href":"https:\/\/hundtgroup.com\/pl\/wp-json\/wp\/v2\/media\/11334"}],"wp:attachment":[{"href":"https:\/\/hundtgroup.com\/pl\/wp-json\/wp\/v2\/media?parent=22268"}],"wp:term":[{"taxonomy":"product_cat","embeddable":true,"href":"https:\/\/hundtgroup.com\/pl\/wp-json\/wp\/v2\/product_cat?post=22268"},{"taxonomy":"product_tag","embeddable":true,"href":"https:\/\/hundtgroup.com\/pl\/wp-json\/wp\/v2\/product_tag?post=22268"}],"curies":[{"name":"wp","href":"https:\/\/api.w.org\/{rel}","templated":true}]}}