{"id":23254,"date":"2025-06-18T18:31:24","date_gmt":"2025-06-18T16:31:24","guid":{"rendered":"https:\/\/hundtgroup.com\/produkt\/szczotka-pierscieniowa-hundt-rozmiar-12\/"},"modified":"2025-07-28T16:38:45","modified_gmt":"2025-07-28T14:38:45","slug":"szczotka-pierscieniowa-hundt-rozmiar-12","status":"publish","type":"product","link":"https:\/\/hundtgroup.com\/pl\/produkt\/szczotka-pierscieniowa-hundt-rozmiar-12\/","title":{"rendered":"Szczotka pier\u015bcieniowa Hundt rozmiar 12"},"content":{"rendered":"<p>P\u0119dzel pier\u015bcieniowy z jasnym w\u0142osiem chi\u0144skim<\/p>\n","protected":false},"excerpt":{"rendered":"<p>P\u0119dzel pier\u015bcieniowy z jasnym w\u0142osiem chi\u0144skim<\/p>\n","protected":false},"featured_media":6767,"template":"","meta":{"_acf_changed":false,"inline_featured_image":false},"product_cat":[1012,950],"product_tag":[],"class_list":{"0":"post-23254","1":"product","2":"type-product","3":"status-publish","4":"has-post-thumbnail","6":"brand-hundt","7":"product_cat-szczotka","8":"product_cat-wyposazenie-placu-budowy","10":"first","11":"instock","12":"taxable","13":"shipping-taxable","14":"purchasable","15":"product-type-simple","16":"add-to-wishlist-before_image"},"acf":[],"yoast_head":"<!-- This site is optimized with the Yoast SEO plugin v27.3 - https:\/\/yoast.com\/product\/yoast-seo-wordpress\/ -->\n<title>Szczotka pier\u015bcieniowa Hundt rozmiar 12 - Wilhelm Hundt GmbH<\/title>\n<meta name=\"robots\" content=\"index, follow, max-snippet:-1, max-image-preview:large, max-video-preview:-1\" \/>\n<link rel=\"canonical\" href=\"https:\/\/hundtgroup.com\/pl\/produkt\/szczotka-pierscieniowa-hundt-rozmiar-12\/\" \/>\n<meta property=\"og:locale\" content=\"pl_PL\" \/>\n<meta property=\"og:type\" content=\"article\" \/>\n<meta property=\"og:title\" content=\"Szczotka pier\u015bcieniowa Hundt rozmiar 12 - Wilhelm Hundt GmbH\" \/>\n<meta property=\"og:description\" content=\"P\u0119dzel pier\u015bcieniowy z jasnym w\u0142osiem chi\u0144skim\" \/>\n<meta property=\"og:url\" content=\"https:\/\/hundtgroup.com\/pl\/produkt\/szczotka-pierscieniowa-hundt-rozmiar-12\/\" \/>\n<meta property=\"og:site_name\" content=\"Wilhelm Hundt GmbH\" \/>\n<meta property=\"article:modified_time\" content=\"2025-07-28T14:38:45+00:00\" \/>\n<meta property=\"og:image\" content=\"https:\/\/hundtgroup.com\/wp-content\/uploads\/290003.png\" \/>\n\t<meta property=\"og:image:width\" content=\"673\" \/>\n\t<meta property=\"og:image:height\" content=\"126\" \/>\n\t<meta property=\"og:image:type\" content=\"image\/png\" \/>\n<meta name=\"twitter:card\" content=\"summary_large_image\" \/>\n<script type=\"application\/ld+json\" class=\"yoast-schema-graph\">{\"@context\":\"https:\\\/\\\/schema.org\",\"@graph\":[{\"@type\":\"WebPage\",\"@id\":\"https:\\\/\\\/hundtgroup.com\\\/pl\\\/produkt\\\/szczotka-pierscieniowa-hundt-rozmiar-12\\\/\",\"url\":\"https:\\\/\\\/hundtgroup.com\\\/pl\\\/produkt\\\/szczotka-pierscieniowa-hundt-rozmiar-12\\\/\",\"name\":\"Szczotka pier\u015bcieniowa Hundt rozmiar 12 - Wilhelm Hundt GmbH\",\"isPartOf\":{\"@id\":\"https:\\\/\\\/hundtgroup.com\\\/pl\\\/#website\"},\"primaryImageOfPage\":{\"@id\":\"https:\\\/\\\/hundtgroup.com\\\/pl\\\/produkt\\\/szczotka-pierscieniowa-hundt-rozmiar-12\\\/#primaryimage\"},\"image\":{\"@id\":\"https:\\\/\\\/hundtgroup.com\\\/pl\\\/produkt\\\/szczotka-pierscieniowa-hundt-rozmiar-12\\\/#primaryimage\"},\"thumbnailUrl\":\"https:\\\/\\\/hundtgroup.com\\\/wp-content\\\/uploads\\\/290003.png\",\"datePublished\":\"2025-06-18T16:31:24+00:00\",\"dateModified\":\"2025-07-28T14:38:45+00:00\",\"breadcrumb\":{\"@id\":\"https:\\\/\\\/hundtgroup.com\\\/pl\\\/produkt\\\/szczotka-pierscieniowa-hundt-rozmiar-12\\\/#breadcrumb\"},\"inLanguage\":\"pl-PL\",\"potentialAction\":[{\"@type\":\"ReadAction\",\"target\":[\"https:\\\/\\\/hundtgroup.com\\\/pl\\\/produkt\\\/szczotka-pierscieniowa-hundt-rozmiar-12\\\/\"]}]},{\"@type\":\"ImageObject\",\"inLanguage\":\"pl-PL\",\"@id\":\"https:\\\/\\\/hundtgroup.com\\\/pl\\\/produkt\\\/szczotka-pierscieniowa-hundt-rozmiar-12\\\/#primaryimage\",\"url\":\"https:\\\/\\\/hundtgroup.com\\\/wp-content\\\/uploads\\\/290003.png\",\"contentUrl\":\"https:\\\/\\\/hundtgroup.com\\\/wp-content\\\/uploads\\\/290003.png\",\"width\":673,\"height\":126},{\"@type\":\"BreadcrumbList\",\"@id\":\"https:\\\/\\\/hundtgroup.com\\\/pl\\\/produkt\\\/szczotka-pierscieniowa-hundt-rozmiar-12\\\/#breadcrumb\",\"itemListElement\":[{\"@type\":\"ListItem\",\"position\":1,\"name\":\"Startseite\",\"item\":\"https:\\\/\\\/hundtgroup.com\\\/pl\\\/strona-glowna-nowa\\\/\"},{\"@type\":\"ListItem\",\"position\":2,\"name\":\"Sklep\",\"item\":\"https:\\\/\\\/hundtgroup.com\\\/sklep\\\/\"},{\"@type\":\"ListItem\",\"position\":3,\"name\":\"Szczotka pier\u015bcieniowa Hundt rozmiar 12\"}]},{\"@type\":\"WebSite\",\"@id\":\"https:\\\/\\\/hundtgroup.com\\\/pl\\\/#website\",\"url\":\"https:\\\/\\\/hundtgroup.com\\\/pl\\\/\",\"name\":\"Wilhelm Hundt GmbH\",\"description\":\"Specjalista od maszyn i narz\u0119dzi do obr\u00f3bki blachy\",\"potentialAction\":[{\"@type\":\"SearchAction\",\"target\":{\"@type\":\"EntryPoint\",\"urlTemplate\":\"https:\\\/\\\/hundtgroup.com\\\/pl\\\/?s={search_term_string}\"},\"query-input\":{\"@type\":\"PropertyValueSpecification\",\"valueRequired\":true,\"valueName\":\"search_term_string\"}}],\"inLanguage\":\"pl-PL\"}]}<\/script>\n<!-- \/ Yoast SEO plugin. -->","yoast_head_json":{"title":"Szczotka pier\u015bcieniowa Hundt rozmiar 12 - Wilhelm Hundt GmbH","robots":{"index":"index","follow":"follow","max-snippet":"max-snippet:-1","max-image-preview":"max-image-preview:large","max-video-preview":"max-video-preview:-1"},"canonical":"https:\/\/hundtgroup.com\/pl\/produkt\/szczotka-pierscieniowa-hundt-rozmiar-12\/","og_locale":"pl_PL","og_type":"article","og_title":"Szczotka pier\u015bcieniowa Hundt rozmiar 12 - Wilhelm Hundt GmbH","og_description":"P\u0119dzel pier\u015bcieniowy z jasnym w\u0142osiem chi\u0144skim","og_url":"https:\/\/hundtgroup.com\/pl\/produkt\/szczotka-pierscieniowa-hundt-rozmiar-12\/","og_site_name":"Wilhelm Hundt GmbH","article_modified_time":"2025-07-28T14:38:45+00:00","og_image":[{"width":673,"height":126,"url":"https:\/\/hundtgroup.com\/wp-content\/uploads\/290003.png","type":"image\/png"}],"twitter_card":"summary_large_image","schema":{"@context":"https:\/\/schema.org","@graph":[{"@type":"WebPage","@id":"https:\/\/hundtgroup.com\/pl\/produkt\/szczotka-pierscieniowa-hundt-rozmiar-12\/","url":"https:\/\/hundtgroup.com\/pl\/produkt\/szczotka-pierscieniowa-hundt-rozmiar-12\/","name":"Szczotka pier\u015bcieniowa Hundt rozmiar 12 - Wilhelm Hundt GmbH","isPartOf":{"@id":"https:\/\/hundtgroup.com\/pl\/#website"},"primaryImageOfPage":{"@id":"https:\/\/hundtgroup.com\/pl\/produkt\/szczotka-pierscieniowa-hundt-rozmiar-12\/#primaryimage"},"image":{"@id":"https:\/\/hundtgroup.com\/pl\/produkt\/szczotka-pierscieniowa-hundt-rozmiar-12\/#primaryimage"},"thumbnailUrl":"https:\/\/hundtgroup.com\/wp-content\/uploads\/290003.png","datePublished":"2025-06-18T16:31:24+00:00","dateModified":"2025-07-28T14:38:45+00:00","breadcrumb":{"@id":"https:\/\/hundtgroup.com\/pl\/produkt\/szczotka-pierscieniowa-hundt-rozmiar-12\/#breadcrumb"},"inLanguage":"pl-PL","potentialAction":[{"@type":"ReadAction","target":["https:\/\/hundtgroup.com\/pl\/produkt\/szczotka-pierscieniowa-hundt-rozmiar-12\/"]}]},{"@type":"ImageObject","inLanguage":"pl-PL","@id":"https:\/\/hundtgroup.com\/pl\/produkt\/szczotka-pierscieniowa-hundt-rozmiar-12\/#primaryimage","url":"https:\/\/hundtgroup.com\/wp-content\/uploads\/290003.png","contentUrl":"https:\/\/hundtgroup.com\/wp-content\/uploads\/290003.png","width":673,"height":126},{"@type":"BreadcrumbList","@id":"https:\/\/hundtgroup.com\/pl\/produkt\/szczotka-pierscieniowa-hundt-rozmiar-12\/#breadcrumb","itemListElement":[{"@type":"ListItem","position":1,"name":"Startseite","item":"https:\/\/hundtgroup.com\/pl\/strona-glowna-nowa\/"},{"@type":"ListItem","position":2,"name":"Sklep","item":"https:\/\/hundtgroup.com\/sklep\/"},{"@type":"ListItem","position":3,"name":"Szczotka pier\u015bcieniowa Hundt rozmiar 12"}]},{"@type":"WebSite","@id":"https:\/\/hundtgroup.com\/pl\/#website","url":"https:\/\/hundtgroup.com\/pl\/","name":"Wilhelm Hundt GmbH","description":"Specjalista od maszyn i narz\u0119dzi do obr\u00f3bki blachy","potentialAction":[{"@type":"SearchAction","target":{"@type":"EntryPoint","urlTemplate":"https:\/\/hundtgroup.com\/pl\/?s={search_term_string}"},"query-input":{"@type":"PropertyValueSpecification","valueRequired":true,"valueName":"search_term_string"}}],"inLanguage":"pl-PL"}]}},"_links":{"self":[{"href":"https:\/\/hundtgroup.com\/pl\/wp-json\/wp\/v2\/product\/23254","targetHints":{"allow":["GET"]}}],"collection":[{"href":"https:\/\/hundtgroup.com\/pl\/wp-json\/wp\/v2\/product"}],"about":[{"href":"https:\/\/hundtgroup.com\/pl\/wp-json\/wp\/v2\/types\/product"}],"wp:featuredmedia":[{"embeddable":true,"href":"https:\/\/hundtgroup.com\/pl\/wp-json\/wp\/v2\/media\/6767"}],"wp:attachment":[{"href":"https:\/\/hundtgroup.com\/pl\/wp-json\/wp\/v2\/media?parent=23254"}],"wp:term":[{"taxonomy":"product_cat","embeddable":true,"href":"https:\/\/hundtgroup.com\/pl\/wp-json\/wp\/v2\/product_cat?post=23254"},{"taxonomy":"product_tag","embeddable":true,"href":"https:\/\/hundtgroup.com\/pl\/wp-json\/wp\/v2\/product_tag?post=23254"}],"curies":[{"name":"wp","href":"https:\/\/api.w.org\/{rel}","templated":true}]}}