{"id":24002,"date":"2022-10-26T15:59:42","date_gmt":"2022-10-26T13:59:42","guid":{"rendered":"https:\/\/hundtgroup.com\/produkt\/rekawice-robocze-cygnofoam-30-rozmiar-10\/"},"modified":"2025-08-05T18:05:24","modified_gmt":"2025-08-05T16:05:24","slug":"rekawice-robocze-cygnofoam-30-rozmiar-10","status":"publish","type":"product","link":"https:\/\/hundtgroup.com\/pl\/produkt\/rekawice-robocze-cygnofoam-30-rozmiar-10\/","title":{"rendered":"R\u0119kawice robocze Cygnofoam 30 rozmiar 10"},"content":{"rendered":"<p>R\u0119kawice o cienkiej dzianinie z bezszwow\u0105 dzianin\u0105 nylonow\u0105 zapewniaj\u0105c\u0105 doskona\u0142e dopasowanie i wra\u017cliwo\u015b\u0107 dotykow\u0105.<br \/>\nOddychaj\u0105ca pow\u0142oka z pianki nitrylowej na d\u0142oni<br \/>\nDobra chwytno\u015b\u0107 na mokro i na sucho<br \/>\nSzczeg\u00f3lnie wysoka odporno\u015b\u0107 na \u015bcieranie<br \/>\nDziane mankiety<br \/>\nCertyfikat Oeko-Tex Standard 100<br \/>\nG\u0142\u00f3wne zastosowanie: Prace wymagaj\u0105ce wysokiej wra\u017cliwo\u015bci dotykowej (np. prace mechaniczne), nawet w mokrych lub zaolejonych warunkach pracy.<\/p>\n","protected":false},"excerpt":{"rendered":"<p>R\u0119kawice o cienkiej dzianinie z bezszwow\u0105 dzianin\u0105 nylonow\u0105 zapewniaj\u0105c\u0105 doskona\u0142e dopasowanie i wra\u017cliwo\u015b\u0107 dotykow\u0105. Oddychaj\u0105ca pow\u0142oka z pianki nitrylowej na d\u0142oni Dobra chwytno\u015b\u0107 na mokro i na sucho Szczeg\u00f3lnie wysoka odporno\u015b\u0107 na \u015bcieranie Dziane mankiety Certyfikat Oeko-Tex Standard 100 G\u0142\u00f3wne zastosowanie: Prace wymagaj\u0105ce wysokiej wra\u017cliwo\u015bci dotykowej (np. prace mechaniczne), nawet w mokrych lub zaolejonych warunkach [&hellip;]<\/p>\n","protected":false},"featured_media":6815,"template":"","meta":{"_acf_changed":false,"inline_featured_image":false},"product_cat":[1026,934],"product_tag":[],"class_list":{"0":"post-24002","1":"product","2":"type-product","3":"status-publish","4":"has-post-thumbnail","6":"brand-hundt","7":"product_cat-rekawice-robocze","8":"product_cat-bezpieczenstwo-pracy","10":"first","11":"instock","12":"taxable","13":"shipping-taxable","14":"purchasable","15":"product-type-simple","16":"add-to-wishlist-before_image"},"acf":[],"yoast_head":"<!-- This site is optimized with the Yoast SEO plugin v27.3 - https:\/\/yoast.com\/product\/yoast-seo-wordpress\/ -->\n<title>R\u0119kawice robocze Cygnofoam 30 rozmiar 10 - Wilhelm Hundt GmbH<\/title>\n<meta name=\"robots\" content=\"index, follow, max-snippet:-1, max-image-preview:large, max-video-preview:-1\" \/>\n<link rel=\"canonical\" href=\"https:\/\/hundtgroup.com\/pl\/produkt\/rekawice-robocze-cygnofoam-30-rozmiar-10\/\" \/>\n<meta property=\"og:locale\" content=\"pl_PL\" \/>\n<meta property=\"og:type\" content=\"article\" \/>\n<meta property=\"og:title\" content=\"R\u0119kawice robocze Cygnofoam 30 rozmiar 10 - Wilhelm Hundt GmbH\" \/>\n<meta property=\"og:description\" content=\"R\u0119kawice o cienkiej dzianinie z bezszwow\u0105 dzianin\u0105 nylonow\u0105 zapewniaj\u0105c\u0105 doskona\u0142e dopasowanie i wra\u017cliwo\u015b\u0107 dotykow\u0105. Oddychaj\u0105ca pow\u0142oka z pianki nitrylowej na d\u0142oni Dobra chwytno\u015b\u0107 na mokro i na sucho Szczeg\u00f3lnie wysoka odporno\u015b\u0107 na \u015bcieranie Dziane mankiety Certyfikat Oeko-Tex Standard 100 G\u0142\u00f3wne zastosowanie: Prace wymagaj\u0105ce wysokiej wra\u017cliwo\u015bci dotykowej (np. prace mechaniczne), nawet w mokrych lub zaolejonych warunkach [&hellip;]\" \/>\n<meta property=\"og:url\" content=\"https:\/\/hundtgroup.com\/pl\/produkt\/rekawice-robocze-cygnofoam-30-rozmiar-10\/\" \/>\n<meta property=\"og:site_name\" content=\"Wilhelm Hundt GmbH\" \/>\n<meta property=\"article:modified_time\" content=\"2025-08-05T16:05:24+00:00\" \/>\n<meta property=\"og:image\" content=\"https:\/\/hundtgroup.com\/wp-content\/uploads\/290135.png\" \/>\n\t<meta property=\"og:image:width\" content=\"470\" \/>\n\t<meta property=\"og:image:height\" content=\"472\" \/>\n\t<meta property=\"og:image:type\" content=\"image\/png\" \/>\n<meta name=\"twitter:card\" content=\"summary_large_image\" \/>\n<script type=\"application\/ld+json\" class=\"yoast-schema-graph\">{\"@context\":\"https:\\\/\\\/schema.org\",\"@graph\":[{\"@type\":\"WebPage\",\"@id\":\"https:\\\/\\\/hundtgroup.com\\\/pl\\\/produkt\\\/rekawice-robocze-cygnofoam-30-rozmiar-10\\\/\",\"url\":\"https:\\\/\\\/hundtgroup.com\\\/pl\\\/produkt\\\/rekawice-robocze-cygnofoam-30-rozmiar-10\\\/\",\"name\":\"R\u0119kawice robocze Cygnofoam 30 rozmiar 10 - Wilhelm Hundt GmbH\",\"isPartOf\":{\"@id\":\"https:\\\/\\\/hundtgroup.com\\\/pl\\\/#website\"},\"primaryImageOfPage\":{\"@id\":\"https:\\\/\\\/hundtgroup.com\\\/pl\\\/produkt\\\/rekawice-robocze-cygnofoam-30-rozmiar-10\\\/#primaryimage\"},\"image\":{\"@id\":\"https:\\\/\\\/hundtgroup.com\\\/pl\\\/produkt\\\/rekawice-robocze-cygnofoam-30-rozmiar-10\\\/#primaryimage\"},\"thumbnailUrl\":\"https:\\\/\\\/hundtgroup.com\\\/wp-content\\\/uploads\\\/290135.png\",\"datePublished\":\"2022-10-26T13:59:42+00:00\",\"dateModified\":\"2025-08-05T16:05:24+00:00\",\"breadcrumb\":{\"@id\":\"https:\\\/\\\/hundtgroup.com\\\/pl\\\/produkt\\\/rekawice-robocze-cygnofoam-30-rozmiar-10\\\/#breadcrumb\"},\"inLanguage\":\"pl-PL\",\"potentialAction\":[{\"@type\":\"ReadAction\",\"target\":[\"https:\\\/\\\/hundtgroup.com\\\/pl\\\/produkt\\\/rekawice-robocze-cygnofoam-30-rozmiar-10\\\/\"]}]},{\"@type\":\"ImageObject\",\"inLanguage\":\"pl-PL\",\"@id\":\"https:\\\/\\\/hundtgroup.com\\\/pl\\\/produkt\\\/rekawice-robocze-cygnofoam-30-rozmiar-10\\\/#primaryimage\",\"url\":\"https:\\\/\\\/hundtgroup.com\\\/wp-content\\\/uploads\\\/290135.png\",\"contentUrl\":\"https:\\\/\\\/hundtgroup.com\\\/wp-content\\\/uploads\\\/290135.png\",\"width\":470,\"height\":472},{\"@type\":\"BreadcrumbList\",\"@id\":\"https:\\\/\\\/hundtgroup.com\\\/pl\\\/produkt\\\/rekawice-robocze-cygnofoam-30-rozmiar-10\\\/#breadcrumb\",\"itemListElement\":[{\"@type\":\"ListItem\",\"position\":1,\"name\":\"Startseite\",\"item\":\"https:\\\/\\\/hundtgroup.com\\\/pl\\\/strona-glowna-nowa\\\/\"},{\"@type\":\"ListItem\",\"position\":2,\"name\":\"Sklep\",\"item\":\"https:\\\/\\\/hundtgroup.com\\\/sklep\\\/\"},{\"@type\":\"ListItem\",\"position\":3,\"name\":\"R\u0119kawice robocze Cygnofoam 30 rozmiar 10\"}]},{\"@type\":\"WebSite\",\"@id\":\"https:\\\/\\\/hundtgroup.com\\\/pl\\\/#website\",\"url\":\"https:\\\/\\\/hundtgroup.com\\\/pl\\\/\",\"name\":\"Wilhelm Hundt GmbH\",\"description\":\"Specjalista od maszyn i narz\u0119dzi do obr\u00f3bki blachy\",\"potentialAction\":[{\"@type\":\"SearchAction\",\"target\":{\"@type\":\"EntryPoint\",\"urlTemplate\":\"https:\\\/\\\/hundtgroup.com\\\/pl\\\/?s={search_term_string}\"},\"query-input\":{\"@type\":\"PropertyValueSpecification\",\"valueRequired\":true,\"valueName\":\"search_term_string\"}}],\"inLanguage\":\"pl-PL\"}]}<\/script>\n<!-- \/ Yoast SEO plugin. -->","yoast_head_json":{"title":"R\u0119kawice robocze Cygnofoam 30 rozmiar 10 - Wilhelm Hundt GmbH","robots":{"index":"index","follow":"follow","max-snippet":"max-snippet:-1","max-image-preview":"max-image-preview:large","max-video-preview":"max-video-preview:-1"},"canonical":"https:\/\/hundtgroup.com\/pl\/produkt\/rekawice-robocze-cygnofoam-30-rozmiar-10\/","og_locale":"pl_PL","og_type":"article","og_title":"R\u0119kawice robocze Cygnofoam 30 rozmiar 10 - Wilhelm Hundt GmbH","og_description":"R\u0119kawice o cienkiej dzianinie z bezszwow\u0105 dzianin\u0105 nylonow\u0105 zapewniaj\u0105c\u0105 doskona\u0142e dopasowanie i wra\u017cliwo\u015b\u0107 dotykow\u0105. Oddychaj\u0105ca pow\u0142oka z pianki nitrylowej na d\u0142oni Dobra chwytno\u015b\u0107 na mokro i na sucho Szczeg\u00f3lnie wysoka odporno\u015b\u0107 na \u015bcieranie Dziane mankiety Certyfikat Oeko-Tex Standard 100 G\u0142\u00f3wne zastosowanie: Prace wymagaj\u0105ce wysokiej wra\u017cliwo\u015bci dotykowej (np. prace mechaniczne), nawet w mokrych lub zaolejonych warunkach [&hellip;]","og_url":"https:\/\/hundtgroup.com\/pl\/produkt\/rekawice-robocze-cygnofoam-30-rozmiar-10\/","og_site_name":"Wilhelm Hundt GmbH","article_modified_time":"2025-08-05T16:05:24+00:00","og_image":[{"width":470,"height":472,"url":"https:\/\/hundtgroup.com\/wp-content\/uploads\/290135.png","type":"image\/png"}],"twitter_card":"summary_large_image","schema":{"@context":"https:\/\/schema.org","@graph":[{"@type":"WebPage","@id":"https:\/\/hundtgroup.com\/pl\/produkt\/rekawice-robocze-cygnofoam-30-rozmiar-10\/","url":"https:\/\/hundtgroup.com\/pl\/produkt\/rekawice-robocze-cygnofoam-30-rozmiar-10\/","name":"R\u0119kawice robocze Cygnofoam 30 rozmiar 10 - Wilhelm Hundt GmbH","isPartOf":{"@id":"https:\/\/hundtgroup.com\/pl\/#website"},"primaryImageOfPage":{"@id":"https:\/\/hundtgroup.com\/pl\/produkt\/rekawice-robocze-cygnofoam-30-rozmiar-10\/#primaryimage"},"image":{"@id":"https:\/\/hundtgroup.com\/pl\/produkt\/rekawice-robocze-cygnofoam-30-rozmiar-10\/#primaryimage"},"thumbnailUrl":"https:\/\/hundtgroup.com\/wp-content\/uploads\/290135.png","datePublished":"2022-10-26T13:59:42+00:00","dateModified":"2025-08-05T16:05:24+00:00","breadcrumb":{"@id":"https:\/\/hundtgroup.com\/pl\/produkt\/rekawice-robocze-cygnofoam-30-rozmiar-10\/#breadcrumb"},"inLanguage":"pl-PL","potentialAction":[{"@type":"ReadAction","target":["https:\/\/hundtgroup.com\/pl\/produkt\/rekawice-robocze-cygnofoam-30-rozmiar-10\/"]}]},{"@type":"ImageObject","inLanguage":"pl-PL","@id":"https:\/\/hundtgroup.com\/pl\/produkt\/rekawice-robocze-cygnofoam-30-rozmiar-10\/#primaryimage","url":"https:\/\/hundtgroup.com\/wp-content\/uploads\/290135.png","contentUrl":"https:\/\/hundtgroup.com\/wp-content\/uploads\/290135.png","width":470,"height":472},{"@type":"BreadcrumbList","@id":"https:\/\/hundtgroup.com\/pl\/produkt\/rekawice-robocze-cygnofoam-30-rozmiar-10\/#breadcrumb","itemListElement":[{"@type":"ListItem","position":1,"name":"Startseite","item":"https:\/\/hundtgroup.com\/pl\/strona-glowna-nowa\/"},{"@type":"ListItem","position":2,"name":"Sklep","item":"https:\/\/hundtgroup.com\/sklep\/"},{"@type":"ListItem","position":3,"name":"R\u0119kawice robocze Cygnofoam 30 rozmiar 10"}]},{"@type":"WebSite","@id":"https:\/\/hundtgroup.com\/pl\/#website","url":"https:\/\/hundtgroup.com\/pl\/","name":"Wilhelm Hundt GmbH","description":"Specjalista od maszyn i narz\u0119dzi do obr\u00f3bki blachy","potentialAction":[{"@type":"SearchAction","target":{"@type":"EntryPoint","urlTemplate":"https:\/\/hundtgroup.com\/pl\/?s={search_term_string}"},"query-input":{"@type":"PropertyValueSpecification","valueRequired":true,"valueName":"search_term_string"}}],"inLanguage":"pl-PL"}]}},"_links":{"self":[{"href":"https:\/\/hundtgroup.com\/pl\/wp-json\/wp\/v2\/product\/24002","targetHints":{"allow":["GET"]}}],"collection":[{"href":"https:\/\/hundtgroup.com\/pl\/wp-json\/wp\/v2\/product"}],"about":[{"href":"https:\/\/hundtgroup.com\/pl\/wp-json\/wp\/v2\/types\/product"}],"wp:featuredmedia":[{"embeddable":true,"href":"https:\/\/hundtgroup.com\/pl\/wp-json\/wp\/v2\/media\/6815"}],"wp:attachment":[{"href":"https:\/\/hundtgroup.com\/pl\/wp-json\/wp\/v2\/media?parent=24002"}],"wp:term":[{"taxonomy":"product_cat","embeddable":true,"href":"https:\/\/hundtgroup.com\/pl\/wp-json\/wp\/v2\/product_cat?post=24002"},{"taxonomy":"product_tag","embeddable":true,"href":"https:\/\/hundtgroup.com\/pl\/wp-json\/wp\/v2\/product_tag?post=24002"}],"curies":[{"name":"wp","href":"https:\/\/api.w.org\/{rel}","templated":true}]}}