{"id":24196,"date":"2022-10-26T15:59:30","date_gmt":"2022-10-26T13:59:30","guid":{"rendered":"https:\/\/hundtgroup.com\/produkt\/wiertlo-hundt-hss-co-do-v2a-o35-mm\/"},"modified":"2025-07-29T13:27:57","modified_gmt":"2025-07-29T11:27:57","slug":"wiertlo-hundt-hss-co-do-v2a-o35-mm","status":"publish","type":"product","link":"https:\/\/hundtgroup.com\/pl\/produkt\/wiertlo-hundt-hss-co-do-v2a-o35-mm\/","title":{"rendered":"Wiert\u0142o Hundt HSS-CO do V2A \u00d83,5 mm"},"content":{"rendered":"<p>Wysokowydajna stal szybkotn\u0105ca (5 % kobaltu), walcowa, bardzo kr\u00f3tka,<br \/>\nprawotn\u0105ce, typ N, k\u0105t wierzcho\u0142kowy 135\u00b0, szlifowane krzy\u017cowo zgodnie z DIN 1412<br \/>\nC, kolor miedziany, do wiercenia otwor\u00f3w w stalach stopowych i niestopowych oraz \u017celiwie<br \/>\npowy\u017cej 800 N\/mm2<br \/>\nwytrzyma\u0142o\u015bci, np. w stalach \u0142o\u017cyskowych walcowanych, stalach do pracy na gor\u0105co i na zimno itp. PU= 10 szt. np. stale \u0142o\u017cyskowe walcowane, stale do pracy na gor\u0105co i na zimno itp.<\/p>\n<p>PU= 10 szt.<br \/>\n(ilo\u015b\u0107 zam\u00f3wienia np.: 10, 20, 30 itp.)<\/p>\n","protected":false},"excerpt":{"rendered":"<p>Wysokowydajna stal szybkotn\u0105ca (5 % kobaltu), walcowa, bardzo kr\u00f3tka, prawotn\u0105ce, typ N, k\u0105t wierzcho\u0142kowy 135\u00b0, szlifowane krzy\u017cowo zgodnie z DIN 1412 C, kolor miedziany, do wiercenia otwor\u00f3w w stalach stopowych i niestopowych oraz \u017celiwie powy\u017cej 800 N\/mm2 wytrzyma\u0142o\u015bci, np. w stalach \u0142o\u017cyskowych walcowanych, stalach do pracy na gor\u0105co i na zimno itp. PU= 10 szt. [&hellip;]<\/p>\n","protected":false},"featured_media":6578,"template":"","meta":{"_acf_changed":false,"inline_featured_image":false},"product_cat":[937,1067,1020],"product_tag":[],"class_list":{"0":"post-24196","1":"product","2":"type-product","3":"status-publish","4":"has-post-thumbnail","6":"brand-hundt","7":"product_cat-akcesoria-akumulatorowe-elektryczne","8":"product_cat-wiertlo-hss-co-v2a","9":"product_cat-wdrozenia","11":"first","12":"instock","13":"taxable","14":"shipping-taxable","15":"purchasable","16":"product-type-simple","17":"add-to-wishlist-before_image"},"acf":[],"yoast_head":"<!-- This site is optimized with the Yoast SEO plugin v27.3 - https:\/\/yoast.com\/product\/yoast-seo-wordpress\/ -->\n<title>Wiert\u0142o Hundt HSS-CO do V2A \u00d83,5 mm - Wilhelm Hundt GmbH<\/title>\n<meta name=\"robots\" content=\"index, follow, max-snippet:-1, max-image-preview:large, max-video-preview:-1\" \/>\n<link rel=\"canonical\" href=\"https:\/\/hundtgroup.com\/pl\/produkt\/wiertlo-hundt-hss-co-do-v2a-o35-mm\/\" \/>\n<meta property=\"og:locale\" content=\"pl_PL\" \/>\n<meta property=\"og:type\" content=\"article\" \/>\n<meta property=\"og:title\" content=\"Wiert\u0142o Hundt HSS-CO do V2A \u00d83,5 mm - Wilhelm Hundt GmbH\" \/>\n<meta property=\"og:description\" content=\"Wysokowydajna stal szybkotn\u0105ca (5 % kobaltu), walcowa, bardzo kr\u00f3tka, prawotn\u0105ce, typ N, k\u0105t wierzcho\u0142kowy 135\u00b0, szlifowane krzy\u017cowo zgodnie z DIN 1412 C, kolor miedziany, do wiercenia otwor\u00f3w w stalach stopowych i niestopowych oraz \u017celiwie powy\u017cej 800 N\/mm2 wytrzyma\u0142o\u015bci, np. w stalach \u0142o\u017cyskowych walcowanych, stalach do pracy na gor\u0105co i na zimno itp. PU= 10 szt. [&hellip;]\" \/>\n<meta property=\"og:url\" content=\"https:\/\/hundtgroup.com\/pl\/produkt\/wiertlo-hundt-hss-co-do-v2a-o35-mm\/\" \/>\n<meta property=\"og:site_name\" content=\"Wilhelm Hundt GmbH\" \/>\n<meta property=\"article:modified_time\" content=\"2025-07-29T11:27:57+00:00\" \/>\n<meta property=\"og:image\" content=\"https:\/\/hundtgroup.com\/wp-content\/uploads\/450112.jpg\" \/>\n\t<meta property=\"og:image:width\" content=\"817\" \/>\n\t<meta property=\"og:image:height\" content=\"140\" \/>\n\t<meta property=\"og:image:type\" content=\"image\/jpeg\" \/>\n<meta name=\"twitter:card\" content=\"summary_large_image\" \/>\n<script type=\"application\/ld+json\" class=\"yoast-schema-graph\">{\"@context\":\"https:\\\/\\\/schema.org\",\"@graph\":[{\"@type\":\"WebPage\",\"@id\":\"https:\\\/\\\/hundtgroup.com\\\/pl\\\/produkt\\\/wiertlo-hundt-hss-co-do-v2a-o35-mm\\\/\",\"url\":\"https:\\\/\\\/hundtgroup.com\\\/pl\\\/produkt\\\/wiertlo-hundt-hss-co-do-v2a-o35-mm\\\/\",\"name\":\"Wiert\u0142o Hundt HSS-CO do V2A \u00d83,5 mm - Wilhelm Hundt GmbH\",\"isPartOf\":{\"@id\":\"https:\\\/\\\/hundtgroup.com\\\/pl\\\/#website\"},\"primaryImageOfPage\":{\"@id\":\"https:\\\/\\\/hundtgroup.com\\\/pl\\\/produkt\\\/wiertlo-hundt-hss-co-do-v2a-o35-mm\\\/#primaryimage\"},\"image\":{\"@id\":\"https:\\\/\\\/hundtgroup.com\\\/pl\\\/produkt\\\/wiertlo-hundt-hss-co-do-v2a-o35-mm\\\/#primaryimage\"},\"thumbnailUrl\":\"https:\\\/\\\/hundtgroup.com\\\/wp-content\\\/uploads\\\/450112.jpg\",\"datePublished\":\"2022-10-26T13:59:30+00:00\",\"dateModified\":\"2025-07-29T11:27:57+00:00\",\"breadcrumb\":{\"@id\":\"https:\\\/\\\/hundtgroup.com\\\/pl\\\/produkt\\\/wiertlo-hundt-hss-co-do-v2a-o35-mm\\\/#breadcrumb\"},\"inLanguage\":\"pl-PL\",\"potentialAction\":[{\"@type\":\"ReadAction\",\"target\":[\"https:\\\/\\\/hundtgroup.com\\\/pl\\\/produkt\\\/wiertlo-hundt-hss-co-do-v2a-o35-mm\\\/\"]}]},{\"@type\":\"ImageObject\",\"inLanguage\":\"pl-PL\",\"@id\":\"https:\\\/\\\/hundtgroup.com\\\/pl\\\/produkt\\\/wiertlo-hundt-hss-co-do-v2a-o35-mm\\\/#primaryimage\",\"url\":\"https:\\\/\\\/hundtgroup.com\\\/wp-content\\\/uploads\\\/450112.jpg\",\"contentUrl\":\"https:\\\/\\\/hundtgroup.com\\\/wp-content\\\/uploads\\\/450112.jpg\",\"width\":817,\"height\":140},{\"@type\":\"BreadcrumbList\",\"@id\":\"https:\\\/\\\/hundtgroup.com\\\/pl\\\/produkt\\\/wiertlo-hundt-hss-co-do-v2a-o35-mm\\\/#breadcrumb\",\"itemListElement\":[{\"@type\":\"ListItem\",\"position\":1,\"name\":\"Startseite\",\"item\":\"https:\\\/\\\/hundtgroup.com\\\/pl\\\/strona-glowna-nowa\\\/\"},{\"@type\":\"ListItem\",\"position\":2,\"name\":\"Sklep\",\"item\":\"https:\\\/\\\/hundtgroup.com\\\/sklep\\\/\"},{\"@type\":\"ListItem\",\"position\":3,\"name\":\"Wiert\u0142o Hundt HSS-CO do V2A \u00d83,5 mm\"}]},{\"@type\":\"WebSite\",\"@id\":\"https:\\\/\\\/hundtgroup.com\\\/pl\\\/#website\",\"url\":\"https:\\\/\\\/hundtgroup.com\\\/pl\\\/\",\"name\":\"Wilhelm Hundt GmbH\",\"description\":\"Specjalista od maszyn i narz\u0119dzi do obr\u00f3bki blachy\",\"potentialAction\":[{\"@type\":\"SearchAction\",\"target\":{\"@type\":\"EntryPoint\",\"urlTemplate\":\"https:\\\/\\\/hundtgroup.com\\\/pl\\\/?s={search_term_string}\"},\"query-input\":{\"@type\":\"PropertyValueSpecification\",\"valueRequired\":true,\"valueName\":\"search_term_string\"}}],\"inLanguage\":\"pl-PL\"}]}<\/script>\n<!-- \/ Yoast SEO plugin. -->","yoast_head_json":{"title":"Wiert\u0142o Hundt HSS-CO do V2A \u00d83,5 mm - Wilhelm Hundt GmbH","robots":{"index":"index","follow":"follow","max-snippet":"max-snippet:-1","max-image-preview":"max-image-preview:large","max-video-preview":"max-video-preview:-1"},"canonical":"https:\/\/hundtgroup.com\/pl\/produkt\/wiertlo-hundt-hss-co-do-v2a-o35-mm\/","og_locale":"pl_PL","og_type":"article","og_title":"Wiert\u0142o Hundt HSS-CO do V2A \u00d83,5 mm - Wilhelm Hundt GmbH","og_description":"Wysokowydajna stal szybkotn\u0105ca (5 % kobaltu), walcowa, bardzo kr\u00f3tka, prawotn\u0105ce, typ N, k\u0105t wierzcho\u0142kowy 135\u00b0, szlifowane krzy\u017cowo zgodnie z DIN 1412 C, kolor miedziany, do wiercenia otwor\u00f3w w stalach stopowych i niestopowych oraz \u017celiwie powy\u017cej 800 N\/mm2 wytrzyma\u0142o\u015bci, np. w stalach \u0142o\u017cyskowych walcowanych, stalach do pracy na gor\u0105co i na zimno itp. PU= 10 szt. [&hellip;]","og_url":"https:\/\/hundtgroup.com\/pl\/produkt\/wiertlo-hundt-hss-co-do-v2a-o35-mm\/","og_site_name":"Wilhelm Hundt GmbH","article_modified_time":"2025-07-29T11:27:57+00:00","og_image":[{"width":817,"height":140,"url":"https:\/\/hundtgroup.com\/wp-content\/uploads\/450112.jpg","type":"image\/jpeg"}],"twitter_card":"summary_large_image","schema":{"@context":"https:\/\/schema.org","@graph":[{"@type":"WebPage","@id":"https:\/\/hundtgroup.com\/pl\/produkt\/wiertlo-hundt-hss-co-do-v2a-o35-mm\/","url":"https:\/\/hundtgroup.com\/pl\/produkt\/wiertlo-hundt-hss-co-do-v2a-o35-mm\/","name":"Wiert\u0142o Hundt HSS-CO do V2A \u00d83,5 mm - Wilhelm Hundt GmbH","isPartOf":{"@id":"https:\/\/hundtgroup.com\/pl\/#website"},"primaryImageOfPage":{"@id":"https:\/\/hundtgroup.com\/pl\/produkt\/wiertlo-hundt-hss-co-do-v2a-o35-mm\/#primaryimage"},"image":{"@id":"https:\/\/hundtgroup.com\/pl\/produkt\/wiertlo-hundt-hss-co-do-v2a-o35-mm\/#primaryimage"},"thumbnailUrl":"https:\/\/hundtgroup.com\/wp-content\/uploads\/450112.jpg","datePublished":"2022-10-26T13:59:30+00:00","dateModified":"2025-07-29T11:27:57+00:00","breadcrumb":{"@id":"https:\/\/hundtgroup.com\/pl\/produkt\/wiertlo-hundt-hss-co-do-v2a-o35-mm\/#breadcrumb"},"inLanguage":"pl-PL","potentialAction":[{"@type":"ReadAction","target":["https:\/\/hundtgroup.com\/pl\/produkt\/wiertlo-hundt-hss-co-do-v2a-o35-mm\/"]}]},{"@type":"ImageObject","inLanguage":"pl-PL","@id":"https:\/\/hundtgroup.com\/pl\/produkt\/wiertlo-hundt-hss-co-do-v2a-o35-mm\/#primaryimage","url":"https:\/\/hundtgroup.com\/wp-content\/uploads\/450112.jpg","contentUrl":"https:\/\/hundtgroup.com\/wp-content\/uploads\/450112.jpg","width":817,"height":140},{"@type":"BreadcrumbList","@id":"https:\/\/hundtgroup.com\/pl\/produkt\/wiertlo-hundt-hss-co-do-v2a-o35-mm\/#breadcrumb","itemListElement":[{"@type":"ListItem","position":1,"name":"Startseite","item":"https:\/\/hundtgroup.com\/pl\/strona-glowna-nowa\/"},{"@type":"ListItem","position":2,"name":"Sklep","item":"https:\/\/hundtgroup.com\/sklep\/"},{"@type":"ListItem","position":3,"name":"Wiert\u0142o Hundt HSS-CO do V2A \u00d83,5 mm"}]},{"@type":"WebSite","@id":"https:\/\/hundtgroup.com\/pl\/#website","url":"https:\/\/hundtgroup.com\/pl\/","name":"Wilhelm Hundt GmbH","description":"Specjalista od maszyn i narz\u0119dzi do obr\u00f3bki blachy","potentialAction":[{"@type":"SearchAction","target":{"@type":"EntryPoint","urlTemplate":"https:\/\/hundtgroup.com\/pl\/?s={search_term_string}"},"query-input":{"@type":"PropertyValueSpecification","valueRequired":true,"valueName":"search_term_string"}}],"inLanguage":"pl-PL"}]}},"_links":{"self":[{"href":"https:\/\/hundtgroup.com\/pl\/wp-json\/wp\/v2\/product\/24196","targetHints":{"allow":["GET"]}}],"collection":[{"href":"https:\/\/hundtgroup.com\/pl\/wp-json\/wp\/v2\/product"}],"about":[{"href":"https:\/\/hundtgroup.com\/pl\/wp-json\/wp\/v2\/types\/product"}],"wp:featuredmedia":[{"embeddable":true,"href":"https:\/\/hundtgroup.com\/pl\/wp-json\/wp\/v2\/media\/6578"}],"wp:attachment":[{"href":"https:\/\/hundtgroup.com\/pl\/wp-json\/wp\/v2\/media?parent=24196"}],"wp:term":[{"taxonomy":"product_cat","embeddable":true,"href":"https:\/\/hundtgroup.com\/pl\/wp-json\/wp\/v2\/product_cat?post=24196"},{"taxonomy":"product_tag","embeddable":true,"href":"https:\/\/hundtgroup.com\/pl\/wp-json\/wp\/v2\/product_tag?post=24196"}],"curies":[{"name":"wp","href":"https:\/\/api.w.org\/{rel}","templated":true}]}}