{"id":24310,"date":"2022-10-26T15:59:34","date_gmt":"2022-10-26T13:59:34","guid":{"rendered":"https:\/\/hundtgroup.com\/produkt\/plastikowy-beben-kablowy-25-m\/"},"modified":"2025-08-05T18:04:47","modified_gmt":"2025-08-05T16:04:47","slug":"plastikowy-beben-kablowy-25-m","status":"publish","type":"product","link":"https:\/\/hundtgroup.com\/pl\/produkt\/plastikowy-beben-kablowy-25-m\/","title":{"rendered":"Plastikowy b\u0119ben kablowy 25 m"},"content":{"rendered":"<p>Nadaje si\u0119 do u\u017cytku na placach budowy.<br \/>\nKorpus ko\u0142owrotka wykonany z odpornego na uszkodzenia specjalnego tworzywa sztucznego.<br \/>\nAmortyzuj\u0105ca wstrz\u0105sy, stabilna, ocynkowana rama podstawy z hamulcem postojowym.<br \/>\nWy\u0142\u0105cznik termiczny VDE z automatyczn\u0105 funkcj\u0105 ochrony przed przegrzaniem.<br \/>\n3 uziemione gniazda z bezpiecznymi pokrywami na zawiasach i oznaczeniami m\u0142otka.<br \/>\nZ opatentowanym prowadzeniem kabli.<br \/>\nZgodny z BGI 608.<\/p>\n","protected":false},"excerpt":{"rendered":"<p>Nadaje si\u0119 do u\u017cytku na placach budowy. Korpus ko\u0142owrotka wykonany z odpornego na uszkodzenia specjalnego tworzywa sztucznego. Amortyzuj\u0105ca wstrz\u0105sy, stabilna, ocynkowana rama podstawy z hamulcem postojowym. Wy\u0142\u0105cznik termiczny VDE z automatyczn\u0105 funkcj\u0105 ochrony przed przegrzaniem. 3 uziemione gniazda z bezpiecznymi pokrywami na zawiasach i oznaczeniami m\u0142otka. Z opatentowanym prowadzeniem kabli. Zgodny z BGI 608.<\/p>\n","protected":false},"featured_media":6719,"template":"","meta":{"_acf_changed":false,"inline_featured_image":false},"product_cat":[1022,935],"product_tag":[],"class_list":{"0":"post-24310","1":"product","2":"type-product","3":"status-publish","4":"has-post-thumbnail","6":"brand-hundt","7":"product_cat-bebny-kablowe","8":"product_cat-elektryczny","10":"first","11":"instock","12":"taxable","13":"shipping-taxable","14":"purchasable","15":"product-type-simple","16":"add-to-wishlist-before_image"},"acf":[],"yoast_head":"<!-- This site is optimized with the Yoast SEO plugin v27.3 - https:\/\/yoast.com\/product\/yoast-seo-wordpress\/ -->\n<title>Plastikowy b\u0119ben kablowy 25 m - Wilhelm Hundt GmbH<\/title>\n<meta name=\"robots\" content=\"index, follow, max-snippet:-1, max-image-preview:large, max-video-preview:-1\" \/>\n<link rel=\"canonical\" href=\"https:\/\/hundtgroup.com\/pl\/produkt\/plastikowy-beben-kablowy-25-m\/\" \/>\n<meta property=\"og:locale\" content=\"pl_PL\" \/>\n<meta property=\"og:type\" content=\"article\" \/>\n<meta property=\"og:title\" content=\"Plastikowy b\u0119ben kablowy 25 m - Wilhelm Hundt GmbH\" \/>\n<meta property=\"og:description\" content=\"Nadaje si\u0119 do u\u017cytku na placach budowy. Korpus ko\u0142owrotka wykonany z odpornego na uszkodzenia specjalnego tworzywa sztucznego. Amortyzuj\u0105ca wstrz\u0105sy, stabilna, ocynkowana rama podstawy z hamulcem postojowym. Wy\u0142\u0105cznik termiczny VDE z automatyczn\u0105 funkcj\u0105 ochrony przed przegrzaniem. 3 uziemione gniazda z bezpiecznymi pokrywami na zawiasach i oznaczeniami m\u0142otka. Z opatentowanym prowadzeniem kabli. Zgodny z BGI 608.\" \/>\n<meta property=\"og:url\" content=\"https:\/\/hundtgroup.com\/pl\/produkt\/plastikowy-beben-kablowy-25-m\/\" \/>\n<meta property=\"og:site_name\" content=\"Wilhelm Hundt GmbH\" \/>\n<meta property=\"article:modified_time\" content=\"2025-08-05T16:04:47+00:00\" \/>\n<meta property=\"og:image\" content=\"https:\/\/hundtgroup.com\/wp-content\/uploads\/230003.png\" \/>\n\t<meta property=\"og:image:width\" content=\"524\" \/>\n\t<meta property=\"og:image:height\" content=\"591\" \/>\n\t<meta property=\"og:image:type\" content=\"image\/png\" \/>\n<meta name=\"twitter:card\" content=\"summary_large_image\" \/>\n<script type=\"application\/ld+json\" class=\"yoast-schema-graph\">{\"@context\":\"https:\\\/\\\/schema.org\",\"@graph\":[{\"@type\":\"WebPage\",\"@id\":\"https:\\\/\\\/hundtgroup.com\\\/pl\\\/produkt\\\/plastikowy-beben-kablowy-25-m\\\/\",\"url\":\"https:\\\/\\\/hundtgroup.com\\\/pl\\\/produkt\\\/plastikowy-beben-kablowy-25-m\\\/\",\"name\":\"Plastikowy b\u0119ben kablowy 25 m - Wilhelm Hundt GmbH\",\"isPartOf\":{\"@id\":\"https:\\\/\\\/hundtgroup.com\\\/pl\\\/#website\"},\"primaryImageOfPage\":{\"@id\":\"https:\\\/\\\/hundtgroup.com\\\/pl\\\/produkt\\\/plastikowy-beben-kablowy-25-m\\\/#primaryimage\"},\"image\":{\"@id\":\"https:\\\/\\\/hundtgroup.com\\\/pl\\\/produkt\\\/plastikowy-beben-kablowy-25-m\\\/#primaryimage\"},\"thumbnailUrl\":\"https:\\\/\\\/hundtgroup.com\\\/wp-content\\\/uploads\\\/230003.png\",\"datePublished\":\"2022-10-26T13:59:34+00:00\",\"dateModified\":\"2025-08-05T16:04:47+00:00\",\"breadcrumb\":{\"@id\":\"https:\\\/\\\/hundtgroup.com\\\/pl\\\/produkt\\\/plastikowy-beben-kablowy-25-m\\\/#breadcrumb\"},\"inLanguage\":\"pl-PL\",\"potentialAction\":[{\"@type\":\"ReadAction\",\"target\":[\"https:\\\/\\\/hundtgroup.com\\\/pl\\\/produkt\\\/plastikowy-beben-kablowy-25-m\\\/\"]}]},{\"@type\":\"ImageObject\",\"inLanguage\":\"pl-PL\",\"@id\":\"https:\\\/\\\/hundtgroup.com\\\/pl\\\/produkt\\\/plastikowy-beben-kablowy-25-m\\\/#primaryimage\",\"url\":\"https:\\\/\\\/hundtgroup.com\\\/wp-content\\\/uploads\\\/230003.png\",\"contentUrl\":\"https:\\\/\\\/hundtgroup.com\\\/wp-content\\\/uploads\\\/230003.png\",\"width\":524,\"height\":591},{\"@type\":\"BreadcrumbList\",\"@id\":\"https:\\\/\\\/hundtgroup.com\\\/pl\\\/produkt\\\/plastikowy-beben-kablowy-25-m\\\/#breadcrumb\",\"itemListElement\":[{\"@type\":\"ListItem\",\"position\":1,\"name\":\"Startseite\",\"item\":\"https:\\\/\\\/hundtgroup.com\\\/pl\\\/strona-glowna-nowa\\\/\"},{\"@type\":\"ListItem\",\"position\":2,\"name\":\"Sklep\",\"item\":\"https:\\\/\\\/hundtgroup.com\\\/sklep\\\/\"},{\"@type\":\"ListItem\",\"position\":3,\"name\":\"Plastikowy b\u0119ben kablowy 25 m\"}]},{\"@type\":\"WebSite\",\"@id\":\"https:\\\/\\\/hundtgroup.com\\\/pl\\\/#website\",\"url\":\"https:\\\/\\\/hundtgroup.com\\\/pl\\\/\",\"name\":\"Wilhelm Hundt GmbH\",\"description\":\"Specjalista od maszyn i narz\u0119dzi do obr\u00f3bki blachy\",\"potentialAction\":[{\"@type\":\"SearchAction\",\"target\":{\"@type\":\"EntryPoint\",\"urlTemplate\":\"https:\\\/\\\/hundtgroup.com\\\/pl\\\/?s={search_term_string}\"},\"query-input\":{\"@type\":\"PropertyValueSpecification\",\"valueRequired\":true,\"valueName\":\"search_term_string\"}}],\"inLanguage\":\"pl-PL\"}]}<\/script>\n<!-- \/ Yoast SEO plugin. -->","yoast_head_json":{"title":"Plastikowy b\u0119ben kablowy 25 m - Wilhelm Hundt GmbH","robots":{"index":"index","follow":"follow","max-snippet":"max-snippet:-1","max-image-preview":"max-image-preview:large","max-video-preview":"max-video-preview:-1"},"canonical":"https:\/\/hundtgroup.com\/pl\/produkt\/plastikowy-beben-kablowy-25-m\/","og_locale":"pl_PL","og_type":"article","og_title":"Plastikowy b\u0119ben kablowy 25 m - Wilhelm Hundt GmbH","og_description":"Nadaje si\u0119 do u\u017cytku na placach budowy. Korpus ko\u0142owrotka wykonany z odpornego na uszkodzenia specjalnego tworzywa sztucznego. Amortyzuj\u0105ca wstrz\u0105sy, stabilna, ocynkowana rama podstawy z hamulcem postojowym. Wy\u0142\u0105cznik termiczny VDE z automatyczn\u0105 funkcj\u0105 ochrony przed przegrzaniem. 3 uziemione gniazda z bezpiecznymi pokrywami na zawiasach i oznaczeniami m\u0142otka. Z opatentowanym prowadzeniem kabli. Zgodny z BGI 608.","og_url":"https:\/\/hundtgroup.com\/pl\/produkt\/plastikowy-beben-kablowy-25-m\/","og_site_name":"Wilhelm Hundt GmbH","article_modified_time":"2025-08-05T16:04:47+00:00","og_image":[{"width":524,"height":591,"url":"https:\/\/hundtgroup.com\/wp-content\/uploads\/230003.png","type":"image\/png"}],"twitter_card":"summary_large_image","schema":{"@context":"https:\/\/schema.org","@graph":[{"@type":"WebPage","@id":"https:\/\/hundtgroup.com\/pl\/produkt\/plastikowy-beben-kablowy-25-m\/","url":"https:\/\/hundtgroup.com\/pl\/produkt\/plastikowy-beben-kablowy-25-m\/","name":"Plastikowy b\u0119ben kablowy 25 m - Wilhelm Hundt GmbH","isPartOf":{"@id":"https:\/\/hundtgroup.com\/pl\/#website"},"primaryImageOfPage":{"@id":"https:\/\/hundtgroup.com\/pl\/produkt\/plastikowy-beben-kablowy-25-m\/#primaryimage"},"image":{"@id":"https:\/\/hundtgroup.com\/pl\/produkt\/plastikowy-beben-kablowy-25-m\/#primaryimage"},"thumbnailUrl":"https:\/\/hundtgroup.com\/wp-content\/uploads\/230003.png","datePublished":"2022-10-26T13:59:34+00:00","dateModified":"2025-08-05T16:04:47+00:00","breadcrumb":{"@id":"https:\/\/hundtgroup.com\/pl\/produkt\/plastikowy-beben-kablowy-25-m\/#breadcrumb"},"inLanguage":"pl-PL","potentialAction":[{"@type":"ReadAction","target":["https:\/\/hundtgroup.com\/pl\/produkt\/plastikowy-beben-kablowy-25-m\/"]}]},{"@type":"ImageObject","inLanguage":"pl-PL","@id":"https:\/\/hundtgroup.com\/pl\/produkt\/plastikowy-beben-kablowy-25-m\/#primaryimage","url":"https:\/\/hundtgroup.com\/wp-content\/uploads\/230003.png","contentUrl":"https:\/\/hundtgroup.com\/wp-content\/uploads\/230003.png","width":524,"height":591},{"@type":"BreadcrumbList","@id":"https:\/\/hundtgroup.com\/pl\/produkt\/plastikowy-beben-kablowy-25-m\/#breadcrumb","itemListElement":[{"@type":"ListItem","position":1,"name":"Startseite","item":"https:\/\/hundtgroup.com\/pl\/strona-glowna-nowa\/"},{"@type":"ListItem","position":2,"name":"Sklep","item":"https:\/\/hundtgroup.com\/sklep\/"},{"@type":"ListItem","position":3,"name":"Plastikowy b\u0119ben kablowy 25 m"}]},{"@type":"WebSite","@id":"https:\/\/hundtgroup.com\/pl\/#website","url":"https:\/\/hundtgroup.com\/pl\/","name":"Wilhelm Hundt GmbH","description":"Specjalista od maszyn i narz\u0119dzi do obr\u00f3bki blachy","potentialAction":[{"@type":"SearchAction","target":{"@type":"EntryPoint","urlTemplate":"https:\/\/hundtgroup.com\/pl\/?s={search_term_string}"},"query-input":{"@type":"PropertyValueSpecification","valueRequired":true,"valueName":"search_term_string"}}],"inLanguage":"pl-PL"}]}},"_links":{"self":[{"href":"https:\/\/hundtgroup.com\/pl\/wp-json\/wp\/v2\/product\/24310","targetHints":{"allow":["GET"]}}],"collection":[{"href":"https:\/\/hundtgroup.com\/pl\/wp-json\/wp\/v2\/product"}],"about":[{"href":"https:\/\/hundtgroup.com\/pl\/wp-json\/wp\/v2\/types\/product"}],"wp:featuredmedia":[{"embeddable":true,"href":"https:\/\/hundtgroup.com\/pl\/wp-json\/wp\/v2\/media\/6719"}],"wp:attachment":[{"href":"https:\/\/hundtgroup.com\/pl\/wp-json\/wp\/v2\/media?parent=24310"}],"wp:term":[{"taxonomy":"product_cat","embeddable":true,"href":"https:\/\/hundtgroup.com\/pl\/wp-json\/wp\/v2\/product_cat?post=24310"},{"taxonomy":"product_tag","embeddable":true,"href":"https:\/\/hundtgroup.com\/pl\/wp-json\/wp\/v2\/product_tag?post=24310"}],"curies":[{"name":"wp","href":"https:\/\/api.w.org\/{rel}","templated":true}]}}