{"id":24317,"date":"2022-10-26T15:59:34","date_gmt":"2022-10-26T13:59:34","guid":{"rendered":"https:\/\/hundtgroup.com\/produkt\/zgrzewarka-bohl-gs-100-accu-do-sworzni-tarczowych\/"},"modified":"2025-08-05T18:04:59","modified_gmt":"2025-08-05T16:04:59","slug":"zgrzewarka-bohl-gs-100-accu-do-sworzni-tarczowych","status":"publish","type":"product","link":"https:\/\/hundtgroup.com\/pl\/produkt\/zgrzewarka-bohl-gs-100-accu-do-sworzni-tarczowych\/","title":{"rendered":"Zgrzewarka Bohl GS 100 accu+\n do sworzni tarczowych"},"content":{"rendered":"<p>Mo\u017cliwo\u015b\u0107 pracy w trybie sieciowym lub akumulatorowym, mo\u017cliwo\u015b\u0107 \u0142adowania akumulatora za po\u015brednictwem strony<br \/>\n, wysoki poziom bezpiecze\u0144stwa i przydatno\u015b\u0107 na placach budowy,<br \/>\noptymalne wyniki spawania, wysoka sekwencja spawania: najnowocze\u015bniejsza technologia inwertorowa zapewnia sekwencj\u0119 spawania 15 &#8211; 20 styk\u00f3w spawalniczych na<br \/>\nminut\u0119, praca w trybie akumulatorowym eliminuje ryzyko zadzia\u0142ania bezpiecznik\u00f3w sieciowych, niskie napi\u0119cie w obszarach o zwi\u0119kszonym zagro\u017ceniu elektrycznym i bryzgoszczelne rozmieszczenie otwor\u00f3w wentylacyjnych dzi\u0119ki<br \/>\n.<\/p>\n","protected":false},"excerpt":{"rendered":"<p>Mo\u017cliwo\u015b\u0107 pracy w trybie sieciowym lub akumulatorowym, mo\u017cliwo\u015b\u0107 \u0142adowania akumulatora za po\u015brednictwem strony , wysoki poziom bezpiecze\u0144stwa i przydatno\u015b\u0107 na placach budowy, optymalne wyniki spawania, wysoka sekwencja spawania: najnowocze\u015bniejsza technologia inwertorowa zapewnia sekwencj\u0119 spawania 15 &#8211; 20 styk\u00f3w spawalniczych na minut\u0119, praca w trybie akumulatorowym eliminuje ryzyko zadzia\u0142ania bezpiecznik\u00f3w sieciowych, niskie napi\u0119cie w obszarach o [&hellip;]<\/p>\n","protected":false},"featured_media":7019,"template":"","meta":{"_acf_changed":false,"inline_featured_image":false},"product_cat":[1021],"product_tag":[],"class_list":{"0":"post-24317","1":"product","2":"type-product","3":"status-publish","4":"has-post-thumbnail","6":"brand-bohl","7":"product_cat-narzedzia-spawalnicze","9":"first","10":"instock","11":"taxable","12":"shipping-taxable","13":"purchasable","14":"product-type-simple","15":"add-to-wishlist-before_image"},"acf":[],"yoast_head":"<!-- This site is optimized with the Yoast SEO plugin v27.3 - https:\/\/yoast.com\/product\/yoast-seo-wordpress\/ -->\n<title>Zgrzewarka Bohl GS 100 accu+ do sworzni tarczowych - Wilhelm Hundt GmbH<\/title>\n<meta name=\"robots\" content=\"index, follow, max-snippet:-1, max-image-preview:large, max-video-preview:-1\" \/>\n<link rel=\"canonical\" href=\"https:\/\/hundtgroup.com\/pl\/produkt\/zgrzewarka-bohl-gs-100-accu-do-sworzni-tarczowych\/\" \/>\n<meta property=\"og:locale\" content=\"pl_PL\" \/>\n<meta property=\"og:type\" content=\"article\" \/>\n<meta property=\"og:title\" content=\"Zgrzewarka Bohl GS 100 accu+ do sworzni tarczowych - Wilhelm Hundt GmbH\" \/>\n<meta property=\"og:description\" content=\"Mo\u017cliwo\u015b\u0107 pracy w trybie sieciowym lub akumulatorowym, mo\u017cliwo\u015b\u0107 \u0142adowania akumulatora za po\u015brednictwem strony , wysoki poziom bezpiecze\u0144stwa i przydatno\u015b\u0107 na placach budowy, optymalne wyniki spawania, wysoka sekwencja spawania: najnowocze\u015bniejsza technologia inwertorowa zapewnia sekwencj\u0119 spawania 15 &#8211; 20 styk\u00f3w spawalniczych na minut\u0119, praca w trybie akumulatorowym eliminuje ryzyko zadzia\u0142ania bezpiecznik\u00f3w sieciowych, niskie napi\u0119cie w obszarach o [&hellip;]\" \/>\n<meta property=\"og:url\" content=\"https:\/\/hundtgroup.com\/pl\/produkt\/zgrzewarka-bohl-gs-100-accu-do-sworzni-tarczowych\/\" \/>\n<meta property=\"og:site_name\" content=\"Wilhelm Hundt GmbH\" \/>\n<meta property=\"article:modified_time\" content=\"2025-08-05T16:04:59+00:00\" \/>\n<meta property=\"og:image\" content=\"https:\/\/hundtgroup.com\/wp-content\/uploads\/380600.png\" \/>\n\t<meta property=\"og:image:width\" content=\"777\" \/>\n\t<meta property=\"og:image:height\" content=\"663\" \/>\n\t<meta property=\"og:image:type\" content=\"image\/png\" \/>\n<meta name=\"twitter:card\" content=\"summary_large_image\" \/>\n<script type=\"application\/ld+json\" class=\"yoast-schema-graph\">{\"@context\":\"https:\\\/\\\/schema.org\",\"@graph\":[{\"@type\":\"WebPage\",\"@id\":\"https:\\\/\\\/hundtgroup.com\\\/pl\\\/produkt\\\/zgrzewarka-bohl-gs-100-accu-do-sworzni-tarczowych\\\/\",\"url\":\"https:\\\/\\\/hundtgroup.com\\\/pl\\\/produkt\\\/zgrzewarka-bohl-gs-100-accu-do-sworzni-tarczowych\\\/\",\"name\":\"Zgrzewarka Bohl GS 100 accu+ do sworzni tarczowych - Wilhelm Hundt GmbH\",\"isPartOf\":{\"@id\":\"https:\\\/\\\/hundtgroup.com\\\/pl\\\/#website\"},\"primaryImageOfPage\":{\"@id\":\"https:\\\/\\\/hundtgroup.com\\\/pl\\\/produkt\\\/zgrzewarka-bohl-gs-100-accu-do-sworzni-tarczowych\\\/#primaryimage\"},\"image\":{\"@id\":\"https:\\\/\\\/hundtgroup.com\\\/pl\\\/produkt\\\/zgrzewarka-bohl-gs-100-accu-do-sworzni-tarczowych\\\/#primaryimage\"},\"thumbnailUrl\":\"https:\\\/\\\/hundtgroup.com\\\/wp-content\\\/uploads\\\/380600.png\",\"datePublished\":\"2022-10-26T13:59:34+00:00\",\"dateModified\":\"2025-08-05T16:04:59+00:00\",\"breadcrumb\":{\"@id\":\"https:\\\/\\\/hundtgroup.com\\\/pl\\\/produkt\\\/zgrzewarka-bohl-gs-100-accu-do-sworzni-tarczowych\\\/#breadcrumb\"},\"inLanguage\":\"pl-PL\",\"potentialAction\":[{\"@type\":\"ReadAction\",\"target\":[\"https:\\\/\\\/hundtgroup.com\\\/pl\\\/produkt\\\/zgrzewarka-bohl-gs-100-accu-do-sworzni-tarczowych\\\/\"]}]},{\"@type\":\"ImageObject\",\"inLanguage\":\"pl-PL\",\"@id\":\"https:\\\/\\\/hundtgroup.com\\\/pl\\\/produkt\\\/zgrzewarka-bohl-gs-100-accu-do-sworzni-tarczowych\\\/#primaryimage\",\"url\":\"https:\\\/\\\/hundtgroup.com\\\/wp-content\\\/uploads\\\/380600.png\",\"contentUrl\":\"https:\\\/\\\/hundtgroup.com\\\/wp-content\\\/uploads\\\/380600.png\",\"width\":777,\"height\":663},{\"@type\":\"BreadcrumbList\",\"@id\":\"https:\\\/\\\/hundtgroup.com\\\/pl\\\/produkt\\\/zgrzewarka-bohl-gs-100-accu-do-sworzni-tarczowych\\\/#breadcrumb\",\"itemListElement\":[{\"@type\":\"ListItem\",\"position\":1,\"name\":\"Startseite\",\"item\":\"https:\\\/\\\/hundtgroup.com\\\/pl\\\/strona-glowna-nowa\\\/\"},{\"@type\":\"ListItem\",\"position\":2,\"name\":\"Sklep\",\"item\":\"https:\\\/\\\/hundtgroup.com\\\/sklep\\\/\"},{\"@type\":\"ListItem\",\"position\":3,\"name\":\"Zgrzewarka Bohl GS 100 accu+ do sworzni tarczowych\"}]},{\"@type\":\"WebSite\",\"@id\":\"https:\\\/\\\/hundtgroup.com\\\/pl\\\/#website\",\"url\":\"https:\\\/\\\/hundtgroup.com\\\/pl\\\/\",\"name\":\"Wilhelm Hundt GmbH\",\"description\":\"Specjalista od maszyn i narz\u0119dzi do obr\u00f3bki blachy\",\"potentialAction\":[{\"@type\":\"SearchAction\",\"target\":{\"@type\":\"EntryPoint\",\"urlTemplate\":\"https:\\\/\\\/hundtgroup.com\\\/pl\\\/?s={search_term_string}\"},\"query-input\":{\"@type\":\"PropertyValueSpecification\",\"valueRequired\":true,\"valueName\":\"search_term_string\"}}],\"inLanguage\":\"pl-PL\"}]}<\/script>\n<!-- \/ Yoast SEO plugin. -->","yoast_head_json":{"title":"Zgrzewarka Bohl GS 100 accu+ do sworzni tarczowych - Wilhelm Hundt GmbH","robots":{"index":"index","follow":"follow","max-snippet":"max-snippet:-1","max-image-preview":"max-image-preview:large","max-video-preview":"max-video-preview:-1"},"canonical":"https:\/\/hundtgroup.com\/pl\/produkt\/zgrzewarka-bohl-gs-100-accu-do-sworzni-tarczowych\/","og_locale":"pl_PL","og_type":"article","og_title":"Zgrzewarka Bohl GS 100 accu+ do sworzni tarczowych - Wilhelm Hundt GmbH","og_description":"Mo\u017cliwo\u015b\u0107 pracy w trybie sieciowym lub akumulatorowym, mo\u017cliwo\u015b\u0107 \u0142adowania akumulatora za po\u015brednictwem strony , wysoki poziom bezpiecze\u0144stwa i przydatno\u015b\u0107 na placach budowy, optymalne wyniki spawania, wysoka sekwencja spawania: najnowocze\u015bniejsza technologia inwertorowa zapewnia sekwencj\u0119 spawania 15 &#8211; 20 styk\u00f3w spawalniczych na minut\u0119, praca w trybie akumulatorowym eliminuje ryzyko zadzia\u0142ania bezpiecznik\u00f3w sieciowych, niskie napi\u0119cie w obszarach o [&hellip;]","og_url":"https:\/\/hundtgroup.com\/pl\/produkt\/zgrzewarka-bohl-gs-100-accu-do-sworzni-tarczowych\/","og_site_name":"Wilhelm Hundt GmbH","article_modified_time":"2025-08-05T16:04:59+00:00","og_image":[{"width":777,"height":663,"url":"https:\/\/hundtgroup.com\/wp-content\/uploads\/380600.png","type":"image\/png"}],"twitter_card":"summary_large_image","schema":{"@context":"https:\/\/schema.org","@graph":[{"@type":"WebPage","@id":"https:\/\/hundtgroup.com\/pl\/produkt\/zgrzewarka-bohl-gs-100-accu-do-sworzni-tarczowych\/","url":"https:\/\/hundtgroup.com\/pl\/produkt\/zgrzewarka-bohl-gs-100-accu-do-sworzni-tarczowych\/","name":"Zgrzewarka Bohl GS 100 accu+ do sworzni tarczowych - Wilhelm Hundt GmbH","isPartOf":{"@id":"https:\/\/hundtgroup.com\/pl\/#website"},"primaryImageOfPage":{"@id":"https:\/\/hundtgroup.com\/pl\/produkt\/zgrzewarka-bohl-gs-100-accu-do-sworzni-tarczowych\/#primaryimage"},"image":{"@id":"https:\/\/hundtgroup.com\/pl\/produkt\/zgrzewarka-bohl-gs-100-accu-do-sworzni-tarczowych\/#primaryimage"},"thumbnailUrl":"https:\/\/hundtgroup.com\/wp-content\/uploads\/380600.png","datePublished":"2022-10-26T13:59:34+00:00","dateModified":"2025-08-05T16:04:59+00:00","breadcrumb":{"@id":"https:\/\/hundtgroup.com\/pl\/produkt\/zgrzewarka-bohl-gs-100-accu-do-sworzni-tarczowych\/#breadcrumb"},"inLanguage":"pl-PL","potentialAction":[{"@type":"ReadAction","target":["https:\/\/hundtgroup.com\/pl\/produkt\/zgrzewarka-bohl-gs-100-accu-do-sworzni-tarczowych\/"]}]},{"@type":"ImageObject","inLanguage":"pl-PL","@id":"https:\/\/hundtgroup.com\/pl\/produkt\/zgrzewarka-bohl-gs-100-accu-do-sworzni-tarczowych\/#primaryimage","url":"https:\/\/hundtgroup.com\/wp-content\/uploads\/380600.png","contentUrl":"https:\/\/hundtgroup.com\/wp-content\/uploads\/380600.png","width":777,"height":663},{"@type":"BreadcrumbList","@id":"https:\/\/hundtgroup.com\/pl\/produkt\/zgrzewarka-bohl-gs-100-accu-do-sworzni-tarczowych\/#breadcrumb","itemListElement":[{"@type":"ListItem","position":1,"name":"Startseite","item":"https:\/\/hundtgroup.com\/pl\/strona-glowna-nowa\/"},{"@type":"ListItem","position":2,"name":"Sklep","item":"https:\/\/hundtgroup.com\/sklep\/"},{"@type":"ListItem","position":3,"name":"Zgrzewarka Bohl GS 100 accu+ do sworzni tarczowych"}]},{"@type":"WebSite","@id":"https:\/\/hundtgroup.com\/pl\/#website","url":"https:\/\/hundtgroup.com\/pl\/","name":"Wilhelm Hundt GmbH","description":"Specjalista od maszyn i narz\u0119dzi do obr\u00f3bki blachy","potentialAction":[{"@type":"SearchAction","target":{"@type":"EntryPoint","urlTemplate":"https:\/\/hundtgroup.com\/pl\/?s={search_term_string}"},"query-input":{"@type":"PropertyValueSpecification","valueRequired":true,"valueName":"search_term_string"}}],"inLanguage":"pl-PL"}]}},"_links":{"self":[{"href":"https:\/\/hundtgroup.com\/pl\/wp-json\/wp\/v2\/product\/24317","targetHints":{"allow":["GET"]}}],"collection":[{"href":"https:\/\/hundtgroup.com\/pl\/wp-json\/wp\/v2\/product"}],"about":[{"href":"https:\/\/hundtgroup.com\/pl\/wp-json\/wp\/v2\/types\/product"}],"wp:featuredmedia":[{"embeddable":true,"href":"https:\/\/hundtgroup.com\/pl\/wp-json\/wp\/v2\/media\/7019"}],"wp:attachment":[{"href":"https:\/\/hundtgroup.com\/pl\/wp-json\/wp\/v2\/media?parent=24317"}],"wp:term":[{"taxonomy":"product_cat","embeddable":true,"href":"https:\/\/hundtgroup.com\/pl\/wp-json\/wp\/v2\/product_cat?post=24317"},{"taxonomy":"product_tag","embeddable":true,"href":"https:\/\/hundtgroup.com\/pl\/wp-json\/wp\/v2\/product_tag?post=24317"}],"curies":[{"name":"wp","href":"https:\/\/api.w.org\/{rel}","templated":true}]}}