{"id":24345,"date":"2022-10-26T15:59:34","date_gmt":"2022-10-26T13:59:34","guid":{"rendered":"https:\/\/hundtgroup.com\/produkt\/zgrzewarka-kolkow-rozporowych-isofix\/"},"modified":"2025-08-05T18:04:21","modified_gmt":"2025-08-05T16:04:21","slug":"zgrzewarka-kolkow-rozporowych-isofix","status":"publish","type":"product","link":"https:\/\/hundtgroup.com\/pl\/produkt\/zgrzewarka-kolkow-rozporowych-isofix\/","title":{"rendered":"Zgrzewarka ko\u0142k\u00f3w rozporowych ISOFIX"},"content":{"rendered":"<p>Do zgrzewania ko\u0142k\u00f3w talerzowych i gwo\u017adzi izolacyjnych, przy wadze zaledwie 7 kg<br \/>\njest wyj\u0105tkowo lekki i bardzo kompaktowy, elektronicznie taktowane inwertorowe p\u0142ytki \u0142aduj\u0105ce zapewniaj\u0105 kr\u00f3tkie czasy \u0142adowania i szybkie sekwencje zgrzewania,<br \/>\nprzejrzysty wy\u015bwietlacz funkcyjny LED, p\u0142ynna regulacja napi\u0119cia \u0142adowania<br \/>\nza pomoc\u0105 pokr\u0119t\u0142a z przodu, IP21<\/p>\n","protected":false},"excerpt":{"rendered":"<p>Do zgrzewania ko\u0142k\u00f3w talerzowych i gwo\u017adzi izolacyjnych, przy wadze zaledwie 7 kg jest wyj\u0105tkowo lekki i bardzo kompaktowy, elektronicznie taktowane inwertorowe p\u0142ytki \u0142aduj\u0105ce zapewniaj\u0105 kr\u00f3tkie czasy \u0142adowania i szybkie sekwencje zgrzewania, przejrzysty wy\u015bwietlacz funkcyjny LED, p\u0142ynna regulacja napi\u0119cia \u0142adowania za pomoc\u0105 pokr\u0119t\u0142a z przodu, IP21<\/p>\n","protected":false},"featured_media":7013,"template":"","meta":{"_acf_changed":false,"inline_featured_image":false},"product_cat":[1021],"product_tag":[],"class_list":{"0":"post-24345","1":"product","2":"type-product","3":"status-publish","4":"has-post-thumbnail","6":"brand-bolte","7":"product_cat-narzedzia-spawalnicze","9":"first","10":"instock","11":"taxable","12":"shipping-taxable","13":"purchasable","14":"product-type-simple","15":"add-to-wishlist-before_image"},"acf":[],"yoast_head":"<!-- This site is optimized with the Yoast SEO plugin v27.3 - https:\/\/yoast.com\/product\/yoast-seo-wordpress\/ -->\n<title>Zgrzewarka ko\u0142k\u00f3w rozporowych ISOFIX - Wilhelm Hundt GmbH<\/title>\n<meta name=\"robots\" content=\"index, follow, max-snippet:-1, max-image-preview:large, max-video-preview:-1\" \/>\n<link rel=\"canonical\" href=\"https:\/\/hundtgroup.com\/pl\/produkt\/zgrzewarka-kolkow-rozporowych-isofix\/\" \/>\n<meta property=\"og:locale\" content=\"pl_PL\" \/>\n<meta property=\"og:type\" content=\"article\" \/>\n<meta property=\"og:title\" content=\"Zgrzewarka ko\u0142k\u00f3w rozporowych ISOFIX - Wilhelm Hundt GmbH\" \/>\n<meta property=\"og:description\" content=\"Do zgrzewania ko\u0142k\u00f3w talerzowych i gwo\u017adzi izolacyjnych, przy wadze zaledwie 7 kg jest wyj\u0105tkowo lekki i bardzo kompaktowy, elektronicznie taktowane inwertorowe p\u0142ytki \u0142aduj\u0105ce zapewniaj\u0105 kr\u00f3tkie czasy \u0142adowania i szybkie sekwencje zgrzewania, przejrzysty wy\u015bwietlacz funkcyjny LED, p\u0142ynna regulacja napi\u0119cia \u0142adowania za pomoc\u0105 pokr\u0119t\u0142a z przodu, IP21\" \/>\n<meta property=\"og:url\" content=\"https:\/\/hundtgroup.com\/pl\/produkt\/zgrzewarka-kolkow-rozporowych-isofix\/\" \/>\n<meta property=\"og:site_name\" content=\"Wilhelm Hundt GmbH\" \/>\n<meta property=\"article:modified_time\" content=\"2025-08-05T16:04:21+00:00\" \/>\n<meta property=\"og:image\" content=\"https:\/\/hundtgroup.com\/wp-content\/uploads\/380303.png\" \/>\n\t<meta property=\"og:image:width\" content=\"508\" \/>\n\t<meta property=\"og:image:height\" content=\"590\" \/>\n\t<meta property=\"og:image:type\" content=\"image\/png\" \/>\n<meta name=\"twitter:card\" content=\"summary_large_image\" \/>\n<script type=\"application\/ld+json\" class=\"yoast-schema-graph\">{\"@context\":\"https:\\\/\\\/schema.org\",\"@graph\":[{\"@type\":\"WebPage\",\"@id\":\"https:\\\/\\\/hundtgroup.com\\\/pl\\\/produkt\\\/zgrzewarka-kolkow-rozporowych-isofix\\\/\",\"url\":\"https:\\\/\\\/hundtgroup.com\\\/pl\\\/produkt\\\/zgrzewarka-kolkow-rozporowych-isofix\\\/\",\"name\":\"Zgrzewarka ko\u0142k\u00f3w rozporowych ISOFIX - Wilhelm Hundt GmbH\",\"isPartOf\":{\"@id\":\"https:\\\/\\\/hundtgroup.com\\\/pl\\\/#website\"},\"primaryImageOfPage\":{\"@id\":\"https:\\\/\\\/hundtgroup.com\\\/pl\\\/produkt\\\/zgrzewarka-kolkow-rozporowych-isofix\\\/#primaryimage\"},\"image\":{\"@id\":\"https:\\\/\\\/hundtgroup.com\\\/pl\\\/produkt\\\/zgrzewarka-kolkow-rozporowych-isofix\\\/#primaryimage\"},\"thumbnailUrl\":\"https:\\\/\\\/hundtgroup.com\\\/wp-content\\\/uploads\\\/380303.png\",\"datePublished\":\"2022-10-26T13:59:34+00:00\",\"dateModified\":\"2025-08-05T16:04:21+00:00\",\"breadcrumb\":{\"@id\":\"https:\\\/\\\/hundtgroup.com\\\/pl\\\/produkt\\\/zgrzewarka-kolkow-rozporowych-isofix\\\/#breadcrumb\"},\"inLanguage\":\"pl-PL\",\"potentialAction\":[{\"@type\":\"ReadAction\",\"target\":[\"https:\\\/\\\/hundtgroup.com\\\/pl\\\/produkt\\\/zgrzewarka-kolkow-rozporowych-isofix\\\/\"]}]},{\"@type\":\"ImageObject\",\"inLanguage\":\"pl-PL\",\"@id\":\"https:\\\/\\\/hundtgroup.com\\\/pl\\\/produkt\\\/zgrzewarka-kolkow-rozporowych-isofix\\\/#primaryimage\",\"url\":\"https:\\\/\\\/hundtgroup.com\\\/wp-content\\\/uploads\\\/380303.png\",\"contentUrl\":\"https:\\\/\\\/hundtgroup.com\\\/wp-content\\\/uploads\\\/380303.png\",\"width\":508,\"height\":590},{\"@type\":\"BreadcrumbList\",\"@id\":\"https:\\\/\\\/hundtgroup.com\\\/pl\\\/produkt\\\/zgrzewarka-kolkow-rozporowych-isofix\\\/#breadcrumb\",\"itemListElement\":[{\"@type\":\"ListItem\",\"position\":1,\"name\":\"Startseite\",\"item\":\"https:\\\/\\\/hundtgroup.com\\\/pl\\\/strona-glowna-nowa\\\/\"},{\"@type\":\"ListItem\",\"position\":2,\"name\":\"Sklep\",\"item\":\"https:\\\/\\\/hundtgroup.com\\\/sklep\\\/\"},{\"@type\":\"ListItem\",\"position\":3,\"name\":\"Zgrzewarka ko\u0142k\u00f3w rozporowych ISOFIX\"}]},{\"@type\":\"WebSite\",\"@id\":\"https:\\\/\\\/hundtgroup.com\\\/pl\\\/#website\",\"url\":\"https:\\\/\\\/hundtgroup.com\\\/pl\\\/\",\"name\":\"Wilhelm Hundt GmbH\",\"description\":\"Specjalista od maszyn i narz\u0119dzi do obr\u00f3bki blachy\",\"potentialAction\":[{\"@type\":\"SearchAction\",\"target\":{\"@type\":\"EntryPoint\",\"urlTemplate\":\"https:\\\/\\\/hundtgroup.com\\\/pl\\\/?s={search_term_string}\"},\"query-input\":{\"@type\":\"PropertyValueSpecification\",\"valueRequired\":true,\"valueName\":\"search_term_string\"}}],\"inLanguage\":\"pl-PL\"}]}<\/script>\n<!-- \/ Yoast SEO plugin. -->","yoast_head_json":{"title":"Zgrzewarka ko\u0142k\u00f3w rozporowych ISOFIX - Wilhelm Hundt GmbH","robots":{"index":"index","follow":"follow","max-snippet":"max-snippet:-1","max-image-preview":"max-image-preview:large","max-video-preview":"max-video-preview:-1"},"canonical":"https:\/\/hundtgroup.com\/pl\/produkt\/zgrzewarka-kolkow-rozporowych-isofix\/","og_locale":"pl_PL","og_type":"article","og_title":"Zgrzewarka ko\u0142k\u00f3w rozporowych ISOFIX - Wilhelm Hundt GmbH","og_description":"Do zgrzewania ko\u0142k\u00f3w talerzowych i gwo\u017adzi izolacyjnych, przy wadze zaledwie 7 kg jest wyj\u0105tkowo lekki i bardzo kompaktowy, elektronicznie taktowane inwertorowe p\u0142ytki \u0142aduj\u0105ce zapewniaj\u0105 kr\u00f3tkie czasy \u0142adowania i szybkie sekwencje zgrzewania, przejrzysty wy\u015bwietlacz funkcyjny LED, p\u0142ynna regulacja napi\u0119cia \u0142adowania za pomoc\u0105 pokr\u0119t\u0142a z przodu, IP21","og_url":"https:\/\/hundtgroup.com\/pl\/produkt\/zgrzewarka-kolkow-rozporowych-isofix\/","og_site_name":"Wilhelm Hundt GmbH","article_modified_time":"2025-08-05T16:04:21+00:00","og_image":[{"width":508,"height":590,"url":"https:\/\/hundtgroup.com\/wp-content\/uploads\/380303.png","type":"image\/png"}],"twitter_card":"summary_large_image","schema":{"@context":"https:\/\/schema.org","@graph":[{"@type":"WebPage","@id":"https:\/\/hundtgroup.com\/pl\/produkt\/zgrzewarka-kolkow-rozporowych-isofix\/","url":"https:\/\/hundtgroup.com\/pl\/produkt\/zgrzewarka-kolkow-rozporowych-isofix\/","name":"Zgrzewarka ko\u0142k\u00f3w rozporowych ISOFIX - Wilhelm Hundt GmbH","isPartOf":{"@id":"https:\/\/hundtgroup.com\/pl\/#website"},"primaryImageOfPage":{"@id":"https:\/\/hundtgroup.com\/pl\/produkt\/zgrzewarka-kolkow-rozporowych-isofix\/#primaryimage"},"image":{"@id":"https:\/\/hundtgroup.com\/pl\/produkt\/zgrzewarka-kolkow-rozporowych-isofix\/#primaryimage"},"thumbnailUrl":"https:\/\/hundtgroup.com\/wp-content\/uploads\/380303.png","datePublished":"2022-10-26T13:59:34+00:00","dateModified":"2025-08-05T16:04:21+00:00","breadcrumb":{"@id":"https:\/\/hundtgroup.com\/pl\/produkt\/zgrzewarka-kolkow-rozporowych-isofix\/#breadcrumb"},"inLanguage":"pl-PL","potentialAction":[{"@type":"ReadAction","target":["https:\/\/hundtgroup.com\/pl\/produkt\/zgrzewarka-kolkow-rozporowych-isofix\/"]}]},{"@type":"ImageObject","inLanguage":"pl-PL","@id":"https:\/\/hundtgroup.com\/pl\/produkt\/zgrzewarka-kolkow-rozporowych-isofix\/#primaryimage","url":"https:\/\/hundtgroup.com\/wp-content\/uploads\/380303.png","contentUrl":"https:\/\/hundtgroup.com\/wp-content\/uploads\/380303.png","width":508,"height":590},{"@type":"BreadcrumbList","@id":"https:\/\/hundtgroup.com\/pl\/produkt\/zgrzewarka-kolkow-rozporowych-isofix\/#breadcrumb","itemListElement":[{"@type":"ListItem","position":1,"name":"Startseite","item":"https:\/\/hundtgroup.com\/pl\/strona-glowna-nowa\/"},{"@type":"ListItem","position":2,"name":"Sklep","item":"https:\/\/hundtgroup.com\/sklep\/"},{"@type":"ListItem","position":3,"name":"Zgrzewarka ko\u0142k\u00f3w rozporowych ISOFIX"}]},{"@type":"WebSite","@id":"https:\/\/hundtgroup.com\/pl\/#website","url":"https:\/\/hundtgroup.com\/pl\/","name":"Wilhelm Hundt GmbH","description":"Specjalista od maszyn i narz\u0119dzi do obr\u00f3bki blachy","potentialAction":[{"@type":"SearchAction","target":{"@type":"EntryPoint","urlTemplate":"https:\/\/hundtgroup.com\/pl\/?s={search_term_string}"},"query-input":{"@type":"PropertyValueSpecification","valueRequired":true,"valueName":"search_term_string"}}],"inLanguage":"pl-PL"}]}},"_links":{"self":[{"href":"https:\/\/hundtgroup.com\/pl\/wp-json\/wp\/v2\/product\/24345","targetHints":{"allow":["GET"]}}],"collection":[{"href":"https:\/\/hundtgroup.com\/pl\/wp-json\/wp\/v2\/product"}],"about":[{"href":"https:\/\/hundtgroup.com\/pl\/wp-json\/wp\/v2\/types\/product"}],"wp:featuredmedia":[{"embeddable":true,"href":"https:\/\/hundtgroup.com\/pl\/wp-json\/wp\/v2\/media\/7013"}],"wp:attachment":[{"href":"https:\/\/hundtgroup.com\/pl\/wp-json\/wp\/v2\/media?parent=24345"}],"wp:term":[{"taxonomy":"product_cat","embeddable":true,"href":"https:\/\/hundtgroup.com\/pl\/wp-json\/wp\/v2\/product_cat?post=24345"},{"taxonomy":"product_tag","embeddable":true,"href":"https:\/\/hundtgroup.com\/pl\/wp-json\/wp\/v2\/product_tag?post=24345"}],"curies":[{"name":"wp","href":"https:\/\/api.w.org\/{rel}","templated":true}]}}