{"id":25020,"date":"2022-10-26T15:59:39","date_gmt":"2022-10-26T13:59:39","guid":{"rendered":"https:\/\/hundtgroup.com\/produkt\/rekawice-robocze-cygnomont-22-rozmiar-9\/"},"modified":"2025-08-05T18:05:44","modified_gmt":"2025-08-05T16:05:44","slug":"rekawice-robocze-cygnomont-22-rozmiar-9","status":"publish","type":"product","link":"https:\/\/hundtgroup.com\/pl\/produkt\/rekawice-robocze-cygnomont-22-rozmiar-9\/","title":{"rendered":"R\u0119kawice robocze Cygnomont 22 rozmiar 9"},"content":{"rendered":"<p>Nylonowe r\u0119kawice z cienkiej dzianiny z czarn\u0105 pow\u0142ok\u0105 PU i bezszwow\u0105 okr\u0105g\u0142\u0105 dzianin\u0105 zapewniaj\u0105c\u0105 doskona\u0142\u0105 zr\u0119czno\u015b\u0107 i dopasowanie.<br \/>\nOddychaj\u0105ce dzi\u0119ki otwartemu grzbietowi<br \/>\nPow\u0142oka PU zapewniaj\u0105ca pewny chwyt i bardzo wysok\u0105 odporno\u015b\u0107 na \u015bcieranie<\/p>\n<p>G\u0142\u00f3wne obszary zastosowa\u0144: Do prac precyzyjnych, wyko\u0144czeniowych, og\u00f3lnych i kontroli jako\u015bci.<\/p>\n","protected":false},"excerpt":{"rendered":"<p>Nylonowe r\u0119kawice z cienkiej dzianiny z czarn\u0105 pow\u0142ok\u0105 PU i bezszwow\u0105 okr\u0105g\u0142\u0105 dzianin\u0105 zapewniaj\u0105c\u0105 doskona\u0142\u0105 zr\u0119czno\u015b\u0107 i dopasowanie. Oddychaj\u0105ce dzi\u0119ki otwartemu grzbietowi Pow\u0142oka PU zapewniaj\u0105ca pewny chwyt i bardzo wysok\u0105 odporno\u015b\u0107 na \u015bcieranie G\u0142\u00f3wne obszary zastosowa\u0144: Do prac precyzyjnych, wyko\u0144czeniowych, og\u00f3lnych i kontroli jako\u015bci.<\/p>\n","protected":false},"featured_media":6830,"template":"","meta":{"_acf_changed":false,"inline_featured_image":false},"product_cat":[1026,934],"product_tag":[],"class_list":{"0":"post-25020","1":"product","2":"type-product","3":"status-publish","4":"has-post-thumbnail","6":"brand-hundt","7":"product_cat-rekawice-robocze","8":"product_cat-bezpieczenstwo-pracy","10":"first","11":"instock","12":"taxable","13":"shipping-taxable","14":"purchasable","15":"product-type-simple","16":"add-to-wishlist-before_image"},"acf":[],"yoast_head":"<!-- This site is optimized with the Yoast SEO plugin v27.3 - https:\/\/yoast.com\/product\/yoast-seo-wordpress\/ -->\n<title>R\u0119kawice robocze Cygnomont 22 rozmiar 9 - Wilhelm Hundt GmbH<\/title>\n<meta name=\"robots\" content=\"index, follow, max-snippet:-1, max-image-preview:large, max-video-preview:-1\" \/>\n<link rel=\"canonical\" href=\"https:\/\/hundtgroup.com\/pl\/produkt\/rekawice-robocze-cygnomont-22-rozmiar-9\/\" \/>\n<meta property=\"og:locale\" content=\"pl_PL\" \/>\n<meta property=\"og:type\" content=\"article\" \/>\n<meta property=\"og:title\" content=\"R\u0119kawice robocze Cygnomont 22 rozmiar 9 - Wilhelm Hundt GmbH\" \/>\n<meta property=\"og:description\" content=\"Nylonowe r\u0119kawice z cienkiej dzianiny z czarn\u0105 pow\u0142ok\u0105 PU i bezszwow\u0105 okr\u0105g\u0142\u0105 dzianin\u0105 zapewniaj\u0105c\u0105 doskona\u0142\u0105 zr\u0119czno\u015b\u0107 i dopasowanie. Oddychaj\u0105ce dzi\u0119ki otwartemu grzbietowi Pow\u0142oka PU zapewniaj\u0105ca pewny chwyt i bardzo wysok\u0105 odporno\u015b\u0107 na \u015bcieranie G\u0142\u00f3wne obszary zastosowa\u0144: Do prac precyzyjnych, wyko\u0144czeniowych, og\u00f3lnych i kontroli jako\u015bci.\" \/>\n<meta property=\"og:url\" content=\"https:\/\/hundtgroup.com\/pl\/produkt\/rekawice-robocze-cygnomont-22-rozmiar-9\/\" \/>\n<meta property=\"og:site_name\" content=\"Wilhelm Hundt GmbH\" \/>\n<meta property=\"article:modified_time\" content=\"2025-08-05T16:05:44+00:00\" \/>\n<meta property=\"og:image\" content=\"https:\/\/hundtgroup.com\/wp-content\/uploads\/290179.png\" \/>\n\t<meta property=\"og:image:width\" content=\"517\" \/>\n\t<meta property=\"og:image:height\" content=\"472\" \/>\n\t<meta property=\"og:image:type\" content=\"image\/png\" \/>\n<meta name=\"twitter:card\" content=\"summary_large_image\" \/>\n<script type=\"application\/ld+json\" class=\"yoast-schema-graph\">{\"@context\":\"https:\\\/\\\/schema.org\",\"@graph\":[{\"@type\":\"WebPage\",\"@id\":\"https:\\\/\\\/hundtgroup.com\\\/pl\\\/produkt\\\/rekawice-robocze-cygnomont-22-rozmiar-9\\\/\",\"url\":\"https:\\\/\\\/hundtgroup.com\\\/pl\\\/produkt\\\/rekawice-robocze-cygnomont-22-rozmiar-9\\\/\",\"name\":\"R\u0119kawice robocze Cygnomont 22 rozmiar 9 - Wilhelm Hundt GmbH\",\"isPartOf\":{\"@id\":\"https:\\\/\\\/hundtgroup.com\\\/pl\\\/#website\"},\"primaryImageOfPage\":{\"@id\":\"https:\\\/\\\/hundtgroup.com\\\/pl\\\/produkt\\\/rekawice-robocze-cygnomont-22-rozmiar-9\\\/#primaryimage\"},\"image\":{\"@id\":\"https:\\\/\\\/hundtgroup.com\\\/pl\\\/produkt\\\/rekawice-robocze-cygnomont-22-rozmiar-9\\\/#primaryimage\"},\"thumbnailUrl\":\"https:\\\/\\\/hundtgroup.com\\\/wp-content\\\/uploads\\\/290179.png\",\"datePublished\":\"2022-10-26T13:59:39+00:00\",\"dateModified\":\"2025-08-05T16:05:44+00:00\",\"breadcrumb\":{\"@id\":\"https:\\\/\\\/hundtgroup.com\\\/pl\\\/produkt\\\/rekawice-robocze-cygnomont-22-rozmiar-9\\\/#breadcrumb\"},\"inLanguage\":\"pl-PL\",\"potentialAction\":[{\"@type\":\"ReadAction\",\"target\":[\"https:\\\/\\\/hundtgroup.com\\\/pl\\\/produkt\\\/rekawice-robocze-cygnomont-22-rozmiar-9\\\/\"]}]},{\"@type\":\"ImageObject\",\"inLanguage\":\"pl-PL\",\"@id\":\"https:\\\/\\\/hundtgroup.com\\\/pl\\\/produkt\\\/rekawice-robocze-cygnomont-22-rozmiar-9\\\/#primaryimage\",\"url\":\"https:\\\/\\\/hundtgroup.com\\\/wp-content\\\/uploads\\\/290179.png\",\"contentUrl\":\"https:\\\/\\\/hundtgroup.com\\\/wp-content\\\/uploads\\\/290179.png\",\"width\":517,\"height\":472},{\"@type\":\"BreadcrumbList\",\"@id\":\"https:\\\/\\\/hundtgroup.com\\\/pl\\\/produkt\\\/rekawice-robocze-cygnomont-22-rozmiar-9\\\/#breadcrumb\",\"itemListElement\":[{\"@type\":\"ListItem\",\"position\":1,\"name\":\"Startseite\",\"item\":\"https:\\\/\\\/hundtgroup.com\\\/pl\\\/strona-glowna-nowa\\\/\"},{\"@type\":\"ListItem\",\"position\":2,\"name\":\"Sklep\",\"item\":\"https:\\\/\\\/hundtgroup.com\\\/sklep\\\/\"},{\"@type\":\"ListItem\",\"position\":3,\"name\":\"R\u0119kawice robocze Cygnomont 22 rozmiar 9\"}]},{\"@type\":\"WebSite\",\"@id\":\"https:\\\/\\\/hundtgroup.com\\\/pl\\\/#website\",\"url\":\"https:\\\/\\\/hundtgroup.com\\\/pl\\\/\",\"name\":\"Wilhelm Hundt GmbH\",\"description\":\"Specjalista od maszyn i narz\u0119dzi do obr\u00f3bki blachy\",\"potentialAction\":[{\"@type\":\"SearchAction\",\"target\":{\"@type\":\"EntryPoint\",\"urlTemplate\":\"https:\\\/\\\/hundtgroup.com\\\/pl\\\/?s={search_term_string}\"},\"query-input\":{\"@type\":\"PropertyValueSpecification\",\"valueRequired\":true,\"valueName\":\"search_term_string\"}}],\"inLanguage\":\"pl-PL\"}]}<\/script>\n<!-- \/ Yoast SEO plugin. -->","yoast_head_json":{"title":"R\u0119kawice robocze Cygnomont 22 rozmiar 9 - Wilhelm Hundt GmbH","robots":{"index":"index","follow":"follow","max-snippet":"max-snippet:-1","max-image-preview":"max-image-preview:large","max-video-preview":"max-video-preview:-1"},"canonical":"https:\/\/hundtgroup.com\/pl\/produkt\/rekawice-robocze-cygnomont-22-rozmiar-9\/","og_locale":"pl_PL","og_type":"article","og_title":"R\u0119kawice robocze Cygnomont 22 rozmiar 9 - Wilhelm Hundt GmbH","og_description":"Nylonowe r\u0119kawice z cienkiej dzianiny z czarn\u0105 pow\u0142ok\u0105 PU i bezszwow\u0105 okr\u0105g\u0142\u0105 dzianin\u0105 zapewniaj\u0105c\u0105 doskona\u0142\u0105 zr\u0119czno\u015b\u0107 i dopasowanie. Oddychaj\u0105ce dzi\u0119ki otwartemu grzbietowi Pow\u0142oka PU zapewniaj\u0105ca pewny chwyt i bardzo wysok\u0105 odporno\u015b\u0107 na \u015bcieranie G\u0142\u00f3wne obszary zastosowa\u0144: Do prac precyzyjnych, wyko\u0144czeniowych, og\u00f3lnych i kontroli jako\u015bci.","og_url":"https:\/\/hundtgroup.com\/pl\/produkt\/rekawice-robocze-cygnomont-22-rozmiar-9\/","og_site_name":"Wilhelm Hundt GmbH","article_modified_time":"2025-08-05T16:05:44+00:00","og_image":[{"width":517,"height":472,"url":"https:\/\/hundtgroup.com\/wp-content\/uploads\/290179.png","type":"image\/png"}],"twitter_card":"summary_large_image","schema":{"@context":"https:\/\/schema.org","@graph":[{"@type":"WebPage","@id":"https:\/\/hundtgroup.com\/pl\/produkt\/rekawice-robocze-cygnomont-22-rozmiar-9\/","url":"https:\/\/hundtgroup.com\/pl\/produkt\/rekawice-robocze-cygnomont-22-rozmiar-9\/","name":"R\u0119kawice robocze Cygnomont 22 rozmiar 9 - Wilhelm Hundt GmbH","isPartOf":{"@id":"https:\/\/hundtgroup.com\/pl\/#website"},"primaryImageOfPage":{"@id":"https:\/\/hundtgroup.com\/pl\/produkt\/rekawice-robocze-cygnomont-22-rozmiar-9\/#primaryimage"},"image":{"@id":"https:\/\/hundtgroup.com\/pl\/produkt\/rekawice-robocze-cygnomont-22-rozmiar-9\/#primaryimage"},"thumbnailUrl":"https:\/\/hundtgroup.com\/wp-content\/uploads\/290179.png","datePublished":"2022-10-26T13:59:39+00:00","dateModified":"2025-08-05T16:05:44+00:00","breadcrumb":{"@id":"https:\/\/hundtgroup.com\/pl\/produkt\/rekawice-robocze-cygnomont-22-rozmiar-9\/#breadcrumb"},"inLanguage":"pl-PL","potentialAction":[{"@type":"ReadAction","target":["https:\/\/hundtgroup.com\/pl\/produkt\/rekawice-robocze-cygnomont-22-rozmiar-9\/"]}]},{"@type":"ImageObject","inLanguage":"pl-PL","@id":"https:\/\/hundtgroup.com\/pl\/produkt\/rekawice-robocze-cygnomont-22-rozmiar-9\/#primaryimage","url":"https:\/\/hundtgroup.com\/wp-content\/uploads\/290179.png","contentUrl":"https:\/\/hundtgroup.com\/wp-content\/uploads\/290179.png","width":517,"height":472},{"@type":"BreadcrumbList","@id":"https:\/\/hundtgroup.com\/pl\/produkt\/rekawice-robocze-cygnomont-22-rozmiar-9\/#breadcrumb","itemListElement":[{"@type":"ListItem","position":1,"name":"Startseite","item":"https:\/\/hundtgroup.com\/pl\/strona-glowna-nowa\/"},{"@type":"ListItem","position":2,"name":"Sklep","item":"https:\/\/hundtgroup.com\/sklep\/"},{"@type":"ListItem","position":3,"name":"R\u0119kawice robocze Cygnomont 22 rozmiar 9"}]},{"@type":"WebSite","@id":"https:\/\/hundtgroup.com\/pl\/#website","url":"https:\/\/hundtgroup.com\/pl\/","name":"Wilhelm Hundt GmbH","description":"Specjalista od maszyn i narz\u0119dzi do obr\u00f3bki blachy","potentialAction":[{"@type":"SearchAction","target":{"@type":"EntryPoint","urlTemplate":"https:\/\/hundtgroup.com\/pl\/?s={search_term_string}"},"query-input":{"@type":"PropertyValueSpecification","valueRequired":true,"valueName":"search_term_string"}}],"inLanguage":"pl-PL"}]}},"_links":{"self":[{"href":"https:\/\/hundtgroup.com\/pl\/wp-json\/wp\/v2\/product\/25020","targetHints":{"allow":["GET"]}}],"collection":[{"href":"https:\/\/hundtgroup.com\/pl\/wp-json\/wp\/v2\/product"}],"about":[{"href":"https:\/\/hundtgroup.com\/pl\/wp-json\/wp\/v2\/types\/product"}],"wp:featuredmedia":[{"embeddable":true,"href":"https:\/\/hundtgroup.com\/pl\/wp-json\/wp\/v2\/media\/6830"}],"wp:attachment":[{"href":"https:\/\/hundtgroup.com\/pl\/wp-json\/wp\/v2\/media?parent=25020"}],"wp:term":[{"taxonomy":"product_cat","embeddable":true,"href":"https:\/\/hundtgroup.com\/pl\/wp-json\/wp\/v2\/product_cat?post=25020"},{"taxonomy":"product_tag","embeddable":true,"href":"https:\/\/hundtgroup.com\/pl\/wp-json\/wp\/v2\/product_tag?post=25020"}],"curies":[{"name":"wp","href":"https:\/\/api.w.org\/{rel}","templated":true}]}}