{"id":25405,"date":"2022-10-26T15:59:16","date_gmt":"2022-10-26T13:59:16","guid":{"rendered":"https:\/\/hundtgroup.com\/produkt\/nitownica-akumulatorowa-rivdom-one-do-nitow-zrywalnych\/"},"modified":"2025-08-01T11:59:12","modified_gmt":"2025-08-01T09:59:12","slug":"nitownica-akumulatorowa-rivdom-one-do-nitow-zrywalnych","status":"publish","type":"product","link":"https:\/\/hundtgroup.com\/pl\/produkt\/nitownica-akumulatorowa-rivdom-one-do-nitow-zrywalnych\/","title":{"rendered":"Nitownica akumulatorowa Rivdom ONE do nit\u00f3w zrywalnych"},"content":{"rendered":"<p>Niezawodne osadzanie nit\u00f3w zrywalnych o \u015brednicy do 5 mm (wszystkie materia\u0142y) dzi\u0119ki mocnemu silnikowi i zoptymalizowanemu mechanizmowi zaciskowemu.<br \/>\nAkumulatory litowo-jonowe z technologi\u0105 \u0142adowania RivdomPLUS: pe\u0142ne na\u0142adowanie w ci\u0105gu 30 minut!<br \/>\nNowa obudowa o doskona\u0142ej ergonomii i zmniejszonej masie.<br \/>\nNowy spust o wyj\u0105tkowo kr\u00f3tkim skoku umo\u017cliwia szybk\u0105 i wygodn\u0105 prac\u0119.<br \/>\nNowy zaczep do paska do u\u017cytku mobilnego.<br \/>\nZnane praktyczne detale, takie jak przezroczysty pojemnik na odpady i o\u015bwietlenie LED punktu nitowania.<\/p>\n","protected":false},"excerpt":{"rendered":"<p>Niezawodne osadzanie nit\u00f3w zrywalnych o \u015brednicy do 5 mm (wszystkie materia\u0142y) dzi\u0119ki mocnemu silnikowi i zoptymalizowanemu mechanizmowi zaciskowemu. Akumulatory litowo-jonowe z technologi\u0105 \u0142adowania RivdomPLUS: pe\u0142ne na\u0142adowanie w ci\u0105gu 30 minut! Nowa obudowa o doskona\u0142ej ergonomii i zmniejszonej masie. Nowy spust o wyj\u0105tkowo kr\u00f3tkim skoku umo\u017cliwia szybk\u0105 i wygodn\u0105 prac\u0119. Nowy zaczep do paska do u\u017cytku [&hellip;]<\/p>\n","protected":false},"featured_media":6659,"template":"","meta":{"_acf_changed":false,"inline_featured_image":false},"product_cat":[2851,1055,1014,691,1016],"product_tag":[],"class_list":{"0":"post-25405","1":"product","2":"type-product","3":"status-publish","4":"has-post-thumbnail","6":"brand-honsel","7":"product_cat-narzedzia-do-nitowania-pl","8":"product_cat-dzialania","9":"product_cat-narzedzia-do-nitowania","10":"product_cat-narzedzia-akumulatorowe","11":"product_cat-bateria","13":"first","14":"instock","15":"taxable","16":"shipping-taxable","17":"purchasable","18":"product-type-simple","19":"add-to-wishlist-before_image"},"acf":[],"yoast_head":"<!-- This site is optimized with the Yoast SEO plugin v27.3 - https:\/\/yoast.com\/product\/yoast-seo-wordpress\/ -->\n<title>Nitownica akumulatorowa Rivdom ONE do nit\u00f3w zrywalnych - Wilhelm Hundt GmbH<\/title>\n<meta name=\"robots\" content=\"index, follow, max-snippet:-1, max-image-preview:large, max-video-preview:-1\" \/>\n<link rel=\"canonical\" href=\"https:\/\/hundtgroup.com\/pl\/produkt\/nitownica-akumulatorowa-rivdom-one-do-nitow-zrywalnych\/\" \/>\n<meta property=\"og:locale\" content=\"pl_PL\" \/>\n<meta property=\"og:type\" content=\"article\" \/>\n<meta property=\"og:title\" content=\"Nitownica akumulatorowa Rivdom ONE do nit\u00f3w zrywalnych - Wilhelm Hundt GmbH\" \/>\n<meta property=\"og:description\" content=\"Niezawodne osadzanie nit\u00f3w zrywalnych o \u015brednicy do 5 mm (wszystkie materia\u0142y) dzi\u0119ki mocnemu silnikowi i zoptymalizowanemu mechanizmowi zaciskowemu. Akumulatory litowo-jonowe z technologi\u0105 \u0142adowania RivdomPLUS: pe\u0142ne na\u0142adowanie w ci\u0105gu 30 minut! Nowa obudowa o doskona\u0142ej ergonomii i zmniejszonej masie. Nowy spust o wyj\u0105tkowo kr\u00f3tkim skoku umo\u017cliwia szybk\u0105 i wygodn\u0105 prac\u0119. Nowy zaczep do paska do u\u017cytku [&hellip;]\" \/>\n<meta property=\"og:url\" content=\"https:\/\/hundtgroup.com\/pl\/produkt\/nitownica-akumulatorowa-rivdom-one-do-nitow-zrywalnych\/\" \/>\n<meta property=\"og:site_name\" content=\"Wilhelm Hundt GmbH\" \/>\n<meta property=\"article:modified_time\" content=\"2025-08-01T09:59:12+00:00\" \/>\n<meta property=\"og:image\" content=\"https:\/\/hundtgroup.com\/wp-content\/uploads\/500408.jpg\" \/>\n\t<meta property=\"og:image:width\" content=\"1600\" \/>\n\t<meta property=\"og:image:height\" content=\"900\" \/>\n\t<meta property=\"og:image:type\" content=\"image\/jpeg\" \/>\n<meta name=\"twitter:card\" content=\"summary_large_image\" \/>\n<script type=\"application\/ld+json\" class=\"yoast-schema-graph\">{\"@context\":\"https:\\\/\\\/schema.org\",\"@graph\":[{\"@type\":\"WebPage\",\"@id\":\"https:\\\/\\\/hundtgroup.com\\\/pl\\\/produkt\\\/nitownica-akumulatorowa-rivdom-one-do-nitow-zrywalnych\\\/\",\"url\":\"https:\\\/\\\/hundtgroup.com\\\/pl\\\/produkt\\\/nitownica-akumulatorowa-rivdom-one-do-nitow-zrywalnych\\\/\",\"name\":\"Nitownica akumulatorowa Rivdom ONE do nit\u00f3w zrywalnych - Wilhelm Hundt GmbH\",\"isPartOf\":{\"@id\":\"https:\\\/\\\/hundtgroup.com\\\/pl\\\/#website\"},\"primaryImageOfPage\":{\"@id\":\"https:\\\/\\\/hundtgroup.com\\\/pl\\\/produkt\\\/nitownica-akumulatorowa-rivdom-one-do-nitow-zrywalnych\\\/#primaryimage\"},\"image\":{\"@id\":\"https:\\\/\\\/hundtgroup.com\\\/pl\\\/produkt\\\/nitownica-akumulatorowa-rivdom-one-do-nitow-zrywalnych\\\/#primaryimage\"},\"thumbnailUrl\":\"https:\\\/\\\/hundtgroup.com\\\/wp-content\\\/uploads\\\/500408.jpg\",\"datePublished\":\"2022-10-26T13:59:16+00:00\",\"dateModified\":\"2025-08-01T09:59:12+00:00\",\"breadcrumb\":{\"@id\":\"https:\\\/\\\/hundtgroup.com\\\/pl\\\/produkt\\\/nitownica-akumulatorowa-rivdom-one-do-nitow-zrywalnych\\\/#breadcrumb\"},\"inLanguage\":\"pl-PL\",\"potentialAction\":[{\"@type\":\"ReadAction\",\"target\":[\"https:\\\/\\\/hundtgroup.com\\\/pl\\\/produkt\\\/nitownica-akumulatorowa-rivdom-one-do-nitow-zrywalnych\\\/\"]}]},{\"@type\":\"ImageObject\",\"inLanguage\":\"pl-PL\",\"@id\":\"https:\\\/\\\/hundtgroup.com\\\/pl\\\/produkt\\\/nitownica-akumulatorowa-rivdom-one-do-nitow-zrywalnych\\\/#primaryimage\",\"url\":\"https:\\\/\\\/hundtgroup.com\\\/wp-content\\\/uploads\\\/500408.jpg\",\"contentUrl\":\"https:\\\/\\\/hundtgroup.com\\\/wp-content\\\/uploads\\\/500408.jpg\",\"width\":1600,\"height\":900},{\"@type\":\"BreadcrumbList\",\"@id\":\"https:\\\/\\\/hundtgroup.com\\\/pl\\\/produkt\\\/nitownica-akumulatorowa-rivdom-one-do-nitow-zrywalnych\\\/#breadcrumb\",\"itemListElement\":[{\"@type\":\"ListItem\",\"position\":1,\"name\":\"Startseite\",\"item\":\"https:\\\/\\\/hundtgroup.com\\\/pl\\\/strona-glowna-nowa\\\/\"},{\"@type\":\"ListItem\",\"position\":2,\"name\":\"Sklep\",\"item\":\"https:\\\/\\\/hundtgroup.com\\\/sklep\\\/\"},{\"@type\":\"ListItem\",\"position\":3,\"name\":\"Nitownica akumulatorowa Rivdom ONE do nit\u00f3w zrywalnych\"}]},{\"@type\":\"WebSite\",\"@id\":\"https:\\\/\\\/hundtgroup.com\\\/pl\\\/#website\",\"url\":\"https:\\\/\\\/hundtgroup.com\\\/pl\\\/\",\"name\":\"Wilhelm Hundt GmbH\",\"description\":\"Specjalista od maszyn i narz\u0119dzi do obr\u00f3bki blachy\",\"potentialAction\":[{\"@type\":\"SearchAction\",\"target\":{\"@type\":\"EntryPoint\",\"urlTemplate\":\"https:\\\/\\\/hundtgroup.com\\\/pl\\\/?s={search_term_string}\"},\"query-input\":{\"@type\":\"PropertyValueSpecification\",\"valueRequired\":true,\"valueName\":\"search_term_string\"}}],\"inLanguage\":\"pl-PL\"}]}<\/script>\n<!-- \/ Yoast SEO plugin. -->","yoast_head_json":{"title":"Nitownica akumulatorowa Rivdom ONE do nit\u00f3w zrywalnych - Wilhelm Hundt GmbH","robots":{"index":"index","follow":"follow","max-snippet":"max-snippet:-1","max-image-preview":"max-image-preview:large","max-video-preview":"max-video-preview:-1"},"canonical":"https:\/\/hundtgroup.com\/pl\/produkt\/nitownica-akumulatorowa-rivdom-one-do-nitow-zrywalnych\/","og_locale":"pl_PL","og_type":"article","og_title":"Nitownica akumulatorowa Rivdom ONE do nit\u00f3w zrywalnych - Wilhelm Hundt GmbH","og_description":"Niezawodne osadzanie nit\u00f3w zrywalnych o \u015brednicy do 5 mm (wszystkie materia\u0142y) dzi\u0119ki mocnemu silnikowi i zoptymalizowanemu mechanizmowi zaciskowemu. Akumulatory litowo-jonowe z technologi\u0105 \u0142adowania RivdomPLUS: pe\u0142ne na\u0142adowanie w ci\u0105gu 30 minut! Nowa obudowa o doskona\u0142ej ergonomii i zmniejszonej masie. Nowy spust o wyj\u0105tkowo kr\u00f3tkim skoku umo\u017cliwia szybk\u0105 i wygodn\u0105 prac\u0119. Nowy zaczep do paska do u\u017cytku [&hellip;]","og_url":"https:\/\/hundtgroup.com\/pl\/produkt\/nitownica-akumulatorowa-rivdom-one-do-nitow-zrywalnych\/","og_site_name":"Wilhelm Hundt GmbH","article_modified_time":"2025-08-01T09:59:12+00:00","og_image":[{"width":1600,"height":900,"url":"https:\/\/hundtgroup.com\/wp-content\/uploads\/500408.jpg","type":"image\/jpeg"}],"twitter_card":"summary_large_image","schema":{"@context":"https:\/\/schema.org","@graph":[{"@type":"WebPage","@id":"https:\/\/hundtgroup.com\/pl\/produkt\/nitownica-akumulatorowa-rivdom-one-do-nitow-zrywalnych\/","url":"https:\/\/hundtgroup.com\/pl\/produkt\/nitownica-akumulatorowa-rivdom-one-do-nitow-zrywalnych\/","name":"Nitownica akumulatorowa Rivdom ONE do nit\u00f3w zrywalnych - Wilhelm Hundt GmbH","isPartOf":{"@id":"https:\/\/hundtgroup.com\/pl\/#website"},"primaryImageOfPage":{"@id":"https:\/\/hundtgroup.com\/pl\/produkt\/nitownica-akumulatorowa-rivdom-one-do-nitow-zrywalnych\/#primaryimage"},"image":{"@id":"https:\/\/hundtgroup.com\/pl\/produkt\/nitownica-akumulatorowa-rivdom-one-do-nitow-zrywalnych\/#primaryimage"},"thumbnailUrl":"https:\/\/hundtgroup.com\/wp-content\/uploads\/500408.jpg","datePublished":"2022-10-26T13:59:16+00:00","dateModified":"2025-08-01T09:59:12+00:00","breadcrumb":{"@id":"https:\/\/hundtgroup.com\/pl\/produkt\/nitownica-akumulatorowa-rivdom-one-do-nitow-zrywalnych\/#breadcrumb"},"inLanguage":"pl-PL","potentialAction":[{"@type":"ReadAction","target":["https:\/\/hundtgroup.com\/pl\/produkt\/nitownica-akumulatorowa-rivdom-one-do-nitow-zrywalnych\/"]}]},{"@type":"ImageObject","inLanguage":"pl-PL","@id":"https:\/\/hundtgroup.com\/pl\/produkt\/nitownica-akumulatorowa-rivdom-one-do-nitow-zrywalnych\/#primaryimage","url":"https:\/\/hundtgroup.com\/wp-content\/uploads\/500408.jpg","contentUrl":"https:\/\/hundtgroup.com\/wp-content\/uploads\/500408.jpg","width":1600,"height":900},{"@type":"BreadcrumbList","@id":"https:\/\/hundtgroup.com\/pl\/produkt\/nitownica-akumulatorowa-rivdom-one-do-nitow-zrywalnych\/#breadcrumb","itemListElement":[{"@type":"ListItem","position":1,"name":"Startseite","item":"https:\/\/hundtgroup.com\/pl\/strona-glowna-nowa\/"},{"@type":"ListItem","position":2,"name":"Sklep","item":"https:\/\/hundtgroup.com\/sklep\/"},{"@type":"ListItem","position":3,"name":"Nitownica akumulatorowa Rivdom ONE do nit\u00f3w zrywalnych"}]},{"@type":"WebSite","@id":"https:\/\/hundtgroup.com\/pl\/#website","url":"https:\/\/hundtgroup.com\/pl\/","name":"Wilhelm Hundt GmbH","description":"Specjalista od maszyn i narz\u0119dzi do obr\u00f3bki blachy","potentialAction":[{"@type":"SearchAction","target":{"@type":"EntryPoint","urlTemplate":"https:\/\/hundtgroup.com\/pl\/?s={search_term_string}"},"query-input":{"@type":"PropertyValueSpecification","valueRequired":true,"valueName":"search_term_string"}}],"inLanguage":"pl-PL"}]}},"_links":{"self":[{"href":"https:\/\/hundtgroup.com\/pl\/wp-json\/wp\/v2\/product\/25405","targetHints":{"allow":["GET"]}}],"collection":[{"href":"https:\/\/hundtgroup.com\/pl\/wp-json\/wp\/v2\/product"}],"about":[{"href":"https:\/\/hundtgroup.com\/pl\/wp-json\/wp\/v2\/types\/product"}],"wp:featuredmedia":[{"embeddable":true,"href":"https:\/\/hundtgroup.com\/pl\/wp-json\/wp\/v2\/media\/6659"}],"wp:attachment":[{"href":"https:\/\/hundtgroup.com\/pl\/wp-json\/wp\/v2\/media?parent=25405"}],"wp:term":[{"taxonomy":"product_cat","embeddable":true,"href":"https:\/\/hundtgroup.com\/pl\/wp-json\/wp\/v2\/product_cat?post=25405"},{"taxonomy":"product_tag","embeddable":true,"href":"https:\/\/hundtgroup.com\/pl\/wp-json\/wp\/v2\/product_tag?post=25405"}],"curies":[{"name":"wp","href":"https:\/\/api.w.org\/{rel}","templated":true}]}}