{"id":25434,"date":"2022-10-26T15:59:16","date_gmt":"2022-10-26T13:59:16","guid":{"rendered":"https:\/\/hundtgroup.com\/produkt\/nitownica-akumulatorowa-rivdom-ebz-zero-do-nitow-jednostronnie-zamykanych\/"},"modified":"2025-08-01T11:59:15","modified_gmt":"2025-08-01T09:59:15","slug":"nitownica-akumulatorowa-rivdom-ebz-zero-do-nitow-jednostronnie-zamykanych","status":"publish","type":"product","link":"https:\/\/hundtgroup.com\/pl\/produkt\/nitownica-akumulatorowa-rivdom-ebz-zero-do-nitow-jednostronnie-zamykanych\/","title":{"rendered":"Nitownica akumulatorowa Rivdom ebZ ZERO do nit\u00f3w jednostronnie zamykanych"},"content":{"rendered":"<p>Kompaktowy. Lekka. Po prostu mocna.<br \/>\nNowy maluch do nit\u00f3w zrywalnych do 4,0 mm.<br \/>\nRivdomZERO ma ultrakompaktow\u0105 obudow\u0119 znan\u0105 ju\u017c z RivSmart, bezszczotkowy silnik i technologi\u0119 \u0142adowania RivdomPLUS.<br \/>\nCz\u0119\u015bci zu\u017cywaj\u0105ce si\u0119 mo\u017cna wymienia\u0107 bez u\u017cycia narz\u0119dzi, a waga zaledwie 1,3 kg gwarantuje maksymaln\u0105 wygod\u0119!<br \/>\nNowo opracowany bezszczotkowy silnik BLDC DC gwarantuje praktycznie niezu\u017cywaj\u0105cy si\u0119, bardzo d\u0142ugi cykl \u017cycia.<br \/>\nNi\u017cszy pob\u00f3r mocy i mniejsze wytwarzanie ciep\u0142a zwi\u0119kszaj\u0105 \u017cywotno\u015b\u0107 baterii i wydajno\u015b\u0107.<br \/>\nBardzo kompaktowe wymiary, a tym samym bezkonkurencyjna obs\u0142uga w najcia\u015bniejszych miejscach instalacji.<br \/>\nIndywidualne ustawienie nawijania.<br \/>\nMaksymalna wygoda dzi\u0119ki obrotowemu spustowi z bardzo ma\u0142\u0105 si\u0142\u0105 spustu \/ kr\u00f3tkim skokiem spustu.  <\/p>\n","protected":false},"excerpt":{"rendered":"<p>Kompaktowy. Lekka. Po prostu mocna. Nowy maluch do nit\u00f3w zrywalnych do 4,0 mm. RivdomZERO ma ultrakompaktow\u0105 obudow\u0119 znan\u0105 ju\u017c z RivSmart, bezszczotkowy silnik i technologi\u0119 \u0142adowania RivdomPLUS. Cz\u0119\u015bci zu\u017cywaj\u0105ce si\u0119 mo\u017cna wymienia\u0107 bez u\u017cycia narz\u0119dzi, a waga zaledwie 1,3 kg gwarantuje maksymaln\u0105 wygod\u0119! Nowo opracowany bezszczotkowy silnik BLDC DC gwarantuje praktycznie niezu\u017cywaj\u0105cy si\u0119, bardzo d\u0142ugi [&hellip;]<\/p>\n","protected":false},"featured_media":6656,"template":"","meta":{"_acf_changed":false,"inline_featured_image":false},"product_cat":[2851,1014,691,1016],"product_tag":[],"class_list":{"0":"post-25434","1":"product","2":"type-product","3":"status-publish","4":"has-post-thumbnail","6":"brand-honsel","7":"product_cat-narzedzia-do-nitowania-pl","8":"product_cat-narzedzia-do-nitowania","9":"product_cat-narzedzia-akumulatorowe","10":"product_cat-bateria","12":"first","13":"instock","14":"sale","15":"taxable","16":"shipping-taxable","17":"purchasable","18":"product-type-simple","19":"add-to-wishlist-before_image"},"acf":[],"yoast_head":"<!-- This site is optimized with the Yoast SEO plugin v27.3 - https:\/\/yoast.com\/product\/yoast-seo-wordpress\/ -->\n<title>Nitownica akumulatorowa Rivdom ebZ ZERO do nit\u00f3w jednostronnie zamykanych - Wilhelm Hundt GmbH<\/title>\n<meta name=\"robots\" content=\"index, follow, max-snippet:-1, max-image-preview:large, max-video-preview:-1\" \/>\n<link rel=\"canonical\" href=\"https:\/\/hundtgroup.com\/pl\/produkt\/nitownica-akumulatorowa-rivdom-ebz-zero-do-nitow-jednostronnie-zamykanych\/\" \/>\n<meta property=\"og:locale\" content=\"pl_PL\" \/>\n<meta property=\"og:type\" content=\"article\" \/>\n<meta property=\"og:title\" content=\"Nitownica akumulatorowa Rivdom ebZ ZERO do nit\u00f3w jednostronnie zamykanych - Wilhelm Hundt GmbH\" \/>\n<meta property=\"og:description\" content=\"Kompaktowy. Lekka. Po prostu mocna. Nowy maluch do nit\u00f3w zrywalnych do 4,0 mm. RivdomZERO ma ultrakompaktow\u0105 obudow\u0119 znan\u0105 ju\u017c z RivSmart, bezszczotkowy silnik i technologi\u0119 \u0142adowania RivdomPLUS. Cz\u0119\u015bci zu\u017cywaj\u0105ce si\u0119 mo\u017cna wymienia\u0107 bez u\u017cycia narz\u0119dzi, a waga zaledwie 1,3 kg gwarantuje maksymaln\u0105 wygod\u0119! Nowo opracowany bezszczotkowy silnik BLDC DC gwarantuje praktycznie niezu\u017cywaj\u0105cy si\u0119, bardzo d\u0142ugi [&hellip;]\" \/>\n<meta property=\"og:url\" content=\"https:\/\/hundtgroup.com\/pl\/produkt\/nitownica-akumulatorowa-rivdom-ebz-zero-do-nitow-jednostronnie-zamykanych\/\" \/>\n<meta property=\"og:site_name\" content=\"Wilhelm Hundt GmbH\" \/>\n<meta property=\"article:modified_time\" content=\"2025-08-01T09:59:15+00:00\" \/>\n<meta property=\"og:image\" content=\"https:\/\/hundtgroup.com\/wp-content\/uploads\/500401.jpg\" \/>\n\t<meta property=\"og:image:width\" content=\"1600\" \/>\n\t<meta property=\"og:image:height\" content=\"901\" \/>\n\t<meta property=\"og:image:type\" content=\"image\/jpeg\" \/>\n<meta name=\"twitter:card\" content=\"summary_large_image\" \/>\n<meta name=\"twitter:label1\" content=\"Szacowany czas czytania\" \/>\n\t<meta name=\"twitter:data1\" content=\"1 minuta\" \/>\n<script type=\"application\/ld+json\" class=\"yoast-schema-graph\">{\"@context\":\"https:\\\/\\\/schema.org\",\"@graph\":[{\"@type\":\"WebPage\",\"@id\":\"https:\\\/\\\/hundtgroup.com\\\/pl\\\/produkt\\\/nitownica-akumulatorowa-rivdom-ebz-zero-do-nitow-jednostronnie-zamykanych\\\/\",\"url\":\"https:\\\/\\\/hundtgroup.com\\\/pl\\\/produkt\\\/nitownica-akumulatorowa-rivdom-ebz-zero-do-nitow-jednostronnie-zamykanych\\\/\",\"name\":\"Nitownica akumulatorowa Rivdom ebZ ZERO do nit\u00f3w jednostronnie zamykanych - Wilhelm Hundt GmbH\",\"isPartOf\":{\"@id\":\"https:\\\/\\\/hundtgroup.com\\\/pl\\\/#website\"},\"primaryImageOfPage\":{\"@id\":\"https:\\\/\\\/hundtgroup.com\\\/pl\\\/produkt\\\/nitownica-akumulatorowa-rivdom-ebz-zero-do-nitow-jednostronnie-zamykanych\\\/#primaryimage\"},\"image\":{\"@id\":\"https:\\\/\\\/hundtgroup.com\\\/pl\\\/produkt\\\/nitownica-akumulatorowa-rivdom-ebz-zero-do-nitow-jednostronnie-zamykanych\\\/#primaryimage\"},\"thumbnailUrl\":\"https:\\\/\\\/hundtgroup.com\\\/wp-content\\\/uploads\\\/500401.jpg\",\"datePublished\":\"2022-10-26T13:59:16+00:00\",\"dateModified\":\"2025-08-01T09:59:15+00:00\",\"breadcrumb\":{\"@id\":\"https:\\\/\\\/hundtgroup.com\\\/pl\\\/produkt\\\/nitownica-akumulatorowa-rivdom-ebz-zero-do-nitow-jednostronnie-zamykanych\\\/#breadcrumb\"},\"inLanguage\":\"pl-PL\",\"potentialAction\":[{\"@type\":\"ReadAction\",\"target\":[\"https:\\\/\\\/hundtgroup.com\\\/pl\\\/produkt\\\/nitownica-akumulatorowa-rivdom-ebz-zero-do-nitow-jednostronnie-zamykanych\\\/\"]}]},{\"@type\":\"ImageObject\",\"inLanguage\":\"pl-PL\",\"@id\":\"https:\\\/\\\/hundtgroup.com\\\/pl\\\/produkt\\\/nitownica-akumulatorowa-rivdom-ebz-zero-do-nitow-jednostronnie-zamykanych\\\/#primaryimage\",\"url\":\"https:\\\/\\\/hundtgroup.com\\\/wp-content\\\/uploads\\\/500401.jpg\",\"contentUrl\":\"https:\\\/\\\/hundtgroup.com\\\/wp-content\\\/uploads\\\/500401.jpg\",\"width\":1600,\"height\":901},{\"@type\":\"BreadcrumbList\",\"@id\":\"https:\\\/\\\/hundtgroup.com\\\/pl\\\/produkt\\\/nitownica-akumulatorowa-rivdom-ebz-zero-do-nitow-jednostronnie-zamykanych\\\/#breadcrumb\",\"itemListElement\":[{\"@type\":\"ListItem\",\"position\":1,\"name\":\"Startseite\",\"item\":\"https:\\\/\\\/hundtgroup.com\\\/pl\\\/strona-glowna-nowa\\\/\"},{\"@type\":\"ListItem\",\"position\":2,\"name\":\"Sklep\",\"item\":\"https:\\\/\\\/hundtgroup.com\\\/sklep\\\/\"},{\"@type\":\"ListItem\",\"position\":3,\"name\":\"Nitownica akumulatorowa Rivdom ebZ ZERO do nit\u00f3w jednostronnie zamykanych\"}]},{\"@type\":\"WebSite\",\"@id\":\"https:\\\/\\\/hundtgroup.com\\\/pl\\\/#website\",\"url\":\"https:\\\/\\\/hundtgroup.com\\\/pl\\\/\",\"name\":\"Wilhelm Hundt GmbH\",\"description\":\"Specjalista od maszyn i narz\u0119dzi do obr\u00f3bki blachy\",\"potentialAction\":[{\"@type\":\"SearchAction\",\"target\":{\"@type\":\"EntryPoint\",\"urlTemplate\":\"https:\\\/\\\/hundtgroup.com\\\/pl\\\/?s={search_term_string}\"},\"query-input\":{\"@type\":\"PropertyValueSpecification\",\"valueRequired\":true,\"valueName\":\"search_term_string\"}}],\"inLanguage\":\"pl-PL\"}]}<\/script>\n<!-- \/ Yoast SEO plugin. -->","yoast_head_json":{"title":"Nitownica akumulatorowa Rivdom ebZ ZERO do nit\u00f3w jednostronnie zamykanych - Wilhelm Hundt GmbH","robots":{"index":"index","follow":"follow","max-snippet":"max-snippet:-1","max-image-preview":"max-image-preview:large","max-video-preview":"max-video-preview:-1"},"canonical":"https:\/\/hundtgroup.com\/pl\/produkt\/nitownica-akumulatorowa-rivdom-ebz-zero-do-nitow-jednostronnie-zamykanych\/","og_locale":"pl_PL","og_type":"article","og_title":"Nitownica akumulatorowa Rivdom ebZ ZERO do nit\u00f3w jednostronnie zamykanych - Wilhelm Hundt GmbH","og_description":"Kompaktowy. Lekka. Po prostu mocna. Nowy maluch do nit\u00f3w zrywalnych do 4,0 mm. RivdomZERO ma ultrakompaktow\u0105 obudow\u0119 znan\u0105 ju\u017c z RivSmart, bezszczotkowy silnik i technologi\u0119 \u0142adowania RivdomPLUS. Cz\u0119\u015bci zu\u017cywaj\u0105ce si\u0119 mo\u017cna wymienia\u0107 bez u\u017cycia narz\u0119dzi, a waga zaledwie 1,3 kg gwarantuje maksymaln\u0105 wygod\u0119! Nowo opracowany bezszczotkowy silnik BLDC DC gwarantuje praktycznie niezu\u017cywaj\u0105cy si\u0119, bardzo d\u0142ugi [&hellip;]","og_url":"https:\/\/hundtgroup.com\/pl\/produkt\/nitownica-akumulatorowa-rivdom-ebz-zero-do-nitow-jednostronnie-zamykanych\/","og_site_name":"Wilhelm Hundt GmbH","article_modified_time":"2025-08-01T09:59:15+00:00","og_image":[{"width":1600,"height":901,"url":"https:\/\/hundtgroup.com\/wp-content\/uploads\/500401.jpg","type":"image\/jpeg"}],"twitter_card":"summary_large_image","twitter_misc":{"Szacowany czas czytania":"1 minuta"},"schema":{"@context":"https:\/\/schema.org","@graph":[{"@type":"WebPage","@id":"https:\/\/hundtgroup.com\/pl\/produkt\/nitownica-akumulatorowa-rivdom-ebz-zero-do-nitow-jednostronnie-zamykanych\/","url":"https:\/\/hundtgroup.com\/pl\/produkt\/nitownica-akumulatorowa-rivdom-ebz-zero-do-nitow-jednostronnie-zamykanych\/","name":"Nitownica akumulatorowa Rivdom ebZ ZERO do nit\u00f3w jednostronnie zamykanych - Wilhelm Hundt GmbH","isPartOf":{"@id":"https:\/\/hundtgroup.com\/pl\/#website"},"primaryImageOfPage":{"@id":"https:\/\/hundtgroup.com\/pl\/produkt\/nitownica-akumulatorowa-rivdom-ebz-zero-do-nitow-jednostronnie-zamykanych\/#primaryimage"},"image":{"@id":"https:\/\/hundtgroup.com\/pl\/produkt\/nitownica-akumulatorowa-rivdom-ebz-zero-do-nitow-jednostronnie-zamykanych\/#primaryimage"},"thumbnailUrl":"https:\/\/hundtgroup.com\/wp-content\/uploads\/500401.jpg","datePublished":"2022-10-26T13:59:16+00:00","dateModified":"2025-08-01T09:59:15+00:00","breadcrumb":{"@id":"https:\/\/hundtgroup.com\/pl\/produkt\/nitownica-akumulatorowa-rivdom-ebz-zero-do-nitow-jednostronnie-zamykanych\/#breadcrumb"},"inLanguage":"pl-PL","potentialAction":[{"@type":"ReadAction","target":["https:\/\/hundtgroup.com\/pl\/produkt\/nitownica-akumulatorowa-rivdom-ebz-zero-do-nitow-jednostronnie-zamykanych\/"]}]},{"@type":"ImageObject","inLanguage":"pl-PL","@id":"https:\/\/hundtgroup.com\/pl\/produkt\/nitownica-akumulatorowa-rivdom-ebz-zero-do-nitow-jednostronnie-zamykanych\/#primaryimage","url":"https:\/\/hundtgroup.com\/wp-content\/uploads\/500401.jpg","contentUrl":"https:\/\/hundtgroup.com\/wp-content\/uploads\/500401.jpg","width":1600,"height":901},{"@type":"BreadcrumbList","@id":"https:\/\/hundtgroup.com\/pl\/produkt\/nitownica-akumulatorowa-rivdom-ebz-zero-do-nitow-jednostronnie-zamykanych\/#breadcrumb","itemListElement":[{"@type":"ListItem","position":1,"name":"Startseite","item":"https:\/\/hundtgroup.com\/pl\/strona-glowna-nowa\/"},{"@type":"ListItem","position":2,"name":"Sklep","item":"https:\/\/hundtgroup.com\/sklep\/"},{"@type":"ListItem","position":3,"name":"Nitownica akumulatorowa Rivdom ebZ ZERO do nit\u00f3w jednostronnie zamykanych"}]},{"@type":"WebSite","@id":"https:\/\/hundtgroup.com\/pl\/#website","url":"https:\/\/hundtgroup.com\/pl\/","name":"Wilhelm Hundt GmbH","description":"Specjalista od maszyn i narz\u0119dzi do obr\u00f3bki blachy","potentialAction":[{"@type":"SearchAction","target":{"@type":"EntryPoint","urlTemplate":"https:\/\/hundtgroup.com\/pl\/?s={search_term_string}"},"query-input":{"@type":"PropertyValueSpecification","valueRequired":true,"valueName":"search_term_string"}}],"inLanguage":"pl-PL"}]}},"_links":{"self":[{"href":"https:\/\/hundtgroup.com\/pl\/wp-json\/wp\/v2\/product\/25434","targetHints":{"allow":["GET"]}}],"collection":[{"href":"https:\/\/hundtgroup.com\/pl\/wp-json\/wp\/v2\/product"}],"about":[{"href":"https:\/\/hundtgroup.com\/pl\/wp-json\/wp\/v2\/types\/product"}],"wp:featuredmedia":[{"embeddable":true,"href":"https:\/\/hundtgroup.com\/pl\/wp-json\/wp\/v2\/media\/6656"}],"wp:attachment":[{"href":"https:\/\/hundtgroup.com\/pl\/wp-json\/wp\/v2\/media?parent=25434"}],"wp:term":[{"taxonomy":"product_cat","embeddable":true,"href":"https:\/\/hundtgroup.com\/pl\/wp-json\/wp\/v2\/product_cat?post=25434"},{"taxonomy":"product_tag","embeddable":true,"href":"https:\/\/hundtgroup.com\/pl\/wp-json\/wp\/v2\/product_tag?post=25434"}],"curies":[{"name":"wp","href":"https:\/\/api.w.org\/{rel}","templated":true}]}}