{"id":25683,"date":"2022-10-26T15:58:20","date_gmt":"2022-10-26T13:58:20","guid":{"rendered":"https:\/\/hundtgroup.com\/produkt\/tasma-miernicza-powerlock-8-m\/"},"modified":"2025-07-29T12:07:46","modified_gmt":"2025-07-29T10:07:46","slug":"tasma-miernicza-powerlock-8-m","status":"publish","type":"product","link":"https:\/\/hundtgroup.com\/pl\/produkt\/tasma-miernicza-powerlock-8-m\/","title":{"rendered":"Ta\u015bma miernicza Powerlock 8 m"},"content":{"rendered":"<p>Chromowana metalowa obudowa. Z automatycznym powrotem ta\u015bmy, blokad\u0105 i klipsem do paska<br \/>\nMaksymalna ochrona przed \u015bcieraniem dzi\u0119ki pow\u0142oce Mylar.<br \/>\n\u017b\u00f3\u0142ta lakierowana ta\u015bma stalowa z nadrukiem w 2 kolorach.<br \/>\nPrzesuwny hak ko\u0144cowy do pomiar\u00f3w wewn\u0119trznych i zewn\u0119trznych jest przymocowany do ta\u015bmy za pomoc\u0105 3 nit\u00f3w zrywalnych.<br \/>\nKlasa dok\u0142adno\u015bci II <\/p>\n","protected":false},"excerpt":{"rendered":"<p>Chromowana metalowa obudowa. Z automatycznym powrotem ta\u015bmy, blokad\u0105 i klipsem do paska Maksymalna ochrona przed \u015bcieraniem dzi\u0119ki pow\u0142oce Mylar. \u017b\u00f3\u0142ta lakierowana ta\u015bma stalowa z nadrukiem w 2 kolorach. Przesuwny hak ko\u0144cowy do pomiar\u00f3w wewn\u0119trznych i zewn\u0119trznych jest przymocowany do ta\u015bmy za pomoc\u0105 3 nit\u00f3w zrywalnych. Klasa dok\u0142adno\u015bci II<\/p>\n","protected":false},"featured_media":7496,"template":"","meta":{"_acf_changed":false,"inline_featured_image":false},"product_cat":[936,2773,949],"product_tag":[],"class_list":{"0":"post-25683","1":"product","2":"type-product","3":"status-publish","4":"has-post-thumbnail","6":"brand-stanley","7":"product_cat-narzedzia-reczne","8":"product_cat-tasma-miernicza","9":"product_cat-narzedzia-pomiarowe","11":"first","12":"instock","13":"taxable","14":"shipping-taxable","15":"purchasable","16":"product-type-simple","17":"add-to-wishlist-before_image"},"acf":[],"yoast_head":"<!-- This site is optimized with the Yoast SEO plugin v27.3 - https:\/\/yoast.com\/product\/yoast-seo-wordpress\/ -->\n<title>Ta\u015bma miernicza Powerlock 8 m - Wilhelm Hundt GmbH<\/title>\n<meta name=\"robots\" content=\"index, follow, max-snippet:-1, max-image-preview:large, max-video-preview:-1\" \/>\n<link rel=\"canonical\" href=\"https:\/\/hundtgroup.com\/pl\/produkt\/tasma-miernicza-powerlock-8-m\/\" \/>\n<meta property=\"og:locale\" content=\"pl_PL\" \/>\n<meta property=\"og:type\" content=\"article\" \/>\n<meta property=\"og:title\" content=\"Ta\u015bma miernicza Powerlock 8 m - Wilhelm Hundt GmbH\" \/>\n<meta property=\"og:description\" content=\"Chromowana metalowa obudowa. Z automatycznym powrotem ta\u015bmy, blokad\u0105 i klipsem do paska Maksymalna ochrona przed \u015bcieraniem dzi\u0119ki pow\u0142oce Mylar. \u017b\u00f3\u0142ta lakierowana ta\u015bma stalowa z nadrukiem w 2 kolorach. Przesuwny hak ko\u0144cowy do pomiar\u00f3w wewn\u0119trznych i zewn\u0119trznych jest przymocowany do ta\u015bmy za pomoc\u0105 3 nit\u00f3w zrywalnych. Klasa dok\u0142adno\u015bci II\" \/>\n<meta property=\"og:url\" content=\"https:\/\/hundtgroup.com\/pl\/produkt\/tasma-miernicza-powerlock-8-m\/\" \/>\n<meta property=\"og:site_name\" content=\"Wilhelm Hundt GmbH\" \/>\n<meta property=\"article:modified_time\" content=\"2025-07-29T10:07:46+00:00\" \/>\n<meta property=\"og:image\" content=\"https:\/\/hundtgroup.com\/wp-content\/uploads\/470043.png\" \/>\n\t<meta property=\"og:image:width\" content=\"260\" \/>\n\t<meta property=\"og:image:height\" content=\"260\" \/>\n\t<meta property=\"og:image:type\" content=\"image\/png\" \/>\n<meta name=\"twitter:card\" content=\"summary_large_image\" \/>\n<script type=\"application\/ld+json\" class=\"yoast-schema-graph\">{\"@context\":\"https:\\\/\\\/schema.org\",\"@graph\":[{\"@type\":\"WebPage\",\"@id\":\"https:\\\/\\\/hundtgroup.com\\\/pl\\\/produkt\\\/tasma-miernicza-powerlock-8-m\\\/\",\"url\":\"https:\\\/\\\/hundtgroup.com\\\/pl\\\/produkt\\\/tasma-miernicza-powerlock-8-m\\\/\",\"name\":\"Ta\u015bma miernicza Powerlock 8 m - Wilhelm Hundt GmbH\",\"isPartOf\":{\"@id\":\"https:\\\/\\\/hundtgroup.com\\\/pl\\\/#website\"},\"primaryImageOfPage\":{\"@id\":\"https:\\\/\\\/hundtgroup.com\\\/pl\\\/produkt\\\/tasma-miernicza-powerlock-8-m\\\/#primaryimage\"},\"image\":{\"@id\":\"https:\\\/\\\/hundtgroup.com\\\/pl\\\/produkt\\\/tasma-miernicza-powerlock-8-m\\\/#primaryimage\"},\"thumbnailUrl\":\"https:\\\/\\\/hundtgroup.com\\\/wp-content\\\/uploads\\\/470043.png\",\"datePublished\":\"2022-10-26T13:58:20+00:00\",\"dateModified\":\"2025-07-29T10:07:46+00:00\",\"breadcrumb\":{\"@id\":\"https:\\\/\\\/hundtgroup.com\\\/pl\\\/produkt\\\/tasma-miernicza-powerlock-8-m\\\/#breadcrumb\"},\"inLanguage\":\"pl-PL\",\"potentialAction\":[{\"@type\":\"ReadAction\",\"target\":[\"https:\\\/\\\/hundtgroup.com\\\/pl\\\/produkt\\\/tasma-miernicza-powerlock-8-m\\\/\"]}]},{\"@type\":\"ImageObject\",\"inLanguage\":\"pl-PL\",\"@id\":\"https:\\\/\\\/hundtgroup.com\\\/pl\\\/produkt\\\/tasma-miernicza-powerlock-8-m\\\/#primaryimage\",\"url\":\"https:\\\/\\\/hundtgroup.com\\\/wp-content\\\/uploads\\\/470043.png\",\"contentUrl\":\"https:\\\/\\\/hundtgroup.com\\\/wp-content\\\/uploads\\\/470043.png\",\"width\":260,\"height\":260},{\"@type\":\"BreadcrumbList\",\"@id\":\"https:\\\/\\\/hundtgroup.com\\\/pl\\\/produkt\\\/tasma-miernicza-powerlock-8-m\\\/#breadcrumb\",\"itemListElement\":[{\"@type\":\"ListItem\",\"position\":1,\"name\":\"Startseite\",\"item\":\"https:\\\/\\\/hundtgroup.com\\\/pl\\\/strona-glowna-nowa\\\/\"},{\"@type\":\"ListItem\",\"position\":2,\"name\":\"Sklep\",\"item\":\"https:\\\/\\\/hundtgroup.com\\\/sklep\\\/\"},{\"@type\":\"ListItem\",\"position\":3,\"name\":\"Ta\u015bma miernicza Powerlock 8 m\"}]},{\"@type\":\"WebSite\",\"@id\":\"https:\\\/\\\/hundtgroup.com\\\/pl\\\/#website\",\"url\":\"https:\\\/\\\/hundtgroup.com\\\/pl\\\/\",\"name\":\"Wilhelm Hundt GmbH\",\"description\":\"Specjalista od maszyn i narz\u0119dzi do obr\u00f3bki blachy\",\"potentialAction\":[{\"@type\":\"SearchAction\",\"target\":{\"@type\":\"EntryPoint\",\"urlTemplate\":\"https:\\\/\\\/hundtgroup.com\\\/pl\\\/?s={search_term_string}\"},\"query-input\":{\"@type\":\"PropertyValueSpecification\",\"valueRequired\":true,\"valueName\":\"search_term_string\"}}],\"inLanguage\":\"pl-PL\"}]}<\/script>\n<!-- \/ Yoast SEO plugin. -->","yoast_head_json":{"title":"Ta\u015bma miernicza Powerlock 8 m - Wilhelm Hundt GmbH","robots":{"index":"index","follow":"follow","max-snippet":"max-snippet:-1","max-image-preview":"max-image-preview:large","max-video-preview":"max-video-preview:-1"},"canonical":"https:\/\/hundtgroup.com\/pl\/produkt\/tasma-miernicza-powerlock-8-m\/","og_locale":"pl_PL","og_type":"article","og_title":"Ta\u015bma miernicza Powerlock 8 m - Wilhelm Hundt GmbH","og_description":"Chromowana metalowa obudowa. Z automatycznym powrotem ta\u015bmy, blokad\u0105 i klipsem do paska Maksymalna ochrona przed \u015bcieraniem dzi\u0119ki pow\u0142oce Mylar. \u017b\u00f3\u0142ta lakierowana ta\u015bma stalowa z nadrukiem w 2 kolorach. Przesuwny hak ko\u0144cowy do pomiar\u00f3w wewn\u0119trznych i zewn\u0119trznych jest przymocowany do ta\u015bmy za pomoc\u0105 3 nit\u00f3w zrywalnych. Klasa dok\u0142adno\u015bci II","og_url":"https:\/\/hundtgroup.com\/pl\/produkt\/tasma-miernicza-powerlock-8-m\/","og_site_name":"Wilhelm Hundt GmbH","article_modified_time":"2025-07-29T10:07:46+00:00","og_image":[{"width":260,"height":260,"url":"https:\/\/hundtgroup.com\/wp-content\/uploads\/470043.png","type":"image\/png"}],"twitter_card":"summary_large_image","schema":{"@context":"https:\/\/schema.org","@graph":[{"@type":"WebPage","@id":"https:\/\/hundtgroup.com\/pl\/produkt\/tasma-miernicza-powerlock-8-m\/","url":"https:\/\/hundtgroup.com\/pl\/produkt\/tasma-miernicza-powerlock-8-m\/","name":"Ta\u015bma miernicza Powerlock 8 m - Wilhelm Hundt GmbH","isPartOf":{"@id":"https:\/\/hundtgroup.com\/pl\/#website"},"primaryImageOfPage":{"@id":"https:\/\/hundtgroup.com\/pl\/produkt\/tasma-miernicza-powerlock-8-m\/#primaryimage"},"image":{"@id":"https:\/\/hundtgroup.com\/pl\/produkt\/tasma-miernicza-powerlock-8-m\/#primaryimage"},"thumbnailUrl":"https:\/\/hundtgroup.com\/wp-content\/uploads\/470043.png","datePublished":"2022-10-26T13:58:20+00:00","dateModified":"2025-07-29T10:07:46+00:00","breadcrumb":{"@id":"https:\/\/hundtgroup.com\/pl\/produkt\/tasma-miernicza-powerlock-8-m\/#breadcrumb"},"inLanguage":"pl-PL","potentialAction":[{"@type":"ReadAction","target":["https:\/\/hundtgroup.com\/pl\/produkt\/tasma-miernicza-powerlock-8-m\/"]}]},{"@type":"ImageObject","inLanguage":"pl-PL","@id":"https:\/\/hundtgroup.com\/pl\/produkt\/tasma-miernicza-powerlock-8-m\/#primaryimage","url":"https:\/\/hundtgroup.com\/wp-content\/uploads\/470043.png","contentUrl":"https:\/\/hundtgroup.com\/wp-content\/uploads\/470043.png","width":260,"height":260},{"@type":"BreadcrumbList","@id":"https:\/\/hundtgroup.com\/pl\/produkt\/tasma-miernicza-powerlock-8-m\/#breadcrumb","itemListElement":[{"@type":"ListItem","position":1,"name":"Startseite","item":"https:\/\/hundtgroup.com\/pl\/strona-glowna-nowa\/"},{"@type":"ListItem","position":2,"name":"Sklep","item":"https:\/\/hundtgroup.com\/sklep\/"},{"@type":"ListItem","position":3,"name":"Ta\u015bma miernicza Powerlock 8 m"}]},{"@type":"WebSite","@id":"https:\/\/hundtgroup.com\/pl\/#website","url":"https:\/\/hundtgroup.com\/pl\/","name":"Wilhelm Hundt GmbH","description":"Specjalista od maszyn i narz\u0119dzi do obr\u00f3bki blachy","potentialAction":[{"@type":"SearchAction","target":{"@type":"EntryPoint","urlTemplate":"https:\/\/hundtgroup.com\/pl\/?s={search_term_string}"},"query-input":{"@type":"PropertyValueSpecification","valueRequired":true,"valueName":"search_term_string"}}],"inLanguage":"pl-PL"}]}},"_links":{"self":[{"href":"https:\/\/hundtgroup.com\/pl\/wp-json\/wp\/v2\/product\/25683","targetHints":{"allow":["GET"]}}],"collection":[{"href":"https:\/\/hundtgroup.com\/pl\/wp-json\/wp\/v2\/product"}],"about":[{"href":"https:\/\/hundtgroup.com\/pl\/wp-json\/wp\/v2\/types\/product"}],"wp:featuredmedia":[{"embeddable":true,"href":"https:\/\/hundtgroup.com\/pl\/wp-json\/wp\/v2\/media\/7496"}],"wp:attachment":[{"href":"https:\/\/hundtgroup.com\/pl\/wp-json\/wp\/v2\/media?parent=25683"}],"wp:term":[{"taxonomy":"product_cat","embeddable":true,"href":"https:\/\/hundtgroup.com\/pl\/wp-json\/wp\/v2\/product_cat?post=25683"},{"taxonomy":"product_tag","embeddable":true,"href":"https:\/\/hundtgroup.com\/pl\/wp-json\/wp\/v2\/product_tag?post=25683"}],"curies":[{"name":"wp","href":"https:\/\/api.w.org\/{rel}","templated":true}]}}