{"id":26984,"date":"2022-08-23T15:58:25","date_gmt":"2022-08-23T13:58:25","guid":{"rendered":"https:\/\/hundtgroup.com\/produkt\/mlotek-udarowy-trumpf-trutool-f-125\/"},"modified":"2025-07-29T10:44:47","modified_gmt":"2025-07-29T08:44:47","slug":"mlotek-udarowy-trumpf-trutool-f-125","status":"publish","type":"product","link":"https:\/\/hundtgroup.com\/pl\/produkt\/mlotek-udarowy-trumpf-trutool-f-125\/","title":{"rendered":"M\u0142otek udarowy TRUMPF TruTool F 125"},"content":{"rendered":"<p>G\u00f3rny m\u0142otek do TruTool F125.<\/p>\n","protected":false},"excerpt":{"rendered":"<p>G\u00f3rny m\u0142otek do TruTool F125.<\/p>\n","protected":false},"featured_media":10154,"template":"","meta":{"_acf_changed":false,"inline_featured_image":false},"product_cat":[968,937,941],"product_tag":[],"class_list":{"0":"post-26984","1":"product","2":"type-product","3":"status-publish","4":"has-post-thumbnail","6":"brand-trumpf","7":"product_cat-trutool-f-125-140-pl","8":"product_cat-akcesoria-akumulatorowe-elektryczne","9":"product_cat-suwak-do-obszywania-prasy-do-laczenia","11":"first","12":"instock","13":"taxable","14":"shipping-taxable","15":"purchasable","16":"product-type-simple","17":"add-to-wishlist-before_image"},"acf":[],"yoast_head":"<!-- This site is optimized with the Yoast SEO plugin v27.3 - https:\/\/yoast.com\/product\/yoast-seo-wordpress\/ -->\n<title>M\u0142otek udarowy TRUMPF TruTool F 125 - Wilhelm Hundt GmbH<\/title>\n<meta name=\"robots\" content=\"index, follow, max-snippet:-1, max-image-preview:large, max-video-preview:-1\" \/>\n<link rel=\"canonical\" href=\"https:\/\/hundtgroup.com\/pl\/produkt\/mlotek-udarowy-trumpf-trutool-f-125\/\" \/>\n<meta property=\"og:locale\" content=\"pl_PL\" \/>\n<meta property=\"og:type\" content=\"article\" \/>\n<meta property=\"og:title\" content=\"M\u0142otek udarowy TRUMPF TruTool F 125 - Wilhelm Hundt GmbH\" \/>\n<meta property=\"og:description\" content=\"G\u00f3rny m\u0142otek do TruTool F125.\" \/>\n<meta property=\"og:url\" content=\"https:\/\/hundtgroup.com\/pl\/produkt\/mlotek-udarowy-trumpf-trutool-f-125\/\" \/>\n<meta property=\"og:site_name\" content=\"Wilhelm Hundt GmbH\" \/>\n<meta property=\"article:modified_time\" content=\"2025-07-29T08:44:47+00:00\" \/>\n<meta property=\"og:image\" content=\"https:\/\/hundtgroup.com\/wp-content\/uploads\/345195.png\" \/>\n\t<meta property=\"og:image:width\" content=\"800\" \/>\n\t<meta property=\"og:image:height\" content=\"578\" \/>\n\t<meta property=\"og:image:type\" content=\"image\/png\" \/>\n<meta name=\"twitter:card\" content=\"summary_large_image\" \/>\n<script type=\"application\/ld+json\" class=\"yoast-schema-graph\">{\"@context\":\"https:\\\/\\\/schema.org\",\"@graph\":[{\"@type\":\"WebPage\",\"@id\":\"https:\\\/\\\/hundtgroup.com\\\/pl\\\/produkt\\\/mlotek-udarowy-trumpf-trutool-f-125\\\/\",\"url\":\"https:\\\/\\\/hundtgroup.com\\\/pl\\\/produkt\\\/mlotek-udarowy-trumpf-trutool-f-125\\\/\",\"name\":\"M\u0142otek udarowy TRUMPF TruTool F 125 - Wilhelm Hundt GmbH\",\"isPartOf\":{\"@id\":\"https:\\\/\\\/hundtgroup.com\\\/pl\\\/#website\"},\"primaryImageOfPage\":{\"@id\":\"https:\\\/\\\/hundtgroup.com\\\/pl\\\/produkt\\\/mlotek-udarowy-trumpf-trutool-f-125\\\/#primaryimage\"},\"image\":{\"@id\":\"https:\\\/\\\/hundtgroup.com\\\/pl\\\/produkt\\\/mlotek-udarowy-trumpf-trutool-f-125\\\/#primaryimage\"},\"thumbnailUrl\":\"https:\\\/\\\/hundtgroup.com\\\/wp-content\\\/uploads\\\/345195.png\",\"datePublished\":\"2022-08-23T13:58:25+00:00\",\"dateModified\":\"2025-07-29T08:44:47+00:00\",\"breadcrumb\":{\"@id\":\"https:\\\/\\\/hundtgroup.com\\\/pl\\\/produkt\\\/mlotek-udarowy-trumpf-trutool-f-125\\\/#breadcrumb\"},\"inLanguage\":\"pl-PL\",\"potentialAction\":[{\"@type\":\"ReadAction\",\"target\":[\"https:\\\/\\\/hundtgroup.com\\\/pl\\\/produkt\\\/mlotek-udarowy-trumpf-trutool-f-125\\\/\"]}]},{\"@type\":\"ImageObject\",\"inLanguage\":\"pl-PL\",\"@id\":\"https:\\\/\\\/hundtgroup.com\\\/pl\\\/produkt\\\/mlotek-udarowy-trumpf-trutool-f-125\\\/#primaryimage\",\"url\":\"https:\\\/\\\/hundtgroup.com\\\/wp-content\\\/uploads\\\/345195.png\",\"contentUrl\":\"https:\\\/\\\/hundtgroup.com\\\/wp-content\\\/uploads\\\/345195.png\",\"width\":800,\"height\":578},{\"@type\":\"BreadcrumbList\",\"@id\":\"https:\\\/\\\/hundtgroup.com\\\/pl\\\/produkt\\\/mlotek-udarowy-trumpf-trutool-f-125\\\/#breadcrumb\",\"itemListElement\":[{\"@type\":\"ListItem\",\"position\":1,\"name\":\"Startseite\",\"item\":\"https:\\\/\\\/hundtgroup.com\\\/pl\\\/strona-glowna-nowa\\\/\"},{\"@type\":\"ListItem\",\"position\":2,\"name\":\"Sklep\",\"item\":\"https:\\\/\\\/hundtgroup.com\\\/sklep\\\/\"},{\"@type\":\"ListItem\",\"position\":3,\"name\":\"M\u0142otek udarowy TRUMPF TruTool F 125\"}]},{\"@type\":\"WebSite\",\"@id\":\"https:\\\/\\\/hundtgroup.com\\\/pl\\\/#website\",\"url\":\"https:\\\/\\\/hundtgroup.com\\\/pl\\\/\",\"name\":\"Wilhelm Hundt GmbH\",\"description\":\"Specjalista od maszyn i narz\u0119dzi do obr\u00f3bki blachy\",\"potentialAction\":[{\"@type\":\"SearchAction\",\"target\":{\"@type\":\"EntryPoint\",\"urlTemplate\":\"https:\\\/\\\/hundtgroup.com\\\/pl\\\/?s={search_term_string}\"},\"query-input\":{\"@type\":\"PropertyValueSpecification\",\"valueRequired\":true,\"valueName\":\"search_term_string\"}}],\"inLanguage\":\"pl-PL\"}]}<\/script>\n<!-- \/ Yoast SEO plugin. -->","yoast_head_json":{"title":"M\u0142otek udarowy TRUMPF TruTool F 125 - Wilhelm Hundt GmbH","robots":{"index":"index","follow":"follow","max-snippet":"max-snippet:-1","max-image-preview":"max-image-preview:large","max-video-preview":"max-video-preview:-1"},"canonical":"https:\/\/hundtgroup.com\/pl\/produkt\/mlotek-udarowy-trumpf-trutool-f-125\/","og_locale":"pl_PL","og_type":"article","og_title":"M\u0142otek udarowy TRUMPF TruTool F 125 - Wilhelm Hundt GmbH","og_description":"G\u00f3rny m\u0142otek do TruTool F125.","og_url":"https:\/\/hundtgroup.com\/pl\/produkt\/mlotek-udarowy-trumpf-trutool-f-125\/","og_site_name":"Wilhelm Hundt GmbH","article_modified_time":"2025-07-29T08:44:47+00:00","og_image":[{"width":800,"height":578,"url":"https:\/\/hundtgroup.com\/wp-content\/uploads\/345195.png","type":"image\/png"}],"twitter_card":"summary_large_image","schema":{"@context":"https:\/\/schema.org","@graph":[{"@type":"WebPage","@id":"https:\/\/hundtgroup.com\/pl\/produkt\/mlotek-udarowy-trumpf-trutool-f-125\/","url":"https:\/\/hundtgroup.com\/pl\/produkt\/mlotek-udarowy-trumpf-trutool-f-125\/","name":"M\u0142otek udarowy TRUMPF TruTool F 125 - Wilhelm Hundt GmbH","isPartOf":{"@id":"https:\/\/hundtgroup.com\/pl\/#website"},"primaryImageOfPage":{"@id":"https:\/\/hundtgroup.com\/pl\/produkt\/mlotek-udarowy-trumpf-trutool-f-125\/#primaryimage"},"image":{"@id":"https:\/\/hundtgroup.com\/pl\/produkt\/mlotek-udarowy-trumpf-trutool-f-125\/#primaryimage"},"thumbnailUrl":"https:\/\/hundtgroup.com\/wp-content\/uploads\/345195.png","datePublished":"2022-08-23T13:58:25+00:00","dateModified":"2025-07-29T08:44:47+00:00","breadcrumb":{"@id":"https:\/\/hundtgroup.com\/pl\/produkt\/mlotek-udarowy-trumpf-trutool-f-125\/#breadcrumb"},"inLanguage":"pl-PL","potentialAction":[{"@type":"ReadAction","target":["https:\/\/hundtgroup.com\/pl\/produkt\/mlotek-udarowy-trumpf-trutool-f-125\/"]}]},{"@type":"ImageObject","inLanguage":"pl-PL","@id":"https:\/\/hundtgroup.com\/pl\/produkt\/mlotek-udarowy-trumpf-trutool-f-125\/#primaryimage","url":"https:\/\/hundtgroup.com\/wp-content\/uploads\/345195.png","contentUrl":"https:\/\/hundtgroup.com\/wp-content\/uploads\/345195.png","width":800,"height":578},{"@type":"BreadcrumbList","@id":"https:\/\/hundtgroup.com\/pl\/produkt\/mlotek-udarowy-trumpf-trutool-f-125\/#breadcrumb","itemListElement":[{"@type":"ListItem","position":1,"name":"Startseite","item":"https:\/\/hundtgroup.com\/pl\/strona-glowna-nowa\/"},{"@type":"ListItem","position":2,"name":"Sklep","item":"https:\/\/hundtgroup.com\/sklep\/"},{"@type":"ListItem","position":3,"name":"M\u0142otek udarowy TRUMPF TruTool F 125"}]},{"@type":"WebSite","@id":"https:\/\/hundtgroup.com\/pl\/#website","url":"https:\/\/hundtgroup.com\/pl\/","name":"Wilhelm Hundt GmbH","description":"Specjalista od maszyn i narz\u0119dzi do obr\u00f3bki blachy","potentialAction":[{"@type":"SearchAction","target":{"@type":"EntryPoint","urlTemplate":"https:\/\/hundtgroup.com\/pl\/?s={search_term_string}"},"query-input":{"@type":"PropertyValueSpecification","valueRequired":true,"valueName":"search_term_string"}}],"inLanguage":"pl-PL"}]}},"_links":{"self":[{"href":"https:\/\/hundtgroup.com\/pl\/wp-json\/wp\/v2\/product\/26984","targetHints":{"allow":["GET"]}}],"collection":[{"href":"https:\/\/hundtgroup.com\/pl\/wp-json\/wp\/v2\/product"}],"about":[{"href":"https:\/\/hundtgroup.com\/pl\/wp-json\/wp\/v2\/types\/product"}],"wp:featuredmedia":[{"embeddable":true,"href":"https:\/\/hundtgroup.com\/pl\/wp-json\/wp\/v2\/media\/10154"}],"wp:attachment":[{"href":"https:\/\/hundtgroup.com\/pl\/wp-json\/wp\/v2\/media?parent=26984"}],"wp:term":[{"taxonomy":"product_cat","embeddable":true,"href":"https:\/\/hundtgroup.com\/pl\/wp-json\/wp\/v2\/product_cat?post=26984"},{"taxonomy":"product_tag","embeddable":true,"href":"https:\/\/hundtgroup.com\/pl\/wp-json\/wp\/v2\/product_tag?post=26984"}],"curies":[{"name":"wp","href":"https:\/\/api.w.org\/{rel}","templated":true}]}}