{"id":26998,"date":"2022-08-23T15:58:25","date_gmt":"2022-08-23T13:58:25","guid":{"rendered":"https:\/\/hundtgroup.com\/produkt\/szyna-prowadzaca-trumpf-dla-trutool-tpc-165\/"},"modified":"2025-07-29T10:45:39","modified_gmt":"2025-07-29T08:45:39","slug":"szyna-prowadzaca-trumpf-dla-trutool-tpc-165","status":"publish","type":"product","link":"https:\/\/hundtgroup.com\/pl\/produkt\/szyna-prowadzaca-trumpf-dla-trutool-tpc-165\/","title":{"rendered":"Szyna prowadz\u0105ca TRUMPF dla TruTool TPC 165"},"content":{"rendered":"<p>Akcesoria do rozkroju p\u0142yt TRUMPF TPC 165<br \/>\nSzyna prowadz\u0105ca jest idealna do precyzyjnych i prostych ci\u0119\u0107 i umo\u017cliwia \u0142atwe prowadzenie maszyny<br \/>\nNiezale\u017cnie od powierzchni p\u0142yt warstwowych i nawet je\u015bli odleg\u0142o\u015b\u0107 mi\u0119dzy poszczeg\u00f3lnymi segmentami jest bardzo du\u017ca.<br \/>\nKilka szyn prowadz\u0105cych mo\u017cna po\u0142\u0105czy\u0107 ze sob\u0105 za pomoc\u0105 elementu \u0142\u0105cz\u0105cego<br \/>\nZastosowanie szyny prowadz\u0105cej ca\u0142kowicie zapobiega zarysowaniu powierzchni.<\/p>\n","protected":false},"excerpt":{"rendered":"<p>Akcesoria do rozkroju p\u0142yt TRUMPF TPC 165 Szyna prowadz\u0105ca jest idealna do precyzyjnych i prostych ci\u0119\u0107 i umo\u017cliwia \u0142atwe prowadzenie maszyny Niezale\u017cnie od powierzchni p\u0142yt warstwowych i nawet je\u015bli odleg\u0142o\u015b\u0107 mi\u0119dzy poszczeg\u00f3lnymi segmentami jest bardzo du\u017ca. Kilka szyn prowadz\u0105cych mo\u017cna po\u0142\u0105czy\u0107 ze sob\u0105 za pomoc\u0105 elementu \u0142\u0105cz\u0105cego Zastosowanie szyny prowadz\u0105cej ca\u0142kowicie zapobiega zarysowaniu powierzchni.<\/p>\n","protected":false},"featured_media":6935,"template":"","meta":{"_acf_changed":false,"inline_featured_image":false},"product_cat":[967,937,940],"product_tag":[],"class_list":{"0":"post-26998","1":"product","2":"type-product","3":"status-publish","4":"has-post-thumbnail","6":"brand-trumpf","7":"product_cat-trutool-tpc-165-pl","8":"product_cat-akcesoria-akumulatorowe-elektryczne","9":"product_cat-obcinak-do-paneli","11":"first","12":"instock","13":"taxable","14":"shipping-taxable","15":"purchasable","16":"product-type-simple","17":"add-to-wishlist-before_image"},"acf":[],"yoast_head":"<!-- This site is optimized with the Yoast SEO plugin v27.3 - https:\/\/yoast.com\/product\/yoast-seo-wordpress\/ -->\n<title>Szyna prowadz\u0105ca TRUMPF dla TruTool TPC 165 - Wilhelm Hundt GmbH<\/title>\n<meta name=\"robots\" content=\"index, follow, max-snippet:-1, max-image-preview:large, max-video-preview:-1\" \/>\n<link rel=\"canonical\" href=\"https:\/\/hundtgroup.com\/pl\/produkt\/szyna-prowadzaca-trumpf-dla-trutool-tpc-165\/\" \/>\n<meta property=\"og:locale\" content=\"pl_PL\" \/>\n<meta property=\"og:type\" content=\"article\" \/>\n<meta property=\"og:title\" content=\"Szyna prowadz\u0105ca TRUMPF dla TruTool TPC 165 - Wilhelm Hundt GmbH\" \/>\n<meta property=\"og:description\" content=\"Akcesoria do rozkroju p\u0142yt TRUMPF TPC 165 Szyna prowadz\u0105ca jest idealna do precyzyjnych i prostych ci\u0119\u0107 i umo\u017cliwia \u0142atwe prowadzenie maszyny Niezale\u017cnie od powierzchni p\u0142yt warstwowych i nawet je\u015bli odleg\u0142o\u015b\u0107 mi\u0119dzy poszczeg\u00f3lnymi segmentami jest bardzo du\u017ca. Kilka szyn prowadz\u0105cych mo\u017cna po\u0142\u0105czy\u0107 ze sob\u0105 za pomoc\u0105 elementu \u0142\u0105cz\u0105cego Zastosowanie szyny prowadz\u0105cej ca\u0142kowicie zapobiega zarysowaniu powierzchni.\" \/>\n<meta property=\"og:url\" content=\"https:\/\/hundtgroup.com\/pl\/produkt\/szyna-prowadzaca-trumpf-dla-trutool-tpc-165\/\" \/>\n<meta property=\"og:site_name\" content=\"Wilhelm Hundt GmbH\" \/>\n<meta property=\"article:modified_time\" content=\"2025-07-29T08:45:39+00:00\" \/>\n<meta property=\"og:image\" content=\"https:\/\/hundtgroup.com\/wp-content\/uploads\/346131.png\" \/>\n\t<meta property=\"og:image:width\" content=\"827\" \/>\n\t<meta property=\"og:image:height\" content=\"324\" \/>\n\t<meta property=\"og:image:type\" content=\"image\/png\" \/>\n<meta name=\"twitter:card\" content=\"summary_large_image\" \/>\n<script type=\"application\/ld+json\" class=\"yoast-schema-graph\">{\"@context\":\"https:\\\/\\\/schema.org\",\"@graph\":[{\"@type\":\"WebPage\",\"@id\":\"https:\\\/\\\/hundtgroup.com\\\/pl\\\/produkt\\\/szyna-prowadzaca-trumpf-dla-trutool-tpc-165\\\/\",\"url\":\"https:\\\/\\\/hundtgroup.com\\\/pl\\\/produkt\\\/szyna-prowadzaca-trumpf-dla-trutool-tpc-165\\\/\",\"name\":\"Szyna prowadz\u0105ca TRUMPF dla TruTool TPC 165 - Wilhelm Hundt GmbH\",\"isPartOf\":{\"@id\":\"https:\\\/\\\/hundtgroup.com\\\/pl\\\/#website\"},\"primaryImageOfPage\":{\"@id\":\"https:\\\/\\\/hundtgroup.com\\\/pl\\\/produkt\\\/szyna-prowadzaca-trumpf-dla-trutool-tpc-165\\\/#primaryimage\"},\"image\":{\"@id\":\"https:\\\/\\\/hundtgroup.com\\\/pl\\\/produkt\\\/szyna-prowadzaca-trumpf-dla-trutool-tpc-165\\\/#primaryimage\"},\"thumbnailUrl\":\"https:\\\/\\\/hundtgroup.com\\\/wp-content\\\/uploads\\\/346131.png\",\"datePublished\":\"2022-08-23T13:58:25+00:00\",\"dateModified\":\"2025-07-29T08:45:39+00:00\",\"breadcrumb\":{\"@id\":\"https:\\\/\\\/hundtgroup.com\\\/pl\\\/produkt\\\/szyna-prowadzaca-trumpf-dla-trutool-tpc-165\\\/#breadcrumb\"},\"inLanguage\":\"pl-PL\",\"potentialAction\":[{\"@type\":\"ReadAction\",\"target\":[\"https:\\\/\\\/hundtgroup.com\\\/pl\\\/produkt\\\/szyna-prowadzaca-trumpf-dla-trutool-tpc-165\\\/\"]}]},{\"@type\":\"ImageObject\",\"inLanguage\":\"pl-PL\",\"@id\":\"https:\\\/\\\/hundtgroup.com\\\/pl\\\/produkt\\\/szyna-prowadzaca-trumpf-dla-trutool-tpc-165\\\/#primaryimage\",\"url\":\"https:\\\/\\\/hundtgroup.com\\\/wp-content\\\/uploads\\\/346131.png\",\"contentUrl\":\"https:\\\/\\\/hundtgroup.com\\\/wp-content\\\/uploads\\\/346131.png\",\"width\":827,\"height\":324},{\"@type\":\"BreadcrumbList\",\"@id\":\"https:\\\/\\\/hundtgroup.com\\\/pl\\\/produkt\\\/szyna-prowadzaca-trumpf-dla-trutool-tpc-165\\\/#breadcrumb\",\"itemListElement\":[{\"@type\":\"ListItem\",\"position\":1,\"name\":\"Startseite\",\"item\":\"https:\\\/\\\/hundtgroup.com\\\/pl\\\/strona-glowna-nowa\\\/\"},{\"@type\":\"ListItem\",\"position\":2,\"name\":\"Sklep\",\"item\":\"https:\\\/\\\/hundtgroup.com\\\/sklep\\\/\"},{\"@type\":\"ListItem\",\"position\":3,\"name\":\"Szyna prowadz\u0105ca TRUMPF dla TruTool TPC 165\"}]},{\"@type\":\"WebSite\",\"@id\":\"https:\\\/\\\/hundtgroup.com\\\/pl\\\/#website\",\"url\":\"https:\\\/\\\/hundtgroup.com\\\/pl\\\/\",\"name\":\"Wilhelm Hundt GmbH\",\"description\":\"Specjalista od maszyn i narz\u0119dzi do obr\u00f3bki blachy\",\"potentialAction\":[{\"@type\":\"SearchAction\",\"target\":{\"@type\":\"EntryPoint\",\"urlTemplate\":\"https:\\\/\\\/hundtgroup.com\\\/pl\\\/?s={search_term_string}\"},\"query-input\":{\"@type\":\"PropertyValueSpecification\",\"valueRequired\":true,\"valueName\":\"search_term_string\"}}],\"inLanguage\":\"pl-PL\"}]}<\/script>\n<!-- \/ Yoast SEO plugin. -->","yoast_head_json":{"title":"Szyna prowadz\u0105ca TRUMPF dla TruTool TPC 165 - Wilhelm Hundt GmbH","robots":{"index":"index","follow":"follow","max-snippet":"max-snippet:-1","max-image-preview":"max-image-preview:large","max-video-preview":"max-video-preview:-1"},"canonical":"https:\/\/hundtgroup.com\/pl\/produkt\/szyna-prowadzaca-trumpf-dla-trutool-tpc-165\/","og_locale":"pl_PL","og_type":"article","og_title":"Szyna prowadz\u0105ca TRUMPF dla TruTool TPC 165 - Wilhelm Hundt GmbH","og_description":"Akcesoria do rozkroju p\u0142yt TRUMPF TPC 165 Szyna prowadz\u0105ca jest idealna do precyzyjnych i prostych ci\u0119\u0107 i umo\u017cliwia \u0142atwe prowadzenie maszyny Niezale\u017cnie od powierzchni p\u0142yt warstwowych i nawet je\u015bli odleg\u0142o\u015b\u0107 mi\u0119dzy poszczeg\u00f3lnymi segmentami jest bardzo du\u017ca. Kilka szyn prowadz\u0105cych mo\u017cna po\u0142\u0105czy\u0107 ze sob\u0105 za pomoc\u0105 elementu \u0142\u0105cz\u0105cego Zastosowanie szyny prowadz\u0105cej ca\u0142kowicie zapobiega zarysowaniu powierzchni.","og_url":"https:\/\/hundtgroup.com\/pl\/produkt\/szyna-prowadzaca-trumpf-dla-trutool-tpc-165\/","og_site_name":"Wilhelm Hundt GmbH","article_modified_time":"2025-07-29T08:45:39+00:00","og_image":[{"width":827,"height":324,"url":"https:\/\/hundtgroup.com\/wp-content\/uploads\/346131.png","type":"image\/png"}],"twitter_card":"summary_large_image","schema":{"@context":"https:\/\/schema.org","@graph":[{"@type":"WebPage","@id":"https:\/\/hundtgroup.com\/pl\/produkt\/szyna-prowadzaca-trumpf-dla-trutool-tpc-165\/","url":"https:\/\/hundtgroup.com\/pl\/produkt\/szyna-prowadzaca-trumpf-dla-trutool-tpc-165\/","name":"Szyna prowadz\u0105ca TRUMPF dla TruTool TPC 165 - Wilhelm Hundt GmbH","isPartOf":{"@id":"https:\/\/hundtgroup.com\/pl\/#website"},"primaryImageOfPage":{"@id":"https:\/\/hundtgroup.com\/pl\/produkt\/szyna-prowadzaca-trumpf-dla-trutool-tpc-165\/#primaryimage"},"image":{"@id":"https:\/\/hundtgroup.com\/pl\/produkt\/szyna-prowadzaca-trumpf-dla-trutool-tpc-165\/#primaryimage"},"thumbnailUrl":"https:\/\/hundtgroup.com\/wp-content\/uploads\/346131.png","datePublished":"2022-08-23T13:58:25+00:00","dateModified":"2025-07-29T08:45:39+00:00","breadcrumb":{"@id":"https:\/\/hundtgroup.com\/pl\/produkt\/szyna-prowadzaca-trumpf-dla-trutool-tpc-165\/#breadcrumb"},"inLanguage":"pl-PL","potentialAction":[{"@type":"ReadAction","target":["https:\/\/hundtgroup.com\/pl\/produkt\/szyna-prowadzaca-trumpf-dla-trutool-tpc-165\/"]}]},{"@type":"ImageObject","inLanguage":"pl-PL","@id":"https:\/\/hundtgroup.com\/pl\/produkt\/szyna-prowadzaca-trumpf-dla-trutool-tpc-165\/#primaryimage","url":"https:\/\/hundtgroup.com\/wp-content\/uploads\/346131.png","contentUrl":"https:\/\/hundtgroup.com\/wp-content\/uploads\/346131.png","width":827,"height":324},{"@type":"BreadcrumbList","@id":"https:\/\/hundtgroup.com\/pl\/produkt\/szyna-prowadzaca-trumpf-dla-trutool-tpc-165\/#breadcrumb","itemListElement":[{"@type":"ListItem","position":1,"name":"Startseite","item":"https:\/\/hundtgroup.com\/pl\/strona-glowna-nowa\/"},{"@type":"ListItem","position":2,"name":"Sklep","item":"https:\/\/hundtgroup.com\/sklep\/"},{"@type":"ListItem","position":3,"name":"Szyna prowadz\u0105ca TRUMPF dla TruTool TPC 165"}]},{"@type":"WebSite","@id":"https:\/\/hundtgroup.com\/pl\/#website","url":"https:\/\/hundtgroup.com\/pl\/","name":"Wilhelm Hundt GmbH","description":"Specjalista od maszyn i narz\u0119dzi do obr\u00f3bki blachy","potentialAction":[{"@type":"SearchAction","target":{"@type":"EntryPoint","urlTemplate":"https:\/\/hundtgroup.com\/pl\/?s={search_term_string}"},"query-input":{"@type":"PropertyValueSpecification","valueRequired":true,"valueName":"search_term_string"}}],"inLanguage":"pl-PL"}]}},"_links":{"self":[{"href":"https:\/\/hundtgroup.com\/pl\/wp-json\/wp\/v2\/product\/26998","targetHints":{"allow":["GET"]}}],"collection":[{"href":"https:\/\/hundtgroup.com\/pl\/wp-json\/wp\/v2\/product"}],"about":[{"href":"https:\/\/hundtgroup.com\/pl\/wp-json\/wp\/v2\/types\/product"}],"wp:featuredmedia":[{"embeddable":true,"href":"https:\/\/hundtgroup.com\/pl\/wp-json\/wp\/v2\/media\/6935"}],"wp:attachment":[{"href":"https:\/\/hundtgroup.com\/pl\/wp-json\/wp\/v2\/media?parent=26998"}],"wp:term":[{"taxonomy":"product_cat","embeddable":true,"href":"https:\/\/hundtgroup.com\/pl\/wp-json\/wp\/v2\/product_cat?post=26998"},{"taxonomy":"product_tag","embeddable":true,"href":"https:\/\/hundtgroup.com\/pl\/wp-json\/wp\/v2\/product_tag?post=26998"}],"curies":[{"name":"wp","href":"https:\/\/api.w.org\/{rel}","templated":true}]}}