{"id":27719,"date":"2022-08-23T15:56:03","date_gmt":"2022-08-23T13:56:03","guid":{"rendered":"https:\/\/hundtgroup.com\/produkt\/akumulatorowa-stalnica-do-profili-trumpf-trutool-pn-201-18v-40ah\/"},"modified":"2025-07-29T10:20:52","modified_gmt":"2025-07-29T08:20:52","slug":"akumulatorowa-stalnica-do-profili-trumpf-trutool-pn-201-18v-40ah","status":"publish","type":"product","link":"https:\/\/hundtgroup.com\/pl\/produkt\/akumulatorowa-stalnica-do-profili-trumpf-trutool-pn-201-18v-40ah\/","title":{"rendered":"Akumulatorowa stalnica do profili TRUMPF TruTool PN 201 18V 4,0Ah"},"content":{"rendered":"<p>Tnie blach\u0119 do 2 mm<br \/>\nMaszyna z d\u0142ugim narz\u0119dziem do obr\u00f3bki profili o g\u0142\u0119boko\u015bci do 162 mm oraz profili C, L i U. Nadaje si\u0119 r\u00f3wnie\u017c do ci\u0119cia blachy falistej.<br \/>\nIdealna do trudno dost\u0119pnych miejsc.<br \/>\nZmiana kierunku ci\u0119cia w kilka sekund &#8211; obr\u00f3t o 360\u00b0.<br \/>\nNieograniczone zaginanie dzi\u0119ki wydr\u0105\u017conemu okr\u0105g\u0142emu stemplowi.<br \/>\nNiska si\u0142a posuwu, bez zniekszta\u0142ce\u0144, emisji i iskier.<br \/>\nStempel i matryc\u0119 mo\u017cna wymienia\u0107 bez u\u017cycia narz\u0119dzi.<br \/>\nDo 60% wi\u0119cej mocy akumulatora dzi\u0119ki technologii PowerHead i bezszczotkowemu silnikowi.<br \/>\nMi\u0119kka r\u0119koje\u015b\u0107 zapewnia prac\u0119 przy niskich wibracjach. <\/p>\n<p>Wydajno\u015b\u0107 pracy w metrach na na\u0142adowanie akumulatora (stal konstrukcyjna 400 N\/mm\u00b2):<br \/>\n2 mm: z 4 Ah: 26 metr\u00f3w<br \/>\n1 mm: z 4 Ah: 54 metry<\/p>\n","protected":false},"excerpt":{"rendered":"<p>Tnie blach\u0119 do 2 mm Maszyna z d\u0142ugim narz\u0119dziem do obr\u00f3bki profili o g\u0142\u0119boko\u015bci do 162 mm oraz profili C, L i U. Nadaje si\u0119 r\u00f3wnie\u017c do ci\u0119cia blachy falistej. Idealna do trudno dost\u0119pnych miejsc. Zmiana kierunku ci\u0119cia w kilka sekund &#8211; obr\u00f3t o 360\u00b0. Nieograniczone zaginanie dzi\u0119ki wydr\u0105\u017conemu okr\u0105g\u0142emu stemplowi. Niska si\u0142a posuwu, bez [&hellip;]<\/p>\n","protected":false},"featured_media":10499,"template":"","meta":{"_acf_changed":false,"inline_featured_image":false},"product_cat":[691,1046],"product_tag":[],"class_list":{"0":"post-27719","1":"product","2":"type-product","3":"status-publish","4":"has-post-thumbnail","6":"brand-trumpf","7":"product_cat-narzedzia-akumulatorowe","8":"product_cat-nibbler-profilu-pl","10":"first","11":"instock","12":"sale","13":"taxable","14":"shipping-taxable","15":"purchasable","16":"product-type-simple","17":"add-to-wishlist-before_image"},"acf":[],"yoast_head":"<!-- This site is optimized with the Yoast SEO plugin v27.3 - https:\/\/yoast.com\/product\/yoast-seo-wordpress\/ -->\n<title>Akumulatorowa stalnica do profili TRUMPF TruTool PN 201 18V 4,0Ah - Wilhelm Hundt GmbH<\/title>\n<meta name=\"robots\" content=\"index, follow, max-snippet:-1, max-image-preview:large, max-video-preview:-1\" \/>\n<link rel=\"canonical\" href=\"https:\/\/hundtgroup.com\/pl\/produkt\/akumulatorowa-stalnica-do-profili-trumpf-trutool-pn-201-18v-40ah\/\" \/>\n<meta property=\"og:locale\" content=\"pl_PL\" \/>\n<meta property=\"og:type\" content=\"article\" \/>\n<meta property=\"og:title\" content=\"Akumulatorowa stalnica do profili TRUMPF TruTool PN 201 18V 4,0Ah - Wilhelm Hundt GmbH\" \/>\n<meta property=\"og:description\" content=\"Tnie blach\u0119 do 2 mm Maszyna z d\u0142ugim narz\u0119dziem do obr\u00f3bki profili o g\u0142\u0119boko\u015bci do 162 mm oraz profili C, L i U. Nadaje si\u0119 r\u00f3wnie\u017c do ci\u0119cia blachy falistej. Idealna do trudno dost\u0119pnych miejsc. Zmiana kierunku ci\u0119cia w kilka sekund &#8211; obr\u00f3t o 360\u00b0. Nieograniczone zaginanie dzi\u0119ki wydr\u0105\u017conemu okr\u0105g\u0142emu stemplowi. Niska si\u0142a posuwu, bez [&hellip;]\" \/>\n<meta property=\"og:url\" content=\"https:\/\/hundtgroup.com\/pl\/produkt\/akumulatorowa-stalnica-do-profili-trumpf-trutool-pn-201-18v-40ah\/\" \/>\n<meta property=\"og:site_name\" content=\"Wilhelm Hundt GmbH\" \/>\n<meta property=\"article:modified_time\" content=\"2025-07-29T08:20:52+00:00\" \/>\n<meta property=\"og:image\" content=\"https:\/\/hundtgroup.com\/wp-content\/uploads\/352012.png\" \/>\n\t<meta property=\"og:image:width\" content=\"467\" \/>\n\t<meta property=\"og:image:height\" content=\"600\" \/>\n\t<meta property=\"og:image:type\" content=\"image\/png\" \/>\n<meta name=\"twitter:card\" content=\"summary_large_image\" \/>\n<meta name=\"twitter:label1\" content=\"Szacowany czas czytania\" \/>\n\t<meta name=\"twitter:data1\" content=\"1 minuta\" \/>\n<script type=\"application\/ld+json\" class=\"yoast-schema-graph\">{\"@context\":\"https:\\\/\\\/schema.org\",\"@graph\":[{\"@type\":\"WebPage\",\"@id\":\"https:\\\/\\\/hundtgroup.com\\\/pl\\\/produkt\\\/akumulatorowa-stalnica-do-profili-trumpf-trutool-pn-201-18v-40ah\\\/\",\"url\":\"https:\\\/\\\/hundtgroup.com\\\/pl\\\/produkt\\\/akumulatorowa-stalnica-do-profili-trumpf-trutool-pn-201-18v-40ah\\\/\",\"name\":\"Akumulatorowa stalnica do profili TRUMPF TruTool PN 201 18V 4,0Ah - Wilhelm Hundt GmbH\",\"isPartOf\":{\"@id\":\"https:\\\/\\\/hundtgroup.com\\\/pl\\\/#website\"},\"primaryImageOfPage\":{\"@id\":\"https:\\\/\\\/hundtgroup.com\\\/pl\\\/produkt\\\/akumulatorowa-stalnica-do-profili-trumpf-trutool-pn-201-18v-40ah\\\/#primaryimage\"},\"image\":{\"@id\":\"https:\\\/\\\/hundtgroup.com\\\/pl\\\/produkt\\\/akumulatorowa-stalnica-do-profili-trumpf-trutool-pn-201-18v-40ah\\\/#primaryimage\"},\"thumbnailUrl\":\"https:\\\/\\\/hundtgroup.com\\\/wp-content\\\/uploads\\\/352012.png\",\"datePublished\":\"2022-08-23T13:56:03+00:00\",\"dateModified\":\"2025-07-29T08:20:52+00:00\",\"breadcrumb\":{\"@id\":\"https:\\\/\\\/hundtgroup.com\\\/pl\\\/produkt\\\/akumulatorowa-stalnica-do-profili-trumpf-trutool-pn-201-18v-40ah\\\/#breadcrumb\"},\"inLanguage\":\"pl-PL\",\"potentialAction\":[{\"@type\":\"ReadAction\",\"target\":[\"https:\\\/\\\/hundtgroup.com\\\/pl\\\/produkt\\\/akumulatorowa-stalnica-do-profili-trumpf-trutool-pn-201-18v-40ah\\\/\"]}]},{\"@type\":\"ImageObject\",\"inLanguage\":\"pl-PL\",\"@id\":\"https:\\\/\\\/hundtgroup.com\\\/pl\\\/produkt\\\/akumulatorowa-stalnica-do-profili-trumpf-trutool-pn-201-18v-40ah\\\/#primaryimage\",\"url\":\"https:\\\/\\\/hundtgroup.com\\\/wp-content\\\/uploads\\\/352012.png\",\"contentUrl\":\"https:\\\/\\\/hundtgroup.com\\\/wp-content\\\/uploads\\\/352012.png\",\"width\":467,\"height\":600},{\"@type\":\"BreadcrumbList\",\"@id\":\"https:\\\/\\\/hundtgroup.com\\\/pl\\\/produkt\\\/akumulatorowa-stalnica-do-profili-trumpf-trutool-pn-201-18v-40ah\\\/#breadcrumb\",\"itemListElement\":[{\"@type\":\"ListItem\",\"position\":1,\"name\":\"Startseite\",\"item\":\"https:\\\/\\\/hundtgroup.com\\\/pl\\\/strona-glowna-nowa\\\/\"},{\"@type\":\"ListItem\",\"position\":2,\"name\":\"Sklep\",\"item\":\"https:\\\/\\\/hundtgroup.com\\\/sklep\\\/\"},{\"@type\":\"ListItem\",\"position\":3,\"name\":\"Akumulatorowa stalnica do profili TRUMPF TruTool PN 201 18V 4,0Ah\"}]},{\"@type\":\"WebSite\",\"@id\":\"https:\\\/\\\/hundtgroup.com\\\/pl\\\/#website\",\"url\":\"https:\\\/\\\/hundtgroup.com\\\/pl\\\/\",\"name\":\"Wilhelm Hundt GmbH\",\"description\":\"Specjalista od maszyn i narz\u0119dzi do obr\u00f3bki blachy\",\"potentialAction\":[{\"@type\":\"SearchAction\",\"target\":{\"@type\":\"EntryPoint\",\"urlTemplate\":\"https:\\\/\\\/hundtgroup.com\\\/pl\\\/?s={search_term_string}\"},\"query-input\":{\"@type\":\"PropertyValueSpecification\",\"valueRequired\":true,\"valueName\":\"search_term_string\"}}],\"inLanguage\":\"pl-PL\"}]}<\/script>\n<!-- \/ Yoast SEO plugin. -->","yoast_head_json":{"title":"Akumulatorowa stalnica do profili TRUMPF TruTool PN 201 18V 4,0Ah - Wilhelm Hundt GmbH","robots":{"index":"index","follow":"follow","max-snippet":"max-snippet:-1","max-image-preview":"max-image-preview:large","max-video-preview":"max-video-preview:-1"},"canonical":"https:\/\/hundtgroup.com\/pl\/produkt\/akumulatorowa-stalnica-do-profili-trumpf-trutool-pn-201-18v-40ah\/","og_locale":"pl_PL","og_type":"article","og_title":"Akumulatorowa stalnica do profili TRUMPF TruTool PN 201 18V 4,0Ah - Wilhelm Hundt GmbH","og_description":"Tnie blach\u0119 do 2 mm Maszyna z d\u0142ugim narz\u0119dziem do obr\u00f3bki profili o g\u0142\u0119boko\u015bci do 162 mm oraz profili C, L i U. Nadaje si\u0119 r\u00f3wnie\u017c do ci\u0119cia blachy falistej. Idealna do trudno dost\u0119pnych miejsc. Zmiana kierunku ci\u0119cia w kilka sekund &#8211; obr\u00f3t o 360\u00b0. Nieograniczone zaginanie dzi\u0119ki wydr\u0105\u017conemu okr\u0105g\u0142emu stemplowi. Niska si\u0142a posuwu, bez [&hellip;]","og_url":"https:\/\/hundtgroup.com\/pl\/produkt\/akumulatorowa-stalnica-do-profili-trumpf-trutool-pn-201-18v-40ah\/","og_site_name":"Wilhelm Hundt GmbH","article_modified_time":"2025-07-29T08:20:52+00:00","og_image":[{"width":467,"height":600,"url":"https:\/\/hundtgroup.com\/wp-content\/uploads\/352012.png","type":"image\/png"}],"twitter_card":"summary_large_image","twitter_misc":{"Szacowany czas czytania":"1 minuta"},"schema":{"@context":"https:\/\/schema.org","@graph":[{"@type":"WebPage","@id":"https:\/\/hundtgroup.com\/pl\/produkt\/akumulatorowa-stalnica-do-profili-trumpf-trutool-pn-201-18v-40ah\/","url":"https:\/\/hundtgroup.com\/pl\/produkt\/akumulatorowa-stalnica-do-profili-trumpf-trutool-pn-201-18v-40ah\/","name":"Akumulatorowa stalnica do profili TRUMPF TruTool PN 201 18V 4,0Ah - Wilhelm Hundt GmbH","isPartOf":{"@id":"https:\/\/hundtgroup.com\/pl\/#website"},"primaryImageOfPage":{"@id":"https:\/\/hundtgroup.com\/pl\/produkt\/akumulatorowa-stalnica-do-profili-trumpf-trutool-pn-201-18v-40ah\/#primaryimage"},"image":{"@id":"https:\/\/hundtgroup.com\/pl\/produkt\/akumulatorowa-stalnica-do-profili-trumpf-trutool-pn-201-18v-40ah\/#primaryimage"},"thumbnailUrl":"https:\/\/hundtgroup.com\/wp-content\/uploads\/352012.png","datePublished":"2022-08-23T13:56:03+00:00","dateModified":"2025-07-29T08:20:52+00:00","breadcrumb":{"@id":"https:\/\/hundtgroup.com\/pl\/produkt\/akumulatorowa-stalnica-do-profili-trumpf-trutool-pn-201-18v-40ah\/#breadcrumb"},"inLanguage":"pl-PL","potentialAction":[{"@type":"ReadAction","target":["https:\/\/hundtgroup.com\/pl\/produkt\/akumulatorowa-stalnica-do-profili-trumpf-trutool-pn-201-18v-40ah\/"]}]},{"@type":"ImageObject","inLanguage":"pl-PL","@id":"https:\/\/hundtgroup.com\/pl\/produkt\/akumulatorowa-stalnica-do-profili-trumpf-trutool-pn-201-18v-40ah\/#primaryimage","url":"https:\/\/hundtgroup.com\/wp-content\/uploads\/352012.png","contentUrl":"https:\/\/hundtgroup.com\/wp-content\/uploads\/352012.png","width":467,"height":600},{"@type":"BreadcrumbList","@id":"https:\/\/hundtgroup.com\/pl\/produkt\/akumulatorowa-stalnica-do-profili-trumpf-trutool-pn-201-18v-40ah\/#breadcrumb","itemListElement":[{"@type":"ListItem","position":1,"name":"Startseite","item":"https:\/\/hundtgroup.com\/pl\/strona-glowna-nowa\/"},{"@type":"ListItem","position":2,"name":"Sklep","item":"https:\/\/hundtgroup.com\/sklep\/"},{"@type":"ListItem","position":3,"name":"Akumulatorowa stalnica do profili TRUMPF TruTool PN 201 18V 4,0Ah"}]},{"@type":"WebSite","@id":"https:\/\/hundtgroup.com\/pl\/#website","url":"https:\/\/hundtgroup.com\/pl\/","name":"Wilhelm Hundt GmbH","description":"Specjalista od maszyn i narz\u0119dzi do obr\u00f3bki blachy","potentialAction":[{"@type":"SearchAction","target":{"@type":"EntryPoint","urlTemplate":"https:\/\/hundtgroup.com\/pl\/?s={search_term_string}"},"query-input":{"@type":"PropertyValueSpecification","valueRequired":true,"valueName":"search_term_string"}}],"inLanguage":"pl-PL"}]}},"_links":{"self":[{"href":"https:\/\/hundtgroup.com\/pl\/wp-json\/wp\/v2\/product\/27719","targetHints":{"allow":["GET"]}}],"collection":[{"href":"https:\/\/hundtgroup.com\/pl\/wp-json\/wp\/v2\/product"}],"about":[{"href":"https:\/\/hundtgroup.com\/pl\/wp-json\/wp\/v2\/types\/product"}],"wp:featuredmedia":[{"embeddable":true,"href":"https:\/\/hundtgroup.com\/pl\/wp-json\/wp\/v2\/media\/10499"}],"wp:attachment":[{"href":"https:\/\/hundtgroup.com\/pl\/wp-json\/wp\/v2\/media?parent=27719"}],"wp:term":[{"taxonomy":"product_cat","embeddable":true,"href":"https:\/\/hundtgroup.com\/pl\/wp-json\/wp\/v2\/product_cat?post=27719"},{"taxonomy":"product_tag","embeddable":true,"href":"https:\/\/hundtgroup.com\/pl\/wp-json\/wp\/v2\/product_tag?post=27719"}],"curies":[{"name":"wp","href":"https:\/\/api.w.org\/{rel}","templated":true}]}}