{"id":27819,"date":"2022-08-23T15:56:29","date_gmt":"2022-08-23T13:56:29","guid":{"rendered":"https:\/\/hundtgroup.com\/produkt\/noz-trumpf-cr-do-trutool-c-160-zestaw-2-szt\/"},"modified":"2025-07-29T10:26:11","modified_gmt":"2025-07-29T08:26:11","slug":"noz-trumpf-cr-do-trutool-c-160-zestaw-2-szt","status":"publish","type":"product","link":"https:\/\/hundtgroup.com\/pl\/produkt\/noz-trumpf-cr-do-trutool-c-160-zestaw-2-szt\/","title":{"rendered":"N\u00f3\u017c Trumpf CR do TruTool C 160 zestaw 2 szt."},"content":{"rendered":"<p>No\u017ce odpowiednie do no\u017cyc do ci\u0119cia wzd\u0142u\u017cnego TRUMPF TruTool C 160, nowsze i starsze wersje, no\u017cyce akumulatorowe i pneumatyczne, z \u0142amaczem wi\u00f3ra i bez<br \/>\nIdealnie nadaj\u0105 si\u0119 do ci\u0119cia stali nierdzewnej i kana\u0142\u00f3w spiralnych.<\/p>\n","protected":false},"excerpt":{"rendered":"<p>No\u017ce odpowiednie do no\u017cyc do ci\u0119cia wzd\u0142u\u017cnego TRUMPF TruTool C 160, nowsze i starsze wersje, no\u017cyce akumulatorowe i pneumatyczne, z \u0142amaczem wi\u00f3ra i bez Idealnie nadaj\u0105 si\u0119 do ci\u0119cia stali nierdzewnej i kana\u0142\u00f3w spiralnych.<\/p>\n","protected":false},"featured_media":10052,"template":"","meta":{"_acf_changed":false,"inline_featured_image":false},"product_cat":[952,937,938],"product_tag":[],"class_list":{"0":"post-27819","1":"product","2":"type-product","3":"status-publish","4":"has-post-thumbnail","6":"brand-trumpf","7":"product_cat-trutool-c-160-pl","8":"product_cat-akcesoria-akumulatorowe-elektryczne","9":"product_cat-nozyce-do-blachy-pl-2","11":"first","12":"instock","13":"taxable","14":"shipping-taxable","15":"purchasable","16":"product-type-simple","17":"add-to-wishlist-before_image"},"acf":[],"yoast_head":"<!-- This site is optimized with the Yoast SEO plugin v27.3 - https:\/\/yoast.com\/product\/yoast-seo-wordpress\/ -->\n<title>N\u00f3\u017c Trumpf CR do TruTool C 160 zestaw 2 szt. - Wilhelm Hundt GmbH<\/title>\n<meta name=\"robots\" content=\"index, follow, max-snippet:-1, max-image-preview:large, max-video-preview:-1\" \/>\n<link rel=\"canonical\" href=\"https:\/\/hundtgroup.com\/pl\/produkt\/noz-trumpf-cr-do-trutool-c-160-zestaw-2-szt\/\" \/>\n<meta property=\"og:locale\" content=\"pl_PL\" \/>\n<meta property=\"og:type\" content=\"article\" \/>\n<meta property=\"og:title\" content=\"N\u00f3\u017c Trumpf CR do TruTool C 160 zestaw 2 szt. - Wilhelm Hundt GmbH\" \/>\n<meta property=\"og:description\" content=\"No\u017ce odpowiednie do no\u017cyc do ci\u0119cia wzd\u0142u\u017cnego TRUMPF TruTool C 160, nowsze i starsze wersje, no\u017cyce akumulatorowe i pneumatyczne, z \u0142amaczem wi\u00f3ra i bez Idealnie nadaj\u0105 si\u0119 do ci\u0119cia stali nierdzewnej i kana\u0142\u00f3w spiralnych.\" \/>\n<meta property=\"og:url\" content=\"https:\/\/hundtgroup.com\/pl\/produkt\/noz-trumpf-cr-do-trutool-c-160-zestaw-2-szt\/\" \/>\n<meta property=\"og:site_name\" content=\"Wilhelm Hundt GmbH\" \/>\n<meta property=\"article:modified_time\" content=\"2025-07-29T08:26:11+00:00\" \/>\n<meta property=\"og:image\" content=\"https:\/\/hundtgroup.com\/wp-content\/uploads\/345080.jpg\" \/>\n\t<meta property=\"og:image:width\" content=\"300\" \/>\n\t<meta property=\"og:image:height\" content=\"128\" \/>\n\t<meta property=\"og:image:type\" content=\"image\/jpeg\" \/>\n<meta name=\"twitter:card\" content=\"summary_large_image\" \/>\n<script type=\"application\/ld+json\" class=\"yoast-schema-graph\">{\"@context\":\"https:\\\/\\\/schema.org\",\"@graph\":[{\"@type\":\"WebPage\",\"@id\":\"https:\\\/\\\/hundtgroup.com\\\/pl\\\/produkt\\\/noz-trumpf-cr-do-trutool-c-160-zestaw-2-szt\\\/\",\"url\":\"https:\\\/\\\/hundtgroup.com\\\/pl\\\/produkt\\\/noz-trumpf-cr-do-trutool-c-160-zestaw-2-szt\\\/\",\"name\":\"N\u00f3\u017c Trumpf CR do TruTool C 160 zestaw 2 szt. - Wilhelm Hundt GmbH\",\"isPartOf\":{\"@id\":\"https:\\\/\\\/hundtgroup.com\\\/pl\\\/#website\"},\"primaryImageOfPage\":{\"@id\":\"https:\\\/\\\/hundtgroup.com\\\/pl\\\/produkt\\\/noz-trumpf-cr-do-trutool-c-160-zestaw-2-szt\\\/#primaryimage\"},\"image\":{\"@id\":\"https:\\\/\\\/hundtgroup.com\\\/pl\\\/produkt\\\/noz-trumpf-cr-do-trutool-c-160-zestaw-2-szt\\\/#primaryimage\"},\"thumbnailUrl\":\"https:\\\/\\\/hundtgroup.com\\\/wp-content\\\/uploads\\\/345080.jpg\",\"datePublished\":\"2022-08-23T13:56:29+00:00\",\"dateModified\":\"2025-07-29T08:26:11+00:00\",\"breadcrumb\":{\"@id\":\"https:\\\/\\\/hundtgroup.com\\\/pl\\\/produkt\\\/noz-trumpf-cr-do-trutool-c-160-zestaw-2-szt\\\/#breadcrumb\"},\"inLanguage\":\"pl-PL\",\"potentialAction\":[{\"@type\":\"ReadAction\",\"target\":[\"https:\\\/\\\/hundtgroup.com\\\/pl\\\/produkt\\\/noz-trumpf-cr-do-trutool-c-160-zestaw-2-szt\\\/\"]}]},{\"@type\":\"ImageObject\",\"inLanguage\":\"pl-PL\",\"@id\":\"https:\\\/\\\/hundtgroup.com\\\/pl\\\/produkt\\\/noz-trumpf-cr-do-trutool-c-160-zestaw-2-szt\\\/#primaryimage\",\"url\":\"https:\\\/\\\/hundtgroup.com\\\/wp-content\\\/uploads\\\/345080.jpg\",\"contentUrl\":\"https:\\\/\\\/hundtgroup.com\\\/wp-content\\\/uploads\\\/345080.jpg\",\"width\":300,\"height\":128},{\"@type\":\"BreadcrumbList\",\"@id\":\"https:\\\/\\\/hundtgroup.com\\\/pl\\\/produkt\\\/noz-trumpf-cr-do-trutool-c-160-zestaw-2-szt\\\/#breadcrumb\",\"itemListElement\":[{\"@type\":\"ListItem\",\"position\":1,\"name\":\"Startseite\",\"item\":\"https:\\\/\\\/hundtgroup.com\\\/pl\\\/strona-glowna-nowa\\\/\"},{\"@type\":\"ListItem\",\"position\":2,\"name\":\"Sklep\",\"item\":\"https:\\\/\\\/hundtgroup.com\\\/sklep\\\/\"},{\"@type\":\"ListItem\",\"position\":3,\"name\":\"N\u00f3\u017c Trumpf CR do TruTool C 160 zestaw 2 szt.\"}]},{\"@type\":\"WebSite\",\"@id\":\"https:\\\/\\\/hundtgroup.com\\\/pl\\\/#website\",\"url\":\"https:\\\/\\\/hundtgroup.com\\\/pl\\\/\",\"name\":\"Wilhelm Hundt GmbH\",\"description\":\"Specjalista od maszyn i narz\u0119dzi do obr\u00f3bki blachy\",\"potentialAction\":[{\"@type\":\"SearchAction\",\"target\":{\"@type\":\"EntryPoint\",\"urlTemplate\":\"https:\\\/\\\/hundtgroup.com\\\/pl\\\/?s={search_term_string}\"},\"query-input\":{\"@type\":\"PropertyValueSpecification\",\"valueRequired\":true,\"valueName\":\"search_term_string\"}}],\"inLanguage\":\"pl-PL\"}]}<\/script>\n<!-- \/ Yoast SEO plugin. -->","yoast_head_json":{"title":"N\u00f3\u017c Trumpf CR do TruTool C 160 zestaw 2 szt. - Wilhelm Hundt GmbH","robots":{"index":"index","follow":"follow","max-snippet":"max-snippet:-1","max-image-preview":"max-image-preview:large","max-video-preview":"max-video-preview:-1"},"canonical":"https:\/\/hundtgroup.com\/pl\/produkt\/noz-trumpf-cr-do-trutool-c-160-zestaw-2-szt\/","og_locale":"pl_PL","og_type":"article","og_title":"N\u00f3\u017c Trumpf CR do TruTool C 160 zestaw 2 szt. - Wilhelm Hundt GmbH","og_description":"No\u017ce odpowiednie do no\u017cyc do ci\u0119cia wzd\u0142u\u017cnego TRUMPF TruTool C 160, nowsze i starsze wersje, no\u017cyce akumulatorowe i pneumatyczne, z \u0142amaczem wi\u00f3ra i bez Idealnie nadaj\u0105 si\u0119 do ci\u0119cia stali nierdzewnej i kana\u0142\u00f3w spiralnych.","og_url":"https:\/\/hundtgroup.com\/pl\/produkt\/noz-trumpf-cr-do-trutool-c-160-zestaw-2-szt\/","og_site_name":"Wilhelm Hundt GmbH","article_modified_time":"2025-07-29T08:26:11+00:00","og_image":[{"width":300,"height":128,"url":"https:\/\/hundtgroup.com\/wp-content\/uploads\/345080.jpg","type":"image\/jpeg"}],"twitter_card":"summary_large_image","schema":{"@context":"https:\/\/schema.org","@graph":[{"@type":"WebPage","@id":"https:\/\/hundtgroup.com\/pl\/produkt\/noz-trumpf-cr-do-trutool-c-160-zestaw-2-szt\/","url":"https:\/\/hundtgroup.com\/pl\/produkt\/noz-trumpf-cr-do-trutool-c-160-zestaw-2-szt\/","name":"N\u00f3\u017c Trumpf CR do TruTool C 160 zestaw 2 szt. - Wilhelm Hundt GmbH","isPartOf":{"@id":"https:\/\/hundtgroup.com\/pl\/#website"},"primaryImageOfPage":{"@id":"https:\/\/hundtgroup.com\/pl\/produkt\/noz-trumpf-cr-do-trutool-c-160-zestaw-2-szt\/#primaryimage"},"image":{"@id":"https:\/\/hundtgroup.com\/pl\/produkt\/noz-trumpf-cr-do-trutool-c-160-zestaw-2-szt\/#primaryimage"},"thumbnailUrl":"https:\/\/hundtgroup.com\/wp-content\/uploads\/345080.jpg","datePublished":"2022-08-23T13:56:29+00:00","dateModified":"2025-07-29T08:26:11+00:00","breadcrumb":{"@id":"https:\/\/hundtgroup.com\/pl\/produkt\/noz-trumpf-cr-do-trutool-c-160-zestaw-2-szt\/#breadcrumb"},"inLanguage":"pl-PL","potentialAction":[{"@type":"ReadAction","target":["https:\/\/hundtgroup.com\/pl\/produkt\/noz-trumpf-cr-do-trutool-c-160-zestaw-2-szt\/"]}]},{"@type":"ImageObject","inLanguage":"pl-PL","@id":"https:\/\/hundtgroup.com\/pl\/produkt\/noz-trumpf-cr-do-trutool-c-160-zestaw-2-szt\/#primaryimage","url":"https:\/\/hundtgroup.com\/wp-content\/uploads\/345080.jpg","contentUrl":"https:\/\/hundtgroup.com\/wp-content\/uploads\/345080.jpg","width":300,"height":128},{"@type":"BreadcrumbList","@id":"https:\/\/hundtgroup.com\/pl\/produkt\/noz-trumpf-cr-do-trutool-c-160-zestaw-2-szt\/#breadcrumb","itemListElement":[{"@type":"ListItem","position":1,"name":"Startseite","item":"https:\/\/hundtgroup.com\/pl\/strona-glowna-nowa\/"},{"@type":"ListItem","position":2,"name":"Sklep","item":"https:\/\/hundtgroup.com\/sklep\/"},{"@type":"ListItem","position":3,"name":"N\u00f3\u017c Trumpf CR do TruTool C 160 zestaw 2 szt."}]},{"@type":"WebSite","@id":"https:\/\/hundtgroup.com\/pl\/#website","url":"https:\/\/hundtgroup.com\/pl\/","name":"Wilhelm Hundt GmbH","description":"Specjalista od maszyn i narz\u0119dzi do obr\u00f3bki blachy","potentialAction":[{"@type":"SearchAction","target":{"@type":"EntryPoint","urlTemplate":"https:\/\/hundtgroup.com\/pl\/?s={search_term_string}"},"query-input":{"@type":"PropertyValueSpecification","valueRequired":true,"valueName":"search_term_string"}}],"inLanguage":"pl-PL"}]}},"_links":{"self":[{"href":"https:\/\/hundtgroup.com\/pl\/wp-json\/wp\/v2\/product\/27819","targetHints":{"allow":["GET"]}}],"collection":[{"href":"https:\/\/hundtgroup.com\/pl\/wp-json\/wp\/v2\/product"}],"about":[{"href":"https:\/\/hundtgroup.com\/pl\/wp-json\/wp\/v2\/types\/product"}],"wp:featuredmedia":[{"embeddable":true,"href":"https:\/\/hundtgroup.com\/pl\/wp-json\/wp\/v2\/media\/10052"}],"wp:attachment":[{"href":"https:\/\/hundtgroup.com\/pl\/wp-json\/wp\/v2\/media?parent=27819"}],"wp:term":[{"taxonomy":"product_cat","embeddable":true,"href":"https:\/\/hundtgroup.com\/pl\/wp-json\/wp\/v2\/product_cat?post=27819"},{"taxonomy":"product_tag","embeddable":true,"href":"https:\/\/hundtgroup.com\/pl\/wp-json\/wp\/v2\/product_tag?post=27819"}],"curies":[{"name":"wp","href":"https:\/\/api.w.org\/{rel}","templated":true}]}}