{"id":27976,"date":"2022-08-23T15:56:29","date_gmt":"2022-08-23T13:56:29","guid":{"rendered":"https:\/\/hundtgroup.com\/produkt\/tarcza-krawedziowa-do-spawania-trutool-tkf-700-375\/"},"modified":"2025-07-29T10:18:34","modified_gmt":"2025-07-29T08:18:34","slug":"tarcza-krawedziowa-do-spawania-trutool-tkf-700-375","status":"publish","type":"product","link":"https:\/\/hundtgroup.com\/pl\/produkt\/tarcza-krawedziowa-do-spawania-trutool-tkf-700-375\/","title":{"rendered":"Tarcza kraw\u0119dziowa do spawania TruTool TKF 700 37,5\u00b0"},"content":{"rendered":"<p>TKF 700 mo\u017ce by\u0107 u\u017cywana wsz\u0119dzie tam, gdzie wymagane jest przygotowanie kraw\u0119dzi do spawania w kszta\u0142cie litery K, V, X i Y. I to nie tylko na prostych blachach, ale tak\u017ce na rurach.<br \/>\nRozmiar skosu i grubo\u015b\u0107 blachy mo\u017cna ustawi\u0107 \u0142atwo i bez u\u017cycia narz\u0119dzi. No\u015bnik narz\u0119dzi mo\u017cna obr\u00f3ci\u0107 w jednym z trzech kierunk\u00f3w obr\u00f3bki w ci\u0105gu kilku sekund.<br \/>\nDzi\u0119ki niewielkiej wadze TKF 700 mo\u017ce by\u0107 u\u017cywany w pozycji pionowej, poziomej lub nad g\u0142ow\u0105. Urz\u0105dzenie mo\u017ce by\u0107 u\u017cywane r\u0119cznie lub stacjonarnie.<br \/>\nMo\u017cna wykonywa\u0107 spoiny nie tylko na prostej blasze, ale tak\u017ce na rurach, wyci\u0119ciach wewn\u0119trznych i zakrzywionych kraw\u0119dziach.<br \/>\nObr\u00f3bka rur od \u015brednicy wewn\u0119trznej 80 mm, wyci\u0119\u0107 wewn\u0119trznych od \u015brednicy 90 mm i zakrzywionych kraw\u0119dzi o promieniu od 40 mm<br \/>\nKraw\u0119dziarka spawalnicza jest stosowana w warsztatach obr\u00f3bki metali, w in\u017cynierii stalowej i mechanicznej, w przemy\u015ble stoczniowym i budowie wagon\u00f3w.   <\/p>\n","protected":false},"excerpt":{"rendered":"<p>TKF 700 mo\u017ce by\u0107 u\u017cywana wsz\u0119dzie tam, gdzie wymagane jest przygotowanie kraw\u0119dzi do spawania w kszta\u0142cie litery K, V, X i Y. I to nie tylko na prostych blachach, ale tak\u017ce na rurach. Rozmiar skosu i grubo\u015b\u0107 blachy mo\u017cna ustawi\u0107 \u0142atwo i bez u\u017cycia narz\u0119dzi. No\u015bnik narz\u0119dzi mo\u017cna obr\u00f3ci\u0107 w jednym z trzech kierunk\u00f3w obr\u00f3bki [&hellip;]<\/p>\n","protected":false},"featured_media":6515,"template":"","meta":{"_acf_changed":false,"inline_featured_image":false},"product_cat":[660,1052],"product_tag":[],"class_list":{"0":"post-27976","1":"product","2":"type-product","3":"status-publish","4":"has-post-thumbnail","6":"brand-trumpf","7":"product_cat-elektronarzedzia","8":"product_cat-urzadzenie-do-ksztaltowania-krawedzi-spoiny-pl","10":"first","11":"instock","12":"sale","13":"taxable","14":"shipping-taxable","15":"purchasable","16":"product-type-simple","17":"add-to-wishlist-before_image"},"acf":[],"yoast_head":"<!-- This site is optimized with the Yoast SEO plugin v27.3 - https:\/\/yoast.com\/product\/yoast-seo-wordpress\/ -->\n<title>Tarcza kraw\u0119dziowa do spawania TruTool TKF 700 37,5\u00b0 - Wilhelm Hundt GmbH<\/title>\n<meta name=\"robots\" content=\"index, follow, max-snippet:-1, max-image-preview:large, max-video-preview:-1\" \/>\n<link rel=\"canonical\" href=\"https:\/\/hundtgroup.com\/pl\/produkt\/tarcza-krawedziowa-do-spawania-trutool-tkf-700-375\/\" \/>\n<meta property=\"og:locale\" content=\"pl_PL\" \/>\n<meta property=\"og:type\" content=\"article\" \/>\n<meta property=\"og:title\" content=\"Tarcza kraw\u0119dziowa do spawania TruTool TKF 700 37,5\u00b0 - Wilhelm Hundt GmbH\" \/>\n<meta property=\"og:description\" content=\"TKF 700 mo\u017ce by\u0107 u\u017cywana wsz\u0119dzie tam, gdzie wymagane jest przygotowanie kraw\u0119dzi do spawania w kszta\u0142cie litery K, V, X i Y. I to nie tylko na prostych blachach, ale tak\u017ce na rurach. Rozmiar skosu i grubo\u015b\u0107 blachy mo\u017cna ustawi\u0107 \u0142atwo i bez u\u017cycia narz\u0119dzi. No\u015bnik narz\u0119dzi mo\u017cna obr\u00f3ci\u0107 w jednym z trzech kierunk\u00f3w obr\u00f3bki [&hellip;]\" \/>\n<meta property=\"og:url\" content=\"https:\/\/hundtgroup.com\/pl\/produkt\/tarcza-krawedziowa-do-spawania-trutool-tkf-700-375\/\" \/>\n<meta property=\"og:site_name\" content=\"Wilhelm Hundt GmbH\" \/>\n<meta property=\"article:modified_time\" content=\"2025-07-29T08:18:34+00:00\" \/>\n<meta property=\"og:image\" content=\"https:\/\/hundtgroup.com\/wp-content\/uploads\/351649-scaled.jpg\" \/>\n\t<meta property=\"og:image:width\" content=\"2560\" \/>\n\t<meta property=\"og:image:height\" content=\"1810\" \/>\n\t<meta property=\"og:image:type\" content=\"image\/jpeg\" \/>\n<meta name=\"twitter:card\" content=\"summary_large_image\" \/>\n<meta name=\"twitter:label1\" content=\"Szacowany czas czytania\" \/>\n\t<meta name=\"twitter:data1\" content=\"1 minuta\" \/>\n<script type=\"application\/ld+json\" class=\"yoast-schema-graph\">{\"@context\":\"https:\\\/\\\/schema.org\",\"@graph\":[{\"@type\":\"WebPage\",\"@id\":\"https:\\\/\\\/hundtgroup.com\\\/pl\\\/produkt\\\/tarcza-krawedziowa-do-spawania-trutool-tkf-700-375\\\/\",\"url\":\"https:\\\/\\\/hundtgroup.com\\\/pl\\\/produkt\\\/tarcza-krawedziowa-do-spawania-trutool-tkf-700-375\\\/\",\"name\":\"Tarcza kraw\u0119dziowa do spawania TruTool TKF 700 37,5\u00b0 - Wilhelm Hundt GmbH\",\"isPartOf\":{\"@id\":\"https:\\\/\\\/hundtgroup.com\\\/pl\\\/#website\"},\"primaryImageOfPage\":{\"@id\":\"https:\\\/\\\/hundtgroup.com\\\/pl\\\/produkt\\\/tarcza-krawedziowa-do-spawania-trutool-tkf-700-375\\\/#primaryimage\"},\"image\":{\"@id\":\"https:\\\/\\\/hundtgroup.com\\\/pl\\\/produkt\\\/tarcza-krawedziowa-do-spawania-trutool-tkf-700-375\\\/#primaryimage\"},\"thumbnailUrl\":\"https:\\\/\\\/hundtgroup.com\\\/wp-content\\\/uploads\\\/351649-scaled.jpg\",\"datePublished\":\"2022-08-23T13:56:29+00:00\",\"dateModified\":\"2025-07-29T08:18:34+00:00\",\"breadcrumb\":{\"@id\":\"https:\\\/\\\/hundtgroup.com\\\/pl\\\/produkt\\\/tarcza-krawedziowa-do-spawania-trutool-tkf-700-375\\\/#breadcrumb\"},\"inLanguage\":\"pl-PL\",\"potentialAction\":[{\"@type\":\"ReadAction\",\"target\":[\"https:\\\/\\\/hundtgroup.com\\\/pl\\\/produkt\\\/tarcza-krawedziowa-do-spawania-trutool-tkf-700-375\\\/\"]}]},{\"@type\":\"ImageObject\",\"inLanguage\":\"pl-PL\",\"@id\":\"https:\\\/\\\/hundtgroup.com\\\/pl\\\/produkt\\\/tarcza-krawedziowa-do-spawania-trutool-tkf-700-375\\\/#primaryimage\",\"url\":\"https:\\\/\\\/hundtgroup.com\\\/wp-content\\\/uploads\\\/351649-scaled.jpg\",\"contentUrl\":\"https:\\\/\\\/hundtgroup.com\\\/wp-content\\\/uploads\\\/351649-scaled.jpg\",\"width\":2560,\"height\":1810},{\"@type\":\"BreadcrumbList\",\"@id\":\"https:\\\/\\\/hundtgroup.com\\\/pl\\\/produkt\\\/tarcza-krawedziowa-do-spawania-trutool-tkf-700-375\\\/#breadcrumb\",\"itemListElement\":[{\"@type\":\"ListItem\",\"position\":1,\"name\":\"Startseite\",\"item\":\"https:\\\/\\\/hundtgroup.com\\\/pl\\\/strona-glowna-nowa\\\/\"},{\"@type\":\"ListItem\",\"position\":2,\"name\":\"Sklep\",\"item\":\"https:\\\/\\\/hundtgroup.com\\\/sklep\\\/\"},{\"@type\":\"ListItem\",\"position\":3,\"name\":\"Tarcza kraw\u0119dziowa do spawania TruTool TKF 700 37,5\u00b0\"}]},{\"@type\":\"WebSite\",\"@id\":\"https:\\\/\\\/hundtgroup.com\\\/pl\\\/#website\",\"url\":\"https:\\\/\\\/hundtgroup.com\\\/pl\\\/\",\"name\":\"Wilhelm Hundt GmbH\",\"description\":\"Specjalista od maszyn i narz\u0119dzi do obr\u00f3bki blachy\",\"potentialAction\":[{\"@type\":\"SearchAction\",\"target\":{\"@type\":\"EntryPoint\",\"urlTemplate\":\"https:\\\/\\\/hundtgroup.com\\\/pl\\\/?s={search_term_string}\"},\"query-input\":{\"@type\":\"PropertyValueSpecification\",\"valueRequired\":true,\"valueName\":\"search_term_string\"}}],\"inLanguage\":\"pl-PL\"}]}<\/script>\n<!-- \/ Yoast SEO plugin. -->","yoast_head_json":{"title":"Tarcza kraw\u0119dziowa do spawania TruTool TKF 700 37,5\u00b0 - Wilhelm Hundt GmbH","robots":{"index":"index","follow":"follow","max-snippet":"max-snippet:-1","max-image-preview":"max-image-preview:large","max-video-preview":"max-video-preview:-1"},"canonical":"https:\/\/hundtgroup.com\/pl\/produkt\/tarcza-krawedziowa-do-spawania-trutool-tkf-700-375\/","og_locale":"pl_PL","og_type":"article","og_title":"Tarcza kraw\u0119dziowa do spawania TruTool TKF 700 37,5\u00b0 - Wilhelm Hundt GmbH","og_description":"TKF 700 mo\u017ce by\u0107 u\u017cywana wsz\u0119dzie tam, gdzie wymagane jest przygotowanie kraw\u0119dzi do spawania w kszta\u0142cie litery K, V, X i Y. I to nie tylko na prostych blachach, ale tak\u017ce na rurach. Rozmiar skosu i grubo\u015b\u0107 blachy mo\u017cna ustawi\u0107 \u0142atwo i bez u\u017cycia narz\u0119dzi. No\u015bnik narz\u0119dzi mo\u017cna obr\u00f3ci\u0107 w jednym z trzech kierunk\u00f3w obr\u00f3bki [&hellip;]","og_url":"https:\/\/hundtgroup.com\/pl\/produkt\/tarcza-krawedziowa-do-spawania-trutool-tkf-700-375\/","og_site_name":"Wilhelm Hundt GmbH","article_modified_time":"2025-07-29T08:18:34+00:00","og_image":[{"width":2560,"height":1810,"url":"https:\/\/hundtgroup.com\/wp-content\/uploads\/351649-scaled.jpg","type":"image\/jpeg"}],"twitter_card":"summary_large_image","twitter_misc":{"Szacowany czas czytania":"1 minuta"},"schema":{"@context":"https:\/\/schema.org","@graph":[{"@type":"WebPage","@id":"https:\/\/hundtgroup.com\/pl\/produkt\/tarcza-krawedziowa-do-spawania-trutool-tkf-700-375\/","url":"https:\/\/hundtgroup.com\/pl\/produkt\/tarcza-krawedziowa-do-spawania-trutool-tkf-700-375\/","name":"Tarcza kraw\u0119dziowa do spawania TruTool TKF 700 37,5\u00b0 - Wilhelm Hundt GmbH","isPartOf":{"@id":"https:\/\/hundtgroup.com\/pl\/#website"},"primaryImageOfPage":{"@id":"https:\/\/hundtgroup.com\/pl\/produkt\/tarcza-krawedziowa-do-spawania-trutool-tkf-700-375\/#primaryimage"},"image":{"@id":"https:\/\/hundtgroup.com\/pl\/produkt\/tarcza-krawedziowa-do-spawania-trutool-tkf-700-375\/#primaryimage"},"thumbnailUrl":"https:\/\/hundtgroup.com\/wp-content\/uploads\/351649-scaled.jpg","datePublished":"2022-08-23T13:56:29+00:00","dateModified":"2025-07-29T08:18:34+00:00","breadcrumb":{"@id":"https:\/\/hundtgroup.com\/pl\/produkt\/tarcza-krawedziowa-do-spawania-trutool-tkf-700-375\/#breadcrumb"},"inLanguage":"pl-PL","potentialAction":[{"@type":"ReadAction","target":["https:\/\/hundtgroup.com\/pl\/produkt\/tarcza-krawedziowa-do-spawania-trutool-tkf-700-375\/"]}]},{"@type":"ImageObject","inLanguage":"pl-PL","@id":"https:\/\/hundtgroup.com\/pl\/produkt\/tarcza-krawedziowa-do-spawania-trutool-tkf-700-375\/#primaryimage","url":"https:\/\/hundtgroup.com\/wp-content\/uploads\/351649-scaled.jpg","contentUrl":"https:\/\/hundtgroup.com\/wp-content\/uploads\/351649-scaled.jpg","width":2560,"height":1810},{"@type":"BreadcrumbList","@id":"https:\/\/hundtgroup.com\/pl\/produkt\/tarcza-krawedziowa-do-spawania-trutool-tkf-700-375\/#breadcrumb","itemListElement":[{"@type":"ListItem","position":1,"name":"Startseite","item":"https:\/\/hundtgroup.com\/pl\/strona-glowna-nowa\/"},{"@type":"ListItem","position":2,"name":"Sklep","item":"https:\/\/hundtgroup.com\/sklep\/"},{"@type":"ListItem","position":3,"name":"Tarcza kraw\u0119dziowa do spawania TruTool TKF 700 37,5\u00b0"}]},{"@type":"WebSite","@id":"https:\/\/hundtgroup.com\/pl\/#website","url":"https:\/\/hundtgroup.com\/pl\/","name":"Wilhelm Hundt GmbH","description":"Specjalista od maszyn i narz\u0119dzi do obr\u00f3bki blachy","potentialAction":[{"@type":"SearchAction","target":{"@type":"EntryPoint","urlTemplate":"https:\/\/hundtgroup.com\/pl\/?s={search_term_string}"},"query-input":{"@type":"PropertyValueSpecification","valueRequired":true,"valueName":"search_term_string"}}],"inLanguage":"pl-PL"}]}},"_links":{"self":[{"href":"https:\/\/hundtgroup.com\/pl\/wp-json\/wp\/v2\/product\/27976","targetHints":{"allow":["GET"]}}],"collection":[{"href":"https:\/\/hundtgroup.com\/pl\/wp-json\/wp\/v2\/product"}],"about":[{"href":"https:\/\/hundtgroup.com\/pl\/wp-json\/wp\/v2\/types\/product"}],"wp:featuredmedia":[{"embeddable":true,"href":"https:\/\/hundtgroup.com\/pl\/wp-json\/wp\/v2\/media\/6515"}],"wp:attachment":[{"href":"https:\/\/hundtgroup.com\/pl\/wp-json\/wp\/v2\/media?parent=27976"}],"wp:term":[{"taxonomy":"product_cat","embeddable":true,"href":"https:\/\/hundtgroup.com\/pl\/wp-json\/wp\/v2\/product_cat?post=27976"},{"taxonomy":"product_tag","embeddable":true,"href":"https:\/\/hundtgroup.com\/pl\/wp-json\/wp\/v2\/product_tag?post=27976"}],"curies":[{"name":"wp","href":"https:\/\/api.w.org\/{rel}","templated":true}]}}