{"id":28119,"date":"2022-08-23T15:56:48","date_gmt":"2022-08-23T13:56:48","guid":{"rendered":"https:\/\/hundtgroup.com\/produkt\/trumpf-cr-frez-05-15-mm-do-trutool-c-200-250-zestaw-2-szt\/"},"modified":"2025-07-29T10:24:52","modified_gmt":"2025-07-29T08:24:52","slug":"trumpf-cr-frez-05-15-mm-do-trutool-c-200-250-zestaw-2-szt","status":"publish","type":"product","link":"https:\/\/hundtgroup.com\/pl\/produkt\/trumpf-cr-frez-05-15-mm-do-trutool-c-200-250-zestaw-2-szt\/","title":{"rendered":"Trumpf CR frez 0,5 &#8211; 1,5 mm do TruTool C 200 \/ 250 zestaw 2 szt."},"content":{"rendered":"<p>No\u017ce odpowiednie do no\u017cyc do ci\u0119cia wzd\u0142u\u017cnego TRUMPF TruTool C 200, C 250, nowsze i starsze wersje<br \/>\nIdealne do stali nierdzewnej.<\/p>\n","protected":false},"excerpt":{"rendered":"<p>No\u017ce odpowiednie do no\u017cyc do ci\u0119cia wzd\u0142u\u017cnego TRUMPF TruTool C 200, C 250, nowsze i starsze wersje Idealne do stali nierdzewnej.<\/p>\n","protected":false},"featured_media":10220,"template":"","meta":{"_acf_changed":false,"inline_featured_image":false},"product_cat":[953,954,937,938],"product_tag":[],"class_list":{"0":"post-28119","1":"product","2":"type-product","3":"status-publish","4":"has-post-thumbnail","6":"brand-trumpf","7":"product_cat-trutool-c-200-pl","8":"product_cat-trutool-c-250-pl","9":"product_cat-akcesoria-akumulatorowe-elektryczne","10":"product_cat-nozyce-do-blachy-pl-2","12":"first","13":"instock","14":"taxable","15":"shipping-taxable","16":"purchasable","17":"product-type-simple","18":"add-to-wishlist-before_image"},"acf":[],"yoast_head":"<!-- This site is optimized with the Yoast SEO plugin v27.3 - https:\/\/yoast.com\/product\/yoast-seo-wordpress\/ -->\n<title>Trumpf CR frez 0,5 - 1,5 mm do TruTool C 200 \/ 250 zestaw 2 szt. - Wilhelm Hundt GmbH<\/title>\n<meta name=\"robots\" content=\"index, follow, max-snippet:-1, max-image-preview:large, max-video-preview:-1\" \/>\n<link rel=\"canonical\" href=\"https:\/\/hundtgroup.com\/pl\/produkt\/trumpf-cr-frez-05-15-mm-do-trutool-c-200-250-zestaw-2-szt\/\" \/>\n<meta property=\"og:locale\" content=\"pl_PL\" \/>\n<meta property=\"og:type\" content=\"article\" \/>\n<meta property=\"og:title\" content=\"Trumpf CR frez 0,5 - 1,5 mm do TruTool C 200 \/ 250 zestaw 2 szt. - Wilhelm Hundt GmbH\" \/>\n<meta property=\"og:description\" content=\"No\u017ce odpowiednie do no\u017cyc do ci\u0119cia wzd\u0142u\u017cnego TRUMPF TruTool C 200, C 250, nowsze i starsze wersje Idealne do stali nierdzewnej.\" \/>\n<meta property=\"og:url\" content=\"https:\/\/hundtgroup.com\/pl\/produkt\/trumpf-cr-frez-05-15-mm-do-trutool-c-200-250-zestaw-2-szt\/\" \/>\n<meta property=\"og:site_name\" content=\"Wilhelm Hundt GmbH\" \/>\n<meta property=\"article:modified_time\" content=\"2025-07-29T08:24:52+00:00\" \/>\n<meta property=\"og:image\" content=\"https:\/\/hundtgroup.com\/wp-content\/uploads\/346003.png\" \/>\n\t<meta property=\"og:image:width\" content=\"800\" \/>\n\t<meta property=\"og:image:height\" content=\"584\" \/>\n\t<meta property=\"og:image:type\" content=\"image\/png\" \/>\n<meta name=\"twitter:card\" content=\"summary_large_image\" \/>\n<script type=\"application\/ld+json\" class=\"yoast-schema-graph\">{\"@context\":\"https:\\\/\\\/schema.org\",\"@graph\":[{\"@type\":\"WebPage\",\"@id\":\"https:\\\/\\\/hundtgroup.com\\\/pl\\\/produkt\\\/trumpf-cr-frez-05-15-mm-do-trutool-c-200-250-zestaw-2-szt\\\/\",\"url\":\"https:\\\/\\\/hundtgroup.com\\\/pl\\\/produkt\\\/trumpf-cr-frez-05-15-mm-do-trutool-c-200-250-zestaw-2-szt\\\/\",\"name\":\"Trumpf CR frez 0,5 - 1,5 mm do TruTool C 200 \\\/ 250 zestaw 2 szt. - Wilhelm Hundt GmbH\",\"isPartOf\":{\"@id\":\"https:\\\/\\\/hundtgroup.com\\\/pl\\\/#website\"},\"primaryImageOfPage\":{\"@id\":\"https:\\\/\\\/hundtgroup.com\\\/pl\\\/produkt\\\/trumpf-cr-frez-05-15-mm-do-trutool-c-200-250-zestaw-2-szt\\\/#primaryimage\"},\"image\":{\"@id\":\"https:\\\/\\\/hundtgroup.com\\\/pl\\\/produkt\\\/trumpf-cr-frez-05-15-mm-do-trutool-c-200-250-zestaw-2-szt\\\/#primaryimage\"},\"thumbnailUrl\":\"https:\\\/\\\/hundtgroup.com\\\/wp-content\\\/uploads\\\/346003.png\",\"datePublished\":\"2022-08-23T13:56:48+00:00\",\"dateModified\":\"2025-07-29T08:24:52+00:00\",\"breadcrumb\":{\"@id\":\"https:\\\/\\\/hundtgroup.com\\\/pl\\\/produkt\\\/trumpf-cr-frez-05-15-mm-do-trutool-c-200-250-zestaw-2-szt\\\/#breadcrumb\"},\"inLanguage\":\"pl-PL\",\"potentialAction\":[{\"@type\":\"ReadAction\",\"target\":[\"https:\\\/\\\/hundtgroup.com\\\/pl\\\/produkt\\\/trumpf-cr-frez-05-15-mm-do-trutool-c-200-250-zestaw-2-szt\\\/\"]}]},{\"@type\":\"ImageObject\",\"inLanguage\":\"pl-PL\",\"@id\":\"https:\\\/\\\/hundtgroup.com\\\/pl\\\/produkt\\\/trumpf-cr-frez-05-15-mm-do-trutool-c-200-250-zestaw-2-szt\\\/#primaryimage\",\"url\":\"https:\\\/\\\/hundtgroup.com\\\/wp-content\\\/uploads\\\/346003.png\",\"contentUrl\":\"https:\\\/\\\/hundtgroup.com\\\/wp-content\\\/uploads\\\/346003.png\",\"width\":800,\"height\":584},{\"@type\":\"BreadcrumbList\",\"@id\":\"https:\\\/\\\/hundtgroup.com\\\/pl\\\/produkt\\\/trumpf-cr-frez-05-15-mm-do-trutool-c-200-250-zestaw-2-szt\\\/#breadcrumb\",\"itemListElement\":[{\"@type\":\"ListItem\",\"position\":1,\"name\":\"Startseite\",\"item\":\"https:\\\/\\\/hundtgroup.com\\\/pl\\\/strona-glowna-nowa\\\/\"},{\"@type\":\"ListItem\",\"position\":2,\"name\":\"Sklep\",\"item\":\"https:\\\/\\\/hundtgroup.com\\\/sklep\\\/\"},{\"@type\":\"ListItem\",\"position\":3,\"name\":\"Trumpf CR frez 0,5 &#8211; 1,5 mm do TruTool C 200 \\\/ 250 zestaw 2 szt.\"}]},{\"@type\":\"WebSite\",\"@id\":\"https:\\\/\\\/hundtgroup.com\\\/pl\\\/#website\",\"url\":\"https:\\\/\\\/hundtgroup.com\\\/pl\\\/\",\"name\":\"Wilhelm Hundt GmbH\",\"description\":\"Specjalista od maszyn i narz\u0119dzi do obr\u00f3bki blachy\",\"potentialAction\":[{\"@type\":\"SearchAction\",\"target\":{\"@type\":\"EntryPoint\",\"urlTemplate\":\"https:\\\/\\\/hundtgroup.com\\\/pl\\\/?s={search_term_string}\"},\"query-input\":{\"@type\":\"PropertyValueSpecification\",\"valueRequired\":true,\"valueName\":\"search_term_string\"}}],\"inLanguage\":\"pl-PL\"}]}<\/script>\n<!-- \/ Yoast SEO plugin. -->","yoast_head_json":{"title":"Trumpf CR frez 0,5 - 1,5 mm do TruTool C 200 \/ 250 zestaw 2 szt. - Wilhelm Hundt GmbH","robots":{"index":"index","follow":"follow","max-snippet":"max-snippet:-1","max-image-preview":"max-image-preview:large","max-video-preview":"max-video-preview:-1"},"canonical":"https:\/\/hundtgroup.com\/pl\/produkt\/trumpf-cr-frez-05-15-mm-do-trutool-c-200-250-zestaw-2-szt\/","og_locale":"pl_PL","og_type":"article","og_title":"Trumpf CR frez 0,5 - 1,5 mm do TruTool C 200 \/ 250 zestaw 2 szt. - Wilhelm Hundt GmbH","og_description":"No\u017ce odpowiednie do no\u017cyc do ci\u0119cia wzd\u0142u\u017cnego TRUMPF TruTool C 200, C 250, nowsze i starsze wersje Idealne do stali nierdzewnej.","og_url":"https:\/\/hundtgroup.com\/pl\/produkt\/trumpf-cr-frez-05-15-mm-do-trutool-c-200-250-zestaw-2-szt\/","og_site_name":"Wilhelm Hundt GmbH","article_modified_time":"2025-07-29T08:24:52+00:00","og_image":[{"width":800,"height":584,"url":"https:\/\/hundtgroup.com\/wp-content\/uploads\/346003.png","type":"image\/png"}],"twitter_card":"summary_large_image","schema":{"@context":"https:\/\/schema.org","@graph":[{"@type":"WebPage","@id":"https:\/\/hundtgroup.com\/pl\/produkt\/trumpf-cr-frez-05-15-mm-do-trutool-c-200-250-zestaw-2-szt\/","url":"https:\/\/hundtgroup.com\/pl\/produkt\/trumpf-cr-frez-05-15-mm-do-trutool-c-200-250-zestaw-2-szt\/","name":"Trumpf CR frez 0,5 - 1,5 mm do TruTool C 200 \/ 250 zestaw 2 szt. - Wilhelm Hundt GmbH","isPartOf":{"@id":"https:\/\/hundtgroup.com\/pl\/#website"},"primaryImageOfPage":{"@id":"https:\/\/hundtgroup.com\/pl\/produkt\/trumpf-cr-frez-05-15-mm-do-trutool-c-200-250-zestaw-2-szt\/#primaryimage"},"image":{"@id":"https:\/\/hundtgroup.com\/pl\/produkt\/trumpf-cr-frez-05-15-mm-do-trutool-c-200-250-zestaw-2-szt\/#primaryimage"},"thumbnailUrl":"https:\/\/hundtgroup.com\/wp-content\/uploads\/346003.png","datePublished":"2022-08-23T13:56:48+00:00","dateModified":"2025-07-29T08:24:52+00:00","breadcrumb":{"@id":"https:\/\/hundtgroup.com\/pl\/produkt\/trumpf-cr-frez-05-15-mm-do-trutool-c-200-250-zestaw-2-szt\/#breadcrumb"},"inLanguage":"pl-PL","potentialAction":[{"@type":"ReadAction","target":["https:\/\/hundtgroup.com\/pl\/produkt\/trumpf-cr-frez-05-15-mm-do-trutool-c-200-250-zestaw-2-szt\/"]}]},{"@type":"ImageObject","inLanguage":"pl-PL","@id":"https:\/\/hundtgroup.com\/pl\/produkt\/trumpf-cr-frez-05-15-mm-do-trutool-c-200-250-zestaw-2-szt\/#primaryimage","url":"https:\/\/hundtgroup.com\/wp-content\/uploads\/346003.png","contentUrl":"https:\/\/hundtgroup.com\/wp-content\/uploads\/346003.png","width":800,"height":584},{"@type":"BreadcrumbList","@id":"https:\/\/hundtgroup.com\/pl\/produkt\/trumpf-cr-frez-05-15-mm-do-trutool-c-200-250-zestaw-2-szt\/#breadcrumb","itemListElement":[{"@type":"ListItem","position":1,"name":"Startseite","item":"https:\/\/hundtgroup.com\/pl\/strona-glowna-nowa\/"},{"@type":"ListItem","position":2,"name":"Sklep","item":"https:\/\/hundtgroup.com\/sklep\/"},{"@type":"ListItem","position":3,"name":"Trumpf CR frez 0,5 &#8211; 1,5 mm do TruTool C 200 \/ 250 zestaw 2 szt."}]},{"@type":"WebSite","@id":"https:\/\/hundtgroup.com\/pl\/#website","url":"https:\/\/hundtgroup.com\/pl\/","name":"Wilhelm Hundt GmbH","description":"Specjalista od maszyn i narz\u0119dzi do obr\u00f3bki blachy","potentialAction":[{"@type":"SearchAction","target":{"@type":"EntryPoint","urlTemplate":"https:\/\/hundtgroup.com\/pl\/?s={search_term_string}"},"query-input":{"@type":"PropertyValueSpecification","valueRequired":true,"valueName":"search_term_string"}}],"inLanguage":"pl-PL"}]}},"_links":{"self":[{"href":"https:\/\/hundtgroup.com\/pl\/wp-json\/wp\/v2\/product\/28119","targetHints":{"allow":["GET"]}}],"collection":[{"href":"https:\/\/hundtgroup.com\/pl\/wp-json\/wp\/v2\/product"}],"about":[{"href":"https:\/\/hundtgroup.com\/pl\/wp-json\/wp\/v2\/types\/product"}],"wp:featuredmedia":[{"embeddable":true,"href":"https:\/\/hundtgroup.com\/pl\/wp-json\/wp\/v2\/media\/10220"}],"wp:attachment":[{"href":"https:\/\/hundtgroup.com\/pl\/wp-json\/wp\/v2\/media?parent=28119"}],"wp:term":[{"taxonomy":"product_cat","embeddable":true,"href":"https:\/\/hundtgroup.com\/pl\/wp-json\/wp\/v2\/product_cat?post=28119"},{"taxonomy":"product_tag","embeddable":true,"href":"https:\/\/hundtgroup.com\/pl\/wp-json\/wp\/v2\/product_tag?post=28119"}],"curies":[{"name":"wp","href":"https:\/\/api.w.org\/{rel}","templated":true}]}}