{"id":28294,"date":"2022-08-23T15:56:03","date_gmt":"2022-08-23T13:56:03","guid":{"rendered":"https:\/\/hundtgroup.com\/produkt\/akumulatorowa-prasa-krawedziowa-trutool-tf-350-z-odchylanym-ramieniem\/"},"modified":"2025-07-29T10:17:32","modified_gmt":"2025-07-29T08:17:32","slug":"akumulatorowa-prasa-krawedziowa-trutool-tf-350-z-odchylanym-ramieniem","status":"publish","type":"product","link":"https:\/\/hundtgroup.com\/pl\/produkt\/akumulatorowa-prasa-krawedziowa-trutool-tf-350-z-odchylanym-ramieniem\/","title":{"rendered":"Akumulatorowa prasa kraw\u0119dziowa TruTool TF 350 z odchylanym ramieniem"},"content":{"rendered":"<p>Trwa\u0142e \u0142\u0105czenie element\u00f3w w jednej operacji dla materia\u0142\u00f3w o grubo\u015bci od 0,8 do 4 mm.<br \/>\nBrak konieczno\u015bci stosowania \u015brub lub nit\u00f3w: oszcz\u0119dno\u015b\u0107 koszt\u00f3w i prostsza obs\u0142uga.<br \/>\nDopasowane do kszta\u0142tu, odporne na korozj\u0119 punkty \u0142\u0105czenia.<br \/>\nSzybka sekwencja skok\u00f3w &#8211; do dw\u00f3ch punkt\u00f3w \u0142\u0105czenia na sekund\u0119.<br \/>\nJako\u015b\u0107 \u0142\u0105czenia niezale\u017cna od powlekanych lub niepowlekanych powierzchni.<br \/>\nDo 60% wi\u0119cej mocy akumulatora dzi\u0119ki technologii PowerHead i bezszczotkowemu silnikowi.<br \/>\nMi\u0119kki uchwyt zapewnia niski poziom wibracji.<\/p>\n<p>Punkty \u0142\u0105czenia (FP) na jednym \u0142adowaniu akumulatora (stal mi\u0119kka 400 N\/mm\u00b2):<br \/>\n3,5 mm: przy 4 Ah: 1 200 FP<br \/>\n2,0 mm: przy 4 Ah: 2 100 FP<\/p>\n","protected":false},"excerpt":{"rendered":"<p>Trwa\u0142e \u0142\u0105czenie element\u00f3w w jednej operacji dla materia\u0142\u00f3w o grubo\u015bci od 0,8 do 4 mm. Brak konieczno\u015bci stosowania \u015brub lub nit\u00f3w: oszcz\u0119dno\u015b\u0107 koszt\u00f3w i prostsza obs\u0142uga. Dopasowane do kszta\u0142tu, odporne na korozj\u0119 punkty \u0142\u0105czenia. Szybka sekwencja skok\u00f3w &#8211; do dw\u00f3ch punkt\u00f3w \u0142\u0105czenia na sekund\u0119. Jako\u015b\u0107 \u0142\u0105czenia niezale\u017cna od powlekanych lub niepowlekanych powierzchni. Do 60% wi\u0119cej [&hellip;]<\/p>\n","protected":false},"featured_media":10502,"template":"","meta":{"_acf_changed":false,"inline_featured_image":false},"product_cat":[691,1050],"product_tag":[],"class_list":{"0":"post-28294","1":"product","2":"type-product","3":"status-publish","4":"has-post-thumbnail","6":"brand-trumpf","7":"product_cat-narzedzia-akumulatorowe","8":"product_cat-prasy-laczace-pl","10":"first","11":"instock","12":"sale","13":"taxable","14":"shipping-taxable","15":"purchasable","16":"product-type-simple","17":"add-to-wishlist-before_image"},"acf":[],"yoast_head":"<!-- This site is optimized with the Yoast SEO plugin v27.3 - https:\/\/yoast.com\/product\/yoast-seo-wordpress\/ -->\n<title>Akumulatorowa prasa kraw\u0119dziowa TruTool TF 350 z odchylanym ramieniem - Wilhelm Hundt GmbH<\/title>\n<meta name=\"robots\" content=\"index, follow, max-snippet:-1, max-image-preview:large, max-video-preview:-1\" \/>\n<link rel=\"canonical\" href=\"https:\/\/hundtgroup.com\/pl\/produkt\/akumulatorowa-prasa-krawedziowa-trutool-tf-350-z-odchylanym-ramieniem\/\" \/>\n<meta property=\"og:locale\" content=\"pl_PL\" \/>\n<meta property=\"og:type\" content=\"article\" \/>\n<meta property=\"og:title\" content=\"Akumulatorowa prasa kraw\u0119dziowa TruTool TF 350 z odchylanym ramieniem - Wilhelm Hundt GmbH\" \/>\n<meta property=\"og:description\" content=\"Trwa\u0142e \u0142\u0105czenie element\u00f3w w jednej operacji dla materia\u0142\u00f3w o grubo\u015bci od 0,8 do 4 mm. Brak konieczno\u015bci stosowania \u015brub lub nit\u00f3w: oszcz\u0119dno\u015b\u0107 koszt\u00f3w i prostsza obs\u0142uga. Dopasowane do kszta\u0142tu, odporne na korozj\u0119 punkty \u0142\u0105czenia. Szybka sekwencja skok\u00f3w &#8211; do dw\u00f3ch punkt\u00f3w \u0142\u0105czenia na sekund\u0119. Jako\u015b\u0107 \u0142\u0105czenia niezale\u017cna od powlekanych lub niepowlekanych powierzchni. Do 60% wi\u0119cej [&hellip;]\" \/>\n<meta property=\"og:url\" content=\"https:\/\/hundtgroup.com\/pl\/produkt\/akumulatorowa-prasa-krawedziowa-trutool-tf-350-z-odchylanym-ramieniem\/\" \/>\n<meta property=\"og:site_name\" content=\"Wilhelm Hundt GmbH\" \/>\n<meta property=\"article:modified_time\" content=\"2025-07-29T08:17:32+00:00\" \/>\n<meta property=\"og:image\" content=\"https:\/\/hundtgroup.com\/wp-content\/uploads\/352015.png\" \/>\n\t<meta property=\"og:image:width\" content=\"562\" \/>\n\t<meta property=\"og:image:height\" content=\"600\" \/>\n\t<meta property=\"og:image:type\" content=\"image\/png\" \/>\n<meta name=\"twitter:card\" content=\"summary_large_image\" \/>\n<meta name=\"twitter:label1\" content=\"Szacowany czas czytania\" \/>\n\t<meta name=\"twitter:data1\" content=\"1 minuta\" \/>\n<script type=\"application\/ld+json\" class=\"yoast-schema-graph\">{\"@context\":\"https:\\\/\\\/schema.org\",\"@graph\":[{\"@type\":\"WebPage\",\"@id\":\"https:\\\/\\\/hundtgroup.com\\\/pl\\\/produkt\\\/akumulatorowa-prasa-krawedziowa-trutool-tf-350-z-odchylanym-ramieniem\\\/\",\"url\":\"https:\\\/\\\/hundtgroup.com\\\/pl\\\/produkt\\\/akumulatorowa-prasa-krawedziowa-trutool-tf-350-z-odchylanym-ramieniem\\\/\",\"name\":\"Akumulatorowa prasa kraw\u0119dziowa TruTool TF 350 z odchylanym ramieniem - Wilhelm Hundt GmbH\",\"isPartOf\":{\"@id\":\"https:\\\/\\\/hundtgroup.com\\\/pl\\\/#website\"},\"primaryImageOfPage\":{\"@id\":\"https:\\\/\\\/hundtgroup.com\\\/pl\\\/produkt\\\/akumulatorowa-prasa-krawedziowa-trutool-tf-350-z-odchylanym-ramieniem\\\/#primaryimage\"},\"image\":{\"@id\":\"https:\\\/\\\/hundtgroup.com\\\/pl\\\/produkt\\\/akumulatorowa-prasa-krawedziowa-trutool-tf-350-z-odchylanym-ramieniem\\\/#primaryimage\"},\"thumbnailUrl\":\"https:\\\/\\\/hundtgroup.com\\\/wp-content\\\/uploads\\\/352015.png\",\"datePublished\":\"2022-08-23T13:56:03+00:00\",\"dateModified\":\"2025-07-29T08:17:32+00:00\",\"breadcrumb\":{\"@id\":\"https:\\\/\\\/hundtgroup.com\\\/pl\\\/produkt\\\/akumulatorowa-prasa-krawedziowa-trutool-tf-350-z-odchylanym-ramieniem\\\/#breadcrumb\"},\"inLanguage\":\"pl-PL\",\"potentialAction\":[{\"@type\":\"ReadAction\",\"target\":[\"https:\\\/\\\/hundtgroup.com\\\/pl\\\/produkt\\\/akumulatorowa-prasa-krawedziowa-trutool-tf-350-z-odchylanym-ramieniem\\\/\"]}]},{\"@type\":\"ImageObject\",\"inLanguage\":\"pl-PL\",\"@id\":\"https:\\\/\\\/hundtgroup.com\\\/pl\\\/produkt\\\/akumulatorowa-prasa-krawedziowa-trutool-tf-350-z-odchylanym-ramieniem\\\/#primaryimage\",\"url\":\"https:\\\/\\\/hundtgroup.com\\\/wp-content\\\/uploads\\\/352015.png\",\"contentUrl\":\"https:\\\/\\\/hundtgroup.com\\\/wp-content\\\/uploads\\\/352015.png\",\"width\":562,\"height\":600},{\"@type\":\"BreadcrumbList\",\"@id\":\"https:\\\/\\\/hundtgroup.com\\\/pl\\\/produkt\\\/akumulatorowa-prasa-krawedziowa-trutool-tf-350-z-odchylanym-ramieniem\\\/#breadcrumb\",\"itemListElement\":[{\"@type\":\"ListItem\",\"position\":1,\"name\":\"Startseite\",\"item\":\"https:\\\/\\\/hundtgroup.com\\\/pl\\\/strona-glowna-nowa\\\/\"},{\"@type\":\"ListItem\",\"position\":2,\"name\":\"Sklep\",\"item\":\"https:\\\/\\\/hundtgroup.com\\\/sklep\\\/\"},{\"@type\":\"ListItem\",\"position\":3,\"name\":\"Akumulatorowa prasa kraw\u0119dziowa TruTool TF 350 z odchylanym ramieniem\"}]},{\"@type\":\"WebSite\",\"@id\":\"https:\\\/\\\/hundtgroup.com\\\/pl\\\/#website\",\"url\":\"https:\\\/\\\/hundtgroup.com\\\/pl\\\/\",\"name\":\"Wilhelm Hundt GmbH\",\"description\":\"Specjalista od maszyn i narz\u0119dzi do obr\u00f3bki blachy\",\"potentialAction\":[{\"@type\":\"SearchAction\",\"target\":{\"@type\":\"EntryPoint\",\"urlTemplate\":\"https:\\\/\\\/hundtgroup.com\\\/pl\\\/?s={search_term_string}\"},\"query-input\":{\"@type\":\"PropertyValueSpecification\",\"valueRequired\":true,\"valueName\":\"search_term_string\"}}],\"inLanguage\":\"pl-PL\"}]}<\/script>\n<!-- \/ Yoast SEO plugin. -->","yoast_head_json":{"title":"Akumulatorowa prasa kraw\u0119dziowa TruTool TF 350 z odchylanym ramieniem - Wilhelm Hundt GmbH","robots":{"index":"index","follow":"follow","max-snippet":"max-snippet:-1","max-image-preview":"max-image-preview:large","max-video-preview":"max-video-preview:-1"},"canonical":"https:\/\/hundtgroup.com\/pl\/produkt\/akumulatorowa-prasa-krawedziowa-trutool-tf-350-z-odchylanym-ramieniem\/","og_locale":"pl_PL","og_type":"article","og_title":"Akumulatorowa prasa kraw\u0119dziowa TruTool TF 350 z odchylanym ramieniem - Wilhelm Hundt GmbH","og_description":"Trwa\u0142e \u0142\u0105czenie element\u00f3w w jednej operacji dla materia\u0142\u00f3w o grubo\u015bci od 0,8 do 4 mm. Brak konieczno\u015bci stosowania \u015brub lub nit\u00f3w: oszcz\u0119dno\u015b\u0107 koszt\u00f3w i prostsza obs\u0142uga. Dopasowane do kszta\u0142tu, odporne na korozj\u0119 punkty \u0142\u0105czenia. Szybka sekwencja skok\u00f3w &#8211; do dw\u00f3ch punkt\u00f3w \u0142\u0105czenia na sekund\u0119. Jako\u015b\u0107 \u0142\u0105czenia niezale\u017cna od powlekanych lub niepowlekanych powierzchni. Do 60% wi\u0119cej [&hellip;]","og_url":"https:\/\/hundtgroup.com\/pl\/produkt\/akumulatorowa-prasa-krawedziowa-trutool-tf-350-z-odchylanym-ramieniem\/","og_site_name":"Wilhelm Hundt GmbH","article_modified_time":"2025-07-29T08:17:32+00:00","og_image":[{"width":562,"height":600,"url":"https:\/\/hundtgroup.com\/wp-content\/uploads\/352015.png","type":"image\/png"}],"twitter_card":"summary_large_image","twitter_misc":{"Szacowany czas czytania":"1 minuta"},"schema":{"@context":"https:\/\/schema.org","@graph":[{"@type":"WebPage","@id":"https:\/\/hundtgroup.com\/pl\/produkt\/akumulatorowa-prasa-krawedziowa-trutool-tf-350-z-odchylanym-ramieniem\/","url":"https:\/\/hundtgroup.com\/pl\/produkt\/akumulatorowa-prasa-krawedziowa-trutool-tf-350-z-odchylanym-ramieniem\/","name":"Akumulatorowa prasa kraw\u0119dziowa TruTool TF 350 z odchylanym ramieniem - Wilhelm Hundt GmbH","isPartOf":{"@id":"https:\/\/hundtgroup.com\/pl\/#website"},"primaryImageOfPage":{"@id":"https:\/\/hundtgroup.com\/pl\/produkt\/akumulatorowa-prasa-krawedziowa-trutool-tf-350-z-odchylanym-ramieniem\/#primaryimage"},"image":{"@id":"https:\/\/hundtgroup.com\/pl\/produkt\/akumulatorowa-prasa-krawedziowa-trutool-tf-350-z-odchylanym-ramieniem\/#primaryimage"},"thumbnailUrl":"https:\/\/hundtgroup.com\/wp-content\/uploads\/352015.png","datePublished":"2022-08-23T13:56:03+00:00","dateModified":"2025-07-29T08:17:32+00:00","breadcrumb":{"@id":"https:\/\/hundtgroup.com\/pl\/produkt\/akumulatorowa-prasa-krawedziowa-trutool-tf-350-z-odchylanym-ramieniem\/#breadcrumb"},"inLanguage":"pl-PL","potentialAction":[{"@type":"ReadAction","target":["https:\/\/hundtgroup.com\/pl\/produkt\/akumulatorowa-prasa-krawedziowa-trutool-tf-350-z-odchylanym-ramieniem\/"]}]},{"@type":"ImageObject","inLanguage":"pl-PL","@id":"https:\/\/hundtgroup.com\/pl\/produkt\/akumulatorowa-prasa-krawedziowa-trutool-tf-350-z-odchylanym-ramieniem\/#primaryimage","url":"https:\/\/hundtgroup.com\/wp-content\/uploads\/352015.png","contentUrl":"https:\/\/hundtgroup.com\/wp-content\/uploads\/352015.png","width":562,"height":600},{"@type":"BreadcrumbList","@id":"https:\/\/hundtgroup.com\/pl\/produkt\/akumulatorowa-prasa-krawedziowa-trutool-tf-350-z-odchylanym-ramieniem\/#breadcrumb","itemListElement":[{"@type":"ListItem","position":1,"name":"Startseite","item":"https:\/\/hundtgroup.com\/pl\/strona-glowna-nowa\/"},{"@type":"ListItem","position":2,"name":"Sklep","item":"https:\/\/hundtgroup.com\/sklep\/"},{"@type":"ListItem","position":3,"name":"Akumulatorowa prasa kraw\u0119dziowa TruTool TF 350 z odchylanym ramieniem"}]},{"@type":"WebSite","@id":"https:\/\/hundtgroup.com\/pl\/#website","url":"https:\/\/hundtgroup.com\/pl\/","name":"Wilhelm Hundt GmbH","description":"Specjalista od maszyn i narz\u0119dzi do obr\u00f3bki blachy","potentialAction":[{"@type":"SearchAction","target":{"@type":"EntryPoint","urlTemplate":"https:\/\/hundtgroup.com\/pl\/?s={search_term_string}"},"query-input":{"@type":"PropertyValueSpecification","valueRequired":true,"valueName":"search_term_string"}}],"inLanguage":"pl-PL"}]}},"_links":{"self":[{"href":"https:\/\/hundtgroup.com\/pl\/wp-json\/wp\/v2\/product\/28294","targetHints":{"allow":["GET"]}}],"collection":[{"href":"https:\/\/hundtgroup.com\/pl\/wp-json\/wp\/v2\/product"}],"about":[{"href":"https:\/\/hundtgroup.com\/pl\/wp-json\/wp\/v2\/types\/product"}],"wp:featuredmedia":[{"embeddable":true,"href":"https:\/\/hundtgroup.com\/pl\/wp-json\/wp\/v2\/media\/10502"}],"wp:attachment":[{"href":"https:\/\/hundtgroup.com\/pl\/wp-json\/wp\/v2\/media?parent=28294"}],"wp:term":[{"taxonomy":"product_cat","embeddable":true,"href":"https:\/\/hundtgroup.com\/pl\/wp-json\/wp\/v2\/product_cat?post=28294"},{"taxonomy":"product_tag","embeddable":true,"href":"https:\/\/hundtgroup.com\/pl\/wp-json\/wp\/v2\/product_tag?post=28294"}],"curies":[{"name":"wp","href":"https:\/\/api.w.org\/{rel}","templated":true}]}}