{"id":28314,"date":"2022-08-23T15:56:03","date_gmt":"2022-08-23T13:56:03","guid":{"rendered":"https:\/\/hundtgroup.com\/produkt\/prasa-do-laczenia-trutool-tf-350-bez-narzedzia\/"},"modified":"2025-07-29T10:17:45","modified_gmt":"2025-07-29T08:17:45","slug":"prasa-do-laczenia-trutool-tf-350-bez-narzedzia","status":"publish","type":"product","link":"https:\/\/hundtgroup.com\/pl\/produkt\/prasa-do-laczenia-trutool-tf-350-bez-narzedzia\/","title":{"rendered":"Prasa do \u0142\u0105czenia TruTool TF 350 bez narz\u0119dzia"},"content":{"rendered":"<p>Dopasowane, odporne na korozj\u0119 po\u0142\u0105czenie<br \/>\nZast\u0119puje elementy z\u0142\u0105czne, takie jak nity lub \u015bruby<br \/>\n\u0141\u0105czenie element\u00f3w niepowlekanych i powlekanych<br \/>\nMo\u017cliwe \u0142\u0105czenie element\u00f3w wykonanych z r\u00f3\u017cnych materia\u0142\u00f3w arkuszowych<br \/>\nNiezr\u00f3wnana szybko\u015b\u0107 procesu<\/p>\n","protected":false},"excerpt":{"rendered":"<p>Dopasowane, odporne na korozj\u0119 po\u0142\u0105czenie Zast\u0119puje elementy z\u0142\u0105czne, takie jak nity lub \u015bruby \u0141\u0105czenie element\u00f3w niepowlekanych i powlekanych Mo\u017cliwe \u0142\u0105czenie element\u00f3w wykonanych z r\u00f3\u017cnych materia\u0142\u00f3w arkuszowych Niezr\u00f3wnana szybko\u015b\u0107 procesu<\/p>\n","protected":false},"featured_media":6983,"template":"","meta":{"_acf_changed":false,"inline_featured_image":false},"product_cat":[660,1049],"product_tag":[],"class_list":{"0":"post-28314","1":"product","2":"type-product","3":"status-publish","4":"has-post-thumbnail","6":"brand-trumpf","7":"product_cat-elektronarzedzia","8":"product_cat-prasy-laczace","10":"first","11":"instock","12":"sale","13":"taxable","14":"shipping-taxable","15":"purchasable","16":"product-type-simple","17":"add-to-wishlist-before_image"},"acf":[],"yoast_head":"<!-- This site is optimized with the Yoast SEO plugin v27.3 - https:\/\/yoast.com\/product\/yoast-seo-wordpress\/ -->\n<title>Prasa do \u0142\u0105czenia TruTool TF 350 bez narz\u0119dzia - Wilhelm Hundt GmbH<\/title>\n<meta name=\"robots\" content=\"index, follow, max-snippet:-1, max-image-preview:large, max-video-preview:-1\" \/>\n<link rel=\"canonical\" href=\"https:\/\/hundtgroup.com\/pl\/produkt\/prasa-do-laczenia-trutool-tf-350-bez-narzedzia\/\" \/>\n<meta property=\"og:locale\" content=\"pl_PL\" \/>\n<meta property=\"og:type\" content=\"article\" \/>\n<meta property=\"og:title\" content=\"Prasa do \u0142\u0105czenia TruTool TF 350 bez narz\u0119dzia - Wilhelm Hundt GmbH\" \/>\n<meta property=\"og:description\" content=\"Dopasowane, odporne na korozj\u0119 po\u0142\u0105czenie Zast\u0119puje elementy z\u0142\u0105czne, takie jak nity lub \u015bruby \u0141\u0105czenie element\u00f3w niepowlekanych i powlekanych Mo\u017cliwe \u0142\u0105czenie element\u00f3w wykonanych z r\u00f3\u017cnych materia\u0142\u00f3w arkuszowych Niezr\u00f3wnana szybko\u015b\u0107 procesu\" \/>\n<meta property=\"og:url\" content=\"https:\/\/hundtgroup.com\/pl\/produkt\/prasa-do-laczenia-trutool-tf-350-bez-narzedzia\/\" \/>\n<meta property=\"og:site_name\" content=\"Wilhelm Hundt GmbH\" \/>\n<meta property=\"article:modified_time\" content=\"2025-07-29T08:17:45+00:00\" \/>\n<meta property=\"og:image\" content=\"https:\/\/hundtgroup.com\/wp-content\/uploads\/353500.png\" \/>\n\t<meta property=\"og:image:width\" content=\"529\" \/>\n\t<meta property=\"og:image:height\" content=\"573\" \/>\n\t<meta property=\"og:image:type\" content=\"image\/png\" \/>\n<meta name=\"twitter:card\" content=\"summary_large_image\" \/>\n<script type=\"application\/ld+json\" class=\"yoast-schema-graph\">{\"@context\":\"https:\\\/\\\/schema.org\",\"@graph\":[{\"@type\":\"WebPage\",\"@id\":\"https:\\\/\\\/hundtgroup.com\\\/pl\\\/produkt\\\/prasa-do-laczenia-trutool-tf-350-bez-narzedzia\\\/\",\"url\":\"https:\\\/\\\/hundtgroup.com\\\/pl\\\/produkt\\\/prasa-do-laczenia-trutool-tf-350-bez-narzedzia\\\/\",\"name\":\"Prasa do \u0142\u0105czenia TruTool TF 350 bez narz\u0119dzia - Wilhelm Hundt GmbH\",\"isPartOf\":{\"@id\":\"https:\\\/\\\/hundtgroup.com\\\/pl\\\/#website\"},\"primaryImageOfPage\":{\"@id\":\"https:\\\/\\\/hundtgroup.com\\\/pl\\\/produkt\\\/prasa-do-laczenia-trutool-tf-350-bez-narzedzia\\\/#primaryimage\"},\"image\":{\"@id\":\"https:\\\/\\\/hundtgroup.com\\\/pl\\\/produkt\\\/prasa-do-laczenia-trutool-tf-350-bez-narzedzia\\\/#primaryimage\"},\"thumbnailUrl\":\"https:\\\/\\\/hundtgroup.com\\\/wp-content\\\/uploads\\\/353500.png\",\"datePublished\":\"2022-08-23T13:56:03+00:00\",\"dateModified\":\"2025-07-29T08:17:45+00:00\",\"breadcrumb\":{\"@id\":\"https:\\\/\\\/hundtgroup.com\\\/pl\\\/produkt\\\/prasa-do-laczenia-trutool-tf-350-bez-narzedzia\\\/#breadcrumb\"},\"inLanguage\":\"pl-PL\",\"potentialAction\":[{\"@type\":\"ReadAction\",\"target\":[\"https:\\\/\\\/hundtgroup.com\\\/pl\\\/produkt\\\/prasa-do-laczenia-trutool-tf-350-bez-narzedzia\\\/\"]}]},{\"@type\":\"ImageObject\",\"inLanguage\":\"pl-PL\",\"@id\":\"https:\\\/\\\/hundtgroup.com\\\/pl\\\/produkt\\\/prasa-do-laczenia-trutool-tf-350-bez-narzedzia\\\/#primaryimage\",\"url\":\"https:\\\/\\\/hundtgroup.com\\\/wp-content\\\/uploads\\\/353500.png\",\"contentUrl\":\"https:\\\/\\\/hundtgroup.com\\\/wp-content\\\/uploads\\\/353500.png\",\"width\":529,\"height\":573},{\"@type\":\"BreadcrumbList\",\"@id\":\"https:\\\/\\\/hundtgroup.com\\\/pl\\\/produkt\\\/prasa-do-laczenia-trutool-tf-350-bez-narzedzia\\\/#breadcrumb\",\"itemListElement\":[{\"@type\":\"ListItem\",\"position\":1,\"name\":\"Startseite\",\"item\":\"https:\\\/\\\/hundtgroup.com\\\/pl\\\/strona-glowna-nowa\\\/\"},{\"@type\":\"ListItem\",\"position\":2,\"name\":\"Sklep\",\"item\":\"https:\\\/\\\/hundtgroup.com\\\/sklep\\\/\"},{\"@type\":\"ListItem\",\"position\":3,\"name\":\"Prasa do \u0142\u0105czenia TruTool TF 350 bez narz\u0119dzia\"}]},{\"@type\":\"WebSite\",\"@id\":\"https:\\\/\\\/hundtgroup.com\\\/pl\\\/#website\",\"url\":\"https:\\\/\\\/hundtgroup.com\\\/pl\\\/\",\"name\":\"Wilhelm Hundt GmbH\",\"description\":\"Specjalista od maszyn i narz\u0119dzi do obr\u00f3bki blachy\",\"potentialAction\":[{\"@type\":\"SearchAction\",\"target\":{\"@type\":\"EntryPoint\",\"urlTemplate\":\"https:\\\/\\\/hundtgroup.com\\\/pl\\\/?s={search_term_string}\"},\"query-input\":{\"@type\":\"PropertyValueSpecification\",\"valueRequired\":true,\"valueName\":\"search_term_string\"}}],\"inLanguage\":\"pl-PL\"}]}<\/script>\n<!-- \/ Yoast SEO plugin. -->","yoast_head_json":{"title":"Prasa do \u0142\u0105czenia TruTool TF 350 bez narz\u0119dzia - Wilhelm Hundt GmbH","robots":{"index":"index","follow":"follow","max-snippet":"max-snippet:-1","max-image-preview":"max-image-preview:large","max-video-preview":"max-video-preview:-1"},"canonical":"https:\/\/hundtgroup.com\/pl\/produkt\/prasa-do-laczenia-trutool-tf-350-bez-narzedzia\/","og_locale":"pl_PL","og_type":"article","og_title":"Prasa do \u0142\u0105czenia TruTool TF 350 bez narz\u0119dzia - Wilhelm Hundt GmbH","og_description":"Dopasowane, odporne na korozj\u0119 po\u0142\u0105czenie Zast\u0119puje elementy z\u0142\u0105czne, takie jak nity lub \u015bruby \u0141\u0105czenie element\u00f3w niepowlekanych i powlekanych Mo\u017cliwe \u0142\u0105czenie element\u00f3w wykonanych z r\u00f3\u017cnych materia\u0142\u00f3w arkuszowych Niezr\u00f3wnana szybko\u015b\u0107 procesu","og_url":"https:\/\/hundtgroup.com\/pl\/produkt\/prasa-do-laczenia-trutool-tf-350-bez-narzedzia\/","og_site_name":"Wilhelm Hundt GmbH","article_modified_time":"2025-07-29T08:17:45+00:00","og_image":[{"width":529,"height":573,"url":"https:\/\/hundtgroup.com\/wp-content\/uploads\/353500.png","type":"image\/png"}],"twitter_card":"summary_large_image","schema":{"@context":"https:\/\/schema.org","@graph":[{"@type":"WebPage","@id":"https:\/\/hundtgroup.com\/pl\/produkt\/prasa-do-laczenia-trutool-tf-350-bez-narzedzia\/","url":"https:\/\/hundtgroup.com\/pl\/produkt\/prasa-do-laczenia-trutool-tf-350-bez-narzedzia\/","name":"Prasa do \u0142\u0105czenia TruTool TF 350 bez narz\u0119dzia - Wilhelm Hundt GmbH","isPartOf":{"@id":"https:\/\/hundtgroup.com\/pl\/#website"},"primaryImageOfPage":{"@id":"https:\/\/hundtgroup.com\/pl\/produkt\/prasa-do-laczenia-trutool-tf-350-bez-narzedzia\/#primaryimage"},"image":{"@id":"https:\/\/hundtgroup.com\/pl\/produkt\/prasa-do-laczenia-trutool-tf-350-bez-narzedzia\/#primaryimage"},"thumbnailUrl":"https:\/\/hundtgroup.com\/wp-content\/uploads\/353500.png","datePublished":"2022-08-23T13:56:03+00:00","dateModified":"2025-07-29T08:17:45+00:00","breadcrumb":{"@id":"https:\/\/hundtgroup.com\/pl\/produkt\/prasa-do-laczenia-trutool-tf-350-bez-narzedzia\/#breadcrumb"},"inLanguage":"pl-PL","potentialAction":[{"@type":"ReadAction","target":["https:\/\/hundtgroup.com\/pl\/produkt\/prasa-do-laczenia-trutool-tf-350-bez-narzedzia\/"]}]},{"@type":"ImageObject","inLanguage":"pl-PL","@id":"https:\/\/hundtgroup.com\/pl\/produkt\/prasa-do-laczenia-trutool-tf-350-bez-narzedzia\/#primaryimage","url":"https:\/\/hundtgroup.com\/wp-content\/uploads\/353500.png","contentUrl":"https:\/\/hundtgroup.com\/wp-content\/uploads\/353500.png","width":529,"height":573},{"@type":"BreadcrumbList","@id":"https:\/\/hundtgroup.com\/pl\/produkt\/prasa-do-laczenia-trutool-tf-350-bez-narzedzia\/#breadcrumb","itemListElement":[{"@type":"ListItem","position":1,"name":"Startseite","item":"https:\/\/hundtgroup.com\/pl\/strona-glowna-nowa\/"},{"@type":"ListItem","position":2,"name":"Sklep","item":"https:\/\/hundtgroup.com\/sklep\/"},{"@type":"ListItem","position":3,"name":"Prasa do \u0142\u0105czenia TruTool TF 350 bez narz\u0119dzia"}]},{"@type":"WebSite","@id":"https:\/\/hundtgroup.com\/pl\/#website","url":"https:\/\/hundtgroup.com\/pl\/","name":"Wilhelm Hundt GmbH","description":"Specjalista od maszyn i narz\u0119dzi do obr\u00f3bki blachy","potentialAction":[{"@type":"SearchAction","target":{"@type":"EntryPoint","urlTemplate":"https:\/\/hundtgroup.com\/pl\/?s={search_term_string}"},"query-input":{"@type":"PropertyValueSpecification","valueRequired":true,"valueName":"search_term_string"}}],"inLanguage":"pl-PL"}]}},"_links":{"self":[{"href":"https:\/\/hundtgroup.com\/pl\/wp-json\/wp\/v2\/product\/28314","targetHints":{"allow":["GET"]}}],"collection":[{"href":"https:\/\/hundtgroup.com\/pl\/wp-json\/wp\/v2\/product"}],"about":[{"href":"https:\/\/hundtgroup.com\/pl\/wp-json\/wp\/v2\/types\/product"}],"wp:featuredmedia":[{"embeddable":true,"href":"https:\/\/hundtgroup.com\/pl\/wp-json\/wp\/v2\/media\/6983"}],"wp:attachment":[{"href":"https:\/\/hundtgroup.com\/pl\/wp-json\/wp\/v2\/media?parent=28314"}],"wp:term":[{"taxonomy":"product_cat","embeddable":true,"href":"https:\/\/hundtgroup.com\/pl\/wp-json\/wp\/v2\/product_cat?post=28314"},{"taxonomy":"product_tag","embeddable":true,"href":"https:\/\/hundtgroup.com\/pl\/wp-json\/wp\/v2\/product_tag?post=28314"}],"curies":[{"name":"wp","href":"https:\/\/api.w.org\/{rel}","templated":true}]}}