{"id":28380,"date":"2022-08-23T15:56:03","date_gmt":"2022-08-23T13:56:03","guid":{"rendered":"https:\/\/hundtgroup.com\/produkt\/zamykacz-szwow-trutool-f-140\/"},"modified":"2025-07-29T10:19:29","modified_gmt":"2025-07-29T08:19:29","slug":"zamykacz-szwow-trutool-f-140","status":"publish","type":"product","link":"https:\/\/hundtgroup.com\/pl\/produkt\/zamykacz-szwow-trutool-f-140\/","title":{"rendered":"Zamykacz szw\u00f3w TruTool F 140"},"content":{"rendered":"<p>Ekonomiczne zamykanie szw\u00f3w bezpo\u015brednio na stanowisku monta\u017cowym<br \/>\nAutomatyczne dostosowanie do grubo\u015bci blachy<br \/>\nMo\u017ce by\u0107 stosowany do prostych i zakrzywionych kana\u0142\u00f3w o grubo\u015bci blachy do 1,4 mm<br \/>\nBrak konieczno\u015bci przezbrajania przy obr\u00f3bce element\u00f3w kszta\u0142towych i zakrzywionych<br \/>\nSzczeg\u00f3lnie nadaje si\u0119 do stali nierdzewnej<br \/>\nElektroniczny regulator pr\u0119dko\u015bci dla optymalnej pr\u0119dko\u015bci roboczej<\/p>\n","protected":false},"excerpt":{"rendered":"<p>Ekonomiczne zamykanie szw\u00f3w bezpo\u015brednio na stanowisku monta\u017cowym Automatyczne dostosowanie do grubo\u015bci blachy Mo\u017ce by\u0107 stosowany do prostych i zakrzywionych kana\u0142\u00f3w o grubo\u015bci blachy do 1,4 mm Brak konieczno\u015bci przezbrajania przy obr\u00f3bce element\u00f3w kszta\u0142towych i zakrzywionych Szczeg\u00f3lnie nadaje si\u0119 do stali nierdzewnej Elektroniczny regulator pr\u0119dko\u015bci dla optymalnej pr\u0119dko\u015bci roboczej<\/p>\n","protected":false},"featured_media":6968,"template":"","meta":{"_acf_changed":false,"inline_featured_image":false},"product_cat":[660,1048],"product_tag":[],"class_list":{"0":"post-28380","1":"product","2":"type-product","3":"status-publish","4":"has-post-thumbnail","6":"brand-trumpf","7":"product_cat-elektronarzedzia","8":"product_cat-zamykanie-szwow","10":"first","11":"instock","12":"sale","13":"taxable","14":"shipping-taxable","15":"purchasable","16":"product-type-simple","17":"add-to-wishlist-before_image"},"acf":[],"yoast_head":"<!-- This site is optimized with the Yoast SEO plugin v27.3 - https:\/\/yoast.com\/product\/yoast-seo-wordpress\/ -->\n<title>Zamykacz szw\u00f3w TruTool F 140 - Wilhelm Hundt GmbH<\/title>\n<meta name=\"robots\" content=\"index, follow, max-snippet:-1, max-image-preview:large, max-video-preview:-1\" \/>\n<link rel=\"canonical\" href=\"https:\/\/hundtgroup.com\/pl\/produkt\/zamykacz-szwow-trutool-f-140\/\" \/>\n<meta property=\"og:locale\" content=\"pl_PL\" \/>\n<meta property=\"og:type\" content=\"article\" \/>\n<meta property=\"og:title\" content=\"Zamykacz szw\u00f3w TruTool F 140 - Wilhelm Hundt GmbH\" \/>\n<meta property=\"og:description\" content=\"Ekonomiczne zamykanie szw\u00f3w bezpo\u015brednio na stanowisku monta\u017cowym Automatyczne dostosowanie do grubo\u015bci blachy Mo\u017ce by\u0107 stosowany do prostych i zakrzywionych kana\u0142\u00f3w o grubo\u015bci blachy do 1,4 mm Brak konieczno\u015bci przezbrajania przy obr\u00f3bce element\u00f3w kszta\u0142towych i zakrzywionych Szczeg\u00f3lnie nadaje si\u0119 do stali nierdzewnej Elektroniczny regulator pr\u0119dko\u015bci dla optymalnej pr\u0119dko\u015bci roboczej\" \/>\n<meta property=\"og:url\" content=\"https:\/\/hundtgroup.com\/pl\/produkt\/zamykacz-szwow-trutool-f-140\/\" \/>\n<meta property=\"og:site_name\" content=\"Wilhelm Hundt GmbH\" \/>\n<meta property=\"article:modified_time\" content=\"2025-07-29T08:19:29+00:00\" \/>\n<meta property=\"og:image\" content=\"https:\/\/hundtgroup.com\/wp-content\/uploads\/351400.png\" \/>\n\t<meta property=\"og:image:width\" content=\"591\" \/>\n\t<meta property=\"og:image:height\" content=\"591\" \/>\n\t<meta property=\"og:image:type\" content=\"image\/png\" \/>\n<meta name=\"twitter:card\" content=\"summary_large_image\" \/>\n<script type=\"application\/ld+json\" class=\"yoast-schema-graph\">{\"@context\":\"https:\\\/\\\/schema.org\",\"@graph\":[{\"@type\":\"WebPage\",\"@id\":\"https:\\\/\\\/hundtgroup.com\\\/pl\\\/produkt\\\/zamykacz-szwow-trutool-f-140\\\/\",\"url\":\"https:\\\/\\\/hundtgroup.com\\\/pl\\\/produkt\\\/zamykacz-szwow-trutool-f-140\\\/\",\"name\":\"Zamykacz szw\u00f3w TruTool F 140 - Wilhelm Hundt GmbH\",\"isPartOf\":{\"@id\":\"https:\\\/\\\/hundtgroup.com\\\/pl\\\/#website\"},\"primaryImageOfPage\":{\"@id\":\"https:\\\/\\\/hundtgroup.com\\\/pl\\\/produkt\\\/zamykacz-szwow-trutool-f-140\\\/#primaryimage\"},\"image\":{\"@id\":\"https:\\\/\\\/hundtgroup.com\\\/pl\\\/produkt\\\/zamykacz-szwow-trutool-f-140\\\/#primaryimage\"},\"thumbnailUrl\":\"https:\\\/\\\/hundtgroup.com\\\/wp-content\\\/uploads\\\/351400.png\",\"datePublished\":\"2022-08-23T13:56:03+00:00\",\"dateModified\":\"2025-07-29T08:19:29+00:00\",\"breadcrumb\":{\"@id\":\"https:\\\/\\\/hundtgroup.com\\\/pl\\\/produkt\\\/zamykacz-szwow-trutool-f-140\\\/#breadcrumb\"},\"inLanguage\":\"pl-PL\",\"potentialAction\":[{\"@type\":\"ReadAction\",\"target\":[\"https:\\\/\\\/hundtgroup.com\\\/pl\\\/produkt\\\/zamykacz-szwow-trutool-f-140\\\/\"]}]},{\"@type\":\"ImageObject\",\"inLanguage\":\"pl-PL\",\"@id\":\"https:\\\/\\\/hundtgroup.com\\\/pl\\\/produkt\\\/zamykacz-szwow-trutool-f-140\\\/#primaryimage\",\"url\":\"https:\\\/\\\/hundtgroup.com\\\/wp-content\\\/uploads\\\/351400.png\",\"contentUrl\":\"https:\\\/\\\/hundtgroup.com\\\/wp-content\\\/uploads\\\/351400.png\",\"width\":591,\"height\":591},{\"@type\":\"BreadcrumbList\",\"@id\":\"https:\\\/\\\/hundtgroup.com\\\/pl\\\/produkt\\\/zamykacz-szwow-trutool-f-140\\\/#breadcrumb\",\"itemListElement\":[{\"@type\":\"ListItem\",\"position\":1,\"name\":\"Startseite\",\"item\":\"https:\\\/\\\/hundtgroup.com\\\/pl\\\/strona-glowna-nowa\\\/\"},{\"@type\":\"ListItem\",\"position\":2,\"name\":\"Sklep\",\"item\":\"https:\\\/\\\/hundtgroup.com\\\/sklep\\\/\"},{\"@type\":\"ListItem\",\"position\":3,\"name\":\"Zamykacz szw\u00f3w TruTool F 140\"}]},{\"@type\":\"WebSite\",\"@id\":\"https:\\\/\\\/hundtgroup.com\\\/pl\\\/#website\",\"url\":\"https:\\\/\\\/hundtgroup.com\\\/pl\\\/\",\"name\":\"Wilhelm Hundt GmbH\",\"description\":\"Specjalista od maszyn i narz\u0119dzi do obr\u00f3bki blachy\",\"potentialAction\":[{\"@type\":\"SearchAction\",\"target\":{\"@type\":\"EntryPoint\",\"urlTemplate\":\"https:\\\/\\\/hundtgroup.com\\\/pl\\\/?s={search_term_string}\"},\"query-input\":{\"@type\":\"PropertyValueSpecification\",\"valueRequired\":true,\"valueName\":\"search_term_string\"}}],\"inLanguage\":\"pl-PL\"}]}<\/script>\n<!-- \/ Yoast SEO plugin. -->","yoast_head_json":{"title":"Zamykacz szw\u00f3w TruTool F 140 - Wilhelm Hundt GmbH","robots":{"index":"index","follow":"follow","max-snippet":"max-snippet:-1","max-image-preview":"max-image-preview:large","max-video-preview":"max-video-preview:-1"},"canonical":"https:\/\/hundtgroup.com\/pl\/produkt\/zamykacz-szwow-trutool-f-140\/","og_locale":"pl_PL","og_type":"article","og_title":"Zamykacz szw\u00f3w TruTool F 140 - Wilhelm Hundt GmbH","og_description":"Ekonomiczne zamykanie szw\u00f3w bezpo\u015brednio na stanowisku monta\u017cowym Automatyczne dostosowanie do grubo\u015bci blachy Mo\u017ce by\u0107 stosowany do prostych i zakrzywionych kana\u0142\u00f3w o grubo\u015bci blachy do 1,4 mm Brak konieczno\u015bci przezbrajania przy obr\u00f3bce element\u00f3w kszta\u0142towych i zakrzywionych Szczeg\u00f3lnie nadaje si\u0119 do stali nierdzewnej Elektroniczny regulator pr\u0119dko\u015bci dla optymalnej pr\u0119dko\u015bci roboczej","og_url":"https:\/\/hundtgroup.com\/pl\/produkt\/zamykacz-szwow-trutool-f-140\/","og_site_name":"Wilhelm Hundt GmbH","article_modified_time":"2025-07-29T08:19:29+00:00","og_image":[{"width":591,"height":591,"url":"https:\/\/hundtgroup.com\/wp-content\/uploads\/351400.png","type":"image\/png"}],"twitter_card":"summary_large_image","schema":{"@context":"https:\/\/schema.org","@graph":[{"@type":"WebPage","@id":"https:\/\/hundtgroup.com\/pl\/produkt\/zamykacz-szwow-trutool-f-140\/","url":"https:\/\/hundtgroup.com\/pl\/produkt\/zamykacz-szwow-trutool-f-140\/","name":"Zamykacz szw\u00f3w TruTool F 140 - Wilhelm Hundt GmbH","isPartOf":{"@id":"https:\/\/hundtgroup.com\/pl\/#website"},"primaryImageOfPage":{"@id":"https:\/\/hundtgroup.com\/pl\/produkt\/zamykacz-szwow-trutool-f-140\/#primaryimage"},"image":{"@id":"https:\/\/hundtgroup.com\/pl\/produkt\/zamykacz-szwow-trutool-f-140\/#primaryimage"},"thumbnailUrl":"https:\/\/hundtgroup.com\/wp-content\/uploads\/351400.png","datePublished":"2022-08-23T13:56:03+00:00","dateModified":"2025-07-29T08:19:29+00:00","breadcrumb":{"@id":"https:\/\/hundtgroup.com\/pl\/produkt\/zamykacz-szwow-trutool-f-140\/#breadcrumb"},"inLanguage":"pl-PL","potentialAction":[{"@type":"ReadAction","target":["https:\/\/hundtgroup.com\/pl\/produkt\/zamykacz-szwow-trutool-f-140\/"]}]},{"@type":"ImageObject","inLanguage":"pl-PL","@id":"https:\/\/hundtgroup.com\/pl\/produkt\/zamykacz-szwow-trutool-f-140\/#primaryimage","url":"https:\/\/hundtgroup.com\/wp-content\/uploads\/351400.png","contentUrl":"https:\/\/hundtgroup.com\/wp-content\/uploads\/351400.png","width":591,"height":591},{"@type":"BreadcrumbList","@id":"https:\/\/hundtgroup.com\/pl\/produkt\/zamykacz-szwow-trutool-f-140\/#breadcrumb","itemListElement":[{"@type":"ListItem","position":1,"name":"Startseite","item":"https:\/\/hundtgroup.com\/pl\/strona-glowna-nowa\/"},{"@type":"ListItem","position":2,"name":"Sklep","item":"https:\/\/hundtgroup.com\/sklep\/"},{"@type":"ListItem","position":3,"name":"Zamykacz szw\u00f3w TruTool F 140"}]},{"@type":"WebSite","@id":"https:\/\/hundtgroup.com\/pl\/#website","url":"https:\/\/hundtgroup.com\/pl\/","name":"Wilhelm Hundt GmbH","description":"Specjalista od maszyn i narz\u0119dzi do obr\u00f3bki blachy","potentialAction":[{"@type":"SearchAction","target":{"@type":"EntryPoint","urlTemplate":"https:\/\/hundtgroup.com\/pl\/?s={search_term_string}"},"query-input":{"@type":"PropertyValueSpecification","valueRequired":true,"valueName":"search_term_string"}}],"inLanguage":"pl-PL"}]}},"_links":{"self":[{"href":"https:\/\/hundtgroup.com\/pl\/wp-json\/wp\/v2\/product\/28380","targetHints":{"allow":["GET"]}}],"collection":[{"href":"https:\/\/hundtgroup.com\/pl\/wp-json\/wp\/v2\/product"}],"about":[{"href":"https:\/\/hundtgroup.com\/pl\/wp-json\/wp\/v2\/types\/product"}],"wp:featuredmedia":[{"embeddable":true,"href":"https:\/\/hundtgroup.com\/pl\/wp-json\/wp\/v2\/media\/6968"}],"wp:attachment":[{"href":"https:\/\/hundtgroup.com\/pl\/wp-json\/wp\/v2\/media?parent=28380"}],"wp:term":[{"taxonomy":"product_cat","embeddable":true,"href":"https:\/\/hundtgroup.com\/pl\/wp-json\/wp\/v2\/product_cat?post=28380"},{"taxonomy":"product_tag","embeddable":true,"href":"https:\/\/hundtgroup.com\/pl\/wp-json\/wp\/v2\/product_tag?post=28380"}],"curies":[{"name":"wp","href":"https:\/\/api.w.org\/{rel}","templated":true}]}}