{"id":28393,"date":"2022-08-23T15:56:03","date_gmt":"2022-08-23T13:56:03","guid":{"rendered":"https:\/\/hundtgroup.com\/produkt\/zamykacz-szwow-trutool-f-125\/"},"modified":"2025-07-29T10:19:55","modified_gmt":"2025-07-29T08:19:55","slug":"zamykacz-szwow-trutool-f-125","status":"publish","type":"product","link":"https:\/\/hundtgroup.com\/pl\/produkt\/zamykacz-szwow-trutool-f-125\/","title":{"rendered":"Zamykacz szw\u00f3w TruTool F 125"},"content":{"rendered":"<p>Zamykanie wst\u0119pnie wygi\u0119tych szw\u00f3w stoj\u0105cych i k\u0105towych, nawet w naro\u017cnikach i k\u0105tach<br \/>\nM\u0142otek spr\u0119\u017cynowy zapewniaj\u0105cy sta\u0142\u0105 jako\u015b\u0107 przy wahaniach grubo\u015bci blachy<br \/>\nPrecyzyjna regulacja odleg\u0142o\u015bci roboczej mi\u0119dzy m\u0142otkiem a kowad\u0142em<br \/>\nEkonomiczne zamykanie szw\u00f3w bezpo\u015brednio na stanowisku monta\u017cowym<br \/>\nSzybkie, szczelne \u0142\u0105czenie szw\u00f3w<\/p>\n","protected":false},"excerpt":{"rendered":"<p>Zamykanie wst\u0119pnie wygi\u0119tych szw\u00f3w stoj\u0105cych i k\u0105towych, nawet w naro\u017cnikach i k\u0105tach M\u0142otek spr\u0119\u017cynowy zapewniaj\u0105cy sta\u0142\u0105 jako\u015b\u0107 przy wahaniach grubo\u015bci blachy Precyzyjna regulacja odleg\u0142o\u015bci roboczej mi\u0119dzy m\u0142otkiem a kowad\u0142em Ekonomiczne zamykanie szw\u00f3w bezpo\u015brednio na stanowisku monta\u017cowym Szybkie, szczelne \u0142\u0105czenie szw\u00f3w<\/p>\n","protected":false},"featured_media":6965,"template":"","meta":{"_acf_changed":false,"inline_featured_image":false},"product_cat":[660,1048],"product_tag":[],"class_list":{"0":"post-28393","1":"product","2":"type-product","3":"status-publish","4":"has-post-thumbnail","6":"brand-trumpf","7":"product_cat-elektronarzedzia","8":"product_cat-zamykanie-szwow","10":"first","11":"instock","12":"sale","13":"taxable","14":"shipping-taxable","15":"purchasable","16":"product-type-simple","17":"add-to-wishlist-before_image"},"acf":[],"yoast_head":"<!-- This site is optimized with the Yoast SEO plugin v27.3 - https:\/\/yoast.com\/product\/yoast-seo-wordpress\/ -->\n<title>Zamykacz szw\u00f3w TruTool F 125 - Wilhelm Hundt GmbH<\/title>\n<meta name=\"robots\" content=\"index, follow, max-snippet:-1, max-image-preview:large, max-video-preview:-1\" \/>\n<link rel=\"canonical\" href=\"https:\/\/hundtgroup.com\/pl\/produkt\/zamykacz-szwow-trutool-f-125\/\" \/>\n<meta property=\"og:locale\" content=\"pl_PL\" \/>\n<meta property=\"og:type\" content=\"article\" \/>\n<meta property=\"og:title\" content=\"Zamykacz szw\u00f3w TruTool F 125 - Wilhelm Hundt GmbH\" \/>\n<meta property=\"og:description\" content=\"Zamykanie wst\u0119pnie wygi\u0119tych szw\u00f3w stoj\u0105cych i k\u0105towych, nawet w naro\u017cnikach i k\u0105tach M\u0142otek spr\u0119\u017cynowy zapewniaj\u0105cy sta\u0142\u0105 jako\u015b\u0107 przy wahaniach grubo\u015bci blachy Precyzyjna regulacja odleg\u0142o\u015bci roboczej mi\u0119dzy m\u0142otkiem a kowad\u0142em Ekonomiczne zamykanie szw\u00f3w bezpo\u015brednio na stanowisku monta\u017cowym Szybkie, szczelne \u0142\u0105czenie szw\u00f3w\" \/>\n<meta property=\"og:url\" content=\"https:\/\/hundtgroup.com\/pl\/produkt\/zamykacz-szwow-trutool-f-125\/\" \/>\n<meta property=\"og:site_name\" content=\"Wilhelm Hundt GmbH\" \/>\n<meta property=\"article:modified_time\" content=\"2025-07-29T08:19:55+00:00\" \/>\n<meta property=\"og:image\" content=\"https:\/\/hundtgroup.com\/wp-content\/uploads\/351250.png\" \/>\n\t<meta property=\"og:image:width\" content=\"827\" \/>\n\t<meta property=\"og:image:height\" content=\"563\" \/>\n\t<meta property=\"og:image:type\" content=\"image\/png\" \/>\n<meta name=\"twitter:card\" content=\"summary_large_image\" \/>\n<script type=\"application\/ld+json\" class=\"yoast-schema-graph\">{\"@context\":\"https:\\\/\\\/schema.org\",\"@graph\":[{\"@type\":\"WebPage\",\"@id\":\"https:\\\/\\\/hundtgroup.com\\\/pl\\\/produkt\\\/zamykacz-szwow-trutool-f-125\\\/\",\"url\":\"https:\\\/\\\/hundtgroup.com\\\/pl\\\/produkt\\\/zamykacz-szwow-trutool-f-125\\\/\",\"name\":\"Zamykacz szw\u00f3w TruTool F 125 - Wilhelm Hundt GmbH\",\"isPartOf\":{\"@id\":\"https:\\\/\\\/hundtgroup.com\\\/pl\\\/#website\"},\"primaryImageOfPage\":{\"@id\":\"https:\\\/\\\/hundtgroup.com\\\/pl\\\/produkt\\\/zamykacz-szwow-trutool-f-125\\\/#primaryimage\"},\"image\":{\"@id\":\"https:\\\/\\\/hundtgroup.com\\\/pl\\\/produkt\\\/zamykacz-szwow-trutool-f-125\\\/#primaryimage\"},\"thumbnailUrl\":\"https:\\\/\\\/hundtgroup.com\\\/wp-content\\\/uploads\\\/351250.png\",\"datePublished\":\"2022-08-23T13:56:03+00:00\",\"dateModified\":\"2025-07-29T08:19:55+00:00\",\"breadcrumb\":{\"@id\":\"https:\\\/\\\/hundtgroup.com\\\/pl\\\/produkt\\\/zamykacz-szwow-trutool-f-125\\\/#breadcrumb\"},\"inLanguage\":\"pl-PL\",\"potentialAction\":[{\"@type\":\"ReadAction\",\"target\":[\"https:\\\/\\\/hundtgroup.com\\\/pl\\\/produkt\\\/zamykacz-szwow-trutool-f-125\\\/\"]}]},{\"@type\":\"ImageObject\",\"inLanguage\":\"pl-PL\",\"@id\":\"https:\\\/\\\/hundtgroup.com\\\/pl\\\/produkt\\\/zamykacz-szwow-trutool-f-125\\\/#primaryimage\",\"url\":\"https:\\\/\\\/hundtgroup.com\\\/wp-content\\\/uploads\\\/351250.png\",\"contentUrl\":\"https:\\\/\\\/hundtgroup.com\\\/wp-content\\\/uploads\\\/351250.png\",\"width\":827,\"height\":563},{\"@type\":\"BreadcrumbList\",\"@id\":\"https:\\\/\\\/hundtgroup.com\\\/pl\\\/produkt\\\/zamykacz-szwow-trutool-f-125\\\/#breadcrumb\",\"itemListElement\":[{\"@type\":\"ListItem\",\"position\":1,\"name\":\"Startseite\",\"item\":\"https:\\\/\\\/hundtgroup.com\\\/pl\\\/strona-glowna-nowa\\\/\"},{\"@type\":\"ListItem\",\"position\":2,\"name\":\"Sklep\",\"item\":\"https:\\\/\\\/hundtgroup.com\\\/sklep\\\/\"},{\"@type\":\"ListItem\",\"position\":3,\"name\":\"Zamykacz szw\u00f3w TruTool F 125\"}]},{\"@type\":\"WebSite\",\"@id\":\"https:\\\/\\\/hundtgroup.com\\\/pl\\\/#website\",\"url\":\"https:\\\/\\\/hundtgroup.com\\\/pl\\\/\",\"name\":\"Wilhelm Hundt GmbH\",\"description\":\"Specjalista od maszyn i narz\u0119dzi do obr\u00f3bki blachy\",\"potentialAction\":[{\"@type\":\"SearchAction\",\"target\":{\"@type\":\"EntryPoint\",\"urlTemplate\":\"https:\\\/\\\/hundtgroup.com\\\/pl\\\/?s={search_term_string}\"},\"query-input\":{\"@type\":\"PropertyValueSpecification\",\"valueRequired\":true,\"valueName\":\"search_term_string\"}}],\"inLanguage\":\"pl-PL\"}]}<\/script>\n<!-- \/ Yoast SEO plugin. -->","yoast_head_json":{"title":"Zamykacz szw\u00f3w TruTool F 125 - Wilhelm Hundt GmbH","robots":{"index":"index","follow":"follow","max-snippet":"max-snippet:-1","max-image-preview":"max-image-preview:large","max-video-preview":"max-video-preview:-1"},"canonical":"https:\/\/hundtgroup.com\/pl\/produkt\/zamykacz-szwow-trutool-f-125\/","og_locale":"pl_PL","og_type":"article","og_title":"Zamykacz szw\u00f3w TruTool F 125 - Wilhelm Hundt GmbH","og_description":"Zamykanie wst\u0119pnie wygi\u0119tych szw\u00f3w stoj\u0105cych i k\u0105towych, nawet w naro\u017cnikach i k\u0105tach M\u0142otek spr\u0119\u017cynowy zapewniaj\u0105cy sta\u0142\u0105 jako\u015b\u0107 przy wahaniach grubo\u015bci blachy Precyzyjna regulacja odleg\u0142o\u015bci roboczej mi\u0119dzy m\u0142otkiem a kowad\u0142em Ekonomiczne zamykanie szw\u00f3w bezpo\u015brednio na stanowisku monta\u017cowym Szybkie, szczelne \u0142\u0105czenie szw\u00f3w","og_url":"https:\/\/hundtgroup.com\/pl\/produkt\/zamykacz-szwow-trutool-f-125\/","og_site_name":"Wilhelm Hundt GmbH","article_modified_time":"2025-07-29T08:19:55+00:00","og_image":[{"width":827,"height":563,"url":"https:\/\/hundtgroup.com\/wp-content\/uploads\/351250.png","type":"image\/png"}],"twitter_card":"summary_large_image","schema":{"@context":"https:\/\/schema.org","@graph":[{"@type":"WebPage","@id":"https:\/\/hundtgroup.com\/pl\/produkt\/zamykacz-szwow-trutool-f-125\/","url":"https:\/\/hundtgroup.com\/pl\/produkt\/zamykacz-szwow-trutool-f-125\/","name":"Zamykacz szw\u00f3w TruTool F 125 - Wilhelm Hundt GmbH","isPartOf":{"@id":"https:\/\/hundtgroup.com\/pl\/#website"},"primaryImageOfPage":{"@id":"https:\/\/hundtgroup.com\/pl\/produkt\/zamykacz-szwow-trutool-f-125\/#primaryimage"},"image":{"@id":"https:\/\/hundtgroup.com\/pl\/produkt\/zamykacz-szwow-trutool-f-125\/#primaryimage"},"thumbnailUrl":"https:\/\/hundtgroup.com\/wp-content\/uploads\/351250.png","datePublished":"2022-08-23T13:56:03+00:00","dateModified":"2025-07-29T08:19:55+00:00","breadcrumb":{"@id":"https:\/\/hundtgroup.com\/pl\/produkt\/zamykacz-szwow-trutool-f-125\/#breadcrumb"},"inLanguage":"pl-PL","potentialAction":[{"@type":"ReadAction","target":["https:\/\/hundtgroup.com\/pl\/produkt\/zamykacz-szwow-trutool-f-125\/"]}]},{"@type":"ImageObject","inLanguage":"pl-PL","@id":"https:\/\/hundtgroup.com\/pl\/produkt\/zamykacz-szwow-trutool-f-125\/#primaryimage","url":"https:\/\/hundtgroup.com\/wp-content\/uploads\/351250.png","contentUrl":"https:\/\/hundtgroup.com\/wp-content\/uploads\/351250.png","width":827,"height":563},{"@type":"BreadcrumbList","@id":"https:\/\/hundtgroup.com\/pl\/produkt\/zamykacz-szwow-trutool-f-125\/#breadcrumb","itemListElement":[{"@type":"ListItem","position":1,"name":"Startseite","item":"https:\/\/hundtgroup.com\/pl\/strona-glowna-nowa\/"},{"@type":"ListItem","position":2,"name":"Sklep","item":"https:\/\/hundtgroup.com\/sklep\/"},{"@type":"ListItem","position":3,"name":"Zamykacz szw\u00f3w TruTool F 125"}]},{"@type":"WebSite","@id":"https:\/\/hundtgroup.com\/pl\/#website","url":"https:\/\/hundtgroup.com\/pl\/","name":"Wilhelm Hundt GmbH","description":"Specjalista od maszyn i narz\u0119dzi do obr\u00f3bki blachy","potentialAction":[{"@type":"SearchAction","target":{"@type":"EntryPoint","urlTemplate":"https:\/\/hundtgroup.com\/pl\/?s={search_term_string}"},"query-input":{"@type":"PropertyValueSpecification","valueRequired":true,"valueName":"search_term_string"}}],"inLanguage":"pl-PL"}]}},"_links":{"self":[{"href":"https:\/\/hundtgroup.com\/pl\/wp-json\/wp\/v2\/product\/28393","targetHints":{"allow":["GET"]}}],"collection":[{"href":"https:\/\/hundtgroup.com\/pl\/wp-json\/wp\/v2\/product"}],"about":[{"href":"https:\/\/hundtgroup.com\/pl\/wp-json\/wp\/v2\/types\/product"}],"wp:featuredmedia":[{"embeddable":true,"href":"https:\/\/hundtgroup.com\/pl\/wp-json\/wp\/v2\/media\/6965"}],"wp:attachment":[{"href":"https:\/\/hundtgroup.com\/pl\/wp-json\/wp\/v2\/media?parent=28393"}],"wp:term":[{"taxonomy":"product_cat","embeddable":true,"href":"https:\/\/hundtgroup.com\/pl\/wp-json\/wp\/v2\/product_cat?post=28393"},{"taxonomy":"product_tag","embeddable":true,"href":"https:\/\/hundtgroup.com\/pl\/wp-json\/wp\/v2\/product_tag?post=28393"}],"curies":[{"name":"wp","href":"https:\/\/api.w.org\/{rel}","templated":true}]}}