{"id":29435,"date":"2022-08-23T16:00:58","date_gmt":"2022-08-23T14:00:58","guid":{"rendered":"https:\/\/hundtgroup.com\/produkt\/d39ass-idealne-nozyczki-lewe\/"},"modified":"2025-07-29T11:48:04","modified_gmt":"2025-07-29T09:48:04","slug":"d39ass-idealne-nozyczki-lewe","status":"publish","type":"product","link":"https:\/\/hundtgroup.com\/pl\/produkt\/d39ass-idealne-nozyczki-lewe\/","title":{"rendered":"D39ASS Idealne no\u017cyczki lewe"},"content":{"rendered":"<p>ci\u0105g\u0142e ci\u0119cia proste i figurowe.<br \/>\nZmniejszony k\u0105t rozwarcia uchwytu.<br \/>\nWyj\u0105tkowo kompaktowa g\u0142owica no\u017cycowa z cz\u0119\u015bciowo sto\u017ckowym po\u0142\u0105czeniem \u015brubowym zapewnia wi\u0119ksz\u0105 zwrotno\u015b\u0107 i precyzj\u0119 podczas wykonywania ci\u0119\u0107 figurowych.<br \/>\nGwintowane z\u0142\u0105cze ze \u015brub\u0105 dwustronn\u0105, spiekan\u0105 podk\u0142adk\u0105 i bezobs\u0142ugow\u0105 spr\u0119\u017cyn\u0105 dla maksymalnej wytrzyma\u0142o\u015bci.<br \/>\nCentralna \u015bruba blokuj\u0105ca dla \u0142atwej obs\u0142ugi bez zmiany uchwytu.<\/p>\n","protected":false},"excerpt":{"rendered":"<p>ci\u0105g\u0142e ci\u0119cia proste i figurowe. Zmniejszony k\u0105t rozwarcia uchwytu. Wyj\u0105tkowo kompaktowa g\u0142owica no\u017cycowa z cz\u0119\u015bciowo sto\u017ckowym po\u0142\u0105czeniem \u015brubowym zapewnia wi\u0119ksz\u0105 zwrotno\u015b\u0107 i precyzj\u0119 podczas wykonywania ci\u0119\u0107 figurowych. Gwintowane z\u0142\u0105cze ze \u015brub\u0105 dwustronn\u0105, spiekan\u0105 podk\u0142adk\u0105 i bezobs\u0142ugow\u0105 spr\u0119\u017cyn\u0105 dla maksymalnej wytrzyma\u0142o\u015bci. Centralna \u015bruba blokuj\u0105ca dla \u0142atwej obs\u0142ugi bez zmiany uchwytu.<\/p>\n","protected":false},"featured_media":7079,"template":"","meta":{"_acf_changed":false,"inline_featured_image":false},"product_cat":[977,936,947,982],"product_tag":[],"class_list":{"0":"post-29435","1":"product","2":"type-product","3":"status-publish","4":"has-post-thumbnail","6":"brand-erdi","7":"product_cat-idealne-nozyczki","8":"product_cat-narzedzia-reczne","9":"product_cat-nozyce-do-blachy-pl-3","10":"product_cat-dzwignia-przetlumaczona","12":"first","13":"instock","14":"taxable","15":"shipping-taxable","16":"purchasable","17":"product-type-simple","18":"add-to-wishlist-before_image"},"acf":[],"yoast_head":"<!-- This site is optimized with the Yoast SEO plugin v27.3 - https:\/\/yoast.com\/product\/yoast-seo-wordpress\/ -->\n<title>D39ASS Idealne no\u017cyczki lewe - Wilhelm Hundt GmbH<\/title>\n<meta name=\"robots\" content=\"index, follow, max-snippet:-1, max-image-preview:large, max-video-preview:-1\" \/>\n<link rel=\"canonical\" href=\"https:\/\/hundtgroup.com\/pl\/produkt\/d39ass-idealne-nozyczki-lewe\/\" \/>\n<meta property=\"og:locale\" content=\"pl_PL\" \/>\n<meta property=\"og:type\" content=\"article\" \/>\n<meta property=\"og:title\" content=\"D39ASS Idealne no\u017cyczki lewe - Wilhelm Hundt GmbH\" \/>\n<meta property=\"og:description\" content=\"ci\u0105g\u0142e ci\u0119cia proste i figurowe. Zmniejszony k\u0105t rozwarcia uchwytu. Wyj\u0105tkowo kompaktowa g\u0142owica no\u017cycowa z cz\u0119\u015bciowo sto\u017ckowym po\u0142\u0105czeniem \u015brubowym zapewnia wi\u0119ksz\u0105 zwrotno\u015b\u0107 i precyzj\u0119 podczas wykonywania ci\u0119\u0107 figurowych. Gwintowane z\u0142\u0105cze ze \u015brub\u0105 dwustronn\u0105, spiekan\u0105 podk\u0142adk\u0105 i bezobs\u0142ugow\u0105 spr\u0119\u017cyn\u0105 dla maksymalnej wytrzyma\u0142o\u015bci. Centralna \u015bruba blokuj\u0105ca dla \u0142atwej obs\u0142ugi bez zmiany uchwytu.\" \/>\n<meta property=\"og:url\" content=\"https:\/\/hundtgroup.com\/pl\/produkt\/d39ass-idealne-nozyczki-lewe\/\" \/>\n<meta property=\"og:site_name\" content=\"Wilhelm Hundt GmbH\" \/>\n<meta property=\"article:modified_time\" content=\"2025-07-29T09:48:04+00:00\" \/>\n<meta property=\"og:image\" content=\"https:\/\/hundtgroup.com\/wp-content\/uploads\/400167.png\" \/>\n\t<meta property=\"og:image:width\" content=\"686\" \/>\n\t<meta property=\"og:image:height\" content=\"225\" \/>\n\t<meta property=\"og:image:type\" content=\"image\/png\" \/>\n<meta name=\"twitter:card\" content=\"summary_large_image\" \/>\n<script type=\"application\/ld+json\" class=\"yoast-schema-graph\">{\"@context\":\"https:\\\/\\\/schema.org\",\"@graph\":[{\"@type\":\"WebPage\",\"@id\":\"https:\\\/\\\/hundtgroup.com\\\/pl\\\/produkt\\\/d39ass-idealne-nozyczki-lewe\\\/\",\"url\":\"https:\\\/\\\/hundtgroup.com\\\/pl\\\/produkt\\\/d39ass-idealne-nozyczki-lewe\\\/\",\"name\":\"D39ASS Idealne no\u017cyczki lewe - Wilhelm Hundt GmbH\",\"isPartOf\":{\"@id\":\"https:\\\/\\\/hundtgroup.com\\\/pl\\\/#website\"},\"primaryImageOfPage\":{\"@id\":\"https:\\\/\\\/hundtgroup.com\\\/pl\\\/produkt\\\/d39ass-idealne-nozyczki-lewe\\\/#primaryimage\"},\"image\":{\"@id\":\"https:\\\/\\\/hundtgroup.com\\\/pl\\\/produkt\\\/d39ass-idealne-nozyczki-lewe\\\/#primaryimage\"},\"thumbnailUrl\":\"https:\\\/\\\/hundtgroup.com\\\/wp-content\\\/uploads\\\/400167.png\",\"datePublished\":\"2022-08-23T14:00:58+00:00\",\"dateModified\":\"2025-07-29T09:48:04+00:00\",\"breadcrumb\":{\"@id\":\"https:\\\/\\\/hundtgroup.com\\\/pl\\\/produkt\\\/d39ass-idealne-nozyczki-lewe\\\/#breadcrumb\"},\"inLanguage\":\"pl-PL\",\"potentialAction\":[{\"@type\":\"ReadAction\",\"target\":[\"https:\\\/\\\/hundtgroup.com\\\/pl\\\/produkt\\\/d39ass-idealne-nozyczki-lewe\\\/\"]}]},{\"@type\":\"ImageObject\",\"inLanguage\":\"pl-PL\",\"@id\":\"https:\\\/\\\/hundtgroup.com\\\/pl\\\/produkt\\\/d39ass-idealne-nozyczki-lewe\\\/#primaryimage\",\"url\":\"https:\\\/\\\/hundtgroup.com\\\/wp-content\\\/uploads\\\/400167.png\",\"contentUrl\":\"https:\\\/\\\/hundtgroup.com\\\/wp-content\\\/uploads\\\/400167.png\",\"width\":686,\"height\":225},{\"@type\":\"BreadcrumbList\",\"@id\":\"https:\\\/\\\/hundtgroup.com\\\/pl\\\/produkt\\\/d39ass-idealne-nozyczki-lewe\\\/#breadcrumb\",\"itemListElement\":[{\"@type\":\"ListItem\",\"position\":1,\"name\":\"Startseite\",\"item\":\"https:\\\/\\\/hundtgroup.com\\\/pl\\\/strona-glowna-nowa\\\/\"},{\"@type\":\"ListItem\",\"position\":2,\"name\":\"Sklep\",\"item\":\"https:\\\/\\\/hundtgroup.com\\\/sklep\\\/\"},{\"@type\":\"ListItem\",\"position\":3,\"name\":\"D39ASS Idealne no\u017cyczki lewe\"}]},{\"@type\":\"WebSite\",\"@id\":\"https:\\\/\\\/hundtgroup.com\\\/pl\\\/#website\",\"url\":\"https:\\\/\\\/hundtgroup.com\\\/pl\\\/\",\"name\":\"Wilhelm Hundt GmbH\",\"description\":\"Specjalista od maszyn i narz\u0119dzi do obr\u00f3bki blachy\",\"potentialAction\":[{\"@type\":\"SearchAction\",\"target\":{\"@type\":\"EntryPoint\",\"urlTemplate\":\"https:\\\/\\\/hundtgroup.com\\\/pl\\\/?s={search_term_string}\"},\"query-input\":{\"@type\":\"PropertyValueSpecification\",\"valueRequired\":true,\"valueName\":\"search_term_string\"}}],\"inLanguage\":\"pl-PL\"}]}<\/script>\n<!-- \/ Yoast SEO plugin. -->","yoast_head_json":{"title":"D39ASS Idealne no\u017cyczki lewe - Wilhelm Hundt GmbH","robots":{"index":"index","follow":"follow","max-snippet":"max-snippet:-1","max-image-preview":"max-image-preview:large","max-video-preview":"max-video-preview:-1"},"canonical":"https:\/\/hundtgroup.com\/pl\/produkt\/d39ass-idealne-nozyczki-lewe\/","og_locale":"pl_PL","og_type":"article","og_title":"D39ASS Idealne no\u017cyczki lewe - Wilhelm Hundt GmbH","og_description":"ci\u0105g\u0142e ci\u0119cia proste i figurowe. Zmniejszony k\u0105t rozwarcia uchwytu. Wyj\u0105tkowo kompaktowa g\u0142owica no\u017cycowa z cz\u0119\u015bciowo sto\u017ckowym po\u0142\u0105czeniem \u015brubowym zapewnia wi\u0119ksz\u0105 zwrotno\u015b\u0107 i precyzj\u0119 podczas wykonywania ci\u0119\u0107 figurowych. Gwintowane z\u0142\u0105cze ze \u015brub\u0105 dwustronn\u0105, spiekan\u0105 podk\u0142adk\u0105 i bezobs\u0142ugow\u0105 spr\u0119\u017cyn\u0105 dla maksymalnej wytrzyma\u0142o\u015bci. Centralna \u015bruba blokuj\u0105ca dla \u0142atwej obs\u0142ugi bez zmiany uchwytu.","og_url":"https:\/\/hundtgroup.com\/pl\/produkt\/d39ass-idealne-nozyczki-lewe\/","og_site_name":"Wilhelm Hundt GmbH","article_modified_time":"2025-07-29T09:48:04+00:00","og_image":[{"width":686,"height":225,"url":"https:\/\/hundtgroup.com\/wp-content\/uploads\/400167.png","type":"image\/png"}],"twitter_card":"summary_large_image","schema":{"@context":"https:\/\/schema.org","@graph":[{"@type":"WebPage","@id":"https:\/\/hundtgroup.com\/pl\/produkt\/d39ass-idealne-nozyczki-lewe\/","url":"https:\/\/hundtgroup.com\/pl\/produkt\/d39ass-idealne-nozyczki-lewe\/","name":"D39ASS Idealne no\u017cyczki lewe - Wilhelm Hundt GmbH","isPartOf":{"@id":"https:\/\/hundtgroup.com\/pl\/#website"},"primaryImageOfPage":{"@id":"https:\/\/hundtgroup.com\/pl\/produkt\/d39ass-idealne-nozyczki-lewe\/#primaryimage"},"image":{"@id":"https:\/\/hundtgroup.com\/pl\/produkt\/d39ass-idealne-nozyczki-lewe\/#primaryimage"},"thumbnailUrl":"https:\/\/hundtgroup.com\/wp-content\/uploads\/400167.png","datePublished":"2022-08-23T14:00:58+00:00","dateModified":"2025-07-29T09:48:04+00:00","breadcrumb":{"@id":"https:\/\/hundtgroup.com\/pl\/produkt\/d39ass-idealne-nozyczki-lewe\/#breadcrumb"},"inLanguage":"pl-PL","potentialAction":[{"@type":"ReadAction","target":["https:\/\/hundtgroup.com\/pl\/produkt\/d39ass-idealne-nozyczki-lewe\/"]}]},{"@type":"ImageObject","inLanguage":"pl-PL","@id":"https:\/\/hundtgroup.com\/pl\/produkt\/d39ass-idealne-nozyczki-lewe\/#primaryimage","url":"https:\/\/hundtgroup.com\/wp-content\/uploads\/400167.png","contentUrl":"https:\/\/hundtgroup.com\/wp-content\/uploads\/400167.png","width":686,"height":225},{"@type":"BreadcrumbList","@id":"https:\/\/hundtgroup.com\/pl\/produkt\/d39ass-idealne-nozyczki-lewe\/#breadcrumb","itemListElement":[{"@type":"ListItem","position":1,"name":"Startseite","item":"https:\/\/hundtgroup.com\/pl\/strona-glowna-nowa\/"},{"@type":"ListItem","position":2,"name":"Sklep","item":"https:\/\/hundtgroup.com\/sklep\/"},{"@type":"ListItem","position":3,"name":"D39ASS Idealne no\u017cyczki lewe"}]},{"@type":"WebSite","@id":"https:\/\/hundtgroup.com\/pl\/#website","url":"https:\/\/hundtgroup.com\/pl\/","name":"Wilhelm Hundt GmbH","description":"Specjalista od maszyn i narz\u0119dzi do obr\u00f3bki blachy","potentialAction":[{"@type":"SearchAction","target":{"@type":"EntryPoint","urlTemplate":"https:\/\/hundtgroup.com\/pl\/?s={search_term_string}"},"query-input":{"@type":"PropertyValueSpecification","valueRequired":true,"valueName":"search_term_string"}}],"inLanguage":"pl-PL"}]}},"_links":{"self":[{"href":"https:\/\/hundtgroup.com\/pl\/wp-json\/wp\/v2\/product\/29435","targetHints":{"allow":["GET"]}}],"collection":[{"href":"https:\/\/hundtgroup.com\/pl\/wp-json\/wp\/v2\/product"}],"about":[{"href":"https:\/\/hundtgroup.com\/pl\/wp-json\/wp\/v2\/types\/product"}],"wp:featuredmedia":[{"embeddable":true,"href":"https:\/\/hundtgroup.com\/pl\/wp-json\/wp\/v2\/media\/7079"}],"wp:attachment":[{"href":"https:\/\/hundtgroup.com\/pl\/wp-json\/wp\/v2\/media?parent=29435"}],"wp:term":[{"taxonomy":"product_cat","embeddable":true,"href":"https:\/\/hundtgroup.com\/pl\/wp-json\/wp\/v2\/product_cat?post=29435"},{"taxonomy":"product_tag","embeddable":true,"href":"https:\/\/hundtgroup.com\/pl\/wp-json\/wp\/v2\/product_tag?post=29435"}],"curies":[{"name":"wp","href":"https:\/\/api.w.org\/{rel}","templated":true}]}}