{"id":30283,"date":"2022-08-23T15:59:42","date_gmt":"2022-08-23T13:59:42","guid":{"rendered":"https:\/\/hundtgroup.com\/produkt\/uszczelka-trumpf-z-monitorowaniem-funkcji-dla-trutool-tsc-100\/"},"modified":"2025-07-29T11:38:04","modified_gmt":"2025-07-29T09:38:04","slug":"uszczelka-trumpf-z-monitorowaniem-funkcji-dla-trutool-tsc-100","status":"publish","type":"product","link":"https:\/\/hundtgroup.com\/pl\/produkt\/uszczelka-trumpf-z-monitorowaniem-funkcji-dla-trutool-tsc-100\/","title":{"rendered":"Uszczelka TRUMPF z monitorowaniem funkcji dla TruTool TSC 100"},"content":{"rendered":"<p>Uszczelka z funkcj\u0105 monitorowania dla myjki do p\u00f3\u0142ek TSC100.<\/p>\n","protected":false},"excerpt":{"rendered":"<p>Uszczelka z funkcj\u0105 monitorowania dla myjki do p\u00f3\u0142ek TSC100.<\/p>\n","protected":false},"featured_media":10190,"template":"","meta":{"_acf_changed":false,"inline_featured_image":false},"product_cat":[976,937,944],"product_tag":[],"class_list":{"0":"post-30283","1":"product","2":"type-product","3":"status-publish","4":"has-post-thumbnail","6":"brand-trumpf","7":"product_cat-tsc-100-pl","8":"product_cat-akcesoria-akumulatorowe-elektryczne","9":"product_cat-srodek-do-czyszczenia-tasm-nosnych","11":"first","12":"instock","13":"taxable","14":"shipping-taxable","15":"purchasable","16":"product-type-simple","17":"add-to-wishlist-before_image"},"acf":[],"yoast_head":"<!-- This site is optimized with the Yoast SEO plugin v27.3 - https:\/\/yoast.com\/product\/yoast-seo-wordpress\/ -->\n<title>Uszczelka TRUMPF z monitorowaniem funkcji dla TruTool TSC 100 - Wilhelm Hundt GmbH<\/title>\n<meta name=\"robots\" content=\"index, follow, max-snippet:-1, max-image-preview:large, max-video-preview:-1\" \/>\n<link rel=\"canonical\" href=\"https:\/\/hundtgroup.com\/pl\/produkt\/uszczelka-trumpf-z-monitorowaniem-funkcji-dla-trutool-tsc-100\/\" \/>\n<meta property=\"og:locale\" content=\"pl_PL\" \/>\n<meta property=\"og:type\" content=\"article\" \/>\n<meta property=\"og:title\" content=\"Uszczelka TRUMPF z monitorowaniem funkcji dla TruTool TSC 100 - Wilhelm Hundt GmbH\" \/>\n<meta property=\"og:description\" content=\"Uszczelka z funkcj\u0105 monitorowania dla myjki do p\u00f3\u0142ek TSC100.\" \/>\n<meta property=\"og:url\" content=\"https:\/\/hundtgroup.com\/pl\/produkt\/uszczelka-trumpf-z-monitorowaniem-funkcji-dla-trutool-tsc-100\/\" \/>\n<meta property=\"og:site_name\" content=\"Wilhelm Hundt GmbH\" \/>\n<meta property=\"article:modified_time\" content=\"2025-07-29T09:38:04+00:00\" \/>\n<meta property=\"og:image\" content=\"https:\/\/hundtgroup.com\/wp-content\/uploads\/345243.png\" \/>\n\t<meta property=\"og:image:width\" content=\"800\" \/>\n\t<meta property=\"og:image:height\" content=\"421\" \/>\n\t<meta property=\"og:image:type\" content=\"image\/png\" \/>\n<meta name=\"twitter:card\" content=\"summary_large_image\" \/>\n<script type=\"application\/ld+json\" class=\"yoast-schema-graph\">{\"@context\":\"https:\\\/\\\/schema.org\",\"@graph\":[{\"@type\":\"WebPage\",\"@id\":\"https:\\\/\\\/hundtgroup.com\\\/pl\\\/produkt\\\/uszczelka-trumpf-z-monitorowaniem-funkcji-dla-trutool-tsc-100\\\/\",\"url\":\"https:\\\/\\\/hundtgroup.com\\\/pl\\\/produkt\\\/uszczelka-trumpf-z-monitorowaniem-funkcji-dla-trutool-tsc-100\\\/\",\"name\":\"Uszczelka TRUMPF z monitorowaniem funkcji dla TruTool TSC 100 - Wilhelm Hundt GmbH\",\"isPartOf\":{\"@id\":\"https:\\\/\\\/hundtgroup.com\\\/pl\\\/#website\"},\"primaryImageOfPage\":{\"@id\":\"https:\\\/\\\/hundtgroup.com\\\/pl\\\/produkt\\\/uszczelka-trumpf-z-monitorowaniem-funkcji-dla-trutool-tsc-100\\\/#primaryimage\"},\"image\":{\"@id\":\"https:\\\/\\\/hundtgroup.com\\\/pl\\\/produkt\\\/uszczelka-trumpf-z-monitorowaniem-funkcji-dla-trutool-tsc-100\\\/#primaryimage\"},\"thumbnailUrl\":\"https:\\\/\\\/hundtgroup.com\\\/wp-content\\\/uploads\\\/345243.png\",\"datePublished\":\"2022-08-23T13:59:42+00:00\",\"dateModified\":\"2025-07-29T09:38:04+00:00\",\"breadcrumb\":{\"@id\":\"https:\\\/\\\/hundtgroup.com\\\/pl\\\/produkt\\\/uszczelka-trumpf-z-monitorowaniem-funkcji-dla-trutool-tsc-100\\\/#breadcrumb\"},\"inLanguage\":\"pl-PL\",\"potentialAction\":[{\"@type\":\"ReadAction\",\"target\":[\"https:\\\/\\\/hundtgroup.com\\\/pl\\\/produkt\\\/uszczelka-trumpf-z-monitorowaniem-funkcji-dla-trutool-tsc-100\\\/\"]}]},{\"@type\":\"ImageObject\",\"inLanguage\":\"pl-PL\",\"@id\":\"https:\\\/\\\/hundtgroup.com\\\/pl\\\/produkt\\\/uszczelka-trumpf-z-monitorowaniem-funkcji-dla-trutool-tsc-100\\\/#primaryimage\",\"url\":\"https:\\\/\\\/hundtgroup.com\\\/wp-content\\\/uploads\\\/345243.png\",\"contentUrl\":\"https:\\\/\\\/hundtgroup.com\\\/wp-content\\\/uploads\\\/345243.png\",\"width\":800,\"height\":421},{\"@type\":\"BreadcrumbList\",\"@id\":\"https:\\\/\\\/hundtgroup.com\\\/pl\\\/produkt\\\/uszczelka-trumpf-z-monitorowaniem-funkcji-dla-trutool-tsc-100\\\/#breadcrumb\",\"itemListElement\":[{\"@type\":\"ListItem\",\"position\":1,\"name\":\"Startseite\",\"item\":\"https:\\\/\\\/hundtgroup.com\\\/pl\\\/strona-glowna-nowa\\\/\"},{\"@type\":\"ListItem\",\"position\":2,\"name\":\"Sklep\",\"item\":\"https:\\\/\\\/hundtgroup.com\\\/sklep\\\/\"},{\"@type\":\"ListItem\",\"position\":3,\"name\":\"Uszczelka TRUMPF z monitorowaniem funkcji dla TruTool TSC 100\"}]},{\"@type\":\"WebSite\",\"@id\":\"https:\\\/\\\/hundtgroup.com\\\/pl\\\/#website\",\"url\":\"https:\\\/\\\/hundtgroup.com\\\/pl\\\/\",\"name\":\"Wilhelm Hundt GmbH\",\"description\":\"Specjalista od maszyn i narz\u0119dzi do obr\u00f3bki blachy\",\"potentialAction\":[{\"@type\":\"SearchAction\",\"target\":{\"@type\":\"EntryPoint\",\"urlTemplate\":\"https:\\\/\\\/hundtgroup.com\\\/pl\\\/?s={search_term_string}\"},\"query-input\":{\"@type\":\"PropertyValueSpecification\",\"valueRequired\":true,\"valueName\":\"search_term_string\"}}],\"inLanguage\":\"pl-PL\"}]}<\/script>\n<!-- \/ Yoast SEO plugin. -->","yoast_head_json":{"title":"Uszczelka TRUMPF z monitorowaniem funkcji dla TruTool TSC 100 - Wilhelm Hundt GmbH","robots":{"index":"index","follow":"follow","max-snippet":"max-snippet:-1","max-image-preview":"max-image-preview:large","max-video-preview":"max-video-preview:-1"},"canonical":"https:\/\/hundtgroup.com\/pl\/produkt\/uszczelka-trumpf-z-monitorowaniem-funkcji-dla-trutool-tsc-100\/","og_locale":"pl_PL","og_type":"article","og_title":"Uszczelka TRUMPF z monitorowaniem funkcji dla TruTool TSC 100 - Wilhelm Hundt GmbH","og_description":"Uszczelka z funkcj\u0105 monitorowania dla myjki do p\u00f3\u0142ek TSC100.","og_url":"https:\/\/hundtgroup.com\/pl\/produkt\/uszczelka-trumpf-z-monitorowaniem-funkcji-dla-trutool-tsc-100\/","og_site_name":"Wilhelm Hundt GmbH","article_modified_time":"2025-07-29T09:38:04+00:00","og_image":[{"width":800,"height":421,"url":"https:\/\/hundtgroup.com\/wp-content\/uploads\/345243.png","type":"image\/png"}],"twitter_card":"summary_large_image","schema":{"@context":"https:\/\/schema.org","@graph":[{"@type":"WebPage","@id":"https:\/\/hundtgroup.com\/pl\/produkt\/uszczelka-trumpf-z-monitorowaniem-funkcji-dla-trutool-tsc-100\/","url":"https:\/\/hundtgroup.com\/pl\/produkt\/uszczelka-trumpf-z-monitorowaniem-funkcji-dla-trutool-tsc-100\/","name":"Uszczelka TRUMPF z monitorowaniem funkcji dla TruTool TSC 100 - Wilhelm Hundt GmbH","isPartOf":{"@id":"https:\/\/hundtgroup.com\/pl\/#website"},"primaryImageOfPage":{"@id":"https:\/\/hundtgroup.com\/pl\/produkt\/uszczelka-trumpf-z-monitorowaniem-funkcji-dla-trutool-tsc-100\/#primaryimage"},"image":{"@id":"https:\/\/hundtgroup.com\/pl\/produkt\/uszczelka-trumpf-z-monitorowaniem-funkcji-dla-trutool-tsc-100\/#primaryimage"},"thumbnailUrl":"https:\/\/hundtgroup.com\/wp-content\/uploads\/345243.png","datePublished":"2022-08-23T13:59:42+00:00","dateModified":"2025-07-29T09:38:04+00:00","breadcrumb":{"@id":"https:\/\/hundtgroup.com\/pl\/produkt\/uszczelka-trumpf-z-monitorowaniem-funkcji-dla-trutool-tsc-100\/#breadcrumb"},"inLanguage":"pl-PL","potentialAction":[{"@type":"ReadAction","target":["https:\/\/hundtgroup.com\/pl\/produkt\/uszczelka-trumpf-z-monitorowaniem-funkcji-dla-trutool-tsc-100\/"]}]},{"@type":"ImageObject","inLanguage":"pl-PL","@id":"https:\/\/hundtgroup.com\/pl\/produkt\/uszczelka-trumpf-z-monitorowaniem-funkcji-dla-trutool-tsc-100\/#primaryimage","url":"https:\/\/hundtgroup.com\/wp-content\/uploads\/345243.png","contentUrl":"https:\/\/hundtgroup.com\/wp-content\/uploads\/345243.png","width":800,"height":421},{"@type":"BreadcrumbList","@id":"https:\/\/hundtgroup.com\/pl\/produkt\/uszczelka-trumpf-z-monitorowaniem-funkcji-dla-trutool-tsc-100\/#breadcrumb","itemListElement":[{"@type":"ListItem","position":1,"name":"Startseite","item":"https:\/\/hundtgroup.com\/pl\/strona-glowna-nowa\/"},{"@type":"ListItem","position":2,"name":"Sklep","item":"https:\/\/hundtgroup.com\/sklep\/"},{"@type":"ListItem","position":3,"name":"Uszczelka TRUMPF z monitorowaniem funkcji dla TruTool TSC 100"}]},{"@type":"WebSite","@id":"https:\/\/hundtgroup.com\/pl\/#website","url":"https:\/\/hundtgroup.com\/pl\/","name":"Wilhelm Hundt GmbH","description":"Specjalista od maszyn i narz\u0119dzi do obr\u00f3bki blachy","potentialAction":[{"@type":"SearchAction","target":{"@type":"EntryPoint","urlTemplate":"https:\/\/hundtgroup.com\/pl\/?s={search_term_string}"},"query-input":{"@type":"PropertyValueSpecification","valueRequired":true,"valueName":"search_term_string"}}],"inLanguage":"pl-PL"}]}},"_links":{"self":[{"href":"https:\/\/hundtgroup.com\/pl\/wp-json\/wp\/v2\/product\/30283","targetHints":{"allow":["GET"]}}],"collection":[{"href":"https:\/\/hundtgroup.com\/pl\/wp-json\/wp\/v2\/product"}],"about":[{"href":"https:\/\/hundtgroup.com\/pl\/wp-json\/wp\/v2\/types\/product"}],"wp:featuredmedia":[{"embeddable":true,"href":"https:\/\/hundtgroup.com\/pl\/wp-json\/wp\/v2\/media\/10190"}],"wp:attachment":[{"href":"https:\/\/hundtgroup.com\/pl\/wp-json\/wp\/v2\/media?parent=30283"}],"wp:term":[{"taxonomy":"product_cat","embeddable":true,"href":"https:\/\/hundtgroup.com\/pl\/wp-json\/wp\/v2\/product_cat?post=30283"},{"taxonomy":"product_tag","embeddable":true,"href":"https:\/\/hundtgroup.com\/pl\/wp-json\/wp\/v2\/product_tag?post=30283"}],"curies":[{"name":"wp","href":"https:\/\/api.w.org\/{rel}","templated":true}]}}