{"id":30988,"date":"2022-08-23T15:59:22","date_gmt":"2022-08-23T13:59:22","guid":{"rendered":"https:\/\/hundtgroup.com\/produkt\/czesc-nosna-trumpf-30-kompletna-do-trutool-tkf-700\/"},"modified":"2025-07-29T11:29:38","modified_gmt":"2025-07-29T09:29:38","slug":"czesc-nosna-trumpf-30-kompletna-do-trutool-tkf-700","status":"publish","type":"product","link":"https:\/\/hundtgroup.com\/pl\/produkt\/czesc-nosna-trumpf-30-kompletna-do-trutool-tkf-700\/","title":{"rendered":"Cz\u0119\u015b\u0107 no\u015bna TRUMPF 30\u00b0 kompletna do TruTool TKF 700"},"content":{"rendered":"<p>Element podpieraj\u0105cy 30\u00b0 kompletny, do kszta\u0142tki kraw\u0119dziowej TruTool TKF 700<\/p>\n","protected":false},"excerpt":{"rendered":"<p>Element podpieraj\u0105cy 30\u00b0 kompletny, do kszta\u0142tki kraw\u0119dziowej TruTool TKF 700<\/p>\n","protected":false},"featured_media":10487,"template":"","meta":{"_acf_changed":false,"inline_featured_image":false},"product_cat":[974,937,943],"product_tag":[],"class_list":{"0":"post-30988","1":"product","2":"type-product","3":"status-publish","4":"has-post-thumbnail","6":"brand-trumpf","7":"product_cat-tkf-700-pl","8":"product_cat-akcesoria-akumulatorowe-elektryczne","9":"product_cat-urzadzenie-do-ksztaltowania-krawedzi-spoiny","11":"first","12":"instock","13":"taxable","14":"shipping-taxable","15":"purchasable","16":"product-type-simple","17":"add-to-wishlist-before_image"},"acf":[],"yoast_head":"<!-- This site is optimized with the Yoast SEO plugin v27.3 - https:\/\/yoast.com\/product\/yoast-seo-wordpress\/ -->\n<title>Cz\u0119\u015b\u0107 no\u015bna TRUMPF 30\u00b0 kompletna do TruTool TKF 700 - Wilhelm Hundt GmbH<\/title>\n<meta name=\"robots\" content=\"index, follow, max-snippet:-1, max-image-preview:large, max-video-preview:-1\" \/>\n<link rel=\"canonical\" href=\"https:\/\/hundtgroup.com\/pl\/produkt\/czesc-nosna-trumpf-30-kompletna-do-trutool-tkf-700\/\" \/>\n<meta property=\"og:locale\" content=\"pl_PL\" \/>\n<meta property=\"og:type\" content=\"article\" \/>\n<meta property=\"og:title\" content=\"Cz\u0119\u015b\u0107 no\u015bna TRUMPF 30\u00b0 kompletna do TruTool TKF 700 - Wilhelm Hundt GmbH\" \/>\n<meta property=\"og:description\" content=\"Element podpieraj\u0105cy 30\u00b0 kompletny, do kszta\u0142tki kraw\u0119dziowej TruTool TKF 700\" \/>\n<meta property=\"og:url\" content=\"https:\/\/hundtgroup.com\/pl\/produkt\/czesc-nosna-trumpf-30-kompletna-do-trutool-tkf-700\/\" \/>\n<meta property=\"og:site_name\" content=\"Wilhelm Hundt GmbH\" \/>\n<meta property=\"article:modified_time\" content=\"2025-07-29T09:29:38+00:00\" \/>\n<meta property=\"og:image\" content=\"https:\/\/hundtgroup.com\/wp-content\/uploads\/351670.png\" \/>\n\t<meta property=\"og:image:width\" content=\"504\" \/>\n\t<meta property=\"og:image:height\" content=\"600\" \/>\n\t<meta property=\"og:image:type\" content=\"image\/png\" \/>\n<meta name=\"twitter:card\" content=\"summary_large_image\" \/>\n<script type=\"application\/ld+json\" class=\"yoast-schema-graph\">{\"@context\":\"https:\\\/\\\/schema.org\",\"@graph\":[{\"@type\":\"WebPage\",\"@id\":\"https:\\\/\\\/hundtgroup.com\\\/pl\\\/produkt\\\/czesc-nosna-trumpf-30-kompletna-do-trutool-tkf-700\\\/\",\"url\":\"https:\\\/\\\/hundtgroup.com\\\/pl\\\/produkt\\\/czesc-nosna-trumpf-30-kompletna-do-trutool-tkf-700\\\/\",\"name\":\"Cz\u0119\u015b\u0107 no\u015bna TRUMPF 30\u00b0 kompletna do TruTool TKF 700 - Wilhelm Hundt GmbH\",\"isPartOf\":{\"@id\":\"https:\\\/\\\/hundtgroup.com\\\/pl\\\/#website\"},\"primaryImageOfPage\":{\"@id\":\"https:\\\/\\\/hundtgroup.com\\\/pl\\\/produkt\\\/czesc-nosna-trumpf-30-kompletna-do-trutool-tkf-700\\\/#primaryimage\"},\"image\":{\"@id\":\"https:\\\/\\\/hundtgroup.com\\\/pl\\\/produkt\\\/czesc-nosna-trumpf-30-kompletna-do-trutool-tkf-700\\\/#primaryimage\"},\"thumbnailUrl\":\"https:\\\/\\\/hundtgroup.com\\\/wp-content\\\/uploads\\\/351670.png\",\"datePublished\":\"2022-08-23T13:59:22+00:00\",\"dateModified\":\"2025-07-29T09:29:38+00:00\",\"breadcrumb\":{\"@id\":\"https:\\\/\\\/hundtgroup.com\\\/pl\\\/produkt\\\/czesc-nosna-trumpf-30-kompletna-do-trutool-tkf-700\\\/#breadcrumb\"},\"inLanguage\":\"pl-PL\",\"potentialAction\":[{\"@type\":\"ReadAction\",\"target\":[\"https:\\\/\\\/hundtgroup.com\\\/pl\\\/produkt\\\/czesc-nosna-trumpf-30-kompletna-do-trutool-tkf-700\\\/\"]}]},{\"@type\":\"ImageObject\",\"inLanguage\":\"pl-PL\",\"@id\":\"https:\\\/\\\/hundtgroup.com\\\/pl\\\/produkt\\\/czesc-nosna-trumpf-30-kompletna-do-trutool-tkf-700\\\/#primaryimage\",\"url\":\"https:\\\/\\\/hundtgroup.com\\\/wp-content\\\/uploads\\\/351670.png\",\"contentUrl\":\"https:\\\/\\\/hundtgroup.com\\\/wp-content\\\/uploads\\\/351670.png\",\"width\":504,\"height\":600},{\"@type\":\"BreadcrumbList\",\"@id\":\"https:\\\/\\\/hundtgroup.com\\\/pl\\\/produkt\\\/czesc-nosna-trumpf-30-kompletna-do-trutool-tkf-700\\\/#breadcrumb\",\"itemListElement\":[{\"@type\":\"ListItem\",\"position\":1,\"name\":\"Startseite\",\"item\":\"https:\\\/\\\/hundtgroup.com\\\/pl\\\/strona-glowna-nowa\\\/\"},{\"@type\":\"ListItem\",\"position\":2,\"name\":\"Sklep\",\"item\":\"https:\\\/\\\/hundtgroup.com\\\/sklep\\\/\"},{\"@type\":\"ListItem\",\"position\":3,\"name\":\"Cz\u0119\u015b\u0107 no\u015bna TRUMPF 30\u00b0 kompletna do TruTool TKF 700\"}]},{\"@type\":\"WebSite\",\"@id\":\"https:\\\/\\\/hundtgroup.com\\\/pl\\\/#website\",\"url\":\"https:\\\/\\\/hundtgroup.com\\\/pl\\\/\",\"name\":\"Wilhelm Hundt GmbH\",\"description\":\"Specjalista od maszyn i narz\u0119dzi do obr\u00f3bki blachy\",\"potentialAction\":[{\"@type\":\"SearchAction\",\"target\":{\"@type\":\"EntryPoint\",\"urlTemplate\":\"https:\\\/\\\/hundtgroup.com\\\/pl\\\/?s={search_term_string}\"},\"query-input\":{\"@type\":\"PropertyValueSpecification\",\"valueRequired\":true,\"valueName\":\"search_term_string\"}}],\"inLanguage\":\"pl-PL\"}]}<\/script>\n<!-- \/ Yoast SEO plugin. -->","yoast_head_json":{"title":"Cz\u0119\u015b\u0107 no\u015bna TRUMPF 30\u00b0 kompletna do TruTool TKF 700 - Wilhelm Hundt GmbH","robots":{"index":"index","follow":"follow","max-snippet":"max-snippet:-1","max-image-preview":"max-image-preview:large","max-video-preview":"max-video-preview:-1"},"canonical":"https:\/\/hundtgroup.com\/pl\/produkt\/czesc-nosna-trumpf-30-kompletna-do-trutool-tkf-700\/","og_locale":"pl_PL","og_type":"article","og_title":"Cz\u0119\u015b\u0107 no\u015bna TRUMPF 30\u00b0 kompletna do TruTool TKF 700 - Wilhelm Hundt GmbH","og_description":"Element podpieraj\u0105cy 30\u00b0 kompletny, do kszta\u0142tki kraw\u0119dziowej TruTool TKF 700","og_url":"https:\/\/hundtgroup.com\/pl\/produkt\/czesc-nosna-trumpf-30-kompletna-do-trutool-tkf-700\/","og_site_name":"Wilhelm Hundt GmbH","article_modified_time":"2025-07-29T09:29:38+00:00","og_image":[{"width":504,"height":600,"url":"https:\/\/hundtgroup.com\/wp-content\/uploads\/351670.png","type":"image\/png"}],"twitter_card":"summary_large_image","schema":{"@context":"https:\/\/schema.org","@graph":[{"@type":"WebPage","@id":"https:\/\/hundtgroup.com\/pl\/produkt\/czesc-nosna-trumpf-30-kompletna-do-trutool-tkf-700\/","url":"https:\/\/hundtgroup.com\/pl\/produkt\/czesc-nosna-trumpf-30-kompletna-do-trutool-tkf-700\/","name":"Cz\u0119\u015b\u0107 no\u015bna TRUMPF 30\u00b0 kompletna do TruTool TKF 700 - Wilhelm Hundt GmbH","isPartOf":{"@id":"https:\/\/hundtgroup.com\/pl\/#website"},"primaryImageOfPage":{"@id":"https:\/\/hundtgroup.com\/pl\/produkt\/czesc-nosna-trumpf-30-kompletna-do-trutool-tkf-700\/#primaryimage"},"image":{"@id":"https:\/\/hundtgroup.com\/pl\/produkt\/czesc-nosna-trumpf-30-kompletna-do-trutool-tkf-700\/#primaryimage"},"thumbnailUrl":"https:\/\/hundtgroup.com\/wp-content\/uploads\/351670.png","datePublished":"2022-08-23T13:59:22+00:00","dateModified":"2025-07-29T09:29:38+00:00","breadcrumb":{"@id":"https:\/\/hundtgroup.com\/pl\/produkt\/czesc-nosna-trumpf-30-kompletna-do-trutool-tkf-700\/#breadcrumb"},"inLanguage":"pl-PL","potentialAction":[{"@type":"ReadAction","target":["https:\/\/hundtgroup.com\/pl\/produkt\/czesc-nosna-trumpf-30-kompletna-do-trutool-tkf-700\/"]}]},{"@type":"ImageObject","inLanguage":"pl-PL","@id":"https:\/\/hundtgroup.com\/pl\/produkt\/czesc-nosna-trumpf-30-kompletna-do-trutool-tkf-700\/#primaryimage","url":"https:\/\/hundtgroup.com\/wp-content\/uploads\/351670.png","contentUrl":"https:\/\/hundtgroup.com\/wp-content\/uploads\/351670.png","width":504,"height":600},{"@type":"BreadcrumbList","@id":"https:\/\/hundtgroup.com\/pl\/produkt\/czesc-nosna-trumpf-30-kompletna-do-trutool-tkf-700\/#breadcrumb","itemListElement":[{"@type":"ListItem","position":1,"name":"Startseite","item":"https:\/\/hundtgroup.com\/pl\/strona-glowna-nowa\/"},{"@type":"ListItem","position":2,"name":"Sklep","item":"https:\/\/hundtgroup.com\/sklep\/"},{"@type":"ListItem","position":3,"name":"Cz\u0119\u015b\u0107 no\u015bna TRUMPF 30\u00b0 kompletna do TruTool TKF 700"}]},{"@type":"WebSite","@id":"https:\/\/hundtgroup.com\/pl\/#website","url":"https:\/\/hundtgroup.com\/pl\/","name":"Wilhelm Hundt GmbH","description":"Specjalista od maszyn i narz\u0119dzi do obr\u00f3bki blachy","potentialAction":[{"@type":"SearchAction","target":{"@type":"EntryPoint","urlTemplate":"https:\/\/hundtgroup.com\/pl\/?s={search_term_string}"},"query-input":{"@type":"PropertyValueSpecification","valueRequired":true,"valueName":"search_term_string"}}],"inLanguage":"pl-PL"}]}},"_links":{"self":[{"href":"https:\/\/hundtgroup.com\/pl\/wp-json\/wp\/v2\/product\/30988","targetHints":{"allow":["GET"]}}],"collection":[{"href":"https:\/\/hundtgroup.com\/pl\/wp-json\/wp\/v2\/product"}],"about":[{"href":"https:\/\/hundtgroup.com\/pl\/wp-json\/wp\/v2\/types\/product"}],"wp:featuredmedia":[{"embeddable":true,"href":"https:\/\/hundtgroup.com\/pl\/wp-json\/wp\/v2\/media\/10487"}],"wp:attachment":[{"href":"https:\/\/hundtgroup.com\/pl\/wp-json\/wp\/v2\/media?parent=30988"}],"wp:term":[{"taxonomy":"product_cat","embeddable":true,"href":"https:\/\/hundtgroup.com\/pl\/wp-json\/wp\/v2\/product_cat?post=30988"},{"taxonomy":"product_tag","embeddable":true,"href":"https:\/\/hundtgroup.com\/pl\/wp-json\/wp\/v2\/product_tag?post=30988"}],"curies":[{"name":"wp","href":"https:\/\/api.w.org\/{rel}","templated":true}]}}