{"id":31171,"date":"2022-08-23T15:59:42","date_gmt":"2022-08-23T13:59:42","guid":{"rendered":"https:\/\/hundtgroup.com\/produkt\/smar-trumpf-g1-pojemnik-900-g-do-nozyc-do-blachy-trutool\/"},"modified":"2025-07-29T11:36:56","modified_gmt":"2025-07-29T09:36:56","slug":"smar-trumpf-g1-pojemnik-900-g-do-nozyc-do-blachy-trutool","status":"publish","type":"product","link":"https:\/\/hundtgroup.com\/pl\/produkt\/smar-trumpf-g1-pojemnik-900-g-do-nozyc-do-blachy-trutool\/","title":{"rendered":"Smar Trumpf G1 pojemnik 900 g do no\u017cyc do blachy TruTool"},"content":{"rendered":"<p>Smar do smarowania \u0142o\u017cysk kulkowych, z\u0119b\u00f3w k\u00f3\u0142 z\u0119batych, \u0142o\u017cysk \u015blizgowych, si\u0142ownik\u00f3w i prowadnic stempli w ma\u0142ych no\u017cycach TRUMPF.<\/p>\n","protected":false},"excerpt":{"rendered":"<p>Smar do smarowania \u0142o\u017cysk kulkowych, z\u0119b\u00f3w k\u00f3\u0142 z\u0119batych, \u0142o\u017cysk \u015blizgowych, si\u0142ownik\u00f3w i prowadnic stempli w ma\u0142ych no\u017cycach TRUMPF.<\/p>\n","protected":false},"featured_media":0,"template":"","meta":{"_acf_changed":false,"inline_featured_image":false},"product_cat":[964,965,966,963,937,962,939,961,959,960],"product_tag":[],"class_list":{"0":"post-31171","1":"product","2":"type-product","3":"status-publish","5":"brand-trumpf","6":"product_cat-trutool-n-500-pl","7":"product_cat-trutool-n-700-pl","8":"product_cat-trutool-n-1000-pl","9":"product_cat-trutool-n-350-pl","10":"product_cat-akcesoria-akumulatorowe-elektryczne","11":"product_cat-trutool-pn-201-pl","12":"product_cat-nibbler-pl-3","13":"product_cat-trutool-pn-200-pl","14":"product_cat-trutool-n-160-pl","15":"product_cat-trutool-n-200-pl","17":"first","18":"instock","19":"taxable","20":"shipping-taxable","21":"purchasable","22":"product-type-simple","23":"add-to-wishlist-before_image"},"acf":[],"yoast_head":"<!-- This site is optimized with the Yoast SEO plugin v27.3 - https:\/\/yoast.com\/product\/yoast-seo-wordpress\/ -->\n<title>Smar Trumpf G1 pojemnik 900 g do no\u017cyc do blachy TruTool - Wilhelm Hundt GmbH<\/title>\n<meta name=\"robots\" content=\"index, follow, max-snippet:-1, max-image-preview:large, max-video-preview:-1\" \/>\n<link rel=\"canonical\" href=\"https:\/\/hundtgroup.com\/pl\/produkt\/smar-trumpf-g1-pojemnik-900-g-do-nozyc-do-blachy-trutool\/\" \/>\n<meta property=\"og:locale\" content=\"pl_PL\" \/>\n<meta property=\"og:type\" content=\"article\" \/>\n<meta property=\"og:title\" content=\"Smar Trumpf G1 pojemnik 900 g do no\u017cyc do blachy TruTool - Wilhelm Hundt GmbH\" \/>\n<meta property=\"og:description\" content=\"Smar do smarowania \u0142o\u017cysk kulkowych, z\u0119b\u00f3w k\u00f3\u0142 z\u0119batych, \u0142o\u017cysk \u015blizgowych, si\u0142ownik\u00f3w i prowadnic stempli w ma\u0142ych no\u017cycach TRUMPF.\" \/>\n<meta property=\"og:url\" content=\"https:\/\/hundtgroup.com\/pl\/produkt\/smar-trumpf-g1-pojemnik-900-g-do-nozyc-do-blachy-trutool\/\" \/>\n<meta property=\"og:site_name\" content=\"Wilhelm Hundt GmbH\" \/>\n<meta property=\"article:modified_time\" content=\"2025-07-29T09:36:56+00:00\" \/>\n<meta name=\"twitter:card\" content=\"summary_large_image\" \/>\n<script type=\"application\/ld+json\" class=\"yoast-schema-graph\">{\"@context\":\"https:\\\/\\\/schema.org\",\"@graph\":[{\"@type\":\"WebPage\",\"@id\":\"https:\\\/\\\/hundtgroup.com\\\/pl\\\/produkt\\\/smar-trumpf-g1-pojemnik-900-g-do-nozyc-do-blachy-trutool\\\/\",\"url\":\"https:\\\/\\\/hundtgroup.com\\\/pl\\\/produkt\\\/smar-trumpf-g1-pojemnik-900-g-do-nozyc-do-blachy-trutool\\\/\",\"name\":\"Smar Trumpf G1 pojemnik 900 g do no\u017cyc do blachy TruTool - Wilhelm Hundt GmbH\",\"isPartOf\":{\"@id\":\"https:\\\/\\\/hundtgroup.com\\\/pl\\\/#website\"},\"datePublished\":\"2022-08-23T13:59:42+00:00\",\"dateModified\":\"2025-07-29T09:36:56+00:00\",\"breadcrumb\":{\"@id\":\"https:\\\/\\\/hundtgroup.com\\\/pl\\\/produkt\\\/smar-trumpf-g1-pojemnik-900-g-do-nozyc-do-blachy-trutool\\\/#breadcrumb\"},\"inLanguage\":\"pl-PL\",\"potentialAction\":[{\"@type\":\"ReadAction\",\"target\":[\"https:\\\/\\\/hundtgroup.com\\\/pl\\\/produkt\\\/smar-trumpf-g1-pojemnik-900-g-do-nozyc-do-blachy-trutool\\\/\"]}]},{\"@type\":\"BreadcrumbList\",\"@id\":\"https:\\\/\\\/hundtgroup.com\\\/pl\\\/produkt\\\/smar-trumpf-g1-pojemnik-900-g-do-nozyc-do-blachy-trutool\\\/#breadcrumb\",\"itemListElement\":[{\"@type\":\"ListItem\",\"position\":1,\"name\":\"Startseite\",\"item\":\"https:\\\/\\\/hundtgroup.com\\\/pl\\\/strona-glowna-nowa\\\/\"},{\"@type\":\"ListItem\",\"position\":2,\"name\":\"Sklep\",\"item\":\"https:\\\/\\\/hundtgroup.com\\\/sklep\\\/\"},{\"@type\":\"ListItem\",\"position\":3,\"name\":\"Smar Trumpf G1 pojemnik 900 g do no\u017cyc do blachy TruTool\"}]},{\"@type\":\"WebSite\",\"@id\":\"https:\\\/\\\/hundtgroup.com\\\/pl\\\/#website\",\"url\":\"https:\\\/\\\/hundtgroup.com\\\/pl\\\/\",\"name\":\"Wilhelm Hundt GmbH\",\"description\":\"Specjalista od maszyn i narz\u0119dzi do obr\u00f3bki blachy\",\"potentialAction\":[{\"@type\":\"SearchAction\",\"target\":{\"@type\":\"EntryPoint\",\"urlTemplate\":\"https:\\\/\\\/hundtgroup.com\\\/pl\\\/?s={search_term_string}\"},\"query-input\":{\"@type\":\"PropertyValueSpecification\",\"valueRequired\":true,\"valueName\":\"search_term_string\"}}],\"inLanguage\":\"pl-PL\"}]}<\/script>\n<!-- \/ Yoast SEO plugin. -->","yoast_head_json":{"title":"Smar Trumpf G1 pojemnik 900 g do no\u017cyc do blachy TruTool - Wilhelm Hundt GmbH","robots":{"index":"index","follow":"follow","max-snippet":"max-snippet:-1","max-image-preview":"max-image-preview:large","max-video-preview":"max-video-preview:-1"},"canonical":"https:\/\/hundtgroup.com\/pl\/produkt\/smar-trumpf-g1-pojemnik-900-g-do-nozyc-do-blachy-trutool\/","og_locale":"pl_PL","og_type":"article","og_title":"Smar Trumpf G1 pojemnik 900 g do no\u017cyc do blachy TruTool - Wilhelm Hundt GmbH","og_description":"Smar do smarowania \u0142o\u017cysk kulkowych, z\u0119b\u00f3w k\u00f3\u0142 z\u0119batych, \u0142o\u017cysk \u015blizgowych, si\u0142ownik\u00f3w i prowadnic stempli w ma\u0142ych no\u017cycach TRUMPF.","og_url":"https:\/\/hundtgroup.com\/pl\/produkt\/smar-trumpf-g1-pojemnik-900-g-do-nozyc-do-blachy-trutool\/","og_site_name":"Wilhelm Hundt GmbH","article_modified_time":"2025-07-29T09:36:56+00:00","twitter_card":"summary_large_image","schema":{"@context":"https:\/\/schema.org","@graph":[{"@type":"WebPage","@id":"https:\/\/hundtgroup.com\/pl\/produkt\/smar-trumpf-g1-pojemnik-900-g-do-nozyc-do-blachy-trutool\/","url":"https:\/\/hundtgroup.com\/pl\/produkt\/smar-trumpf-g1-pojemnik-900-g-do-nozyc-do-blachy-trutool\/","name":"Smar Trumpf G1 pojemnik 900 g do no\u017cyc do blachy TruTool - Wilhelm Hundt GmbH","isPartOf":{"@id":"https:\/\/hundtgroup.com\/pl\/#website"},"datePublished":"2022-08-23T13:59:42+00:00","dateModified":"2025-07-29T09:36:56+00:00","breadcrumb":{"@id":"https:\/\/hundtgroup.com\/pl\/produkt\/smar-trumpf-g1-pojemnik-900-g-do-nozyc-do-blachy-trutool\/#breadcrumb"},"inLanguage":"pl-PL","potentialAction":[{"@type":"ReadAction","target":["https:\/\/hundtgroup.com\/pl\/produkt\/smar-trumpf-g1-pojemnik-900-g-do-nozyc-do-blachy-trutool\/"]}]},{"@type":"BreadcrumbList","@id":"https:\/\/hundtgroup.com\/pl\/produkt\/smar-trumpf-g1-pojemnik-900-g-do-nozyc-do-blachy-trutool\/#breadcrumb","itemListElement":[{"@type":"ListItem","position":1,"name":"Startseite","item":"https:\/\/hundtgroup.com\/pl\/strona-glowna-nowa\/"},{"@type":"ListItem","position":2,"name":"Sklep","item":"https:\/\/hundtgroup.com\/sklep\/"},{"@type":"ListItem","position":3,"name":"Smar Trumpf G1 pojemnik 900 g do no\u017cyc do blachy TruTool"}]},{"@type":"WebSite","@id":"https:\/\/hundtgroup.com\/pl\/#website","url":"https:\/\/hundtgroup.com\/pl\/","name":"Wilhelm Hundt GmbH","description":"Specjalista od maszyn i narz\u0119dzi do obr\u00f3bki blachy","potentialAction":[{"@type":"SearchAction","target":{"@type":"EntryPoint","urlTemplate":"https:\/\/hundtgroup.com\/pl\/?s={search_term_string}"},"query-input":{"@type":"PropertyValueSpecification","valueRequired":true,"valueName":"search_term_string"}}],"inLanguage":"pl-PL"}]}},"_links":{"self":[{"href":"https:\/\/hundtgroup.com\/pl\/wp-json\/wp\/v2\/product\/31171","targetHints":{"allow":["GET"]}}],"collection":[{"href":"https:\/\/hundtgroup.com\/pl\/wp-json\/wp\/v2\/product"}],"about":[{"href":"https:\/\/hundtgroup.com\/pl\/wp-json\/wp\/v2\/types\/product"}],"wp:attachment":[{"href":"https:\/\/hundtgroup.com\/pl\/wp-json\/wp\/v2\/media?parent=31171"}],"wp:term":[{"taxonomy":"product_cat","embeddable":true,"href":"https:\/\/hundtgroup.com\/pl\/wp-json\/wp\/v2\/product_cat?post=31171"},{"taxonomy":"product_tag","embeddable":true,"href":"https:\/\/hundtgroup.com\/pl\/wp-json\/wp\/v2\/product_tag?post=31171"}],"curies":[{"name":"wp","href":"https:\/\/api.w.org\/{rel}","templated":true}]}}