{"id":35961,"date":"2022-08-23T15:56:03","date_gmt":"2022-08-23T13:56:03","guid":{"rendered":"https:\/\/hundtgroup.com\/produkt\/frezarka-krawedziowa-trutool-tka-1500-z-narzedziem-45\/"},"modified":"2025-07-29T10:27:11","modified_gmt":"2025-07-29T08:27:11","slug":"frezarka-krawedziowa-trutool-tka-1500-z-narzedziem-45","status":"publish","type":"product","link":"https:\/\/hundtgroup.com\/pl\/produkt\/frezarka-krawedziowa-trutool-tka-1500-z-narzedziem-45\/","title":{"rendered":"Frezarka kraw\u0119dziowa TruTool TKA 1500 z narz\u0119dziem 45\u00b0"},"content":{"rendered":"<p>Wytrzyma\u0142e narz\u0119dzie TruTool TKA 1500 umo\u017cliwia tworzenie precyzyjnie dopasowanych faz o d\u0142ugo\u015bci do 15 mm pod k\u0105tami 30\u00b0, 45\u00b0 i 60\u00b0. \u017b\u0105dan\u0105 d\u0142ugo\u015b\u0107 fazowania mo\u017cna ustawi\u0107 bezstopniowo i bez u\u017cycia narz\u0119dzi. Natychmiast uzyskuje si\u0119 wysokiej jako\u015bci, powtarzalne kraw\u0119dzie bez konieczno\u015bci ponownej obr\u00f3bki. Za pomoc\u0105 TruTool TKA 1500 mo\u017cna uzyska\u0107 czyste, widoczne kraw\u0119dzie, z\u0142ama\u0107 ostre kraw\u0119dzie, nada\u0107 promie\u0144 lub przygotowa\u0107 spoin\u0119 spawalnicz\u0105. Wydajny proces frezowania jest do pi\u0119ciu razy szybszy ni\u017c w przypadku konkurencyjnych proces\u00f3w. Unika si\u0119 przy tym utleniania lub deformacji materia\u0142u. Ergonomiczna prowadnica i zmotoryzowany uchwyt sprawiaj\u0105, \u017ce maszyna jest bezkonkurencyjnie \u0142atwa w obs\u0142udze.      <\/p>\n","protected":false},"excerpt":{"rendered":"<p>Wytrzyma\u0142e narz\u0119dzie TruTool TKA 1500 umo\u017cliwia tworzenie precyzyjnie dopasowanych faz o d\u0142ugo\u015bci do 15 mm pod k\u0105tami 30\u00b0, 45\u00b0 i 60\u00b0. \u017b\u0105dan\u0105 d\u0142ugo\u015b\u0107 fazowania mo\u017cna ustawi\u0107 bezstopniowo i bez u\u017cycia narz\u0119dzi. Natychmiast uzyskuje si\u0119 wysokiej jako\u015bci, powtarzalne kraw\u0119dzie bez konieczno\u015bci ponownej obr\u00f3bki. Za pomoc\u0105 TruTool TKA 1500 mo\u017cna uzyska\u0107 czyste, widoczne kraw\u0119dzie, z\u0142ama\u0107 ostre kraw\u0119dzie, [&hellip;]<\/p>\n","protected":false},"featured_media":6470,"template":"","meta":{"_acf_changed":false,"inline_featured_image":false},"product_cat":[660,1051],"product_tag":[],"class_list":{"0":"post-35961","1":"product","2":"type-product","3":"status-publish","4":"has-post-thumbnail","6":"brand-trumpf","7":"product_cat-elektronarzedzia","8":"product_cat-router-brzegowy","10":"first","11":"instock","12":"sale","13":"taxable","14":"shipping-taxable","15":"purchasable","16":"product-type-simple","17":"add-to-wishlist-before_image"},"acf":[],"yoast_head":"<!-- This site is optimized with the Yoast SEO plugin v27.3 - https:\/\/yoast.com\/product\/yoast-seo-wordpress\/ -->\n<title>Frezarka kraw\u0119dziowa TruTool TKA 1500 z narz\u0119dziem 45\u00b0 - Wilhelm Hundt GmbH<\/title>\n<meta name=\"robots\" content=\"index, follow, max-snippet:-1, max-image-preview:large, max-video-preview:-1\" \/>\n<link rel=\"canonical\" href=\"https:\/\/hundtgroup.com\/pl\/produkt\/frezarka-krawedziowa-trutool-tka-1500-z-narzedziem-45\/\" \/>\n<meta property=\"og:locale\" content=\"pl_PL\" \/>\n<meta property=\"og:type\" content=\"article\" \/>\n<meta property=\"og:title\" content=\"Frezarka kraw\u0119dziowa TruTool TKA 1500 z narz\u0119dziem 45\u00b0 - Wilhelm Hundt GmbH\" \/>\n<meta property=\"og:description\" content=\"Wytrzyma\u0142e narz\u0119dzie TruTool TKA 1500 umo\u017cliwia tworzenie precyzyjnie dopasowanych faz o d\u0142ugo\u015bci do 15 mm pod k\u0105tami 30\u00b0, 45\u00b0 i 60\u00b0. \u017b\u0105dan\u0105 d\u0142ugo\u015b\u0107 fazowania mo\u017cna ustawi\u0107 bezstopniowo i bez u\u017cycia narz\u0119dzi. Natychmiast uzyskuje si\u0119 wysokiej jako\u015bci, powtarzalne kraw\u0119dzie bez konieczno\u015bci ponownej obr\u00f3bki. Za pomoc\u0105 TruTool TKA 1500 mo\u017cna uzyska\u0107 czyste, widoczne kraw\u0119dzie, z\u0142ama\u0107 ostre kraw\u0119dzie, [&hellip;]\" \/>\n<meta property=\"og:url\" content=\"https:\/\/hundtgroup.com\/pl\/produkt\/frezarka-krawedziowa-trutool-tka-1500-z-narzedziem-45\/\" \/>\n<meta property=\"og:site_name\" content=\"Wilhelm Hundt GmbH\" \/>\n<meta property=\"article:modified_time\" content=\"2025-07-29T08:27:11+00:00\" \/>\n<meta property=\"og:image\" content=\"https:\/\/hundtgroup.com\/wp-content\/uploads\/345262-scaled.jpg\" \/>\n\t<meta property=\"og:image:width\" content=\"2560\" \/>\n\t<meta property=\"og:image:height\" content=\"1463\" \/>\n\t<meta property=\"og:image:type\" content=\"image\/jpeg\" \/>\n<meta name=\"twitter:card\" content=\"summary_large_image\" \/>\n<meta name=\"twitter:label1\" content=\"Szacowany czas czytania\" \/>\n\t<meta name=\"twitter:data1\" content=\"1 minuta\" \/>\n<script type=\"application\/ld+json\" class=\"yoast-schema-graph\">{\"@context\":\"https:\\\/\\\/schema.org\",\"@graph\":[{\"@type\":\"WebPage\",\"@id\":\"https:\\\/\\\/hundtgroup.com\\\/pl\\\/produkt\\\/frezarka-krawedziowa-trutool-tka-1500-z-narzedziem-45\\\/\",\"url\":\"https:\\\/\\\/hundtgroup.com\\\/pl\\\/produkt\\\/frezarka-krawedziowa-trutool-tka-1500-z-narzedziem-45\\\/\",\"name\":\"Frezarka kraw\u0119dziowa TruTool TKA 1500 z narz\u0119dziem 45\u00b0 - Wilhelm Hundt GmbH\",\"isPartOf\":{\"@id\":\"https:\\\/\\\/hundtgroup.com\\\/pl\\\/#website\"},\"primaryImageOfPage\":{\"@id\":\"https:\\\/\\\/hundtgroup.com\\\/pl\\\/produkt\\\/frezarka-krawedziowa-trutool-tka-1500-z-narzedziem-45\\\/#primaryimage\"},\"image\":{\"@id\":\"https:\\\/\\\/hundtgroup.com\\\/pl\\\/produkt\\\/frezarka-krawedziowa-trutool-tka-1500-z-narzedziem-45\\\/#primaryimage\"},\"thumbnailUrl\":\"https:\\\/\\\/hundtgroup.com\\\/wp-content\\\/uploads\\\/345262-scaled.jpg\",\"datePublished\":\"2022-08-23T13:56:03+00:00\",\"dateModified\":\"2025-07-29T08:27:11+00:00\",\"breadcrumb\":{\"@id\":\"https:\\\/\\\/hundtgroup.com\\\/pl\\\/produkt\\\/frezarka-krawedziowa-trutool-tka-1500-z-narzedziem-45\\\/#breadcrumb\"},\"inLanguage\":\"pl-PL\",\"potentialAction\":[{\"@type\":\"ReadAction\",\"target\":[\"https:\\\/\\\/hundtgroup.com\\\/pl\\\/produkt\\\/frezarka-krawedziowa-trutool-tka-1500-z-narzedziem-45\\\/\"]}]},{\"@type\":\"ImageObject\",\"inLanguage\":\"pl-PL\",\"@id\":\"https:\\\/\\\/hundtgroup.com\\\/pl\\\/produkt\\\/frezarka-krawedziowa-trutool-tka-1500-z-narzedziem-45\\\/#primaryimage\",\"url\":\"https:\\\/\\\/hundtgroup.com\\\/wp-content\\\/uploads\\\/345262-scaled.jpg\",\"contentUrl\":\"https:\\\/\\\/hundtgroup.com\\\/wp-content\\\/uploads\\\/345262-scaled.jpg\",\"width\":2560,\"height\":1463},{\"@type\":\"BreadcrumbList\",\"@id\":\"https:\\\/\\\/hundtgroup.com\\\/pl\\\/produkt\\\/frezarka-krawedziowa-trutool-tka-1500-z-narzedziem-45\\\/#breadcrumb\",\"itemListElement\":[{\"@type\":\"ListItem\",\"position\":1,\"name\":\"Startseite\",\"item\":\"https:\\\/\\\/hundtgroup.com\\\/pl\\\/strona-glowna-nowa\\\/\"},{\"@type\":\"ListItem\",\"position\":2,\"name\":\"Sklep\",\"item\":\"https:\\\/\\\/hundtgroup.com\\\/sklep\\\/\"},{\"@type\":\"ListItem\",\"position\":3,\"name\":\"Frezarka kraw\u0119dziowa TruTool TKA 1500 z narz\u0119dziem 45\u00b0\"}]},{\"@type\":\"WebSite\",\"@id\":\"https:\\\/\\\/hundtgroup.com\\\/pl\\\/#website\",\"url\":\"https:\\\/\\\/hundtgroup.com\\\/pl\\\/\",\"name\":\"Wilhelm Hundt GmbH\",\"description\":\"Specjalista od maszyn i narz\u0119dzi do obr\u00f3bki blachy\",\"potentialAction\":[{\"@type\":\"SearchAction\",\"target\":{\"@type\":\"EntryPoint\",\"urlTemplate\":\"https:\\\/\\\/hundtgroup.com\\\/pl\\\/?s={search_term_string}\"},\"query-input\":{\"@type\":\"PropertyValueSpecification\",\"valueRequired\":true,\"valueName\":\"search_term_string\"}}],\"inLanguage\":\"pl-PL\"}]}<\/script>\n<!-- \/ Yoast SEO plugin. -->","yoast_head_json":{"title":"Frezarka kraw\u0119dziowa TruTool TKA 1500 z narz\u0119dziem 45\u00b0 - Wilhelm Hundt GmbH","robots":{"index":"index","follow":"follow","max-snippet":"max-snippet:-1","max-image-preview":"max-image-preview:large","max-video-preview":"max-video-preview:-1"},"canonical":"https:\/\/hundtgroup.com\/pl\/produkt\/frezarka-krawedziowa-trutool-tka-1500-z-narzedziem-45\/","og_locale":"pl_PL","og_type":"article","og_title":"Frezarka kraw\u0119dziowa TruTool TKA 1500 z narz\u0119dziem 45\u00b0 - Wilhelm Hundt GmbH","og_description":"Wytrzyma\u0142e narz\u0119dzie TruTool TKA 1500 umo\u017cliwia tworzenie precyzyjnie dopasowanych faz o d\u0142ugo\u015bci do 15 mm pod k\u0105tami 30\u00b0, 45\u00b0 i 60\u00b0. \u017b\u0105dan\u0105 d\u0142ugo\u015b\u0107 fazowania mo\u017cna ustawi\u0107 bezstopniowo i bez u\u017cycia narz\u0119dzi. Natychmiast uzyskuje si\u0119 wysokiej jako\u015bci, powtarzalne kraw\u0119dzie bez konieczno\u015bci ponownej obr\u00f3bki. Za pomoc\u0105 TruTool TKA 1500 mo\u017cna uzyska\u0107 czyste, widoczne kraw\u0119dzie, z\u0142ama\u0107 ostre kraw\u0119dzie, [&hellip;]","og_url":"https:\/\/hundtgroup.com\/pl\/produkt\/frezarka-krawedziowa-trutool-tka-1500-z-narzedziem-45\/","og_site_name":"Wilhelm Hundt GmbH","article_modified_time":"2025-07-29T08:27:11+00:00","og_image":[{"width":2560,"height":1463,"url":"https:\/\/hundtgroup.com\/wp-content\/uploads\/345262-scaled.jpg","type":"image\/jpeg"}],"twitter_card":"summary_large_image","twitter_misc":{"Szacowany czas czytania":"1 minuta"},"schema":{"@context":"https:\/\/schema.org","@graph":[{"@type":"WebPage","@id":"https:\/\/hundtgroup.com\/pl\/produkt\/frezarka-krawedziowa-trutool-tka-1500-z-narzedziem-45\/","url":"https:\/\/hundtgroup.com\/pl\/produkt\/frezarka-krawedziowa-trutool-tka-1500-z-narzedziem-45\/","name":"Frezarka kraw\u0119dziowa TruTool TKA 1500 z narz\u0119dziem 45\u00b0 - Wilhelm Hundt GmbH","isPartOf":{"@id":"https:\/\/hundtgroup.com\/pl\/#website"},"primaryImageOfPage":{"@id":"https:\/\/hundtgroup.com\/pl\/produkt\/frezarka-krawedziowa-trutool-tka-1500-z-narzedziem-45\/#primaryimage"},"image":{"@id":"https:\/\/hundtgroup.com\/pl\/produkt\/frezarka-krawedziowa-trutool-tka-1500-z-narzedziem-45\/#primaryimage"},"thumbnailUrl":"https:\/\/hundtgroup.com\/wp-content\/uploads\/345262-scaled.jpg","datePublished":"2022-08-23T13:56:03+00:00","dateModified":"2025-07-29T08:27:11+00:00","breadcrumb":{"@id":"https:\/\/hundtgroup.com\/pl\/produkt\/frezarka-krawedziowa-trutool-tka-1500-z-narzedziem-45\/#breadcrumb"},"inLanguage":"pl-PL","potentialAction":[{"@type":"ReadAction","target":["https:\/\/hundtgroup.com\/pl\/produkt\/frezarka-krawedziowa-trutool-tka-1500-z-narzedziem-45\/"]}]},{"@type":"ImageObject","inLanguage":"pl-PL","@id":"https:\/\/hundtgroup.com\/pl\/produkt\/frezarka-krawedziowa-trutool-tka-1500-z-narzedziem-45\/#primaryimage","url":"https:\/\/hundtgroup.com\/wp-content\/uploads\/345262-scaled.jpg","contentUrl":"https:\/\/hundtgroup.com\/wp-content\/uploads\/345262-scaled.jpg","width":2560,"height":1463},{"@type":"BreadcrumbList","@id":"https:\/\/hundtgroup.com\/pl\/produkt\/frezarka-krawedziowa-trutool-tka-1500-z-narzedziem-45\/#breadcrumb","itemListElement":[{"@type":"ListItem","position":1,"name":"Startseite","item":"https:\/\/hundtgroup.com\/pl\/strona-glowna-nowa\/"},{"@type":"ListItem","position":2,"name":"Sklep","item":"https:\/\/hundtgroup.com\/sklep\/"},{"@type":"ListItem","position":3,"name":"Frezarka kraw\u0119dziowa TruTool TKA 1500 z narz\u0119dziem 45\u00b0"}]},{"@type":"WebSite","@id":"https:\/\/hundtgroup.com\/pl\/#website","url":"https:\/\/hundtgroup.com\/pl\/","name":"Wilhelm Hundt GmbH","description":"Specjalista od maszyn i narz\u0119dzi do obr\u00f3bki blachy","potentialAction":[{"@type":"SearchAction","target":{"@type":"EntryPoint","urlTemplate":"https:\/\/hundtgroup.com\/pl\/?s={search_term_string}"},"query-input":{"@type":"PropertyValueSpecification","valueRequired":true,"valueName":"search_term_string"}}],"inLanguage":"pl-PL"}]}},"_links":{"self":[{"href":"https:\/\/hundtgroup.com\/pl\/wp-json\/wp\/v2\/product\/35961","targetHints":{"allow":["GET"]}}],"collection":[{"href":"https:\/\/hundtgroup.com\/pl\/wp-json\/wp\/v2\/product"}],"about":[{"href":"https:\/\/hundtgroup.com\/pl\/wp-json\/wp\/v2\/types\/product"}],"wp:featuredmedia":[{"embeddable":true,"href":"https:\/\/hundtgroup.com\/pl\/wp-json\/wp\/v2\/media\/6470"}],"wp:attachment":[{"href":"https:\/\/hundtgroup.com\/pl\/wp-json\/wp\/v2\/media?parent=35961"}],"wp:term":[{"taxonomy":"product_cat","embeddable":true,"href":"https:\/\/hundtgroup.com\/pl\/wp-json\/wp\/v2\/product_cat?post=35961"},{"taxonomy":"product_tag","embeddable":true,"href":"https:\/\/hundtgroup.com\/pl\/wp-json\/wp\/v2\/product_tag?post=35961"}],"curies":[{"name":"wp","href":"https:\/\/api.w.org\/{rel}","templated":true}]}}