{"id":35981,"date":"2022-08-23T15:56:03","date_gmt":"2022-08-23T13:56:03","guid":{"rendered":"https:\/\/hundtgroup.com\/produkt\/trumpf-przecinarka-do-plyt-trutool-tpc-165\/"},"modified":"2025-07-29T10:20:16","modified_gmt":"2025-07-29T08:20:16","slug":"trumpf-przecinarka-do-plyt-trutool-tpc-165","status":"publish","type":"product","link":"https:\/\/hundtgroup.com\/pl\/produkt\/trumpf-przecinarka-do-plyt-trutool-tpc-165\/","title":{"rendered":"TRUMPF Przecinarka do p\u0142yt TruTool TPC 165"},"content":{"rendered":"<p>Dzi\u0119ki nowej maszynie do ci\u0119cia p\u0142yt firmy TRUMPF p\u0142yty warstwowe (poliuretanowe i poliizocyjanurowe) o grubo\u015bci do 165 mm mog\u0105 by\u0107 ci\u0119te czysto i bez przer\u00f3bek w jednej operacji.<br \/>\nJest to niezale\u017cne od tego, czy powierzchnia p\u0142yt jest p\u0142aska, trapezowa czy falista.<br \/>\nMaszyna mo\u017ce by\u0107 u\u017cywana do szerokiego zakresu zastosowa\u0144, od ci\u0119cia na d\u0142ugo\u015b\u0107 i ci\u0119cia pod k\u0105tem prostym po wewn\u0119trzne wyci\u0119cia i nacinanie.<br \/>\nNawet ju\u017c zmontowane panele mog\u0105 by\u0107 \u0142atwo i precyzyjnie ci\u0119te za pomoc\u0105 nowego TruTool TPC 165<br \/>\nMechanizm wg\u0142\u0119bny umo\u017cliwia wewn\u0119trzne wyci\u0119cia i nacinanie bez konieczno\u015bci wiercenia otworu startowego.<\/p>\n","protected":false},"excerpt":{"rendered":"<p>Dzi\u0119ki nowej maszynie do ci\u0119cia p\u0142yt firmy TRUMPF p\u0142yty warstwowe (poliuretanowe i poliizocyjanurowe) o grubo\u015bci do 165 mm mog\u0105 by\u0107 ci\u0119te czysto i bez przer\u00f3bek w jednej operacji. Jest to niezale\u017cne od tego, czy powierzchnia p\u0142yt jest p\u0142aska, trapezowa czy falista. Maszyna mo\u017ce by\u0107 u\u017cywana do szerokiego zakresu zastosowa\u0144, od ci\u0119cia na d\u0142ugo\u015b\u0107 i ci\u0119cia [&hellip;]<\/p>\n","protected":false},"featured_media":6479,"template":"","meta":{"_acf_changed":false,"inline_featured_image":false},"product_cat":[660,1047],"product_tag":[],"class_list":{"0":"post-35981","1":"product","2":"type-product","3":"status-publish","4":"has-post-thumbnail","6":"brand-trumpf","7":"product_cat-elektronarzedzia","8":"product_cat-pila-lancuchowa","10":"first","11":"instock","12":"sale","13":"taxable","14":"shipping-taxable","15":"purchasable","16":"product-type-simple","17":"add-to-wishlist-before_image"},"acf":[],"yoast_head":"<!-- This site is optimized with the Yoast SEO plugin v27.3 - https:\/\/yoast.com\/product\/yoast-seo-wordpress\/ -->\n<title>TRUMPF Przecinarka do p\u0142yt TruTool TPC 165 - Wilhelm Hundt GmbH<\/title>\n<meta name=\"robots\" content=\"index, follow, max-snippet:-1, max-image-preview:large, max-video-preview:-1\" \/>\n<link rel=\"canonical\" href=\"https:\/\/hundtgroup.com\/pl\/produkt\/trumpf-przecinarka-do-plyt-trutool-tpc-165\/\" \/>\n<meta property=\"og:locale\" content=\"pl_PL\" \/>\n<meta property=\"og:type\" content=\"article\" \/>\n<meta property=\"og:title\" content=\"TRUMPF Przecinarka do p\u0142yt TruTool TPC 165 - Wilhelm Hundt GmbH\" \/>\n<meta property=\"og:description\" content=\"Dzi\u0119ki nowej maszynie do ci\u0119cia p\u0142yt firmy TRUMPF p\u0142yty warstwowe (poliuretanowe i poliizocyjanurowe) o grubo\u015bci do 165 mm mog\u0105 by\u0107 ci\u0119te czysto i bez przer\u00f3bek w jednej operacji. Jest to niezale\u017cne od tego, czy powierzchnia p\u0142yt jest p\u0142aska, trapezowa czy falista. Maszyna mo\u017ce by\u0107 u\u017cywana do szerokiego zakresu zastosowa\u0144, od ci\u0119cia na d\u0142ugo\u015b\u0107 i ci\u0119cia [&hellip;]\" \/>\n<meta property=\"og:url\" content=\"https:\/\/hundtgroup.com\/pl\/produkt\/trumpf-przecinarka-do-plyt-trutool-tpc-165\/\" \/>\n<meta property=\"og:site_name\" content=\"Wilhelm Hundt GmbH\" \/>\n<meta property=\"article:modified_time\" content=\"2025-07-29T08:20:16+00:00\" \/>\n<meta property=\"og:image\" content=\"https:\/\/hundtgroup.com\/wp-content\/uploads\/351006-scaled.jpg\" \/>\n\t<meta property=\"og:image:width\" content=\"2560\" \/>\n\t<meta property=\"og:image:height\" content=\"1396\" \/>\n\t<meta property=\"og:image:type\" content=\"image\/jpeg\" \/>\n<meta name=\"twitter:card\" content=\"summary_large_image\" \/>\n<meta name=\"twitter:label1\" content=\"Szacowany czas czytania\" \/>\n\t<meta name=\"twitter:data1\" content=\"1 minuta\" \/>\n<script type=\"application\/ld+json\" class=\"yoast-schema-graph\">{\"@context\":\"https:\\\/\\\/schema.org\",\"@graph\":[{\"@type\":\"WebPage\",\"@id\":\"https:\\\/\\\/hundtgroup.com\\\/pl\\\/produkt\\\/trumpf-przecinarka-do-plyt-trutool-tpc-165\\\/\",\"url\":\"https:\\\/\\\/hundtgroup.com\\\/pl\\\/produkt\\\/trumpf-przecinarka-do-plyt-trutool-tpc-165\\\/\",\"name\":\"TRUMPF Przecinarka do p\u0142yt TruTool TPC 165 - Wilhelm Hundt GmbH\",\"isPartOf\":{\"@id\":\"https:\\\/\\\/hundtgroup.com\\\/pl\\\/#website\"},\"primaryImageOfPage\":{\"@id\":\"https:\\\/\\\/hundtgroup.com\\\/pl\\\/produkt\\\/trumpf-przecinarka-do-plyt-trutool-tpc-165\\\/#primaryimage\"},\"image\":{\"@id\":\"https:\\\/\\\/hundtgroup.com\\\/pl\\\/produkt\\\/trumpf-przecinarka-do-plyt-trutool-tpc-165\\\/#primaryimage\"},\"thumbnailUrl\":\"https:\\\/\\\/hundtgroup.com\\\/wp-content\\\/uploads\\\/351006-scaled.jpg\",\"datePublished\":\"2022-08-23T13:56:03+00:00\",\"dateModified\":\"2025-07-29T08:20:16+00:00\",\"breadcrumb\":{\"@id\":\"https:\\\/\\\/hundtgroup.com\\\/pl\\\/produkt\\\/trumpf-przecinarka-do-plyt-trutool-tpc-165\\\/#breadcrumb\"},\"inLanguage\":\"pl-PL\",\"potentialAction\":[{\"@type\":\"ReadAction\",\"target\":[\"https:\\\/\\\/hundtgroup.com\\\/pl\\\/produkt\\\/trumpf-przecinarka-do-plyt-trutool-tpc-165\\\/\"]}]},{\"@type\":\"ImageObject\",\"inLanguage\":\"pl-PL\",\"@id\":\"https:\\\/\\\/hundtgroup.com\\\/pl\\\/produkt\\\/trumpf-przecinarka-do-plyt-trutool-tpc-165\\\/#primaryimage\",\"url\":\"https:\\\/\\\/hundtgroup.com\\\/wp-content\\\/uploads\\\/351006-scaled.jpg\",\"contentUrl\":\"https:\\\/\\\/hundtgroup.com\\\/wp-content\\\/uploads\\\/351006-scaled.jpg\",\"width\":2560,\"height\":1396},{\"@type\":\"BreadcrumbList\",\"@id\":\"https:\\\/\\\/hundtgroup.com\\\/pl\\\/produkt\\\/trumpf-przecinarka-do-plyt-trutool-tpc-165\\\/#breadcrumb\",\"itemListElement\":[{\"@type\":\"ListItem\",\"position\":1,\"name\":\"Startseite\",\"item\":\"https:\\\/\\\/hundtgroup.com\\\/pl\\\/strona-glowna-nowa\\\/\"},{\"@type\":\"ListItem\",\"position\":2,\"name\":\"Sklep\",\"item\":\"https:\\\/\\\/hundtgroup.com\\\/sklep\\\/\"},{\"@type\":\"ListItem\",\"position\":3,\"name\":\"TRUMPF Przecinarka do p\u0142yt TruTool TPC 165\"}]},{\"@type\":\"WebSite\",\"@id\":\"https:\\\/\\\/hundtgroup.com\\\/pl\\\/#website\",\"url\":\"https:\\\/\\\/hundtgroup.com\\\/pl\\\/\",\"name\":\"Wilhelm Hundt GmbH\",\"description\":\"Specjalista od maszyn i narz\u0119dzi do obr\u00f3bki blachy\",\"potentialAction\":[{\"@type\":\"SearchAction\",\"target\":{\"@type\":\"EntryPoint\",\"urlTemplate\":\"https:\\\/\\\/hundtgroup.com\\\/pl\\\/?s={search_term_string}\"},\"query-input\":{\"@type\":\"PropertyValueSpecification\",\"valueRequired\":true,\"valueName\":\"search_term_string\"}}],\"inLanguage\":\"pl-PL\"}]}<\/script>\n<!-- \/ Yoast SEO plugin. -->","yoast_head_json":{"title":"TRUMPF Przecinarka do p\u0142yt TruTool TPC 165 - Wilhelm Hundt GmbH","robots":{"index":"index","follow":"follow","max-snippet":"max-snippet:-1","max-image-preview":"max-image-preview:large","max-video-preview":"max-video-preview:-1"},"canonical":"https:\/\/hundtgroup.com\/pl\/produkt\/trumpf-przecinarka-do-plyt-trutool-tpc-165\/","og_locale":"pl_PL","og_type":"article","og_title":"TRUMPF Przecinarka do p\u0142yt TruTool TPC 165 - Wilhelm Hundt GmbH","og_description":"Dzi\u0119ki nowej maszynie do ci\u0119cia p\u0142yt firmy TRUMPF p\u0142yty warstwowe (poliuretanowe i poliizocyjanurowe) o grubo\u015bci do 165 mm mog\u0105 by\u0107 ci\u0119te czysto i bez przer\u00f3bek w jednej operacji. Jest to niezale\u017cne od tego, czy powierzchnia p\u0142yt jest p\u0142aska, trapezowa czy falista. Maszyna mo\u017ce by\u0107 u\u017cywana do szerokiego zakresu zastosowa\u0144, od ci\u0119cia na d\u0142ugo\u015b\u0107 i ci\u0119cia [&hellip;]","og_url":"https:\/\/hundtgroup.com\/pl\/produkt\/trumpf-przecinarka-do-plyt-trutool-tpc-165\/","og_site_name":"Wilhelm Hundt GmbH","article_modified_time":"2025-07-29T08:20:16+00:00","og_image":[{"width":2560,"height":1396,"url":"https:\/\/hundtgroup.com\/wp-content\/uploads\/351006-scaled.jpg","type":"image\/jpeg"}],"twitter_card":"summary_large_image","twitter_misc":{"Szacowany czas czytania":"1 minuta"},"schema":{"@context":"https:\/\/schema.org","@graph":[{"@type":"WebPage","@id":"https:\/\/hundtgroup.com\/pl\/produkt\/trumpf-przecinarka-do-plyt-trutool-tpc-165\/","url":"https:\/\/hundtgroup.com\/pl\/produkt\/trumpf-przecinarka-do-plyt-trutool-tpc-165\/","name":"TRUMPF Przecinarka do p\u0142yt TruTool TPC 165 - Wilhelm Hundt GmbH","isPartOf":{"@id":"https:\/\/hundtgroup.com\/pl\/#website"},"primaryImageOfPage":{"@id":"https:\/\/hundtgroup.com\/pl\/produkt\/trumpf-przecinarka-do-plyt-trutool-tpc-165\/#primaryimage"},"image":{"@id":"https:\/\/hundtgroup.com\/pl\/produkt\/trumpf-przecinarka-do-plyt-trutool-tpc-165\/#primaryimage"},"thumbnailUrl":"https:\/\/hundtgroup.com\/wp-content\/uploads\/351006-scaled.jpg","datePublished":"2022-08-23T13:56:03+00:00","dateModified":"2025-07-29T08:20:16+00:00","breadcrumb":{"@id":"https:\/\/hundtgroup.com\/pl\/produkt\/trumpf-przecinarka-do-plyt-trutool-tpc-165\/#breadcrumb"},"inLanguage":"pl-PL","potentialAction":[{"@type":"ReadAction","target":["https:\/\/hundtgroup.com\/pl\/produkt\/trumpf-przecinarka-do-plyt-trutool-tpc-165\/"]}]},{"@type":"ImageObject","inLanguage":"pl-PL","@id":"https:\/\/hundtgroup.com\/pl\/produkt\/trumpf-przecinarka-do-plyt-trutool-tpc-165\/#primaryimage","url":"https:\/\/hundtgroup.com\/wp-content\/uploads\/351006-scaled.jpg","contentUrl":"https:\/\/hundtgroup.com\/wp-content\/uploads\/351006-scaled.jpg","width":2560,"height":1396},{"@type":"BreadcrumbList","@id":"https:\/\/hundtgroup.com\/pl\/produkt\/trumpf-przecinarka-do-plyt-trutool-tpc-165\/#breadcrumb","itemListElement":[{"@type":"ListItem","position":1,"name":"Startseite","item":"https:\/\/hundtgroup.com\/pl\/strona-glowna-nowa\/"},{"@type":"ListItem","position":2,"name":"Sklep","item":"https:\/\/hundtgroup.com\/sklep\/"},{"@type":"ListItem","position":3,"name":"TRUMPF Przecinarka do p\u0142yt TruTool TPC 165"}]},{"@type":"WebSite","@id":"https:\/\/hundtgroup.com\/pl\/#website","url":"https:\/\/hundtgroup.com\/pl\/","name":"Wilhelm Hundt GmbH","description":"Specjalista od maszyn i narz\u0119dzi do obr\u00f3bki blachy","potentialAction":[{"@type":"SearchAction","target":{"@type":"EntryPoint","urlTemplate":"https:\/\/hundtgroup.com\/pl\/?s={search_term_string}"},"query-input":{"@type":"PropertyValueSpecification","valueRequired":true,"valueName":"search_term_string"}}],"inLanguage":"pl-PL"}]}},"_links":{"self":[{"href":"https:\/\/hundtgroup.com\/pl\/wp-json\/wp\/v2\/product\/35981","targetHints":{"allow":["GET"]}}],"collection":[{"href":"https:\/\/hundtgroup.com\/pl\/wp-json\/wp\/v2\/product"}],"about":[{"href":"https:\/\/hundtgroup.com\/pl\/wp-json\/wp\/v2\/types\/product"}],"wp:featuredmedia":[{"embeddable":true,"href":"https:\/\/hundtgroup.com\/pl\/wp-json\/wp\/v2\/media\/6479"}],"wp:attachment":[{"href":"https:\/\/hundtgroup.com\/pl\/wp-json\/wp\/v2\/media?parent=35981"}],"wp:term":[{"taxonomy":"product_cat","embeddable":true,"href":"https:\/\/hundtgroup.com\/pl\/wp-json\/wp\/v2\/product_cat?post=35981"},{"taxonomy":"product_tag","embeddable":true,"href":"https:\/\/hundtgroup.com\/pl\/wp-json\/wp\/v2\/product_tag?post=35981"}],"curies":[{"name":"wp","href":"https:\/\/api.w.org\/{rel}","templated":true}]}}