{"id":36106,"date":"2022-08-23T15:57:08","date_gmt":"2022-08-23T13:57:08","guid":{"rendered":"https:\/\/hundtgroup.com\/produkt\/narzedzie-trumpf-trutool-pn-200\/"},"modified":"2025-07-29T10:37:10","modified_gmt":"2025-07-29T08:37:10","slug":"narzedzie-trumpf-trutool-pn-200","status":"publish","type":"product","link":"https:\/\/hundtgroup.com\/pl\/produkt\/narzedzie-trumpf-trutool-pn-200\/","title":{"rendered":"Narz\u0119dzie Trumpf TruTool PN 200"},"content":{"rendered":"<p>Narz\u0119dzie do nowego TruTool Nibbler PN 200<br \/>\nNarz\u0119dzie zawieraj\u0105ce stempel, matryc\u0119 i p\u0142ytk\u0119 \u015bcieraln\u0105 <\/p>\n","protected":false},"excerpt":{"rendered":"<p>Narz\u0119dzie do nowego TruTool Nibbler PN 200 Narz\u0119dzie zawieraj\u0105ce stempel, matryc\u0119 i p\u0142ytk\u0119 \u015bcieraln\u0105<\/p>\n","protected":false},"featured_media":10493,"template":"","meta":{"_acf_changed":false,"inline_featured_image":false},"product_cat":[937,939,961,960],"product_tag":[],"class_list":{"0":"post-36106","1":"product","2":"type-product","3":"status-publish","4":"has-post-thumbnail","6":"brand-trumpf","7":"product_cat-akcesoria-akumulatorowe-elektryczne","8":"product_cat-nibbler-pl-3","9":"product_cat-trutool-pn-200-pl","10":"product_cat-trutool-n-200-pl","12":"first","13":"instock","14":"taxable","15":"shipping-taxable","16":"purchasable","17":"product-type-simple","18":"add-to-wishlist-before_image"},"acf":[],"yoast_head":"<!-- This site is optimized with the Yoast SEO plugin v27.3 - https:\/\/yoast.com\/product\/yoast-seo-wordpress\/ -->\n<title>Narz\u0119dzie Trumpf TruTool PN 200 - Wilhelm Hundt GmbH<\/title>\n<meta name=\"robots\" content=\"index, follow, max-snippet:-1, max-image-preview:large, max-video-preview:-1\" \/>\n<link rel=\"canonical\" href=\"https:\/\/hundtgroup.com\/pl\/produkt\/narzedzie-trumpf-trutool-pn-200\/\" \/>\n<meta property=\"og:locale\" content=\"pl_PL\" \/>\n<meta property=\"og:type\" content=\"article\" \/>\n<meta property=\"og:title\" content=\"Narz\u0119dzie Trumpf TruTool PN 200 - Wilhelm Hundt GmbH\" \/>\n<meta property=\"og:description\" content=\"Narz\u0119dzie do nowego TruTool Nibbler PN 200 Narz\u0119dzie zawieraj\u0105ce stempel, matryc\u0119 i p\u0142ytk\u0119 \u015bcieraln\u0105\" \/>\n<meta property=\"og:url\" content=\"https:\/\/hundtgroup.com\/pl\/produkt\/narzedzie-trumpf-trutool-pn-200\/\" \/>\n<meta property=\"og:site_name\" content=\"Wilhelm Hundt GmbH\" \/>\n<meta property=\"article:modified_time\" content=\"2025-07-29T08:37:10+00:00\" \/>\n<meta property=\"og:image\" content=\"https:\/\/hundtgroup.com\/wp-content\/uploads\/352004.png\" \/>\n\t<meta property=\"og:image:width\" content=\"257\" \/>\n\t<meta property=\"og:image:height\" content=\"475\" \/>\n\t<meta property=\"og:image:type\" content=\"image\/png\" \/>\n<meta name=\"twitter:card\" content=\"summary_large_image\" \/>\n<script type=\"application\/ld+json\" class=\"yoast-schema-graph\">{\"@context\":\"https:\\\/\\\/schema.org\",\"@graph\":[{\"@type\":\"WebPage\",\"@id\":\"https:\\\/\\\/hundtgroup.com\\\/pl\\\/produkt\\\/narzedzie-trumpf-trutool-pn-200\\\/\",\"url\":\"https:\\\/\\\/hundtgroup.com\\\/pl\\\/produkt\\\/narzedzie-trumpf-trutool-pn-200\\\/\",\"name\":\"Narz\u0119dzie Trumpf TruTool PN 200 - Wilhelm Hundt GmbH\",\"isPartOf\":{\"@id\":\"https:\\\/\\\/hundtgroup.com\\\/pl\\\/#website\"},\"primaryImageOfPage\":{\"@id\":\"https:\\\/\\\/hundtgroup.com\\\/pl\\\/produkt\\\/narzedzie-trumpf-trutool-pn-200\\\/#primaryimage\"},\"image\":{\"@id\":\"https:\\\/\\\/hundtgroup.com\\\/pl\\\/produkt\\\/narzedzie-trumpf-trutool-pn-200\\\/#primaryimage\"},\"thumbnailUrl\":\"https:\\\/\\\/hundtgroup.com\\\/wp-content\\\/uploads\\\/352004.png\",\"datePublished\":\"2022-08-23T13:57:08+00:00\",\"dateModified\":\"2025-07-29T08:37:10+00:00\",\"breadcrumb\":{\"@id\":\"https:\\\/\\\/hundtgroup.com\\\/pl\\\/produkt\\\/narzedzie-trumpf-trutool-pn-200\\\/#breadcrumb\"},\"inLanguage\":\"pl-PL\",\"potentialAction\":[{\"@type\":\"ReadAction\",\"target\":[\"https:\\\/\\\/hundtgroup.com\\\/pl\\\/produkt\\\/narzedzie-trumpf-trutool-pn-200\\\/\"]}]},{\"@type\":\"ImageObject\",\"inLanguage\":\"pl-PL\",\"@id\":\"https:\\\/\\\/hundtgroup.com\\\/pl\\\/produkt\\\/narzedzie-trumpf-trutool-pn-200\\\/#primaryimage\",\"url\":\"https:\\\/\\\/hundtgroup.com\\\/wp-content\\\/uploads\\\/352004.png\",\"contentUrl\":\"https:\\\/\\\/hundtgroup.com\\\/wp-content\\\/uploads\\\/352004.png\",\"width\":257,\"height\":475},{\"@type\":\"BreadcrumbList\",\"@id\":\"https:\\\/\\\/hundtgroup.com\\\/pl\\\/produkt\\\/narzedzie-trumpf-trutool-pn-200\\\/#breadcrumb\",\"itemListElement\":[{\"@type\":\"ListItem\",\"position\":1,\"name\":\"Startseite\",\"item\":\"https:\\\/\\\/hundtgroup.com\\\/pl\\\/strona-glowna-nowa\\\/\"},{\"@type\":\"ListItem\",\"position\":2,\"name\":\"Sklep\",\"item\":\"https:\\\/\\\/hundtgroup.com\\\/sklep\\\/\"},{\"@type\":\"ListItem\",\"position\":3,\"name\":\"Narz\u0119dzie Trumpf TruTool PN 200\"}]},{\"@type\":\"WebSite\",\"@id\":\"https:\\\/\\\/hundtgroup.com\\\/pl\\\/#website\",\"url\":\"https:\\\/\\\/hundtgroup.com\\\/pl\\\/\",\"name\":\"Wilhelm Hundt GmbH\",\"description\":\"Specjalista od maszyn i narz\u0119dzi do obr\u00f3bki blachy\",\"potentialAction\":[{\"@type\":\"SearchAction\",\"target\":{\"@type\":\"EntryPoint\",\"urlTemplate\":\"https:\\\/\\\/hundtgroup.com\\\/pl\\\/?s={search_term_string}\"},\"query-input\":{\"@type\":\"PropertyValueSpecification\",\"valueRequired\":true,\"valueName\":\"search_term_string\"}}],\"inLanguage\":\"pl-PL\"}]}<\/script>\n<!-- \/ Yoast SEO plugin. -->","yoast_head_json":{"title":"Narz\u0119dzie Trumpf TruTool PN 200 - Wilhelm Hundt GmbH","robots":{"index":"index","follow":"follow","max-snippet":"max-snippet:-1","max-image-preview":"max-image-preview:large","max-video-preview":"max-video-preview:-1"},"canonical":"https:\/\/hundtgroup.com\/pl\/produkt\/narzedzie-trumpf-trutool-pn-200\/","og_locale":"pl_PL","og_type":"article","og_title":"Narz\u0119dzie Trumpf TruTool PN 200 - Wilhelm Hundt GmbH","og_description":"Narz\u0119dzie do nowego TruTool Nibbler PN 200 Narz\u0119dzie zawieraj\u0105ce stempel, matryc\u0119 i p\u0142ytk\u0119 \u015bcieraln\u0105","og_url":"https:\/\/hundtgroup.com\/pl\/produkt\/narzedzie-trumpf-trutool-pn-200\/","og_site_name":"Wilhelm Hundt GmbH","article_modified_time":"2025-07-29T08:37:10+00:00","og_image":[{"width":257,"height":475,"url":"https:\/\/hundtgroup.com\/wp-content\/uploads\/352004.png","type":"image\/png"}],"twitter_card":"summary_large_image","schema":{"@context":"https:\/\/schema.org","@graph":[{"@type":"WebPage","@id":"https:\/\/hundtgroup.com\/pl\/produkt\/narzedzie-trumpf-trutool-pn-200\/","url":"https:\/\/hundtgroup.com\/pl\/produkt\/narzedzie-trumpf-trutool-pn-200\/","name":"Narz\u0119dzie Trumpf TruTool PN 200 - Wilhelm Hundt GmbH","isPartOf":{"@id":"https:\/\/hundtgroup.com\/pl\/#website"},"primaryImageOfPage":{"@id":"https:\/\/hundtgroup.com\/pl\/produkt\/narzedzie-trumpf-trutool-pn-200\/#primaryimage"},"image":{"@id":"https:\/\/hundtgroup.com\/pl\/produkt\/narzedzie-trumpf-trutool-pn-200\/#primaryimage"},"thumbnailUrl":"https:\/\/hundtgroup.com\/wp-content\/uploads\/352004.png","datePublished":"2022-08-23T13:57:08+00:00","dateModified":"2025-07-29T08:37:10+00:00","breadcrumb":{"@id":"https:\/\/hundtgroup.com\/pl\/produkt\/narzedzie-trumpf-trutool-pn-200\/#breadcrumb"},"inLanguage":"pl-PL","potentialAction":[{"@type":"ReadAction","target":["https:\/\/hundtgroup.com\/pl\/produkt\/narzedzie-trumpf-trutool-pn-200\/"]}]},{"@type":"ImageObject","inLanguage":"pl-PL","@id":"https:\/\/hundtgroup.com\/pl\/produkt\/narzedzie-trumpf-trutool-pn-200\/#primaryimage","url":"https:\/\/hundtgroup.com\/wp-content\/uploads\/352004.png","contentUrl":"https:\/\/hundtgroup.com\/wp-content\/uploads\/352004.png","width":257,"height":475},{"@type":"BreadcrumbList","@id":"https:\/\/hundtgroup.com\/pl\/produkt\/narzedzie-trumpf-trutool-pn-200\/#breadcrumb","itemListElement":[{"@type":"ListItem","position":1,"name":"Startseite","item":"https:\/\/hundtgroup.com\/pl\/strona-glowna-nowa\/"},{"@type":"ListItem","position":2,"name":"Sklep","item":"https:\/\/hundtgroup.com\/sklep\/"},{"@type":"ListItem","position":3,"name":"Narz\u0119dzie Trumpf TruTool PN 200"}]},{"@type":"WebSite","@id":"https:\/\/hundtgroup.com\/pl\/#website","url":"https:\/\/hundtgroup.com\/pl\/","name":"Wilhelm Hundt GmbH","description":"Specjalista od maszyn i narz\u0119dzi do obr\u00f3bki blachy","potentialAction":[{"@type":"SearchAction","target":{"@type":"EntryPoint","urlTemplate":"https:\/\/hundtgroup.com\/pl\/?s={search_term_string}"},"query-input":{"@type":"PropertyValueSpecification","valueRequired":true,"valueName":"search_term_string"}}],"inLanguage":"pl-PL"}]}},"_links":{"self":[{"href":"https:\/\/hundtgroup.com\/pl\/wp-json\/wp\/v2\/product\/36106","targetHints":{"allow":["GET"]}}],"collection":[{"href":"https:\/\/hundtgroup.com\/pl\/wp-json\/wp\/v2\/product"}],"about":[{"href":"https:\/\/hundtgroup.com\/pl\/wp-json\/wp\/v2\/types\/product"}],"wp:featuredmedia":[{"embeddable":true,"href":"https:\/\/hundtgroup.com\/pl\/wp-json\/wp\/v2\/media\/10493"}],"wp:attachment":[{"href":"https:\/\/hundtgroup.com\/pl\/wp-json\/wp\/v2\/media?parent=36106"}],"wp:term":[{"taxonomy":"product_cat","embeddable":true,"href":"https:\/\/hundtgroup.com\/pl\/wp-json\/wp\/v2\/product_cat?post=36106"},{"taxonomy":"product_tag","embeddable":true,"href":"https:\/\/hundtgroup.com\/pl\/wp-json\/wp\/v2\/product_tag?post=36106"}],"curies":[{"name":"wp","href":"https:\/\/api.w.org\/{rel}","templated":true}]}}