{"id":36317,"date":"2022-10-26T15:58:20","date_gmt":"2022-10-26T13:58:20","guid":{"rendered":"https:\/\/hundtgroup.com\/produkt\/tasma-miernicza-panoramiczny\/"},"modified":"2025-07-29T12:07:15","modified_gmt":"2025-07-29T10:07:15","slug":"tasma-miernicza-panoramiczny","status":"publish","type":"product","link":"https:\/\/hundtgroup.com\/pl\/produkt\/tasma-miernicza-panoramiczny\/","title":{"rendered":"Ta\u015bma miernicza Panoramiczny"},"content":{"rendered":"<p>Profesjonalnej jako\u015bci ta\u015bma miernicza z wziernikiem.<br \/>\nLakierowana ta\u015bma zapewnia d\u0142ug\u0105 \u017cywotno\u015b\u0107.<br \/>\nAluminiowa listwa w kszta\u0142cie litery U chroni doln\u0105 cz\u0119\u015b\u0107 obudowy.<br \/>\nHaczyki ko\u0144cowe nitowane dwukrotnie.<br \/>\nObudowa z br\u0105zowego tworzywa sztucznego, odporna na uderzenia, z wziernikiem.<br \/>\nMaksymalna \u0142atwo\u015b\u0107 obs\u0142ugi i trwa\u0142o\u015b\u0107.<br \/>\nKlasa dok\u0142adno\u015bci II.<\/p>\n","protected":false},"excerpt":{"rendered":"<p>Profesjonalnej jako\u015bci ta\u015bma miernicza z wziernikiem. Lakierowana ta\u015bma zapewnia d\u0142ug\u0105 \u017cywotno\u015b\u0107. Aluminiowa listwa w kszta\u0142cie litery U chroni doln\u0105 cz\u0119\u015b\u0107 obudowy. Haczyki ko\u0144cowe nitowane dwukrotnie. Obudowa z br\u0105zowego tworzywa sztucznego, odporna na uderzenia, z wziernikiem. Maksymalna \u0142atwo\u015b\u0107 obs\u0142ugi i trwa\u0142o\u015b\u0107. Klasa dok\u0142adno\u015bci II.<\/p>\n","protected":false},"featured_media":7277,"template":"","meta":{"_acf_changed":false,"inline_featured_image":false},"product_cat":[936,2773,949],"product_tag":[],"class_list":{"0":"post-36317","1":"product","2":"type-product","3":"status-publish","4":"has-post-thumbnail","6":"brand-stanley","7":"product_cat-narzedzia-reczne","8":"product_cat-tasma-miernicza","9":"product_cat-narzedzia-pomiarowe","11":"first","12":"instock","13":"taxable","14":"shipping-taxable","15":"purchasable","16":"product-type-simple","17":"add-to-wishlist-before_image"},"acf":[],"yoast_head":"<!-- This site is optimized with the Yoast SEO plugin v27.3 - https:\/\/yoast.com\/product\/yoast-seo-wordpress\/ -->\n<title>Ta\u015bma miernicza Panoramiczny - Wilhelm Hundt GmbH<\/title>\n<meta name=\"robots\" content=\"index, follow, max-snippet:-1, max-image-preview:large, max-video-preview:-1\" \/>\n<link rel=\"canonical\" href=\"https:\/\/hundtgroup.com\/pl\/produkt\/tasma-miernicza-panoramiczny\/\" \/>\n<meta property=\"og:locale\" content=\"pl_PL\" \/>\n<meta property=\"og:type\" content=\"article\" \/>\n<meta property=\"og:title\" content=\"Ta\u015bma miernicza Panoramiczny - Wilhelm Hundt GmbH\" \/>\n<meta property=\"og:description\" content=\"Profesjonalnej jako\u015bci ta\u015bma miernicza z wziernikiem. Lakierowana ta\u015bma zapewnia d\u0142ug\u0105 \u017cywotno\u015b\u0107. Aluminiowa listwa w kszta\u0142cie litery U chroni doln\u0105 cz\u0119\u015b\u0107 obudowy. Haczyki ko\u0144cowe nitowane dwukrotnie. Obudowa z br\u0105zowego tworzywa sztucznego, odporna na uderzenia, z wziernikiem. Maksymalna \u0142atwo\u015b\u0107 obs\u0142ugi i trwa\u0142o\u015b\u0107. Klasa dok\u0142adno\u015bci II.\" \/>\n<meta property=\"og:url\" content=\"https:\/\/hundtgroup.com\/pl\/produkt\/tasma-miernicza-panoramiczny\/\" \/>\n<meta property=\"og:site_name\" content=\"Wilhelm Hundt GmbH\" \/>\n<meta property=\"article:modified_time\" content=\"2025-07-29T10:07:15+00:00\" \/>\n<meta property=\"og:image\" content=\"https:\/\/hundtgroup.com\/wp-content\/uploads\/420247.png\" \/>\n\t<meta property=\"og:image:width\" content=\"260\" \/>\n\t<meta property=\"og:image:height\" content=\"260\" \/>\n\t<meta property=\"og:image:type\" content=\"image\/png\" \/>\n<meta name=\"twitter:card\" content=\"summary_large_image\" \/>\n<script type=\"application\/ld+json\" class=\"yoast-schema-graph\">{\"@context\":\"https:\\\/\\\/schema.org\",\"@graph\":[{\"@type\":\"WebPage\",\"@id\":\"https:\\\/\\\/hundtgroup.com\\\/pl\\\/produkt\\\/tasma-miernicza-panoramiczny\\\/\",\"url\":\"https:\\\/\\\/hundtgroup.com\\\/pl\\\/produkt\\\/tasma-miernicza-panoramiczny\\\/\",\"name\":\"Ta\u015bma miernicza Panoramiczny - Wilhelm Hundt GmbH\",\"isPartOf\":{\"@id\":\"https:\\\/\\\/hundtgroup.com\\\/pl\\\/#website\"},\"primaryImageOfPage\":{\"@id\":\"https:\\\/\\\/hundtgroup.com\\\/pl\\\/produkt\\\/tasma-miernicza-panoramiczny\\\/#primaryimage\"},\"image\":{\"@id\":\"https:\\\/\\\/hundtgroup.com\\\/pl\\\/produkt\\\/tasma-miernicza-panoramiczny\\\/#primaryimage\"},\"thumbnailUrl\":\"https:\\\/\\\/hundtgroup.com\\\/wp-content\\\/uploads\\\/420247.png\",\"datePublished\":\"2022-10-26T13:58:20+00:00\",\"dateModified\":\"2025-07-29T10:07:15+00:00\",\"breadcrumb\":{\"@id\":\"https:\\\/\\\/hundtgroup.com\\\/pl\\\/produkt\\\/tasma-miernicza-panoramiczny\\\/#breadcrumb\"},\"inLanguage\":\"pl-PL\",\"potentialAction\":[{\"@type\":\"ReadAction\",\"target\":[\"https:\\\/\\\/hundtgroup.com\\\/pl\\\/produkt\\\/tasma-miernicza-panoramiczny\\\/\"]}]},{\"@type\":\"ImageObject\",\"inLanguage\":\"pl-PL\",\"@id\":\"https:\\\/\\\/hundtgroup.com\\\/pl\\\/produkt\\\/tasma-miernicza-panoramiczny\\\/#primaryimage\",\"url\":\"https:\\\/\\\/hundtgroup.com\\\/wp-content\\\/uploads\\\/420247.png\",\"contentUrl\":\"https:\\\/\\\/hundtgroup.com\\\/wp-content\\\/uploads\\\/420247.png\",\"width\":260,\"height\":260},{\"@type\":\"BreadcrumbList\",\"@id\":\"https:\\\/\\\/hundtgroup.com\\\/pl\\\/produkt\\\/tasma-miernicza-panoramiczny\\\/#breadcrumb\",\"itemListElement\":[{\"@type\":\"ListItem\",\"position\":1,\"name\":\"Startseite\",\"item\":\"https:\\\/\\\/hundtgroup.com\\\/pl\\\/strona-glowna-nowa\\\/\"},{\"@type\":\"ListItem\",\"position\":2,\"name\":\"Sklep\",\"item\":\"https:\\\/\\\/hundtgroup.com\\\/sklep\\\/\"},{\"@type\":\"ListItem\",\"position\":3,\"name\":\"Ta\u015bma miernicza Panoramiczny\"}]},{\"@type\":\"WebSite\",\"@id\":\"https:\\\/\\\/hundtgroup.com\\\/pl\\\/#website\",\"url\":\"https:\\\/\\\/hundtgroup.com\\\/pl\\\/\",\"name\":\"Wilhelm Hundt GmbH\",\"description\":\"Specjalista od maszyn i narz\u0119dzi do obr\u00f3bki blachy\",\"potentialAction\":[{\"@type\":\"SearchAction\",\"target\":{\"@type\":\"EntryPoint\",\"urlTemplate\":\"https:\\\/\\\/hundtgroup.com\\\/pl\\\/?s={search_term_string}\"},\"query-input\":{\"@type\":\"PropertyValueSpecification\",\"valueRequired\":true,\"valueName\":\"search_term_string\"}}],\"inLanguage\":\"pl-PL\"}]}<\/script>\n<!-- \/ Yoast SEO plugin. -->","yoast_head_json":{"title":"Ta\u015bma miernicza Panoramiczny - Wilhelm Hundt GmbH","robots":{"index":"index","follow":"follow","max-snippet":"max-snippet:-1","max-image-preview":"max-image-preview:large","max-video-preview":"max-video-preview:-1"},"canonical":"https:\/\/hundtgroup.com\/pl\/produkt\/tasma-miernicza-panoramiczny\/","og_locale":"pl_PL","og_type":"article","og_title":"Ta\u015bma miernicza Panoramiczny - Wilhelm Hundt GmbH","og_description":"Profesjonalnej jako\u015bci ta\u015bma miernicza z wziernikiem. Lakierowana ta\u015bma zapewnia d\u0142ug\u0105 \u017cywotno\u015b\u0107. Aluminiowa listwa w kszta\u0142cie litery U chroni doln\u0105 cz\u0119\u015b\u0107 obudowy. Haczyki ko\u0144cowe nitowane dwukrotnie. Obudowa z br\u0105zowego tworzywa sztucznego, odporna na uderzenia, z wziernikiem. Maksymalna \u0142atwo\u015b\u0107 obs\u0142ugi i trwa\u0142o\u015b\u0107. Klasa dok\u0142adno\u015bci II.","og_url":"https:\/\/hundtgroup.com\/pl\/produkt\/tasma-miernicza-panoramiczny\/","og_site_name":"Wilhelm Hundt GmbH","article_modified_time":"2025-07-29T10:07:15+00:00","og_image":[{"width":260,"height":260,"url":"https:\/\/hundtgroup.com\/wp-content\/uploads\/420247.png","type":"image\/png"}],"twitter_card":"summary_large_image","schema":{"@context":"https:\/\/schema.org","@graph":[{"@type":"WebPage","@id":"https:\/\/hundtgroup.com\/pl\/produkt\/tasma-miernicza-panoramiczny\/","url":"https:\/\/hundtgroup.com\/pl\/produkt\/tasma-miernicza-panoramiczny\/","name":"Ta\u015bma miernicza Panoramiczny - Wilhelm Hundt GmbH","isPartOf":{"@id":"https:\/\/hundtgroup.com\/pl\/#website"},"primaryImageOfPage":{"@id":"https:\/\/hundtgroup.com\/pl\/produkt\/tasma-miernicza-panoramiczny\/#primaryimage"},"image":{"@id":"https:\/\/hundtgroup.com\/pl\/produkt\/tasma-miernicza-panoramiczny\/#primaryimage"},"thumbnailUrl":"https:\/\/hundtgroup.com\/wp-content\/uploads\/420247.png","datePublished":"2022-10-26T13:58:20+00:00","dateModified":"2025-07-29T10:07:15+00:00","breadcrumb":{"@id":"https:\/\/hundtgroup.com\/pl\/produkt\/tasma-miernicza-panoramiczny\/#breadcrumb"},"inLanguage":"pl-PL","potentialAction":[{"@type":"ReadAction","target":["https:\/\/hundtgroup.com\/pl\/produkt\/tasma-miernicza-panoramiczny\/"]}]},{"@type":"ImageObject","inLanguage":"pl-PL","@id":"https:\/\/hundtgroup.com\/pl\/produkt\/tasma-miernicza-panoramiczny\/#primaryimage","url":"https:\/\/hundtgroup.com\/wp-content\/uploads\/420247.png","contentUrl":"https:\/\/hundtgroup.com\/wp-content\/uploads\/420247.png","width":260,"height":260},{"@type":"BreadcrumbList","@id":"https:\/\/hundtgroup.com\/pl\/produkt\/tasma-miernicza-panoramiczny\/#breadcrumb","itemListElement":[{"@type":"ListItem","position":1,"name":"Startseite","item":"https:\/\/hundtgroup.com\/pl\/strona-glowna-nowa\/"},{"@type":"ListItem","position":2,"name":"Sklep","item":"https:\/\/hundtgroup.com\/sklep\/"},{"@type":"ListItem","position":3,"name":"Ta\u015bma miernicza Panoramiczny"}]},{"@type":"WebSite","@id":"https:\/\/hundtgroup.com\/pl\/#website","url":"https:\/\/hundtgroup.com\/pl\/","name":"Wilhelm Hundt GmbH","description":"Specjalista od maszyn i narz\u0119dzi do obr\u00f3bki blachy","potentialAction":[{"@type":"SearchAction","target":{"@type":"EntryPoint","urlTemplate":"https:\/\/hundtgroup.com\/pl\/?s={search_term_string}"},"query-input":{"@type":"PropertyValueSpecification","valueRequired":true,"valueName":"search_term_string"}}],"inLanguage":"pl-PL"}]}},"_links":{"self":[{"href":"https:\/\/hundtgroup.com\/pl\/wp-json\/wp\/v2\/product\/36317","targetHints":{"allow":["GET"]}}],"collection":[{"href":"https:\/\/hundtgroup.com\/pl\/wp-json\/wp\/v2\/product"}],"about":[{"href":"https:\/\/hundtgroup.com\/pl\/wp-json\/wp\/v2\/types\/product"}],"wp:featuredmedia":[{"embeddable":true,"href":"https:\/\/hundtgroup.com\/pl\/wp-json\/wp\/v2\/media\/7277"}],"wp:attachment":[{"href":"https:\/\/hundtgroup.com\/pl\/wp-json\/wp\/v2\/media?parent=36317"}],"wp:term":[{"taxonomy":"product_cat","embeddable":true,"href":"https:\/\/hundtgroup.com\/pl\/wp-json\/wp\/v2\/product_cat?post=36317"},{"taxonomy":"product_tag","embeddable":true,"href":"https:\/\/hundtgroup.com\/pl\/wp-json\/wp\/v2\/product_tag?post=36317"}],"curies":[{"name":"wp","href":"https:\/\/api.w.org\/{rel}","templated":true}]}}