{"id":36387,"date":"2022-10-26T15:58:25","date_gmt":"2022-10-26T13:58:25","guid":{"rendered":"https:\/\/hundtgroup.com\/produkt\/zacisk-wrzeciona\/"},"modified":"2025-08-06T08:44:58","modified_gmt":"2025-08-06T06:44:58","slug":"zacisk-wrzeciona","status":"publish","type":"product","link":"https:\/\/hundtgroup.com\/pl\/produkt\/zacisk-wrzeciona\/","title":{"rendered":"Zacisk wrzeciona"},"content":{"rendered":"<p>Zacisk wrzecionowy z urz\u0105dzeniem tn\u0105cym do prac izolacyjnych z ta\u015bm\u0105 stalow\u0105 o szeroko\u015bci 10-19 mm.<br \/>\nOdpowiedni do stosowania z okr\u0105g\u0142ymi tulejami zaciskowymi.<\/p>\n","protected":false},"excerpt":{"rendered":"<p>Zacisk wrzecionowy z urz\u0105dzeniem tn\u0105cym do prac izolacyjnych z ta\u015bm\u0105 stalow\u0105 o szeroko\u015bci 10-19 mm. Odpowiedni do stosowania z okr\u0105g\u0142ymi tulejami zaciskowymi.<\/p>\n","protected":false},"featured_media":7448,"template":"","meta":{"_acf_changed":false,"inline_featured_image":false},"product_cat":[936,988],"product_tag":[],"class_list":{"0":"post-36387","1":"product","2":"type-product","3":"status-publish","4":"has-post-thumbnail","6":"brand-hundt","7":"product_cat-narzedzia-reczne","8":"product_cat-narzedzia-zaciskowe","10":"first","11":"instock","12":"taxable","13":"shipping-taxable","14":"purchasable","15":"product-type-simple","16":"add-to-wishlist-before_image"},"acf":[],"yoast_head":"<!-- This site is optimized with the Yoast SEO plugin v27.3 - https:\/\/yoast.com\/product\/yoast-seo-wordpress\/ -->\n<title>Zacisk wrzeciona - Wilhelm Hundt GmbH<\/title>\n<meta name=\"robots\" content=\"index, follow, max-snippet:-1, max-image-preview:large, max-video-preview:-1\" \/>\n<link rel=\"canonical\" href=\"https:\/\/hundtgroup.com\/pl\/produkt\/zacisk-wrzeciona\/\" \/>\n<meta property=\"og:locale\" content=\"pl_PL\" \/>\n<meta property=\"og:type\" content=\"article\" \/>\n<meta property=\"og:title\" content=\"Zacisk wrzeciona - Wilhelm Hundt GmbH\" \/>\n<meta property=\"og:description\" content=\"Zacisk wrzecionowy z urz\u0105dzeniem tn\u0105cym do prac izolacyjnych z ta\u015bm\u0105 stalow\u0105 o szeroko\u015bci 10-19 mm. Odpowiedni do stosowania z okr\u0105g\u0142ymi tulejami zaciskowymi.\" \/>\n<meta property=\"og:url\" content=\"https:\/\/hundtgroup.com\/pl\/produkt\/zacisk-wrzeciona\/\" \/>\n<meta property=\"og:site_name\" content=\"Wilhelm Hundt GmbH\" \/>\n<meta property=\"article:modified_time\" content=\"2025-08-06T06:44:58+00:00\" \/>\n<meta property=\"og:image\" content=\"https:\/\/hundtgroup.com\/wp-content\/uploads\/460150.png\" \/>\n\t<meta property=\"og:image:width\" content=\"531\" \/>\n\t<meta property=\"og:image:height\" content=\"350\" \/>\n\t<meta property=\"og:image:type\" content=\"image\/png\" \/>\n<meta name=\"twitter:card\" content=\"summary_large_image\" \/>\n<script type=\"application\/ld+json\" class=\"yoast-schema-graph\">{\"@context\":\"https:\\\/\\\/schema.org\",\"@graph\":[{\"@type\":\"WebPage\",\"@id\":\"https:\\\/\\\/hundtgroup.com\\\/pl\\\/produkt\\\/zacisk-wrzeciona\\\/\",\"url\":\"https:\\\/\\\/hundtgroup.com\\\/pl\\\/produkt\\\/zacisk-wrzeciona\\\/\",\"name\":\"Zacisk wrzeciona - Wilhelm Hundt GmbH\",\"isPartOf\":{\"@id\":\"https:\\\/\\\/hundtgroup.com\\\/pl\\\/#website\"},\"primaryImageOfPage\":{\"@id\":\"https:\\\/\\\/hundtgroup.com\\\/pl\\\/produkt\\\/zacisk-wrzeciona\\\/#primaryimage\"},\"image\":{\"@id\":\"https:\\\/\\\/hundtgroup.com\\\/pl\\\/produkt\\\/zacisk-wrzeciona\\\/#primaryimage\"},\"thumbnailUrl\":\"https:\\\/\\\/hundtgroup.com\\\/wp-content\\\/uploads\\\/460150.png\",\"datePublished\":\"2022-10-26T13:58:25+00:00\",\"dateModified\":\"2025-08-06T06:44:58+00:00\",\"breadcrumb\":{\"@id\":\"https:\\\/\\\/hundtgroup.com\\\/pl\\\/produkt\\\/zacisk-wrzeciona\\\/#breadcrumb\"},\"inLanguage\":\"pl-PL\",\"potentialAction\":[{\"@type\":\"ReadAction\",\"target\":[\"https:\\\/\\\/hundtgroup.com\\\/pl\\\/produkt\\\/zacisk-wrzeciona\\\/\"]}]},{\"@type\":\"ImageObject\",\"inLanguage\":\"pl-PL\",\"@id\":\"https:\\\/\\\/hundtgroup.com\\\/pl\\\/produkt\\\/zacisk-wrzeciona\\\/#primaryimage\",\"url\":\"https:\\\/\\\/hundtgroup.com\\\/wp-content\\\/uploads\\\/460150.png\",\"contentUrl\":\"https:\\\/\\\/hundtgroup.com\\\/wp-content\\\/uploads\\\/460150.png\",\"width\":531,\"height\":350},{\"@type\":\"BreadcrumbList\",\"@id\":\"https:\\\/\\\/hundtgroup.com\\\/pl\\\/produkt\\\/zacisk-wrzeciona\\\/#breadcrumb\",\"itemListElement\":[{\"@type\":\"ListItem\",\"position\":1,\"name\":\"Startseite\",\"item\":\"https:\\\/\\\/hundtgroup.com\\\/pl\\\/strona-glowna-nowa\\\/\"},{\"@type\":\"ListItem\",\"position\":2,\"name\":\"Sklep\",\"item\":\"https:\\\/\\\/hundtgroup.com\\\/sklep\\\/\"},{\"@type\":\"ListItem\",\"position\":3,\"name\":\"Zacisk wrzeciona\"}]},{\"@type\":\"WebSite\",\"@id\":\"https:\\\/\\\/hundtgroup.com\\\/pl\\\/#website\",\"url\":\"https:\\\/\\\/hundtgroup.com\\\/pl\\\/\",\"name\":\"Wilhelm Hundt GmbH\",\"description\":\"Specjalista od maszyn i narz\u0119dzi do obr\u00f3bki blachy\",\"potentialAction\":[{\"@type\":\"SearchAction\",\"target\":{\"@type\":\"EntryPoint\",\"urlTemplate\":\"https:\\\/\\\/hundtgroup.com\\\/pl\\\/?s={search_term_string}\"},\"query-input\":{\"@type\":\"PropertyValueSpecification\",\"valueRequired\":true,\"valueName\":\"search_term_string\"}}],\"inLanguage\":\"pl-PL\"}]}<\/script>\n<!-- \/ Yoast SEO plugin. -->","yoast_head_json":{"title":"Zacisk wrzeciona - Wilhelm Hundt GmbH","robots":{"index":"index","follow":"follow","max-snippet":"max-snippet:-1","max-image-preview":"max-image-preview:large","max-video-preview":"max-video-preview:-1"},"canonical":"https:\/\/hundtgroup.com\/pl\/produkt\/zacisk-wrzeciona\/","og_locale":"pl_PL","og_type":"article","og_title":"Zacisk wrzeciona - Wilhelm Hundt GmbH","og_description":"Zacisk wrzecionowy z urz\u0105dzeniem tn\u0105cym do prac izolacyjnych z ta\u015bm\u0105 stalow\u0105 o szeroko\u015bci 10-19 mm. Odpowiedni do stosowania z okr\u0105g\u0142ymi tulejami zaciskowymi.","og_url":"https:\/\/hundtgroup.com\/pl\/produkt\/zacisk-wrzeciona\/","og_site_name":"Wilhelm Hundt GmbH","article_modified_time":"2025-08-06T06:44:58+00:00","og_image":[{"width":531,"height":350,"url":"https:\/\/hundtgroup.com\/wp-content\/uploads\/460150.png","type":"image\/png"}],"twitter_card":"summary_large_image","schema":{"@context":"https:\/\/schema.org","@graph":[{"@type":"WebPage","@id":"https:\/\/hundtgroup.com\/pl\/produkt\/zacisk-wrzeciona\/","url":"https:\/\/hundtgroup.com\/pl\/produkt\/zacisk-wrzeciona\/","name":"Zacisk wrzeciona - Wilhelm Hundt GmbH","isPartOf":{"@id":"https:\/\/hundtgroup.com\/pl\/#website"},"primaryImageOfPage":{"@id":"https:\/\/hundtgroup.com\/pl\/produkt\/zacisk-wrzeciona\/#primaryimage"},"image":{"@id":"https:\/\/hundtgroup.com\/pl\/produkt\/zacisk-wrzeciona\/#primaryimage"},"thumbnailUrl":"https:\/\/hundtgroup.com\/wp-content\/uploads\/460150.png","datePublished":"2022-10-26T13:58:25+00:00","dateModified":"2025-08-06T06:44:58+00:00","breadcrumb":{"@id":"https:\/\/hundtgroup.com\/pl\/produkt\/zacisk-wrzeciona\/#breadcrumb"},"inLanguage":"pl-PL","potentialAction":[{"@type":"ReadAction","target":["https:\/\/hundtgroup.com\/pl\/produkt\/zacisk-wrzeciona\/"]}]},{"@type":"ImageObject","inLanguage":"pl-PL","@id":"https:\/\/hundtgroup.com\/pl\/produkt\/zacisk-wrzeciona\/#primaryimage","url":"https:\/\/hundtgroup.com\/wp-content\/uploads\/460150.png","contentUrl":"https:\/\/hundtgroup.com\/wp-content\/uploads\/460150.png","width":531,"height":350},{"@type":"BreadcrumbList","@id":"https:\/\/hundtgroup.com\/pl\/produkt\/zacisk-wrzeciona\/#breadcrumb","itemListElement":[{"@type":"ListItem","position":1,"name":"Startseite","item":"https:\/\/hundtgroup.com\/pl\/strona-glowna-nowa\/"},{"@type":"ListItem","position":2,"name":"Sklep","item":"https:\/\/hundtgroup.com\/sklep\/"},{"@type":"ListItem","position":3,"name":"Zacisk wrzeciona"}]},{"@type":"WebSite","@id":"https:\/\/hundtgroup.com\/pl\/#website","url":"https:\/\/hundtgroup.com\/pl\/","name":"Wilhelm Hundt GmbH","description":"Specjalista od maszyn i narz\u0119dzi do obr\u00f3bki blachy","potentialAction":[{"@type":"SearchAction","target":{"@type":"EntryPoint","urlTemplate":"https:\/\/hundtgroup.com\/pl\/?s={search_term_string}"},"query-input":{"@type":"PropertyValueSpecification","valueRequired":true,"valueName":"search_term_string"}}],"inLanguage":"pl-PL"}]}},"_links":{"self":[{"href":"https:\/\/hundtgroup.com\/pl\/wp-json\/wp\/v2\/product\/36387","targetHints":{"allow":["GET"]}}],"collection":[{"href":"https:\/\/hundtgroup.com\/pl\/wp-json\/wp\/v2\/product"}],"about":[{"href":"https:\/\/hundtgroup.com\/pl\/wp-json\/wp\/v2\/types\/product"}],"wp:featuredmedia":[{"embeddable":true,"href":"https:\/\/hundtgroup.com\/pl\/wp-json\/wp\/v2\/media\/7448"}],"wp:attachment":[{"href":"https:\/\/hundtgroup.com\/pl\/wp-json\/wp\/v2\/media?parent=36387"}],"wp:term":[{"taxonomy":"product_cat","embeddable":true,"href":"https:\/\/hundtgroup.com\/pl\/wp-json\/wp\/v2\/product_cat?post=36387"},{"taxonomy":"product_tag","embeddable":true,"href":"https:\/\/hundtgroup.com\/pl\/wp-json\/wp\/v2\/product_tag?post=36387"}],"curies":[{"name":"wp","href":"https:\/\/api.w.org\/{rel}","templated":true}]}}