{"id":36496,"date":"2022-10-26T15:58:57","date_gmt":"2022-10-26T13:58:57","guid":{"rendered":"https:\/\/hundtgroup.com\/produkt\/wyrzynarka-freund-z-miekkim-uchwytem\/"},"modified":"2025-07-29T12:47:50","modified_gmt":"2025-07-29T10:47:50","slug":"wyrzynarka-freund-z-miekkim-uchwytem","status":"publish","type":"product","link":"https:\/\/hundtgroup.com\/pl\/produkt\/wyrzynarka-freund-z-miekkim-uchwytem\/","title":{"rendered":"Wyrzynarka Freund z mi\u0119kkim uchwytem"},"content":{"rendered":"<p>Wyrzynarka z uz\u0119bieniem krzy\u017cowym<br \/>\nGrubo\u015b\u0107 brzeszczotu 1,2 mm<br \/>\nPow\u0142oka ochronna, hartowane z\u0119by zapewniaj\u0105ce d\u0142ugotrwa\u0142\u0105 ostro\u015b\u0107, 7 z\u0119b\u00f3w na cal, z os\u0142on\u0105 z\u0119b\u00f3w<br \/>\nErgonomiczny 2-komponentowy uchwyt z prowadnic\u0105 palca wskazuj\u0105cego<\/p>\n","protected":false},"excerpt":{"rendered":"<p>Wyrzynarka z uz\u0119bieniem krzy\u017cowym Grubo\u015b\u0107 brzeszczotu 1,2 mm Pow\u0142oka ochronna, hartowane z\u0119by zapewniaj\u0105ce d\u0142ugotrwa\u0142\u0105 ostro\u015b\u0107, 7 z\u0119b\u00f3w na cal, z os\u0142on\u0105 z\u0119b\u00f3w Ergonomiczny 2-komponentowy uchwyt z prowadnic\u0105 palca wskazuj\u0105cego<\/p>\n","protected":false},"featured_media":7199,"template":"","meta":{"_acf_changed":false,"inline_featured_image":false},"product_cat":[936,1005],"product_tag":[],"class_list":{"0":"post-36496","1":"product","2":"type-product","3":"status-publish","4":"has-post-thumbnail","6":"brand-freund","7":"product_cat-narzedzia-reczne","8":"product_cat-pily","10":"first","11":"instock","12":"taxable","13":"shipping-taxable","14":"purchasable","15":"product-type-simple","16":"add-to-wishlist-before_image"},"acf":[],"yoast_head":"<!-- This site is optimized with the Yoast SEO plugin v27.3 - https:\/\/yoast.com\/product\/yoast-seo-wordpress\/ -->\n<title>Wyrzynarka Freund z mi\u0119kkim uchwytem - Wilhelm Hundt GmbH<\/title>\n<meta name=\"robots\" content=\"index, follow, max-snippet:-1, max-image-preview:large, max-video-preview:-1\" \/>\n<link rel=\"canonical\" href=\"https:\/\/hundtgroup.com\/pl\/produkt\/wyrzynarka-freund-z-miekkim-uchwytem\/\" \/>\n<meta property=\"og:locale\" content=\"pl_PL\" \/>\n<meta property=\"og:type\" content=\"article\" \/>\n<meta property=\"og:title\" content=\"Wyrzynarka Freund z mi\u0119kkim uchwytem - Wilhelm Hundt GmbH\" \/>\n<meta property=\"og:description\" content=\"Wyrzynarka z uz\u0119bieniem krzy\u017cowym Grubo\u015b\u0107 brzeszczotu 1,2 mm Pow\u0142oka ochronna, hartowane z\u0119by zapewniaj\u0105ce d\u0142ugotrwa\u0142\u0105 ostro\u015b\u0107, 7 z\u0119b\u00f3w na cal, z os\u0142on\u0105 z\u0119b\u00f3w Ergonomiczny 2-komponentowy uchwyt z prowadnic\u0105 palca wskazuj\u0105cego\" \/>\n<meta property=\"og:url\" content=\"https:\/\/hundtgroup.com\/pl\/produkt\/wyrzynarka-freund-z-miekkim-uchwytem\/\" \/>\n<meta property=\"og:site_name\" content=\"Wilhelm Hundt GmbH\" \/>\n<meta property=\"article:modified_time\" content=\"2025-07-29T10:47:50+00:00\" \/>\n<meta property=\"og:image\" content=\"https:\/\/hundtgroup.com\/wp-content\/uploads\/410989.png\" \/>\n\t<meta property=\"og:image:width\" content=\"809\" \/>\n\t<meta property=\"og:image:height\" content=\"244\" \/>\n\t<meta property=\"og:image:type\" content=\"image\/png\" \/>\n<meta name=\"twitter:card\" content=\"summary_large_image\" \/>\n<script type=\"application\/ld+json\" class=\"yoast-schema-graph\">{\"@context\":\"https:\\\/\\\/schema.org\",\"@graph\":[{\"@type\":\"WebPage\",\"@id\":\"https:\\\/\\\/hundtgroup.com\\\/pl\\\/produkt\\\/wyrzynarka-freund-z-miekkim-uchwytem\\\/\",\"url\":\"https:\\\/\\\/hundtgroup.com\\\/pl\\\/produkt\\\/wyrzynarka-freund-z-miekkim-uchwytem\\\/\",\"name\":\"Wyrzynarka Freund z mi\u0119kkim uchwytem - Wilhelm Hundt GmbH\",\"isPartOf\":{\"@id\":\"https:\\\/\\\/hundtgroup.com\\\/pl\\\/#website\"},\"primaryImageOfPage\":{\"@id\":\"https:\\\/\\\/hundtgroup.com\\\/pl\\\/produkt\\\/wyrzynarka-freund-z-miekkim-uchwytem\\\/#primaryimage\"},\"image\":{\"@id\":\"https:\\\/\\\/hundtgroup.com\\\/pl\\\/produkt\\\/wyrzynarka-freund-z-miekkim-uchwytem\\\/#primaryimage\"},\"thumbnailUrl\":\"https:\\\/\\\/hundtgroup.com\\\/wp-content\\\/uploads\\\/410989.png\",\"datePublished\":\"2022-10-26T13:58:57+00:00\",\"dateModified\":\"2025-07-29T10:47:50+00:00\",\"breadcrumb\":{\"@id\":\"https:\\\/\\\/hundtgroup.com\\\/pl\\\/produkt\\\/wyrzynarka-freund-z-miekkim-uchwytem\\\/#breadcrumb\"},\"inLanguage\":\"pl-PL\",\"potentialAction\":[{\"@type\":\"ReadAction\",\"target\":[\"https:\\\/\\\/hundtgroup.com\\\/pl\\\/produkt\\\/wyrzynarka-freund-z-miekkim-uchwytem\\\/\"]}]},{\"@type\":\"ImageObject\",\"inLanguage\":\"pl-PL\",\"@id\":\"https:\\\/\\\/hundtgroup.com\\\/pl\\\/produkt\\\/wyrzynarka-freund-z-miekkim-uchwytem\\\/#primaryimage\",\"url\":\"https:\\\/\\\/hundtgroup.com\\\/wp-content\\\/uploads\\\/410989.png\",\"contentUrl\":\"https:\\\/\\\/hundtgroup.com\\\/wp-content\\\/uploads\\\/410989.png\",\"width\":809,\"height\":244},{\"@type\":\"BreadcrumbList\",\"@id\":\"https:\\\/\\\/hundtgroup.com\\\/pl\\\/produkt\\\/wyrzynarka-freund-z-miekkim-uchwytem\\\/#breadcrumb\",\"itemListElement\":[{\"@type\":\"ListItem\",\"position\":1,\"name\":\"Startseite\",\"item\":\"https:\\\/\\\/hundtgroup.com\\\/pl\\\/strona-glowna-nowa\\\/\"},{\"@type\":\"ListItem\",\"position\":2,\"name\":\"Sklep\",\"item\":\"https:\\\/\\\/hundtgroup.com\\\/sklep\\\/\"},{\"@type\":\"ListItem\",\"position\":3,\"name\":\"Wyrzynarka Freund z mi\u0119kkim uchwytem\"}]},{\"@type\":\"WebSite\",\"@id\":\"https:\\\/\\\/hundtgroup.com\\\/pl\\\/#website\",\"url\":\"https:\\\/\\\/hundtgroup.com\\\/pl\\\/\",\"name\":\"Wilhelm Hundt GmbH\",\"description\":\"Specjalista od maszyn i narz\u0119dzi do obr\u00f3bki blachy\",\"potentialAction\":[{\"@type\":\"SearchAction\",\"target\":{\"@type\":\"EntryPoint\",\"urlTemplate\":\"https:\\\/\\\/hundtgroup.com\\\/pl\\\/?s={search_term_string}\"},\"query-input\":{\"@type\":\"PropertyValueSpecification\",\"valueRequired\":true,\"valueName\":\"search_term_string\"}}],\"inLanguage\":\"pl-PL\"}]}<\/script>\n<!-- \/ Yoast SEO plugin. -->","yoast_head_json":{"title":"Wyrzynarka Freund z mi\u0119kkim uchwytem - Wilhelm Hundt GmbH","robots":{"index":"index","follow":"follow","max-snippet":"max-snippet:-1","max-image-preview":"max-image-preview:large","max-video-preview":"max-video-preview:-1"},"canonical":"https:\/\/hundtgroup.com\/pl\/produkt\/wyrzynarka-freund-z-miekkim-uchwytem\/","og_locale":"pl_PL","og_type":"article","og_title":"Wyrzynarka Freund z mi\u0119kkim uchwytem - Wilhelm Hundt GmbH","og_description":"Wyrzynarka z uz\u0119bieniem krzy\u017cowym Grubo\u015b\u0107 brzeszczotu 1,2 mm Pow\u0142oka ochronna, hartowane z\u0119by zapewniaj\u0105ce d\u0142ugotrwa\u0142\u0105 ostro\u015b\u0107, 7 z\u0119b\u00f3w na cal, z os\u0142on\u0105 z\u0119b\u00f3w Ergonomiczny 2-komponentowy uchwyt z prowadnic\u0105 palca wskazuj\u0105cego","og_url":"https:\/\/hundtgroup.com\/pl\/produkt\/wyrzynarka-freund-z-miekkim-uchwytem\/","og_site_name":"Wilhelm Hundt GmbH","article_modified_time":"2025-07-29T10:47:50+00:00","og_image":[{"width":809,"height":244,"url":"https:\/\/hundtgroup.com\/wp-content\/uploads\/410989.png","type":"image\/png"}],"twitter_card":"summary_large_image","schema":{"@context":"https:\/\/schema.org","@graph":[{"@type":"WebPage","@id":"https:\/\/hundtgroup.com\/pl\/produkt\/wyrzynarka-freund-z-miekkim-uchwytem\/","url":"https:\/\/hundtgroup.com\/pl\/produkt\/wyrzynarka-freund-z-miekkim-uchwytem\/","name":"Wyrzynarka Freund z mi\u0119kkim uchwytem - Wilhelm Hundt GmbH","isPartOf":{"@id":"https:\/\/hundtgroup.com\/pl\/#website"},"primaryImageOfPage":{"@id":"https:\/\/hundtgroup.com\/pl\/produkt\/wyrzynarka-freund-z-miekkim-uchwytem\/#primaryimage"},"image":{"@id":"https:\/\/hundtgroup.com\/pl\/produkt\/wyrzynarka-freund-z-miekkim-uchwytem\/#primaryimage"},"thumbnailUrl":"https:\/\/hundtgroup.com\/wp-content\/uploads\/410989.png","datePublished":"2022-10-26T13:58:57+00:00","dateModified":"2025-07-29T10:47:50+00:00","breadcrumb":{"@id":"https:\/\/hundtgroup.com\/pl\/produkt\/wyrzynarka-freund-z-miekkim-uchwytem\/#breadcrumb"},"inLanguage":"pl-PL","potentialAction":[{"@type":"ReadAction","target":["https:\/\/hundtgroup.com\/pl\/produkt\/wyrzynarka-freund-z-miekkim-uchwytem\/"]}]},{"@type":"ImageObject","inLanguage":"pl-PL","@id":"https:\/\/hundtgroup.com\/pl\/produkt\/wyrzynarka-freund-z-miekkim-uchwytem\/#primaryimage","url":"https:\/\/hundtgroup.com\/wp-content\/uploads\/410989.png","contentUrl":"https:\/\/hundtgroup.com\/wp-content\/uploads\/410989.png","width":809,"height":244},{"@type":"BreadcrumbList","@id":"https:\/\/hundtgroup.com\/pl\/produkt\/wyrzynarka-freund-z-miekkim-uchwytem\/#breadcrumb","itemListElement":[{"@type":"ListItem","position":1,"name":"Startseite","item":"https:\/\/hundtgroup.com\/pl\/strona-glowna-nowa\/"},{"@type":"ListItem","position":2,"name":"Sklep","item":"https:\/\/hundtgroup.com\/sklep\/"},{"@type":"ListItem","position":3,"name":"Wyrzynarka Freund z mi\u0119kkim uchwytem"}]},{"@type":"WebSite","@id":"https:\/\/hundtgroup.com\/pl\/#website","url":"https:\/\/hundtgroup.com\/pl\/","name":"Wilhelm Hundt GmbH","description":"Specjalista od maszyn i narz\u0119dzi do obr\u00f3bki blachy","potentialAction":[{"@type":"SearchAction","target":{"@type":"EntryPoint","urlTemplate":"https:\/\/hundtgroup.com\/pl\/?s={search_term_string}"},"query-input":{"@type":"PropertyValueSpecification","valueRequired":true,"valueName":"search_term_string"}}],"inLanguage":"pl-PL"}]}},"_links":{"self":[{"href":"https:\/\/hundtgroup.com\/pl\/wp-json\/wp\/v2\/product\/36496","targetHints":{"allow":["GET"]}}],"collection":[{"href":"https:\/\/hundtgroup.com\/pl\/wp-json\/wp\/v2\/product"}],"about":[{"href":"https:\/\/hundtgroup.com\/pl\/wp-json\/wp\/v2\/types\/product"}],"wp:featuredmedia":[{"embeddable":true,"href":"https:\/\/hundtgroup.com\/pl\/wp-json\/wp\/v2\/media\/7199"}],"wp:attachment":[{"href":"https:\/\/hundtgroup.com\/pl\/wp-json\/wp\/v2\/media?parent=36496"}],"wp:term":[{"taxonomy":"product_cat","embeddable":true,"href":"https:\/\/hundtgroup.com\/pl\/wp-json\/wp\/v2\/product_cat?post=36496"},{"taxonomy":"product_tag","embeddable":true,"href":"https:\/\/hundtgroup.com\/pl\/wp-json\/wp\/v2\/product_tag?post=36496"}],"curies":[{"name":"wp","href":"https:\/\/api.w.org\/{rel}","templated":true}]}}