{"id":36690,"date":"2022-10-26T15:59:16","date_gmt":"2022-10-26T13:59:16","guid":{"rendered":"https:\/\/hundtgroup.com\/produkt\/akumulatorowa-nitownica-do-nitow-zrywalnych-accubird-pro\/"},"modified":"2025-08-01T11:56:05","modified_gmt":"2025-08-01T09:56:05","slug":"akumulatorowa-nitownica-do-nitow-zrywalnych-accubird-pro","status":"publish","type":"product","link":"https:\/\/hundtgroup.com\/pl\/produkt\/akumulatorowa-nitownica-do-nitow-zrywalnych-accubird-pro\/","title":{"rendered":"Akumulatorowa nitownica do nit\u00f3w zrywalnych AccuBird Pro"},"content":{"rendered":"<p>Do 4 x szybsza ni\u017c standardowe narz\u0119dzia akumulatorowe dost\u0119pne na rynku<br \/>\nMocny i trwa\u0142y silnik BLDC zapewniaj\u0105cy szybkie cykle pracy<br \/>\nSkok narz\u0119dzia 25 mm dla d\u0142ugich nit\u00f3w zrywalnych<br \/>\nSi\u0142a osadzania 13 kN<br \/>\nZmienne o\u015bwietlenie w pier\u015bcieniu osadzaj\u0105cym<br \/>\nLepsza stabilno\u015b\u0107 dzi\u0119ki wi\u0119kszej, antypo\u015blizgowej podstawie, antypo\u015blizgowej podstawie i ni\u017cej po\u0142o\u017conemu \u015brodkowi ci\u0119\u017cko\u015bci<br \/>\nPrzyjazna dla d\u0142oni obudowa dzi\u0119ki mi\u0119kkiemu uchwytowi<br \/>\nNowy wysuwany akumulator z precyzyjnym wska\u017anikiem pojemno\u015bci<br \/>\n\u0141adowarka z funkcj\u0105 szybkiego \u0142adowania<br \/>\nSprawdzony system szcz\u0119k serii TAURUS\u00ae<br \/>\nNity zrywalne od \u00d8 2,4 mm z aluminium do \u00d8 6 mm ze wszystkich materia\u0142\u00f3w<br \/>\nNity zrywalne BULB-TITE\u00ae do \u00d8 4 mm i 5,2 mm z aluminium i stali<br \/>\nNity zrywalne G-Bulb do \u00d8 4,8 mm ze wszystkich materia\u0142\u00f3w<\/p>\n","protected":false},"excerpt":{"rendered":"<p>Do 4 x szybsza ni\u017c standardowe narz\u0119dzia akumulatorowe dost\u0119pne na rynku Mocny i trwa\u0142y silnik BLDC zapewniaj\u0105cy szybkie cykle pracy Skok narz\u0119dzia 25 mm dla d\u0142ugich nit\u00f3w zrywalnych Si\u0142a osadzania 13 kN Zmienne o\u015bwietlenie w pier\u015bcieniu osadzaj\u0105cym Lepsza stabilno\u015b\u0107 dzi\u0119ki wi\u0119kszej, antypo\u015blizgowej podstawie, antypo\u015blizgowej podstawie i ni\u017cej po\u0142o\u017conemu \u015brodkowi ci\u0119\u017cko\u015bci Przyjazna dla d\u0142oni obudowa dzi\u0119ki [&hellip;]<\/p>\n","protected":false},"featured_media":7655,"template":"","meta":{"_acf_changed":false,"inline_featured_image":false},"product_cat":[2851,1014,1016,691],"product_tag":[],"class_list":{"0":"post-36690","1":"product","2":"type-product","3":"status-publish","4":"has-post-thumbnail","6":"brand-gesipa","7":"product_cat-narzedzia-do-nitowania-pl","8":"product_cat-narzedzia-do-nitowania","9":"product_cat-bateria","10":"product_cat-narzedzia-akumulatorowe","12":"first","13":"instock","14":"taxable","15":"shipping-taxable","16":"purchasable","17":"product-type-simple","18":"add-to-wishlist-before_image"},"acf":[],"yoast_head":"<!-- This site is optimized with the Yoast SEO plugin v27.3 - https:\/\/yoast.com\/product\/yoast-seo-wordpress\/ -->\n<title>Akumulatorowa nitownica do nit\u00f3w zrywalnych AccuBird Pro - Wilhelm Hundt GmbH<\/title>\n<meta name=\"robots\" content=\"index, follow, max-snippet:-1, max-image-preview:large, max-video-preview:-1\" \/>\n<link rel=\"canonical\" href=\"https:\/\/hundtgroup.com\/pl\/produkt\/akumulatorowa-nitownica-do-nitow-zrywalnych-accubird-pro\/\" \/>\n<meta property=\"og:locale\" content=\"pl_PL\" \/>\n<meta property=\"og:type\" content=\"article\" \/>\n<meta property=\"og:title\" content=\"Akumulatorowa nitownica do nit\u00f3w zrywalnych AccuBird Pro - Wilhelm Hundt GmbH\" \/>\n<meta property=\"og:description\" content=\"Do 4 x szybsza ni\u017c standardowe narz\u0119dzia akumulatorowe dost\u0119pne na rynku Mocny i trwa\u0142y silnik BLDC zapewniaj\u0105cy szybkie cykle pracy Skok narz\u0119dzia 25 mm dla d\u0142ugich nit\u00f3w zrywalnych Si\u0142a osadzania 13 kN Zmienne o\u015bwietlenie w pier\u015bcieniu osadzaj\u0105cym Lepsza stabilno\u015b\u0107 dzi\u0119ki wi\u0119kszej, antypo\u015blizgowej podstawie, antypo\u015blizgowej podstawie i ni\u017cej po\u0142o\u017conemu \u015brodkowi ci\u0119\u017cko\u015bci Przyjazna dla d\u0142oni obudowa dzi\u0119ki [&hellip;]\" \/>\n<meta property=\"og:url\" content=\"https:\/\/hundtgroup.com\/pl\/produkt\/akumulatorowa-nitownica-do-nitow-zrywalnych-accubird-pro\/\" \/>\n<meta property=\"og:site_name\" content=\"Wilhelm Hundt GmbH\" \/>\n<meta property=\"article:modified_time\" content=\"2025-08-01T09:56:05+00:00\" \/>\n<meta property=\"og:image\" content=\"https:\/\/hundtgroup.com\/wp-content\/uploads\/500848.png\" \/>\n\t<meta property=\"og:image:width\" content=\"527\" \/>\n\t<meta property=\"og:image:height\" content=\"484\" \/>\n\t<meta property=\"og:image:type\" content=\"image\/png\" \/>\n<meta name=\"twitter:card\" content=\"summary_large_image\" \/>\n<meta name=\"twitter:label1\" content=\"Szacowany czas czytania\" \/>\n\t<meta name=\"twitter:data1\" content=\"1 minuta\" \/>\n<script type=\"application\/ld+json\" class=\"yoast-schema-graph\">{\"@context\":\"https:\\\/\\\/schema.org\",\"@graph\":[{\"@type\":\"WebPage\",\"@id\":\"https:\\\/\\\/hundtgroup.com\\\/pl\\\/produkt\\\/akumulatorowa-nitownica-do-nitow-zrywalnych-accubird-pro\\\/\",\"url\":\"https:\\\/\\\/hundtgroup.com\\\/pl\\\/produkt\\\/akumulatorowa-nitownica-do-nitow-zrywalnych-accubird-pro\\\/\",\"name\":\"Akumulatorowa nitownica do nit\u00f3w zrywalnych AccuBird Pro - Wilhelm Hundt GmbH\",\"isPartOf\":{\"@id\":\"https:\\\/\\\/hundtgroup.com\\\/pl\\\/#website\"},\"primaryImageOfPage\":{\"@id\":\"https:\\\/\\\/hundtgroup.com\\\/pl\\\/produkt\\\/akumulatorowa-nitownica-do-nitow-zrywalnych-accubird-pro\\\/#primaryimage\"},\"image\":{\"@id\":\"https:\\\/\\\/hundtgroup.com\\\/pl\\\/produkt\\\/akumulatorowa-nitownica-do-nitow-zrywalnych-accubird-pro\\\/#primaryimage\"},\"thumbnailUrl\":\"https:\\\/\\\/hundtgroup.com\\\/wp-content\\\/uploads\\\/500848.png\",\"datePublished\":\"2022-10-26T13:59:16+00:00\",\"dateModified\":\"2025-08-01T09:56:05+00:00\",\"breadcrumb\":{\"@id\":\"https:\\\/\\\/hundtgroup.com\\\/pl\\\/produkt\\\/akumulatorowa-nitownica-do-nitow-zrywalnych-accubird-pro\\\/#breadcrumb\"},\"inLanguage\":\"pl-PL\",\"potentialAction\":[{\"@type\":\"ReadAction\",\"target\":[\"https:\\\/\\\/hundtgroup.com\\\/pl\\\/produkt\\\/akumulatorowa-nitownica-do-nitow-zrywalnych-accubird-pro\\\/\"]}]},{\"@type\":\"ImageObject\",\"inLanguage\":\"pl-PL\",\"@id\":\"https:\\\/\\\/hundtgroup.com\\\/pl\\\/produkt\\\/akumulatorowa-nitownica-do-nitow-zrywalnych-accubird-pro\\\/#primaryimage\",\"url\":\"https:\\\/\\\/hundtgroup.com\\\/wp-content\\\/uploads\\\/500848.png\",\"contentUrl\":\"https:\\\/\\\/hundtgroup.com\\\/wp-content\\\/uploads\\\/500848.png\",\"width\":527,\"height\":484},{\"@type\":\"BreadcrumbList\",\"@id\":\"https:\\\/\\\/hundtgroup.com\\\/pl\\\/produkt\\\/akumulatorowa-nitownica-do-nitow-zrywalnych-accubird-pro\\\/#breadcrumb\",\"itemListElement\":[{\"@type\":\"ListItem\",\"position\":1,\"name\":\"Startseite\",\"item\":\"https:\\\/\\\/hundtgroup.com\\\/pl\\\/strona-glowna-nowa\\\/\"},{\"@type\":\"ListItem\",\"position\":2,\"name\":\"Sklep\",\"item\":\"https:\\\/\\\/hundtgroup.com\\\/sklep\\\/\"},{\"@type\":\"ListItem\",\"position\":3,\"name\":\"Akumulatorowa nitownica do nit\u00f3w zrywalnych AccuBird Pro\"}]},{\"@type\":\"WebSite\",\"@id\":\"https:\\\/\\\/hundtgroup.com\\\/pl\\\/#website\",\"url\":\"https:\\\/\\\/hundtgroup.com\\\/pl\\\/\",\"name\":\"Wilhelm Hundt GmbH\",\"description\":\"Specjalista od maszyn i narz\u0119dzi do obr\u00f3bki blachy\",\"potentialAction\":[{\"@type\":\"SearchAction\",\"target\":{\"@type\":\"EntryPoint\",\"urlTemplate\":\"https:\\\/\\\/hundtgroup.com\\\/pl\\\/?s={search_term_string}\"},\"query-input\":{\"@type\":\"PropertyValueSpecification\",\"valueRequired\":true,\"valueName\":\"search_term_string\"}}],\"inLanguage\":\"pl-PL\"}]}<\/script>\n<!-- \/ Yoast SEO plugin. -->","yoast_head_json":{"title":"Akumulatorowa nitownica do nit\u00f3w zrywalnych AccuBird Pro - Wilhelm Hundt GmbH","robots":{"index":"index","follow":"follow","max-snippet":"max-snippet:-1","max-image-preview":"max-image-preview:large","max-video-preview":"max-video-preview:-1"},"canonical":"https:\/\/hundtgroup.com\/pl\/produkt\/akumulatorowa-nitownica-do-nitow-zrywalnych-accubird-pro\/","og_locale":"pl_PL","og_type":"article","og_title":"Akumulatorowa nitownica do nit\u00f3w zrywalnych AccuBird Pro - Wilhelm Hundt GmbH","og_description":"Do 4 x szybsza ni\u017c standardowe narz\u0119dzia akumulatorowe dost\u0119pne na rynku Mocny i trwa\u0142y silnik BLDC zapewniaj\u0105cy szybkie cykle pracy Skok narz\u0119dzia 25 mm dla d\u0142ugich nit\u00f3w zrywalnych Si\u0142a osadzania 13 kN Zmienne o\u015bwietlenie w pier\u015bcieniu osadzaj\u0105cym Lepsza stabilno\u015b\u0107 dzi\u0119ki wi\u0119kszej, antypo\u015blizgowej podstawie, antypo\u015blizgowej podstawie i ni\u017cej po\u0142o\u017conemu \u015brodkowi ci\u0119\u017cko\u015bci Przyjazna dla d\u0142oni obudowa dzi\u0119ki [&hellip;]","og_url":"https:\/\/hundtgroup.com\/pl\/produkt\/akumulatorowa-nitownica-do-nitow-zrywalnych-accubird-pro\/","og_site_name":"Wilhelm Hundt GmbH","article_modified_time":"2025-08-01T09:56:05+00:00","og_image":[{"width":527,"height":484,"url":"https:\/\/hundtgroup.com\/wp-content\/uploads\/500848.png","type":"image\/png"}],"twitter_card":"summary_large_image","twitter_misc":{"Szacowany czas czytania":"1 minuta"},"schema":{"@context":"https:\/\/schema.org","@graph":[{"@type":"WebPage","@id":"https:\/\/hundtgroup.com\/pl\/produkt\/akumulatorowa-nitownica-do-nitow-zrywalnych-accubird-pro\/","url":"https:\/\/hundtgroup.com\/pl\/produkt\/akumulatorowa-nitownica-do-nitow-zrywalnych-accubird-pro\/","name":"Akumulatorowa nitownica do nit\u00f3w zrywalnych AccuBird Pro - Wilhelm Hundt GmbH","isPartOf":{"@id":"https:\/\/hundtgroup.com\/pl\/#website"},"primaryImageOfPage":{"@id":"https:\/\/hundtgroup.com\/pl\/produkt\/akumulatorowa-nitownica-do-nitow-zrywalnych-accubird-pro\/#primaryimage"},"image":{"@id":"https:\/\/hundtgroup.com\/pl\/produkt\/akumulatorowa-nitownica-do-nitow-zrywalnych-accubird-pro\/#primaryimage"},"thumbnailUrl":"https:\/\/hundtgroup.com\/wp-content\/uploads\/500848.png","datePublished":"2022-10-26T13:59:16+00:00","dateModified":"2025-08-01T09:56:05+00:00","breadcrumb":{"@id":"https:\/\/hundtgroup.com\/pl\/produkt\/akumulatorowa-nitownica-do-nitow-zrywalnych-accubird-pro\/#breadcrumb"},"inLanguage":"pl-PL","potentialAction":[{"@type":"ReadAction","target":["https:\/\/hundtgroup.com\/pl\/produkt\/akumulatorowa-nitownica-do-nitow-zrywalnych-accubird-pro\/"]}]},{"@type":"ImageObject","inLanguage":"pl-PL","@id":"https:\/\/hundtgroup.com\/pl\/produkt\/akumulatorowa-nitownica-do-nitow-zrywalnych-accubird-pro\/#primaryimage","url":"https:\/\/hundtgroup.com\/wp-content\/uploads\/500848.png","contentUrl":"https:\/\/hundtgroup.com\/wp-content\/uploads\/500848.png","width":527,"height":484},{"@type":"BreadcrumbList","@id":"https:\/\/hundtgroup.com\/pl\/produkt\/akumulatorowa-nitownica-do-nitow-zrywalnych-accubird-pro\/#breadcrumb","itemListElement":[{"@type":"ListItem","position":1,"name":"Startseite","item":"https:\/\/hundtgroup.com\/pl\/strona-glowna-nowa\/"},{"@type":"ListItem","position":2,"name":"Sklep","item":"https:\/\/hundtgroup.com\/sklep\/"},{"@type":"ListItem","position":3,"name":"Akumulatorowa nitownica do nit\u00f3w zrywalnych AccuBird Pro"}]},{"@type":"WebSite","@id":"https:\/\/hundtgroup.com\/pl\/#website","url":"https:\/\/hundtgroup.com\/pl\/","name":"Wilhelm Hundt GmbH","description":"Specjalista od maszyn i narz\u0119dzi do obr\u00f3bki blachy","potentialAction":[{"@type":"SearchAction","target":{"@type":"EntryPoint","urlTemplate":"https:\/\/hundtgroup.com\/pl\/?s={search_term_string}"},"query-input":{"@type":"PropertyValueSpecification","valueRequired":true,"valueName":"search_term_string"}}],"inLanguage":"pl-PL"}]}},"_links":{"self":[{"href":"https:\/\/hundtgroup.com\/pl\/wp-json\/wp\/v2\/product\/36690","targetHints":{"allow":["GET"]}}],"collection":[{"href":"https:\/\/hundtgroup.com\/pl\/wp-json\/wp\/v2\/product"}],"about":[{"href":"https:\/\/hundtgroup.com\/pl\/wp-json\/wp\/v2\/types\/product"}],"wp:featuredmedia":[{"embeddable":true,"href":"https:\/\/hundtgroup.com\/pl\/wp-json\/wp\/v2\/media\/7655"}],"wp:attachment":[{"href":"https:\/\/hundtgroup.com\/pl\/wp-json\/wp\/v2\/media?parent=36690"}],"wp:term":[{"taxonomy":"product_cat","embeddable":true,"href":"https:\/\/hundtgroup.com\/pl\/wp-json\/wp\/v2\/product_cat?post=36690"},{"taxonomy":"product_tag","embeddable":true,"href":"https:\/\/hundtgroup.com\/pl\/wp-json\/wp\/v2\/product_tag?post=36690"}],"curies":[{"name":"wp","href":"https:\/\/api.w.org\/{rel}","templated":true}]}}