{"id":36702,"date":"2022-10-26T15:59:16","date_gmt":"2022-10-26T13:59:16","guid":{"rendered":"https:\/\/hundtgroup.com\/produkt\/akumulatorowa-nitownica-do-nitow-zrywalnych-accubird\/"},"modified":"2025-08-01T11:54:57","modified_gmt":"2025-08-01T09:54:57","slug":"akumulatorowa-nitownica-do-nitow-zrywalnych-accubird","status":"publish","type":"product","link":"https:\/\/hundtgroup.com\/pl\/produkt\/akumulatorowa-nitownica-do-nitow-zrywalnych-accubird\/","title":{"rendered":"Akumulatorowa nitownica do nit\u00f3w zrywalnych AccuBird"},"content":{"rendered":"<p>Akumulatorowe narz\u0119dzie do elastycznego zastosowania w monta\u017cu i produkcji przemys\u0142owej<br \/>\nDu\u017ca si\u0142a osadzania dla szerokiego zakresu roboczego do \u015brednicy 5 mm we wszystkich materia\u0142ach<br \/>\nNity zrywalne BULB-TITE o \u015brednicy 4; 5,2 i 6,3 mm z aluminium i stali<br \/>\nWysoka wydajno\u015b\u0107 na jednym \u0142adowaniu akumulatora<br \/>\nDu\u017cy skok narz\u0119dzia 20 mm<\/p>\n","protected":false},"excerpt":{"rendered":"<p>Akumulatorowe narz\u0119dzie do elastycznego zastosowania w monta\u017cu i produkcji przemys\u0142owej Du\u017ca si\u0142a osadzania dla szerokiego zakresu roboczego do \u015brednicy 5 mm we wszystkich materia\u0142ach Nity zrywalne BULB-TITE o \u015brednicy 4; 5,2 i 6,3 mm z aluminium i stali Wysoka wydajno\u015b\u0107 na jednym \u0142adowaniu akumulatora Du\u017cy skok narz\u0119dzia 20 mm<\/p>\n","protected":false},"featured_media":6416,"template":"","meta":{"_acf_changed":false,"inline_featured_image":false},"product_cat":[2851,1014,691,1016,2833],"product_tag":[],"class_list":{"0":"post-36702","1":"product","2":"type-product","3":"status-publish","4":"has-post-thumbnail","6":"brand-gesipa","7":"product_cat-narzedzia-do-nitowania-pl","8":"product_cat-narzedzia-do-nitowania","9":"product_cat-narzedzia-akumulatorowe","10":"product_cat-bateria","11":"product_cat-elastyczna-stalowa-linijka","13":"first","14":"instock","15":"taxable","16":"shipping-taxable","17":"purchasable","18":"product-type-simple","19":"add-to-wishlist-before_image"},"acf":[],"yoast_head":"<!-- This site is optimized with the Yoast SEO plugin v27.3 - https:\/\/yoast.com\/product\/yoast-seo-wordpress\/ -->\n<title>Akumulatorowa nitownica do nit\u00f3w zrywalnych AccuBird - Wilhelm Hundt GmbH<\/title>\n<meta name=\"robots\" content=\"index, follow, max-snippet:-1, max-image-preview:large, max-video-preview:-1\" \/>\n<link rel=\"canonical\" href=\"https:\/\/hundtgroup.com\/pl\/produkt\/akumulatorowa-nitownica-do-nitow-zrywalnych-accubird\/\" \/>\n<meta property=\"og:locale\" content=\"pl_PL\" \/>\n<meta property=\"og:type\" content=\"article\" \/>\n<meta property=\"og:title\" content=\"Akumulatorowa nitownica do nit\u00f3w zrywalnych AccuBird - Wilhelm Hundt GmbH\" \/>\n<meta property=\"og:description\" content=\"Akumulatorowe narz\u0119dzie do elastycznego zastosowania w monta\u017cu i produkcji przemys\u0142owej Du\u017ca si\u0142a osadzania dla szerokiego zakresu roboczego do \u015brednicy 5 mm we wszystkich materia\u0142ach Nity zrywalne BULB-TITE o \u015brednicy 4; 5,2 i 6,3 mm z aluminium i stali Wysoka wydajno\u015b\u0107 na jednym \u0142adowaniu akumulatora Du\u017cy skok narz\u0119dzia 20 mm\" \/>\n<meta property=\"og:url\" content=\"https:\/\/hundtgroup.com\/pl\/produkt\/akumulatorowa-nitownica-do-nitow-zrywalnych-accubird\/\" \/>\n<meta property=\"og:site_name\" content=\"Wilhelm Hundt GmbH\" \/>\n<meta property=\"article:modified_time\" content=\"2025-08-01T09:54:57+00:00\" \/>\n<meta property=\"og:image\" content=\"https:\/\/hundtgroup.com\/wp-content\/uploads\/500849.png\" \/>\n\t<meta property=\"og:image:width\" content=\"447\" \/>\n\t<meta property=\"og:image:height\" content=\"480\" \/>\n\t<meta property=\"og:image:type\" content=\"image\/png\" \/>\n<meta name=\"twitter:card\" content=\"summary_large_image\" \/>\n<script type=\"application\/ld+json\" class=\"yoast-schema-graph\">{\"@context\":\"https:\\\/\\\/schema.org\",\"@graph\":[{\"@type\":\"WebPage\",\"@id\":\"https:\\\/\\\/hundtgroup.com\\\/pl\\\/produkt\\\/akumulatorowa-nitownica-do-nitow-zrywalnych-accubird\\\/\",\"url\":\"https:\\\/\\\/hundtgroup.com\\\/pl\\\/produkt\\\/akumulatorowa-nitownica-do-nitow-zrywalnych-accubird\\\/\",\"name\":\"Akumulatorowa nitownica do nit\u00f3w zrywalnych AccuBird - Wilhelm Hundt GmbH\",\"isPartOf\":{\"@id\":\"https:\\\/\\\/hundtgroup.com\\\/pl\\\/#website\"},\"primaryImageOfPage\":{\"@id\":\"https:\\\/\\\/hundtgroup.com\\\/pl\\\/produkt\\\/akumulatorowa-nitownica-do-nitow-zrywalnych-accubird\\\/#primaryimage\"},\"image\":{\"@id\":\"https:\\\/\\\/hundtgroup.com\\\/pl\\\/produkt\\\/akumulatorowa-nitownica-do-nitow-zrywalnych-accubird\\\/#primaryimage\"},\"thumbnailUrl\":\"https:\\\/\\\/hundtgroup.com\\\/wp-content\\\/uploads\\\/500849.png\",\"datePublished\":\"2022-10-26T13:59:16+00:00\",\"dateModified\":\"2025-08-01T09:54:57+00:00\",\"breadcrumb\":{\"@id\":\"https:\\\/\\\/hundtgroup.com\\\/pl\\\/produkt\\\/akumulatorowa-nitownica-do-nitow-zrywalnych-accubird\\\/#breadcrumb\"},\"inLanguage\":\"pl-PL\",\"potentialAction\":[{\"@type\":\"ReadAction\",\"target\":[\"https:\\\/\\\/hundtgroup.com\\\/pl\\\/produkt\\\/akumulatorowa-nitownica-do-nitow-zrywalnych-accubird\\\/\"]}]},{\"@type\":\"ImageObject\",\"inLanguage\":\"pl-PL\",\"@id\":\"https:\\\/\\\/hundtgroup.com\\\/pl\\\/produkt\\\/akumulatorowa-nitownica-do-nitow-zrywalnych-accubird\\\/#primaryimage\",\"url\":\"https:\\\/\\\/hundtgroup.com\\\/wp-content\\\/uploads\\\/500849.png\",\"contentUrl\":\"https:\\\/\\\/hundtgroup.com\\\/wp-content\\\/uploads\\\/500849.png\",\"width\":447,\"height\":480},{\"@type\":\"BreadcrumbList\",\"@id\":\"https:\\\/\\\/hundtgroup.com\\\/pl\\\/produkt\\\/akumulatorowa-nitownica-do-nitow-zrywalnych-accubird\\\/#breadcrumb\",\"itemListElement\":[{\"@type\":\"ListItem\",\"position\":1,\"name\":\"Startseite\",\"item\":\"https:\\\/\\\/hundtgroup.com\\\/pl\\\/strona-glowna-nowa\\\/\"},{\"@type\":\"ListItem\",\"position\":2,\"name\":\"Sklep\",\"item\":\"https:\\\/\\\/hundtgroup.com\\\/sklep\\\/\"},{\"@type\":\"ListItem\",\"position\":3,\"name\":\"Akumulatorowa nitownica do nit\u00f3w zrywalnych AccuBird\"}]},{\"@type\":\"WebSite\",\"@id\":\"https:\\\/\\\/hundtgroup.com\\\/pl\\\/#website\",\"url\":\"https:\\\/\\\/hundtgroup.com\\\/pl\\\/\",\"name\":\"Wilhelm Hundt GmbH\",\"description\":\"Specjalista od maszyn i narz\u0119dzi do obr\u00f3bki blachy\",\"potentialAction\":[{\"@type\":\"SearchAction\",\"target\":{\"@type\":\"EntryPoint\",\"urlTemplate\":\"https:\\\/\\\/hundtgroup.com\\\/pl\\\/?s={search_term_string}\"},\"query-input\":{\"@type\":\"PropertyValueSpecification\",\"valueRequired\":true,\"valueName\":\"search_term_string\"}}],\"inLanguage\":\"pl-PL\"}]}<\/script>\n<!-- \/ Yoast SEO plugin. -->","yoast_head_json":{"title":"Akumulatorowa nitownica do nit\u00f3w zrywalnych AccuBird - Wilhelm Hundt GmbH","robots":{"index":"index","follow":"follow","max-snippet":"max-snippet:-1","max-image-preview":"max-image-preview:large","max-video-preview":"max-video-preview:-1"},"canonical":"https:\/\/hundtgroup.com\/pl\/produkt\/akumulatorowa-nitownica-do-nitow-zrywalnych-accubird\/","og_locale":"pl_PL","og_type":"article","og_title":"Akumulatorowa nitownica do nit\u00f3w zrywalnych AccuBird - Wilhelm Hundt GmbH","og_description":"Akumulatorowe narz\u0119dzie do elastycznego zastosowania w monta\u017cu i produkcji przemys\u0142owej Du\u017ca si\u0142a osadzania dla szerokiego zakresu roboczego do \u015brednicy 5 mm we wszystkich materia\u0142ach Nity zrywalne BULB-TITE o \u015brednicy 4; 5,2 i 6,3 mm z aluminium i stali Wysoka wydajno\u015b\u0107 na jednym \u0142adowaniu akumulatora Du\u017cy skok narz\u0119dzia 20 mm","og_url":"https:\/\/hundtgroup.com\/pl\/produkt\/akumulatorowa-nitownica-do-nitow-zrywalnych-accubird\/","og_site_name":"Wilhelm Hundt GmbH","article_modified_time":"2025-08-01T09:54:57+00:00","og_image":[{"width":447,"height":480,"url":"https:\/\/hundtgroup.com\/wp-content\/uploads\/500849.png","type":"image\/png"}],"twitter_card":"summary_large_image","schema":{"@context":"https:\/\/schema.org","@graph":[{"@type":"WebPage","@id":"https:\/\/hundtgroup.com\/pl\/produkt\/akumulatorowa-nitownica-do-nitow-zrywalnych-accubird\/","url":"https:\/\/hundtgroup.com\/pl\/produkt\/akumulatorowa-nitownica-do-nitow-zrywalnych-accubird\/","name":"Akumulatorowa nitownica do nit\u00f3w zrywalnych AccuBird - Wilhelm Hundt GmbH","isPartOf":{"@id":"https:\/\/hundtgroup.com\/pl\/#website"},"primaryImageOfPage":{"@id":"https:\/\/hundtgroup.com\/pl\/produkt\/akumulatorowa-nitownica-do-nitow-zrywalnych-accubird\/#primaryimage"},"image":{"@id":"https:\/\/hundtgroup.com\/pl\/produkt\/akumulatorowa-nitownica-do-nitow-zrywalnych-accubird\/#primaryimage"},"thumbnailUrl":"https:\/\/hundtgroup.com\/wp-content\/uploads\/500849.png","datePublished":"2022-10-26T13:59:16+00:00","dateModified":"2025-08-01T09:54:57+00:00","breadcrumb":{"@id":"https:\/\/hundtgroup.com\/pl\/produkt\/akumulatorowa-nitownica-do-nitow-zrywalnych-accubird\/#breadcrumb"},"inLanguage":"pl-PL","potentialAction":[{"@type":"ReadAction","target":["https:\/\/hundtgroup.com\/pl\/produkt\/akumulatorowa-nitownica-do-nitow-zrywalnych-accubird\/"]}]},{"@type":"ImageObject","inLanguage":"pl-PL","@id":"https:\/\/hundtgroup.com\/pl\/produkt\/akumulatorowa-nitownica-do-nitow-zrywalnych-accubird\/#primaryimage","url":"https:\/\/hundtgroup.com\/wp-content\/uploads\/500849.png","contentUrl":"https:\/\/hundtgroup.com\/wp-content\/uploads\/500849.png","width":447,"height":480},{"@type":"BreadcrumbList","@id":"https:\/\/hundtgroup.com\/pl\/produkt\/akumulatorowa-nitownica-do-nitow-zrywalnych-accubird\/#breadcrumb","itemListElement":[{"@type":"ListItem","position":1,"name":"Startseite","item":"https:\/\/hundtgroup.com\/pl\/strona-glowna-nowa\/"},{"@type":"ListItem","position":2,"name":"Sklep","item":"https:\/\/hundtgroup.com\/sklep\/"},{"@type":"ListItem","position":3,"name":"Akumulatorowa nitownica do nit\u00f3w zrywalnych AccuBird"}]},{"@type":"WebSite","@id":"https:\/\/hundtgroup.com\/pl\/#website","url":"https:\/\/hundtgroup.com\/pl\/","name":"Wilhelm Hundt GmbH","description":"Specjalista od maszyn i narz\u0119dzi do obr\u00f3bki blachy","potentialAction":[{"@type":"SearchAction","target":{"@type":"EntryPoint","urlTemplate":"https:\/\/hundtgroup.com\/pl\/?s={search_term_string}"},"query-input":{"@type":"PropertyValueSpecification","valueRequired":true,"valueName":"search_term_string"}}],"inLanguage":"pl-PL"}]}},"_links":{"self":[{"href":"https:\/\/hundtgroup.com\/pl\/wp-json\/wp\/v2\/product\/36702","targetHints":{"allow":["GET"]}}],"collection":[{"href":"https:\/\/hundtgroup.com\/pl\/wp-json\/wp\/v2\/product"}],"about":[{"href":"https:\/\/hundtgroup.com\/pl\/wp-json\/wp\/v2\/types\/product"}],"wp:featuredmedia":[{"embeddable":true,"href":"https:\/\/hundtgroup.com\/pl\/wp-json\/wp\/v2\/media\/6416"}],"wp:attachment":[{"href":"https:\/\/hundtgroup.com\/pl\/wp-json\/wp\/v2\/media?parent=36702"}],"wp:term":[{"taxonomy":"product_cat","embeddable":true,"href":"https:\/\/hundtgroup.com\/pl\/wp-json\/wp\/v2\/product_cat?post=36702"},{"taxonomy":"product_tag","embeddable":true,"href":"https:\/\/hundtgroup.com\/pl\/wp-json\/wp\/v2\/product_tag?post=36702"}],"curies":[{"name":"wp","href":"https:\/\/api.w.org\/{rel}","templated":true}]}}