{"id":37051,"date":"2022-10-26T16:00:00","date_gmt":"2022-10-26T14:00:00","guid":{"rendered":"https:\/\/hundtgroup.com\/produkt\/szczeki-zaciskowe-dla-zero\/"},"modified":"2025-07-29T14:02:54","modified_gmt":"2025-07-29T12:02:54","slug":"szczeki-zaciskowe-dla-zero","status":"publish","type":"product","link":"https:\/\/hundtgroup.com\/pl\/produkt\/szczeki-zaciskowe-dla-zero\/","title":{"rendered":"Szcz\u0119ki zaciskowe dla ZERO"},"content":{"rendered":"<p>Zestaw 2 sztuk<\/p>\n<p>odpowiedni dla urz\u0105dze\u0144:<br \/>\ndla BZ 2 \/ BZ 44 \/ RivSmart \/ RivSmart eBZ ZERO S \/ Rivdom ZERO \/ Rivdom eBZ ZERO<\/p>\n","protected":false},"excerpt":{"rendered":"<p>Zestaw 2 sztuk odpowiedni dla urz\u0105dze\u0144: dla BZ 2 \/ BZ 44 \/ RivSmart \/ RivSmart eBZ ZERO S \/ Rivdom ZERO \/ Rivdom eBZ ZERO<\/p>\n","protected":false},"featured_media":11210,"template":"","meta":{"_acf_changed":false,"inline_featured_image":false},"product_cat":[1040,1014,1045],"product_tag":[],"class_list":{"0":"post-37051","1":"product","2":"type-product","3":"status-publish","4":"has-post-thumbnail","6":"brand-honsel","7":"product_cat-akcesoria","8":"product_cat-narzedzia-do-nitowania","9":"product_cat-szczeki-zaciskowe","11":"first","12":"instock","13":"taxable","14":"shipping-taxable","15":"purchasable","16":"product-type-simple","17":"add-to-wishlist-before_image"},"acf":[],"yoast_head":"<!-- This site is optimized with the Yoast SEO plugin v27.3 - https:\/\/yoast.com\/product\/yoast-seo-wordpress\/ -->\n<title>Szcz\u0119ki zaciskowe dla ZERO - Wilhelm Hundt GmbH<\/title>\n<meta name=\"robots\" content=\"index, follow, max-snippet:-1, max-image-preview:large, max-video-preview:-1\" \/>\n<link rel=\"canonical\" href=\"https:\/\/hundtgroup.com\/pl\/produkt\/szczeki-zaciskowe-dla-zero\/\" \/>\n<meta property=\"og:locale\" content=\"pl_PL\" \/>\n<meta property=\"og:type\" content=\"article\" \/>\n<meta property=\"og:title\" content=\"Szcz\u0119ki zaciskowe dla ZERO - Wilhelm Hundt GmbH\" \/>\n<meta property=\"og:description\" content=\"Zestaw 2 sztuk odpowiedni dla urz\u0105dze\u0144: dla BZ 2 \/ BZ 44 \/ RivSmart \/ RivSmart eBZ ZERO S \/ Rivdom ZERO \/ Rivdom eBZ ZERO\" \/>\n<meta property=\"og:url\" content=\"https:\/\/hundtgroup.com\/pl\/produkt\/szczeki-zaciskowe-dla-zero\/\" \/>\n<meta property=\"og:site_name\" content=\"Wilhelm Hundt GmbH\" \/>\n<meta property=\"article:modified_time\" content=\"2025-07-29T12:02:54+00:00\" \/>\n<meta property=\"og:image\" content=\"https:\/\/hundtgroup.com\/wp-content\/uploads\/500307.jpg\" \/>\n\t<meta property=\"og:image:width\" content=\"369\" \/>\n\t<meta property=\"og:image:height\" content=\"326\" \/>\n\t<meta property=\"og:image:type\" content=\"image\/jpeg\" \/>\n<meta name=\"twitter:card\" content=\"summary_large_image\" \/>\n<script type=\"application\/ld+json\" class=\"yoast-schema-graph\">{\"@context\":\"https:\\\/\\\/schema.org\",\"@graph\":[{\"@type\":\"WebPage\",\"@id\":\"https:\\\/\\\/hundtgroup.com\\\/pl\\\/produkt\\\/szczeki-zaciskowe-dla-zero\\\/\",\"url\":\"https:\\\/\\\/hundtgroup.com\\\/pl\\\/produkt\\\/szczeki-zaciskowe-dla-zero\\\/\",\"name\":\"Szcz\u0119ki zaciskowe dla ZERO - Wilhelm Hundt GmbH\",\"isPartOf\":{\"@id\":\"https:\\\/\\\/hundtgroup.com\\\/pl\\\/#website\"},\"primaryImageOfPage\":{\"@id\":\"https:\\\/\\\/hundtgroup.com\\\/pl\\\/produkt\\\/szczeki-zaciskowe-dla-zero\\\/#primaryimage\"},\"image\":{\"@id\":\"https:\\\/\\\/hundtgroup.com\\\/pl\\\/produkt\\\/szczeki-zaciskowe-dla-zero\\\/#primaryimage\"},\"thumbnailUrl\":\"https:\\\/\\\/hundtgroup.com\\\/wp-content\\\/uploads\\\/500307.jpg\",\"datePublished\":\"2022-10-26T14:00:00+00:00\",\"dateModified\":\"2025-07-29T12:02:54+00:00\",\"breadcrumb\":{\"@id\":\"https:\\\/\\\/hundtgroup.com\\\/pl\\\/produkt\\\/szczeki-zaciskowe-dla-zero\\\/#breadcrumb\"},\"inLanguage\":\"pl-PL\",\"potentialAction\":[{\"@type\":\"ReadAction\",\"target\":[\"https:\\\/\\\/hundtgroup.com\\\/pl\\\/produkt\\\/szczeki-zaciskowe-dla-zero\\\/\"]}]},{\"@type\":\"ImageObject\",\"inLanguage\":\"pl-PL\",\"@id\":\"https:\\\/\\\/hundtgroup.com\\\/pl\\\/produkt\\\/szczeki-zaciskowe-dla-zero\\\/#primaryimage\",\"url\":\"https:\\\/\\\/hundtgroup.com\\\/wp-content\\\/uploads\\\/500307.jpg\",\"contentUrl\":\"https:\\\/\\\/hundtgroup.com\\\/wp-content\\\/uploads\\\/500307.jpg\",\"width\":369,\"height\":326},{\"@type\":\"BreadcrumbList\",\"@id\":\"https:\\\/\\\/hundtgroup.com\\\/pl\\\/produkt\\\/szczeki-zaciskowe-dla-zero\\\/#breadcrumb\",\"itemListElement\":[{\"@type\":\"ListItem\",\"position\":1,\"name\":\"Startseite\",\"item\":\"https:\\\/\\\/hundtgroup.com\\\/pl\\\/strona-glowna-nowa\\\/\"},{\"@type\":\"ListItem\",\"position\":2,\"name\":\"Sklep\",\"item\":\"https:\\\/\\\/hundtgroup.com\\\/sklep\\\/\"},{\"@type\":\"ListItem\",\"position\":3,\"name\":\"Szcz\u0119ki zaciskowe dla ZERO\"}]},{\"@type\":\"WebSite\",\"@id\":\"https:\\\/\\\/hundtgroup.com\\\/pl\\\/#website\",\"url\":\"https:\\\/\\\/hundtgroup.com\\\/pl\\\/\",\"name\":\"Wilhelm Hundt GmbH\",\"description\":\"Specjalista od maszyn i narz\u0119dzi do obr\u00f3bki blachy\",\"potentialAction\":[{\"@type\":\"SearchAction\",\"target\":{\"@type\":\"EntryPoint\",\"urlTemplate\":\"https:\\\/\\\/hundtgroup.com\\\/pl\\\/?s={search_term_string}\"},\"query-input\":{\"@type\":\"PropertyValueSpecification\",\"valueRequired\":true,\"valueName\":\"search_term_string\"}}],\"inLanguage\":\"pl-PL\"}]}<\/script>\n<!-- \/ Yoast SEO plugin. -->","yoast_head_json":{"title":"Szcz\u0119ki zaciskowe dla ZERO - Wilhelm Hundt GmbH","robots":{"index":"index","follow":"follow","max-snippet":"max-snippet:-1","max-image-preview":"max-image-preview:large","max-video-preview":"max-video-preview:-1"},"canonical":"https:\/\/hundtgroup.com\/pl\/produkt\/szczeki-zaciskowe-dla-zero\/","og_locale":"pl_PL","og_type":"article","og_title":"Szcz\u0119ki zaciskowe dla ZERO - Wilhelm Hundt GmbH","og_description":"Zestaw 2 sztuk odpowiedni dla urz\u0105dze\u0144: dla BZ 2 \/ BZ 44 \/ RivSmart \/ RivSmart eBZ ZERO S \/ Rivdom ZERO \/ Rivdom eBZ ZERO","og_url":"https:\/\/hundtgroup.com\/pl\/produkt\/szczeki-zaciskowe-dla-zero\/","og_site_name":"Wilhelm Hundt GmbH","article_modified_time":"2025-07-29T12:02:54+00:00","og_image":[{"width":369,"height":326,"url":"https:\/\/hundtgroup.com\/wp-content\/uploads\/500307.jpg","type":"image\/jpeg"}],"twitter_card":"summary_large_image","schema":{"@context":"https:\/\/schema.org","@graph":[{"@type":"WebPage","@id":"https:\/\/hundtgroup.com\/pl\/produkt\/szczeki-zaciskowe-dla-zero\/","url":"https:\/\/hundtgroup.com\/pl\/produkt\/szczeki-zaciskowe-dla-zero\/","name":"Szcz\u0119ki zaciskowe dla ZERO - Wilhelm Hundt GmbH","isPartOf":{"@id":"https:\/\/hundtgroup.com\/pl\/#website"},"primaryImageOfPage":{"@id":"https:\/\/hundtgroup.com\/pl\/produkt\/szczeki-zaciskowe-dla-zero\/#primaryimage"},"image":{"@id":"https:\/\/hundtgroup.com\/pl\/produkt\/szczeki-zaciskowe-dla-zero\/#primaryimage"},"thumbnailUrl":"https:\/\/hundtgroup.com\/wp-content\/uploads\/500307.jpg","datePublished":"2022-10-26T14:00:00+00:00","dateModified":"2025-07-29T12:02:54+00:00","breadcrumb":{"@id":"https:\/\/hundtgroup.com\/pl\/produkt\/szczeki-zaciskowe-dla-zero\/#breadcrumb"},"inLanguage":"pl-PL","potentialAction":[{"@type":"ReadAction","target":["https:\/\/hundtgroup.com\/pl\/produkt\/szczeki-zaciskowe-dla-zero\/"]}]},{"@type":"ImageObject","inLanguage":"pl-PL","@id":"https:\/\/hundtgroup.com\/pl\/produkt\/szczeki-zaciskowe-dla-zero\/#primaryimage","url":"https:\/\/hundtgroup.com\/wp-content\/uploads\/500307.jpg","contentUrl":"https:\/\/hundtgroup.com\/wp-content\/uploads\/500307.jpg","width":369,"height":326},{"@type":"BreadcrumbList","@id":"https:\/\/hundtgroup.com\/pl\/produkt\/szczeki-zaciskowe-dla-zero\/#breadcrumb","itemListElement":[{"@type":"ListItem","position":1,"name":"Startseite","item":"https:\/\/hundtgroup.com\/pl\/strona-glowna-nowa\/"},{"@type":"ListItem","position":2,"name":"Sklep","item":"https:\/\/hundtgroup.com\/sklep\/"},{"@type":"ListItem","position":3,"name":"Szcz\u0119ki zaciskowe dla ZERO"}]},{"@type":"WebSite","@id":"https:\/\/hundtgroup.com\/pl\/#website","url":"https:\/\/hundtgroup.com\/pl\/","name":"Wilhelm Hundt GmbH","description":"Specjalista od maszyn i narz\u0119dzi do obr\u00f3bki blachy","potentialAction":[{"@type":"SearchAction","target":{"@type":"EntryPoint","urlTemplate":"https:\/\/hundtgroup.com\/pl\/?s={search_term_string}"},"query-input":{"@type":"PropertyValueSpecification","valueRequired":true,"valueName":"search_term_string"}}],"inLanguage":"pl-PL"}]}},"_links":{"self":[{"href":"https:\/\/hundtgroup.com\/pl\/wp-json\/wp\/v2\/product\/37051","targetHints":{"allow":["GET"]}}],"collection":[{"href":"https:\/\/hundtgroup.com\/pl\/wp-json\/wp\/v2\/product"}],"about":[{"href":"https:\/\/hundtgroup.com\/pl\/wp-json\/wp\/v2\/types\/product"}],"wp:featuredmedia":[{"embeddable":true,"href":"https:\/\/hundtgroup.com\/pl\/wp-json\/wp\/v2\/media\/11210"}],"wp:attachment":[{"href":"https:\/\/hundtgroup.com\/pl\/wp-json\/wp\/v2\/media?parent=37051"}],"wp:term":[{"taxonomy":"product_cat","embeddable":true,"href":"https:\/\/hundtgroup.com\/pl\/wp-json\/wp\/v2\/product_cat?post=37051"},{"taxonomy":"product_tag","embeddable":true,"href":"https:\/\/hundtgroup.com\/pl\/wp-json\/wp\/v2\/product_tag?post=37051"}],"curies":[{"name":"wp","href":"https:\/\/api.w.org\/{rel}","templated":true}]}}