{"id":38134,"date":"2025-06-18T18:31:39","date_gmt":"2025-06-18T16:31:39","guid":{"rendered":"https:\/\/hundtgroup.com\/produkt\/akumulatorowa-szlifierka-katowa-makita-dga511z-18-v\/"},"modified":"2025-07-29T14:29:29","modified_gmt":"2025-07-29T12:29:29","slug":"akumulatorowa-szlifierka-katowa-makita-dga511z-18-v","status":"publish","type":"product","link":"https:\/\/hundtgroup.com\/pl\/produkt\/akumulatorowa-szlifierka-katowa-makita-dga511z-18-v\/","title":{"rendered":"Akumulatorowa szlifierka k\u0105towa Makita DGA511Z 18 V"},"content":{"rendered":"<p>Bardzo por\u0119czna akumulatorowa szlifierka k\u0105towa z nap\u0119dem 18 V i tarcz\u0105 o \u015brednicy maks. 125 mm do wymagaj\u0105cych, profesjonalnych zastosowa\u0144. Wyposa\u017cona w AFT i ADT. Pr\u0119dko\u015b\u0107 obrotowa regulowana elektronicznie. Z zabezpieczeniem przed ponownym uruchomieniem.    <\/p>\n","protected":false},"excerpt":{"rendered":"<p>Bardzo por\u0119czna akumulatorowa szlifierka k\u0105towa z nap\u0119dem 18 V i tarcz\u0105 o \u015brednicy maks. 125 mm do wymagaj\u0105cych, profesjonalnych zastosowa\u0144. Wyposa\u017cona w AFT i ADT. Pr\u0119dko\u015b\u0107 obrotowa regulowana elektronicznie. Z zabezpieczeniem przed ponownym uruchomieniem.<\/p>\n","protected":false},"featured_media":11553,"template":"","meta":{"_acf_changed":false,"inline_featured_image":false},"product_cat":[691,1100],"product_tag":[],"class_list":{"0":"post-38134","1":"product","2":"type-product","3":"status-publish","4":"has-post-thumbnail","6":"brand-makita","7":"product_cat-narzedzia-akumulatorowe","8":"product_cat-szlifierka-katowa","10":"first","11":"instock","12":"taxable","13":"shipping-taxable","14":"purchasable","15":"product-type-simple","16":"add-to-wishlist-before_image"},"acf":[],"yoast_head":"<!-- This site is optimized with the Yoast SEO plugin v27.3 - https:\/\/yoast.com\/product\/yoast-seo-wordpress\/ -->\n<title>Akumulatorowa szlifierka k\u0105towa Makita DGA511Z 18 V - Wilhelm Hundt GmbH<\/title>\n<meta name=\"robots\" content=\"index, follow, max-snippet:-1, max-image-preview:large, max-video-preview:-1\" \/>\n<link rel=\"canonical\" href=\"https:\/\/hundtgroup.com\/pl\/produkt\/akumulatorowa-szlifierka-katowa-makita-dga511z-18-v\/\" \/>\n<meta property=\"og:locale\" content=\"pl_PL\" \/>\n<meta property=\"og:type\" content=\"article\" \/>\n<meta property=\"og:title\" content=\"Akumulatorowa szlifierka k\u0105towa Makita DGA511Z 18 V - Wilhelm Hundt GmbH\" \/>\n<meta property=\"og:description\" content=\"Bardzo por\u0119czna akumulatorowa szlifierka k\u0105towa z nap\u0119dem 18 V i tarcz\u0105 o \u015brednicy maks. 125 mm do wymagaj\u0105cych, profesjonalnych zastosowa\u0144. Wyposa\u017cona w AFT i ADT. Pr\u0119dko\u015b\u0107 obrotowa regulowana elektronicznie. Z zabezpieczeniem przed ponownym uruchomieniem.\" \/>\n<meta property=\"og:url\" content=\"https:\/\/hundtgroup.com\/pl\/produkt\/akumulatorowa-szlifierka-katowa-makita-dga511z-18-v\/\" \/>\n<meta property=\"og:site_name\" content=\"Wilhelm Hundt GmbH\" \/>\n<meta property=\"article:modified_time\" content=\"2025-07-29T12:29:29+00:00\" \/>\n<meta property=\"og:image\" content=\"https:\/\/hundtgroup.com\/wp-content\/uploads\/350812.jpg\" \/>\n\t<meta property=\"og:image:width\" content=\"1000\" \/>\n\t<meta property=\"og:image:height\" content=\"857\" \/>\n\t<meta property=\"og:image:type\" content=\"image\/jpeg\" \/>\n<meta name=\"twitter:card\" content=\"summary_large_image\" \/>\n<script type=\"application\/ld+json\" class=\"yoast-schema-graph\">{\"@context\":\"https:\\\/\\\/schema.org\",\"@graph\":[{\"@type\":\"WebPage\",\"@id\":\"https:\\\/\\\/hundtgroup.com\\\/pl\\\/produkt\\\/akumulatorowa-szlifierka-katowa-makita-dga511z-18-v\\\/\",\"url\":\"https:\\\/\\\/hundtgroup.com\\\/pl\\\/produkt\\\/akumulatorowa-szlifierka-katowa-makita-dga511z-18-v\\\/\",\"name\":\"Akumulatorowa szlifierka k\u0105towa Makita DGA511Z 18 V - Wilhelm Hundt GmbH\",\"isPartOf\":{\"@id\":\"https:\\\/\\\/hundtgroup.com\\\/pl\\\/#website\"},\"primaryImageOfPage\":{\"@id\":\"https:\\\/\\\/hundtgroup.com\\\/pl\\\/produkt\\\/akumulatorowa-szlifierka-katowa-makita-dga511z-18-v\\\/#primaryimage\"},\"image\":{\"@id\":\"https:\\\/\\\/hundtgroup.com\\\/pl\\\/produkt\\\/akumulatorowa-szlifierka-katowa-makita-dga511z-18-v\\\/#primaryimage\"},\"thumbnailUrl\":\"https:\\\/\\\/hundtgroup.com\\\/wp-content\\\/uploads\\\/350812.jpg\",\"datePublished\":\"2025-06-18T16:31:39+00:00\",\"dateModified\":\"2025-07-29T12:29:29+00:00\",\"breadcrumb\":{\"@id\":\"https:\\\/\\\/hundtgroup.com\\\/pl\\\/produkt\\\/akumulatorowa-szlifierka-katowa-makita-dga511z-18-v\\\/#breadcrumb\"},\"inLanguage\":\"pl-PL\",\"potentialAction\":[{\"@type\":\"ReadAction\",\"target\":[\"https:\\\/\\\/hundtgroup.com\\\/pl\\\/produkt\\\/akumulatorowa-szlifierka-katowa-makita-dga511z-18-v\\\/\"]}]},{\"@type\":\"ImageObject\",\"inLanguage\":\"pl-PL\",\"@id\":\"https:\\\/\\\/hundtgroup.com\\\/pl\\\/produkt\\\/akumulatorowa-szlifierka-katowa-makita-dga511z-18-v\\\/#primaryimage\",\"url\":\"https:\\\/\\\/hundtgroup.com\\\/wp-content\\\/uploads\\\/350812.jpg\",\"contentUrl\":\"https:\\\/\\\/hundtgroup.com\\\/wp-content\\\/uploads\\\/350812.jpg\",\"width\":1000,\"height\":857},{\"@type\":\"BreadcrumbList\",\"@id\":\"https:\\\/\\\/hundtgroup.com\\\/pl\\\/produkt\\\/akumulatorowa-szlifierka-katowa-makita-dga511z-18-v\\\/#breadcrumb\",\"itemListElement\":[{\"@type\":\"ListItem\",\"position\":1,\"name\":\"Startseite\",\"item\":\"https:\\\/\\\/hundtgroup.com\\\/pl\\\/strona-glowna-nowa\\\/\"},{\"@type\":\"ListItem\",\"position\":2,\"name\":\"Sklep\",\"item\":\"https:\\\/\\\/hundtgroup.com\\\/sklep\\\/\"},{\"@type\":\"ListItem\",\"position\":3,\"name\":\"Akumulatorowa szlifierka k\u0105towa Makita DGA511Z 18 V\"}]},{\"@type\":\"WebSite\",\"@id\":\"https:\\\/\\\/hundtgroup.com\\\/pl\\\/#website\",\"url\":\"https:\\\/\\\/hundtgroup.com\\\/pl\\\/\",\"name\":\"Wilhelm Hundt GmbH\",\"description\":\"Specjalista od maszyn i narz\u0119dzi do obr\u00f3bki blachy\",\"potentialAction\":[{\"@type\":\"SearchAction\",\"target\":{\"@type\":\"EntryPoint\",\"urlTemplate\":\"https:\\\/\\\/hundtgroup.com\\\/pl\\\/?s={search_term_string}\"},\"query-input\":{\"@type\":\"PropertyValueSpecification\",\"valueRequired\":true,\"valueName\":\"search_term_string\"}}],\"inLanguage\":\"pl-PL\"}]}<\/script>\n<!-- \/ Yoast SEO plugin. -->","yoast_head_json":{"title":"Akumulatorowa szlifierka k\u0105towa Makita DGA511Z 18 V - Wilhelm Hundt GmbH","robots":{"index":"index","follow":"follow","max-snippet":"max-snippet:-1","max-image-preview":"max-image-preview:large","max-video-preview":"max-video-preview:-1"},"canonical":"https:\/\/hundtgroup.com\/pl\/produkt\/akumulatorowa-szlifierka-katowa-makita-dga511z-18-v\/","og_locale":"pl_PL","og_type":"article","og_title":"Akumulatorowa szlifierka k\u0105towa Makita DGA511Z 18 V - Wilhelm Hundt GmbH","og_description":"Bardzo por\u0119czna akumulatorowa szlifierka k\u0105towa z nap\u0119dem 18 V i tarcz\u0105 o \u015brednicy maks. 125 mm do wymagaj\u0105cych, profesjonalnych zastosowa\u0144. Wyposa\u017cona w AFT i ADT. Pr\u0119dko\u015b\u0107 obrotowa regulowana elektronicznie. Z zabezpieczeniem przed ponownym uruchomieniem.","og_url":"https:\/\/hundtgroup.com\/pl\/produkt\/akumulatorowa-szlifierka-katowa-makita-dga511z-18-v\/","og_site_name":"Wilhelm Hundt GmbH","article_modified_time":"2025-07-29T12:29:29+00:00","og_image":[{"width":1000,"height":857,"url":"https:\/\/hundtgroup.com\/wp-content\/uploads\/350812.jpg","type":"image\/jpeg"}],"twitter_card":"summary_large_image","schema":{"@context":"https:\/\/schema.org","@graph":[{"@type":"WebPage","@id":"https:\/\/hundtgroup.com\/pl\/produkt\/akumulatorowa-szlifierka-katowa-makita-dga511z-18-v\/","url":"https:\/\/hundtgroup.com\/pl\/produkt\/akumulatorowa-szlifierka-katowa-makita-dga511z-18-v\/","name":"Akumulatorowa szlifierka k\u0105towa Makita DGA511Z 18 V - Wilhelm Hundt GmbH","isPartOf":{"@id":"https:\/\/hundtgroup.com\/pl\/#website"},"primaryImageOfPage":{"@id":"https:\/\/hundtgroup.com\/pl\/produkt\/akumulatorowa-szlifierka-katowa-makita-dga511z-18-v\/#primaryimage"},"image":{"@id":"https:\/\/hundtgroup.com\/pl\/produkt\/akumulatorowa-szlifierka-katowa-makita-dga511z-18-v\/#primaryimage"},"thumbnailUrl":"https:\/\/hundtgroup.com\/wp-content\/uploads\/350812.jpg","datePublished":"2025-06-18T16:31:39+00:00","dateModified":"2025-07-29T12:29:29+00:00","breadcrumb":{"@id":"https:\/\/hundtgroup.com\/pl\/produkt\/akumulatorowa-szlifierka-katowa-makita-dga511z-18-v\/#breadcrumb"},"inLanguage":"pl-PL","potentialAction":[{"@type":"ReadAction","target":["https:\/\/hundtgroup.com\/pl\/produkt\/akumulatorowa-szlifierka-katowa-makita-dga511z-18-v\/"]}]},{"@type":"ImageObject","inLanguage":"pl-PL","@id":"https:\/\/hundtgroup.com\/pl\/produkt\/akumulatorowa-szlifierka-katowa-makita-dga511z-18-v\/#primaryimage","url":"https:\/\/hundtgroup.com\/wp-content\/uploads\/350812.jpg","contentUrl":"https:\/\/hundtgroup.com\/wp-content\/uploads\/350812.jpg","width":1000,"height":857},{"@type":"BreadcrumbList","@id":"https:\/\/hundtgroup.com\/pl\/produkt\/akumulatorowa-szlifierka-katowa-makita-dga511z-18-v\/#breadcrumb","itemListElement":[{"@type":"ListItem","position":1,"name":"Startseite","item":"https:\/\/hundtgroup.com\/pl\/strona-glowna-nowa\/"},{"@type":"ListItem","position":2,"name":"Sklep","item":"https:\/\/hundtgroup.com\/sklep\/"},{"@type":"ListItem","position":3,"name":"Akumulatorowa szlifierka k\u0105towa Makita DGA511Z 18 V"}]},{"@type":"WebSite","@id":"https:\/\/hundtgroup.com\/pl\/#website","url":"https:\/\/hundtgroup.com\/pl\/","name":"Wilhelm Hundt GmbH","description":"Specjalista od maszyn i narz\u0119dzi do obr\u00f3bki blachy","potentialAction":[{"@type":"SearchAction","target":{"@type":"EntryPoint","urlTemplate":"https:\/\/hundtgroup.com\/pl\/?s={search_term_string}"},"query-input":{"@type":"PropertyValueSpecification","valueRequired":true,"valueName":"search_term_string"}}],"inLanguage":"pl-PL"}]}},"_links":{"self":[{"href":"https:\/\/hundtgroup.com\/pl\/wp-json\/wp\/v2\/product\/38134","targetHints":{"allow":["GET"]}}],"collection":[{"href":"https:\/\/hundtgroup.com\/pl\/wp-json\/wp\/v2\/product"}],"about":[{"href":"https:\/\/hundtgroup.com\/pl\/wp-json\/wp\/v2\/types\/product"}],"wp:featuredmedia":[{"embeddable":true,"href":"https:\/\/hundtgroup.com\/pl\/wp-json\/wp\/v2\/media\/11553"}],"wp:attachment":[{"href":"https:\/\/hundtgroup.com\/pl\/wp-json\/wp\/v2\/media?parent=38134"}],"wp:term":[{"taxonomy":"product_cat","embeddable":true,"href":"https:\/\/hundtgroup.com\/pl\/wp-json\/wp\/v2\/product_cat?post=38134"},{"taxonomy":"product_tag","embeddable":true,"href":"https:\/\/hundtgroup.com\/pl\/wp-json\/wp\/v2\/product_tag?post=38134"}],"curies":[{"name":"wp","href":"https:\/\/api.w.org\/{rel}","templated":true}]}}