{"id":40493,"date":"2026-01-28T10:17:35","date_gmt":"2026-01-28T09:17:35","guid":{"rendered":"https:\/\/hundtgroup.com\/produkt\/akumulatorowa-pilarka-szablasta-pilarka-szablasta-bosch-exsa18v-32-solo\/"},"modified":"2026-01-28T10:17:35","modified_gmt":"2026-01-28T09:17:35","slug":"akumulatorowa-pilarka-szablasta-pilarka-szablasta-bosch-exsa18v-32-solo","status":"publish","type":"product","link":"https:\/\/hundtgroup.com\/pl\/produkt\/akumulatorowa-pilarka-szablasta-pilarka-szablasta-bosch-exsa18v-32-solo\/","title":{"rendered":"Akumulatorowa pilarka szablasta \/ pilarka szablasta Bosch EXSA18V-32 solo"},"content":{"rendered":"<p>Ogromna moc w po\u0142\u0105czeniu z zaawansowanymi zabezpieczeniami i \u0142atw\u0105 wymian\u0105 brzeszczotu<br \/>\nWyj\u0105tkowa moc: R\u00f3wnowa\u017cna moc narz\u0119dzia przewodowego 1300 W, d\u0142ugo\u015b\u0107 skoku 32 mm, 3. 000 obr.000 obr\/min i regulowan\u0105 prac\u0105 wahad\u0142ow\u0105<br \/>\nBITURBO BRUSHLESS: Wysokowydajny silnik i uk\u0142ad nap\u0119dowy, zaprojektowany z my\u015bl\u0105 o ekstremalnej mocy akumulator\u00f3w EXPERT<br \/>\nZaawansowana ochrona: KickBack Control minimalizuje ryzyko obra\u017ce\u0144 w przypadku zablokowania narz\u0119dzia i zapewnia mniej z\u0142amanych lub wygi\u0119tych brzeszczot\u00f3w<br \/>\n\u0141atwa wymiana brzeszczotu: Du\u017ca i wygodna d\u017awignia zwalniaj\u0105ca umo\u017cliwia \u0142atw\u0105 i beznarz\u0119dziow\u0105 wymian\u0119 brzeszczotu, nawet w r\u0119kawicach roboczych.<\/p>\n","protected":false},"excerpt":{"rendered":"<p>Ogromna moc w po\u0142\u0105czeniu z zaawansowanymi zabezpieczeniami i \u0142atw\u0105 wymian\u0105 brzeszczotu Wyj\u0105tkowa moc: R\u00f3wnowa\u017cna moc narz\u0119dzia przewodowego 1300 W, d\u0142ugo\u015b\u0107 skoku 32 mm, 3. 000 obr.000 obr\/min i regulowan\u0105 prac\u0105 wahad\u0142ow\u0105 BITURBO BRUSHLESS: Wysokowydajny silnik i uk\u0142ad nap\u0119dowy, zaprojektowany z my\u015bl\u0105 o ekstremalnej mocy akumulator\u00f3w EXPERT Zaawansowana ochrona: KickBack Control minimalizuje ryzyko obra\u017ce\u0144 w przypadku [&hellip;]<\/p>\n","protected":false},"featured_media":40494,"template":"","meta":{"_acf_changed":false,"inline_featured_image":false},"product_cat":[691,1099],"product_tag":[],"class_list":{"0":"post-40493","1":"product","2":"type-product","3":"status-publish","4":"has-post-thumbnail","6":"brand-bosch-expert","7":"product_cat-narzedzia-akumulatorowe","8":"product_cat-pily-szablaste","10":"first","11":"instock","12":"taxable","13":"shipping-taxable","14":"purchasable","15":"product-type-simple","16":"add-to-wishlist-before_image"},"acf":[],"yoast_head":"<!-- This site is optimized with the Yoast SEO plugin v27.3 - https:\/\/yoast.com\/product\/yoast-seo-wordpress\/ -->\n<title>Akumulatorowa pilarka szablasta \/ pilarka szablasta Bosch EXSA18V-32 solo - Wilhelm Hundt GmbH<\/title>\n<meta name=\"robots\" content=\"index, follow, max-snippet:-1, max-image-preview:large, max-video-preview:-1\" \/>\n<link rel=\"canonical\" href=\"https:\/\/hundtgroup.com\/pl\/produkt\/akumulatorowa-pilarka-szablasta-pilarka-szablasta-bosch-exsa18v-32-solo\/\" \/>\n<meta property=\"og:locale\" content=\"pl_PL\" \/>\n<meta property=\"og:type\" content=\"article\" \/>\n<meta property=\"og:title\" content=\"Akumulatorowa pilarka szablasta \/ pilarka szablasta Bosch EXSA18V-32 solo - Wilhelm Hundt GmbH\" \/>\n<meta property=\"og:description\" content=\"Ogromna moc w po\u0142\u0105czeniu z zaawansowanymi zabezpieczeniami i \u0142atw\u0105 wymian\u0105 brzeszczotu Wyj\u0105tkowa moc: R\u00f3wnowa\u017cna moc narz\u0119dzia przewodowego 1300 W, d\u0142ugo\u015b\u0107 skoku 32 mm, 3. 000 obr.000 obr\/min i regulowan\u0105 prac\u0105 wahad\u0142ow\u0105 BITURBO BRUSHLESS: Wysokowydajny silnik i uk\u0142ad nap\u0119dowy, zaprojektowany z my\u015bl\u0105 o ekstremalnej mocy akumulator\u00f3w EXPERT Zaawansowana ochrona: KickBack Control minimalizuje ryzyko obra\u017ce\u0144 w przypadku [&hellip;]\" \/>\n<meta property=\"og:url\" content=\"https:\/\/hundtgroup.com\/pl\/produkt\/akumulatorowa-pilarka-szablasta-pilarka-szablasta-bosch-exsa18v-32-solo\/\" \/>\n<meta property=\"og:site_name\" content=\"Wilhelm Hundt GmbH\" \/>\n<meta property=\"og:image\" content=\"https:\/\/hundtgroup.com\/wp-content\/uploads\/340819.jpg\" \/>\n\t<meta property=\"og:image:width\" content=\"600\" \/>\n\t<meta property=\"og:image:height\" content=\"600\" \/>\n\t<meta property=\"og:image:type\" content=\"image\/jpeg\" \/>\n<meta name=\"twitter:card\" content=\"summary_large_image\" \/>\n<meta name=\"twitter:label1\" content=\"Szacowany czas czytania\" \/>\n\t<meta name=\"twitter:data1\" content=\"1 minuta\" \/>\n<script type=\"application\/ld+json\" class=\"yoast-schema-graph\">{\"@context\":\"https:\\\/\\\/schema.org\",\"@graph\":[{\"@type\":\"WebPage\",\"@id\":\"https:\\\/\\\/hundtgroup.com\\\/pl\\\/produkt\\\/akumulatorowa-pilarka-szablasta-pilarka-szablasta-bosch-exsa18v-32-solo\\\/\",\"url\":\"https:\\\/\\\/hundtgroup.com\\\/pl\\\/produkt\\\/akumulatorowa-pilarka-szablasta-pilarka-szablasta-bosch-exsa18v-32-solo\\\/\",\"name\":\"Akumulatorowa pilarka szablasta \\\/ pilarka szablasta Bosch EXSA18V-32 solo - Wilhelm Hundt GmbH\",\"isPartOf\":{\"@id\":\"https:\\\/\\\/hundtgroup.com\\\/pl\\\/#website\"},\"primaryImageOfPage\":{\"@id\":\"https:\\\/\\\/hundtgroup.com\\\/pl\\\/produkt\\\/akumulatorowa-pilarka-szablasta-pilarka-szablasta-bosch-exsa18v-32-solo\\\/#primaryimage\"},\"image\":{\"@id\":\"https:\\\/\\\/hundtgroup.com\\\/pl\\\/produkt\\\/akumulatorowa-pilarka-szablasta-pilarka-szablasta-bosch-exsa18v-32-solo\\\/#primaryimage\"},\"thumbnailUrl\":\"https:\\\/\\\/hundtgroup.com\\\/wp-content\\\/uploads\\\/340819.jpg\",\"datePublished\":\"2026-01-28T09:17:35+00:00\",\"breadcrumb\":{\"@id\":\"https:\\\/\\\/hundtgroup.com\\\/pl\\\/produkt\\\/akumulatorowa-pilarka-szablasta-pilarka-szablasta-bosch-exsa18v-32-solo\\\/#breadcrumb\"},\"inLanguage\":\"pl-PL\",\"potentialAction\":[{\"@type\":\"ReadAction\",\"target\":[\"https:\\\/\\\/hundtgroup.com\\\/pl\\\/produkt\\\/akumulatorowa-pilarka-szablasta-pilarka-szablasta-bosch-exsa18v-32-solo\\\/\"]}]},{\"@type\":\"ImageObject\",\"inLanguage\":\"pl-PL\",\"@id\":\"https:\\\/\\\/hundtgroup.com\\\/pl\\\/produkt\\\/akumulatorowa-pilarka-szablasta-pilarka-szablasta-bosch-exsa18v-32-solo\\\/#primaryimage\",\"url\":\"https:\\\/\\\/hundtgroup.com\\\/wp-content\\\/uploads\\\/340819.jpg\",\"contentUrl\":\"https:\\\/\\\/hundtgroup.com\\\/wp-content\\\/uploads\\\/340819.jpg\",\"width\":600,\"height\":600},{\"@type\":\"BreadcrumbList\",\"@id\":\"https:\\\/\\\/hundtgroup.com\\\/pl\\\/produkt\\\/akumulatorowa-pilarka-szablasta-pilarka-szablasta-bosch-exsa18v-32-solo\\\/#breadcrumb\",\"itemListElement\":[{\"@type\":\"ListItem\",\"position\":1,\"name\":\"Startseite\",\"item\":\"https:\\\/\\\/hundtgroup.com\\\/pl\\\/strona-glowna-nowa\\\/\"},{\"@type\":\"ListItem\",\"position\":2,\"name\":\"Sklep\",\"item\":\"https:\\\/\\\/hundtgroup.com\\\/sklep\\\/\"},{\"@type\":\"ListItem\",\"position\":3,\"name\":\"Akumulatorowa pilarka szablasta \\\/ pilarka szablasta Bosch EXSA18V-32 solo\"}]},{\"@type\":\"WebSite\",\"@id\":\"https:\\\/\\\/hundtgroup.com\\\/pl\\\/#website\",\"url\":\"https:\\\/\\\/hundtgroup.com\\\/pl\\\/\",\"name\":\"Wilhelm Hundt GmbH\",\"description\":\"Specjalista od maszyn i narz\u0119dzi do obr\u00f3bki blachy\",\"potentialAction\":[{\"@type\":\"SearchAction\",\"target\":{\"@type\":\"EntryPoint\",\"urlTemplate\":\"https:\\\/\\\/hundtgroup.com\\\/pl\\\/?s={search_term_string}\"},\"query-input\":{\"@type\":\"PropertyValueSpecification\",\"valueRequired\":true,\"valueName\":\"search_term_string\"}}],\"inLanguage\":\"pl-PL\"}]}<\/script>\n<!-- \/ Yoast SEO plugin. -->","yoast_head_json":{"title":"Akumulatorowa pilarka szablasta \/ pilarka szablasta Bosch EXSA18V-32 solo - Wilhelm Hundt GmbH","robots":{"index":"index","follow":"follow","max-snippet":"max-snippet:-1","max-image-preview":"max-image-preview:large","max-video-preview":"max-video-preview:-1"},"canonical":"https:\/\/hundtgroup.com\/pl\/produkt\/akumulatorowa-pilarka-szablasta-pilarka-szablasta-bosch-exsa18v-32-solo\/","og_locale":"pl_PL","og_type":"article","og_title":"Akumulatorowa pilarka szablasta \/ pilarka szablasta Bosch EXSA18V-32 solo - Wilhelm Hundt GmbH","og_description":"Ogromna moc w po\u0142\u0105czeniu z zaawansowanymi zabezpieczeniami i \u0142atw\u0105 wymian\u0105 brzeszczotu Wyj\u0105tkowa moc: R\u00f3wnowa\u017cna moc narz\u0119dzia przewodowego 1300 W, d\u0142ugo\u015b\u0107 skoku 32 mm, 3. 000 obr.000 obr\/min i regulowan\u0105 prac\u0105 wahad\u0142ow\u0105 BITURBO BRUSHLESS: Wysokowydajny silnik i uk\u0142ad nap\u0119dowy, zaprojektowany z my\u015bl\u0105 o ekstremalnej mocy akumulator\u00f3w EXPERT Zaawansowana ochrona: KickBack Control minimalizuje ryzyko obra\u017ce\u0144 w przypadku [&hellip;]","og_url":"https:\/\/hundtgroup.com\/pl\/produkt\/akumulatorowa-pilarka-szablasta-pilarka-szablasta-bosch-exsa18v-32-solo\/","og_site_name":"Wilhelm Hundt GmbH","og_image":[{"width":600,"height":600,"url":"https:\/\/hundtgroup.com\/wp-content\/uploads\/340819.jpg","type":"image\/jpeg"}],"twitter_card":"summary_large_image","twitter_misc":{"Szacowany czas czytania":"1 minuta"},"schema":{"@context":"https:\/\/schema.org","@graph":[{"@type":"WebPage","@id":"https:\/\/hundtgroup.com\/pl\/produkt\/akumulatorowa-pilarka-szablasta-pilarka-szablasta-bosch-exsa18v-32-solo\/","url":"https:\/\/hundtgroup.com\/pl\/produkt\/akumulatorowa-pilarka-szablasta-pilarka-szablasta-bosch-exsa18v-32-solo\/","name":"Akumulatorowa pilarka szablasta \/ pilarka szablasta Bosch EXSA18V-32 solo - Wilhelm Hundt GmbH","isPartOf":{"@id":"https:\/\/hundtgroup.com\/pl\/#website"},"primaryImageOfPage":{"@id":"https:\/\/hundtgroup.com\/pl\/produkt\/akumulatorowa-pilarka-szablasta-pilarka-szablasta-bosch-exsa18v-32-solo\/#primaryimage"},"image":{"@id":"https:\/\/hundtgroup.com\/pl\/produkt\/akumulatorowa-pilarka-szablasta-pilarka-szablasta-bosch-exsa18v-32-solo\/#primaryimage"},"thumbnailUrl":"https:\/\/hundtgroup.com\/wp-content\/uploads\/340819.jpg","datePublished":"2026-01-28T09:17:35+00:00","breadcrumb":{"@id":"https:\/\/hundtgroup.com\/pl\/produkt\/akumulatorowa-pilarka-szablasta-pilarka-szablasta-bosch-exsa18v-32-solo\/#breadcrumb"},"inLanguage":"pl-PL","potentialAction":[{"@type":"ReadAction","target":["https:\/\/hundtgroup.com\/pl\/produkt\/akumulatorowa-pilarka-szablasta-pilarka-szablasta-bosch-exsa18v-32-solo\/"]}]},{"@type":"ImageObject","inLanguage":"pl-PL","@id":"https:\/\/hundtgroup.com\/pl\/produkt\/akumulatorowa-pilarka-szablasta-pilarka-szablasta-bosch-exsa18v-32-solo\/#primaryimage","url":"https:\/\/hundtgroup.com\/wp-content\/uploads\/340819.jpg","contentUrl":"https:\/\/hundtgroup.com\/wp-content\/uploads\/340819.jpg","width":600,"height":600},{"@type":"BreadcrumbList","@id":"https:\/\/hundtgroup.com\/pl\/produkt\/akumulatorowa-pilarka-szablasta-pilarka-szablasta-bosch-exsa18v-32-solo\/#breadcrumb","itemListElement":[{"@type":"ListItem","position":1,"name":"Startseite","item":"https:\/\/hundtgroup.com\/pl\/strona-glowna-nowa\/"},{"@type":"ListItem","position":2,"name":"Sklep","item":"https:\/\/hundtgroup.com\/sklep\/"},{"@type":"ListItem","position":3,"name":"Akumulatorowa pilarka szablasta \/ pilarka szablasta Bosch EXSA18V-32 solo"}]},{"@type":"WebSite","@id":"https:\/\/hundtgroup.com\/pl\/#website","url":"https:\/\/hundtgroup.com\/pl\/","name":"Wilhelm Hundt GmbH","description":"Specjalista od maszyn i narz\u0119dzi do obr\u00f3bki blachy","potentialAction":[{"@type":"SearchAction","target":{"@type":"EntryPoint","urlTemplate":"https:\/\/hundtgroup.com\/pl\/?s={search_term_string}"},"query-input":{"@type":"PropertyValueSpecification","valueRequired":true,"valueName":"search_term_string"}}],"inLanguage":"pl-PL"}]}},"_links":{"self":[{"href":"https:\/\/hundtgroup.com\/pl\/wp-json\/wp\/v2\/product\/40493","targetHints":{"allow":["GET"]}}],"collection":[{"href":"https:\/\/hundtgroup.com\/pl\/wp-json\/wp\/v2\/product"}],"about":[{"href":"https:\/\/hundtgroup.com\/pl\/wp-json\/wp\/v2\/types\/product"}],"wp:featuredmedia":[{"embeddable":true,"href":"https:\/\/hundtgroup.com\/pl\/wp-json\/wp\/v2\/media\/40494"}],"wp:attachment":[{"href":"https:\/\/hundtgroup.com\/pl\/wp-json\/wp\/v2\/media?parent=40493"}],"wp:term":[{"taxonomy":"product_cat","embeddable":true,"href":"https:\/\/hundtgroup.com\/pl\/wp-json\/wp\/v2\/product_cat?post=40493"},{"taxonomy":"product_tag","embeddable":true,"href":"https:\/\/hundtgroup.com\/pl\/wp-json\/wp\/v2\/product_tag?post=40493"}],"curies":[{"name":"wp","href":"https:\/\/api.w.org\/{rel}","templated":true}]}}